{"id":7544,"date":"2023-03-22T20:18:50","date_gmt":"2023-03-22T19:18:50","guid":{"rendered":"https:\/\/hajoona.com\/odtlacok\/"},"modified":"2026-02-18T16:44:03","modified_gmt":"2026-02-18T15:44:03","slug":"odtlacok","status":"publish","type":"page","link":"https:\/\/hajoona.com\/sk\/odtlacok\/","title":{"rendered":"Odtla\u010dok"},"content":{"rendered":"\n<div style=\"height:10px\" aria-hidden=\"true\" class=\"wp-block-spacer\"><\/div>\n\n<h1 class=\"wp-block-heading\" style=\"font-size:clamp(34.313px, 2.145rem + ((1vw - 3.2px) * 2.472), 62px);\">Odtla\u010dok<\/h1>\n\n<h2 class=\"wp-block-heading\" style=\"font-size:clamp(20px, 1.25rem + ((1vw - 3.2px) * 1.071), 32px);\">Inform\u00e1cie pod\u013ea \u00a7 5 DDG  <\/h2>\n\n<p>hajoona GmbH<br\/>Heinrich-Fuchs-Stra\u00dfe 94-96<br\/>69126 Heidelberg<\/p>\n\n<p>Obchodn\u00fd register: HRB 714573<br\/>Registrov\u00fd s\u00fad: Miestny s\u00fad v Mannheime<\/p>\n\n<p><strong>Zast\u00fapen\u00e1:<\/strong><br\/>V\u00fdkonn\u00e1 riadite\u013eka: Daniela Lipgens<\/p>\n\n<h3 class=\"wp-block-heading\" style=\"font-size:clamp(16.293px, 1.018rem + ((1vw - 3.2px) * 0.777), 25px);\">Kontaktujte n\u00e1s<\/h3>\n\n<p>Telef\u00f3n: +49 (0) 6221 64702-77<br\/>Fax: +49 (0) 6221 64702-89<br\/>E-mail: <a href=\"mailto:office@hajoona.com\">office@hajoona.com<\/a><\/p>\n\n<h3 class=\"wp-block-heading\" style=\"font-size:clamp(16.293px, 1.018rem + ((1vw - 3.2px) * 0.777), 25px);\">Identifika\u010dn\u00e9 \u010d\u00edslo pre da\u0148 z predaja<\/h3>\n\n<p>Identifika\u010dn\u00e9 \u010d\u00edslo pre da\u0148 z predaja pod\u013ea \u00a7 27a z\u00e1kona o dani z predaja:<br\/>DE 287898611<\/p>\n\n<p>\u00dadaje o \u00fa\u010dte<br\/>Commerzbank, DE54 6724 0039 0194 6920 00, BIC COBADEFFXXX<\/p>\n\n<h2 class=\"wp-block-heading\" style=\"font-size:clamp(20px, 1.25rem + ((1vw - 3.2px) * 1.071), 32px);\">Zodpovednos\u0165 za obsah pod\u013ea \u00a7 55 ods. 2 RStV <\/h2>\n\n<p>Daniela Lipgens<br\/>Heinrich-Fuchs-Stra\u00dfe 94-96<br\/>69126 Heidelberg<\/p>\n\n<h3 class=\"wp-block-heading\" style=\"font-size:clamp(16.293px, 1.018rem + ((1vw - 3.2px) * 0.777), 25px);\">Rie\u0161enie sporov v E\u00da<\/h3>\n\n<p>Eur\u00f3pska komisia poskytuje platformu na rie\u0161enie sporov online (OS): <a href=\"https:\/\/ec.europa.eu\/consumers\/odr\" target=\"_blank\" rel=\"noreferrer noopener\">https:\/\/ec.europa.eu\/consumers\/odr.<\/a><br\/>. Na\u0161u e-mailov\u00fa adresu n\u00e1jdete vo vy\u0161\u0161ie uvedenom pr\u00e1vnom ozn\u00e1men\u00ed.<\/p>\n\n<h3 class=\"wp-block-heading\" style=\"font-size:clamp(16.293px, 1.018rem + ((1vw - 3.2px) * 0.777), 25px);\">Rie\u0161enie spotrebite\u013esk\u00fdch sporov\/univerz\u00e1lne rozhodcovsk\u00e9 centrum<\/h3>\n\n<p>Nie sme ochotn\u00ed ani povinn\u00ed z\u00fa\u010dastni\u0165 sa na konan\u00ed o rie\u0161en\u00ed sporu pred spotrebite\u013eskou arbitr\u00e1\u017enou komisiou.<\/p>\n\n<h3 class=\"wp-block-heading\" style=\"font-size:clamp(16.293px, 1.018rem + ((1vw - 3.2px) * 0.777), 25px);\">Zodpovednos\u0165 za obsah<\/h3>\n\n<p>Ako poskytovate\u013e slu\u017eieb sme zodpovedn\u00ed za vlastn\u00fd obsah na t\u00fdchto str\u00e1nkach v s\u00falade s \u00a7 7 ods. 1 DDG a v\u0161eobecn\u00fdmi pr\u00e1vnymi predpismi. Pod\u013ea \u00a7\u00a7 8 a\u017e 10 DDG v\u0161ak ako poskytovate\u013e slu\u017eieb nie sme povinn\u00ed monitorova\u0165 pren\u00e1\u0161an\u00e9 alebo ulo\u017een\u00e9 inform\u00e1cie tret\u00edch str\u00e1n ani vy\u0161etrova\u0165 okolnosti, ktor\u00e9 nazna\u010duj\u00fa nez\u00e1konn\u00fa \u010dinnos\u0165.  <\/p>\n\n<p>Povinnosti odstr\u00e1ni\u0165 alebo zablokova\u0165 pou\u017e\u00edvanie inform\u00e1ci\u00ed v s\u00falade so v\u0161eobecn\u00fdmi pr\u00e1vnymi predpismi t\u00fdm nie s\u00fa dotknut\u00e9. Zodpovednos\u0165 v tomto oh\u013eade je v\u0161ak mo\u017en\u00e1 a\u017e od momentu, ke\u010f sa dozvieme o konkr\u00e9tnom poru\u0161en\u00ed. Hne\u010f ako sa o takomto poru\u0161en\u00ed dozvieme, tento obsah okam\u017eite odstr\u00e1nime.  <\/p>\n\n<h3 class=\"wp-block-heading\" style=\"font-size:clamp(16.293px, 1.018rem + ((1vw - 3.2px) * 0.777), 25px);\">Zodpovednos\u0165 za odkazy<\/h3>\n\n<p>Na\u0161a webov\u00e1 str\u00e1nka obsahuje odkazy na extern\u00e9 webov\u00e9 str\u00e1nky tret\u00edch str\u00e1n, na ktor\u00fdch obsah nem\u00e1me \u017eiadny vplyv. Preto nem\u00f4\u017eeme prevzia\u0165 \u017eiadnu zodpovednos\u0165 za tento obsah tret\u00edch str\u00e1n. Za obsah odkazovan\u00fdch str\u00e1nok je v\u017edy zodpovedn\u00fd pr\u00edslu\u0161n\u00fd poskytovate\u013e alebo prev\u00e1dzkovate\u013e str\u00e1nok. Prepojen\u00e9 str\u00e1nky boli v \u010dase prepojenia skontrolovan\u00e9 z h\u013eadiska mo\u017en\u00e9ho poru\u0161enia pr\u00e1vnych predpisov. Nez\u00e1konn\u00fd obsah nebol v \u010dase prepojenia rozpoznan\u00fd.    <\/p>\n\n<p>Permanentn\u00e9 monitorovanie obsahu odkazovan\u00fdch str\u00e1nok v\u0161ak nie je rozumn\u00e9 bez konkr\u00e9tnych d\u00f4kazov o poru\u0161en\u00ed. Ak sa dozvieme o akomko\u013evek poru\u0161en\u00ed pr\u00e1vnych predpisov, tak\u00e9to odkazy okam\u017eite odstr\u00e1nime. <\/p>\n\n<h3 class=\"wp-block-heading\" style=\"font-size:clamp(16.293px, 1.018rem + ((1vw - 3.2px) * 0.777), 25px);\">Autorsk\u00e9 pr\u00e1va<\/h3>\n\n<p>Obsah a diela vytvoren\u00e9 prev\u00e1dzkovate\u013emi str\u00e1nok na t\u00fdchto str\u00e1nkach podliehaj\u00fa nemeck\u00e9mu autorsk\u00e9mu pr\u00e1vu. Rozmno\u017eovanie, spracovanie, \u0161\u00edrenie a ak\u00fdko\u013evek druh vyu\u017eitia nad r\u00e1mec autorsk\u00e9ho z\u00e1kona si vy\u017eaduje p\u00edsomn\u00fd s\u00fahlas pr\u00edslu\u0161n\u00e9ho autora alebo tvorcu. S\u0165ahovanie a kop\u00edrovanie t\u00fdchto str\u00e1nok je povolen\u00e9 len na s\u00fakromn\u00e9, nekomer\u010dn\u00e9 pou\u017eitie.  <\/p>\n\n<p>Pokia\u013e obsah na tejto str\u00e1nke nevytvoril prev\u00e1dzkovate\u013e, re\u0161pektuj\u00fa sa autorsk\u00e9 pr\u00e1va tret\u00edch str\u00e1n. Najm\u00e4 obsah tret\u00edch str\u00e1n je takto ozna\u010den\u00fd. Ak sa napriek tomu dozviete o poru\u0161en\u00ed autorsk\u00fdch pr\u00e1v, informujte n\u00e1s o tom. Ak sa o poru\u0161en\u00ed dozvieme, tak\u00fdto obsah okam\u017eite odstr\u00e1nime.   <br\/><br\/><br\/><\/p>\n","protected":false},"excerpt":{"rendered":"Odtla\u010dok Inform\u00e1cie pod\u013ea \u00a7 5 DDG hajoona GmbHHeinrich-Fuchs-Stra\u00dfe 94-9669126 Heidelberg Obchodn\u00fd register: HRB 714573Registrov\u00fd s\u00fad: Miestny s\u00fad v Mannheime Zast\u00fapen\u00e1:V\u00fdkonn\u00e1 riadite\u013eka: Daniela Lipgens Kontaktujte n\u00e1s Telef\u00f3n: +49 (0) 6221 64702-77Fax: +49 (0) 6221 64702-89E-mail: office@hajoona.com Identifika\u010dn\u00e9 \u010d\u00edslo pre da\u0148 z predaja Identifika\u010dn\u00e9 \u010d\u00edslo pre da\u0148 z predaja pod\u013ea \u00a7 27a z\u00e1kona o dani z predaja:DE&#8230;","protected":false},"author":9,"featured_media":0,"parent":0,"menu_order":0,"comment_status":"closed","ping_status":"closed","template":"","meta":{"_acf_changed":false,"inline_featured_image":false,"footnotes":""},"class_list":["post-7544","page","type-page","status-publish","hentry"],"acf":[],"_links":{"self":[{"href":"https:\/\/hajoona.com\/sk\/wp-json\/wp\/v2\/pages\/7544","targetHints":{"allow":["GET"]}}],"collection":[{"href":"https:\/\/hajoona.com\/sk\/wp-json\/wp\/v2\/pages"}],"about":[{"href":"https:\/\/hajoona.com\/sk\/wp-json\/wp\/v2\/types\/page"}],"author":[{"embeddable":true,"href":"https:\/\/hajoona.com\/sk\/wp-json\/wp\/v2\/users\/9"}],"replies":[{"embeddable":true,"href":"https:\/\/hajoona.com\/sk\/wp-json\/wp\/v2\/comments?post=7544"}],"version-history":[{"count":1,"href":"https:\/\/hajoona.com\/sk\/wp-json\/wp\/v2\/pages\/7544\/revisions"}],"predecessor-version":[{"id":7545,"href":"https:\/\/hajoona.com\/sk\/wp-json\/wp\/v2\/pages\/7544\/revisions\/7545"}],"wp:attachment":[{"href":"https:\/\/hajoona.com\/sk\/wp-json\/wp\/v2\/media?parent=7544"}],"curies":[{"name":"wp","href":"https:\/\/api.w.org\/{rel}","templated":true}]}}