{"id":7539,"date":"2023-04-21T18:01:01","date_gmt":"2023-04-21T16:01:01","guid":{"rendered":"https:\/\/hajoona.com\/restart-tela\/"},"modified":"2026-02-26T15:54:44","modified_gmt":"2026-02-26T14:54:44","slug":"restart-tela","status":"publish","type":"page","link":"https:\/\/hajoona.com\/sk\/restart-tela\/","title":{"rendered":"Body Restart"},"content":{"rendered":"\r\n\r\n\r\n\r\n<div id=\"block-66589ebfe3d03a4ca2f1bdf36928f56469d4efcfd190b\" \r\n    class=\"wp-block-acf-hero-slider alignfull acf-block-component\"\r\n    style=\"margin-top:0;margin-bottom:0;\">\r\n\r\n<div class=\"hero-slider-block__media\">\r\n\r\n    <img decoding=\"async\" class=\"slide-1 active\"\r\n        src=\"https:\/\/hajoona.com\/wp-content\/uploads\/2024\/01\/AdobeStock_555338525.jpeg\" srcset=\"https:\/\/hajoona.com\/wp-content\/uploads\/2024\/01\/AdobeStock_555338525.jpeg 5792w, https:\/\/hajoona.com\/wp-content\/uploads\/2024\/01\/AdobeStock_555338525-512x768.jpeg 512w, https:\/\/hajoona.com\/wp-content\/uploads\/2024\/01\/AdobeStock_555338525-683x1024.jpeg 683w, https:\/\/hajoona.com\/wp-content\/uploads\/2024\/01\/AdobeStock_555338525-276x414.jpeg 276w, https:\/\/hajoona.com\/wp-content\/uploads\/2024\/01\/AdobeStock_555338525-768x1152.jpeg 768w\"\r\n        alt=\"Zwei Frauen in Sportkleidung lachen. Eine tr\u00e4gt ein cremefarbiges Sportset und h\u00e4lt einen Shaker mit gelbem Deckel. Die andere tr\u00e4gt ein wei\u00dfes Top mit lila Leggings und h\u00e4lt einen wei\u00dfen Shaker. Der Hintergrund ist eine beige Wand mit nat\u00fcrlicher Textur.\">\r\n<\/div>\r\n<div class=\"hero-slider-block__content has-product-mallow-background-color\">\r\n\r\n    <div class=\"hero-slider-block__bg\"><\/div>\r\n\r\n    <div\r\n        class=\"hero-slider-block__content-inner has-global-padding is-layout-constrained wp-block-group is-style-5-cols\">\r\n\r\n        <div class=\"content-inner__slide-container\">\r\n\r\n                        <span data-bg-color=\"product-mallow\"\r\n                class=\"content-inner__slide is-layout-constrained slide-1 active has-product-mallow-background-color  active\">\r\n\r\n                                <h2 class=\"slide__head\">Spolo\u010dne k tvojej najlep\u0161ej verzii!<\/h2>\r\n                \r\n                                <h4 class=\"slide__subhead\">Pridaj sa k silnej komunite, ktor\u00e1 \u0165a motivuje, podporuje a in\u0161piruje!<br \/>\r\nObjav dokonal\u00fa rovnov\u00e1hu medzi zdravou stravou, zdrav\u00edm \u010driev, fitnesom a myslen\u00edm \u2013 pre viac energie, pohody a \u00faspechu!<\/h4>\r\n                \r\n                \r\n            <\/span>\r\n\r\n\r\n        <\/div>\r\n\r\n    <\/div>\r\n\r\n    <div class=\"hero-slider-block__index has-copy-s-font-size\">\r\n        <ul>\r\n            \r\n            <!-- <li><a><span class=\"index\">1<\/span><span class=\"line\"><\/span><\/a><\/li>\r\n            <li class=\"active\"><a><span class=\"index\">1<\/span><span class=\"line\"><\/span><\/a><\/li>\r\n            <li><a><span class=\"index\">1<\/span><span class=\"line\"><\/span><\/a><\/li> -->\r\n        <\/ul>\r\n    <\/div>\r\n\r\n<\/div>\r\n\r\n\r\n<span id=\"trigger-block-66589ebfe3d03a4ca2f1bdf36928f56469d4efcfd190b\"><\/span>\r\n<script>\r\nif (typeof initHeroSliderBlock !== 'undefined') {\r\n    initHeroSliderBlock(document.querySelector(`#trigger-block-66589ebfe3d03a4ca2f1bdf36928f56469d4efcfd190b`).parentNode);\r\n} else {\r\n    window.addEventListener('blockjs', () => {\r\n        initHeroSliderBlock(document.querySelector(`#trigger-block-66589ebfe3d03a4ca2f1bdf36928f56469d4efcfd190b`).parentNode);\r\n    });\r\n}\r\n<\/script>\r\n\r\n<\/div>\n\n\n<div class=\"wp-block-group alignfull has-prime-white-background-color has-background has-global-padding is-layout-constrained wp-block-group-is-layout-constrained\" style=\"margin-top:0;margin-bottom:0\">\n<div class=\"wp-block-columns alignwide align-items-baseline is-layout-flex wp-container-core-columns-is-layout-4f84eacc wp-block-columns-is-layout-flex\" style=\"margin-top:var(--wp--preset--spacing--5);margin-bottom:var(--wp--preset--spacing--5)\">\n<div class=\"wp-block-column is-layout-flow wp-block-column-is-layout-flow\">\n<h2 class=\"wp-block-heading is-style-5-cols\" style=\"font-size:clamp(27.42px, 1.714rem + ((1vw - 3.2px) * 1.748), 47px);\"><strong>Lie\u010dba re\u0161tartom tela:<\/strong><\/h2>\n\n\n\n<h3 class=\"wp-block-heading\" style=\"font-size:clamp(20px, 1.25rem + ((1vw - 3.2px) * 1.071), 32px);\"><strong>Nov\u00fd za\u010diatok pre va\u0161e telo<\/strong><\/h3>\n\n\n\n<div class=\"wp-block-buttons is-layout-flex wp-block-buttons-is-layout-flex\" style=\"padding-top:var(--wp--preset--spacing--2);padding-bottom:var(--wp--preset--spacing--2)\">\n<div class=\"wp-block-button\"><a class=\"wp-block-button__link wp-element-button\" href=\"https:\/\/hajoona.com\/sk\/product\/kompletne\/\">Zobrazi\u0165 produkt hajoona Complete<\/a><\/div>\n<\/div>\n\n\n\n<p><strong>Celostn\u00e9 zdravie za\u010d\u00edna tu!<\/strong> <br>S programom hajoona Body Restart v\u00e1s budeme 4 t\u00fd\u017edne sprev\u00e1dza\u0165 na ceste k nov\u00e9mu ja.<\/p>\n\n\n\n<p>Na\u0161a \u00fa\u010dinn\u00e1 a ka\u017edodenn\u00e1 koncepcia v\u00e1m pom\u00f4\u017ee da\u0165 v\u00e1\u0161mu telu nov\u00fd \u0161tart, aktivova\u0165 v\u00e1\u0161 metabolizmus a trvalo zv\u00fd\u0161i\u0165 va\u0161u pohodu.<\/p>\n<\/div>\n\n\n\n<div class=\"wp-block-column is-style-4-cols-content is-layout-flow wp-block-column-is-layout-flow\">\n<h3 class=\"wp-block-heading\" style=\"font-size:clamp(20px, 1.25rem + ((1vw - 3.2px) * 1.071), 32px);\"><strong>Body Restart v sebe sp\u00e1ja v\u0161etko, \u010do potrebujete:<\/strong><\/h3>\n\n\n\n<p>&#8211; Zdravie \u010driev<br>&#8211; Alkalick\u00e1, vyv\u00e1\u017een\u00e1 strava<br>&#8211; Vysokokvalitn\u00fd pr\u00edsun \u017eiv\u00edn s produktmi hajoona<br>&#8211; Cvi\u010denie a fitnes pre viac energie<br>&#8211; Myslenie a motiv\u00e1cia pre z\u00e1bavu a \u00faspech<\/p>\n\n\n\n<p><strong>Sta\u0148te sa s\u00fa\u010das\u0165ou komunity Body Restart<\/strong> a oslavujme va\u0161e \u00faspechy spolo\u010dne: zdie\u013eajte svoje \u00faspechy v chudnut\u00ed a pokroky v kond\u00edcii, vymie\u0148ajte si n\u00e1pady s podobne zm\u00fd\u0161\u013eaj\u00facimi \u013eu\u010fmi a udr\u017eujte si dlhodob\u00fa motiv\u00e1ciu. Za\u010dnite svoju cestu k nov\u00e9mu pocitu v tele u\u017e teraz! <\/p>\n<\/div>\n<\/div>\n<\/div>\n\n\n\r\n<style>\r\ndiv#block-2859429cd662a39e643a8433ac732bd269d4efcfd6724 .slide {\r\n    width: 36rem !important;\r\n}\r\n\r\ndiv#block-2859429cd662a39e643a8433ac732bd269d4efcfd6724 .slide__image-container {\r\n    aspect-ratio: 1\/1.25;\r\n    font-size: 8rem;\r\n}\r\n\r\ndiv#block-2859429cd662a39e643a8433ac732bd269d4efcfd6724 .slide__image-container img {\r\n    object-fit: contain;\r\n    object-position: left bottom;\r\n}\r\n<\/style>\r\n\r\n\r\n\r\n<div id=\"block-2859429cd662a39e643a8433ac732bd269d4efcfd6724\" \r\n    class=\"wp-block-acf-carousel has-prime-black-color has-text-color acf-block-component\"\r\n    style=\"margin-bottom:var(--wp--preset--spacing--5);\">\r\n<div class=\"carousel-container has-global-padding is-layout-constrained\"\r\n    style=\"\">\r\n    <button class=\"carousel-control carousel-control--prev no-button-styling prev-cursor\"><\/button>\r\n    <button class=\"carousel-control carousel-control--next no-button-styling next-cursor\"><\/button>\r\n\r\n    <div class=\"carousel-pos  alignwide\">\r\n        <div class=\"carousel\" data-slick='{\"mobileFirst\":true,\"variableWidth\":false,\"infinite\":false,\"slidesToShow\":1,\"slidesToScroll\":1}'>\r\n\r\n            \r\n            <a class=\"slide\" href=\"javascript:window.openPopUp(7604);\" >\r\n            <div class=\"slide__image-container\">\r\n                <img decoding=\"async\" class=\"slide-1 active\"\r\n                    src=\"https:\/\/hajoona.com\/wp-content\/uploads\/2023\/04\/20230404_hajoona-05-1-Reset-min-scaled.jpg\" srcset=\"https:\/\/hajoona.com\/wp-content\/uploads\/2023\/04\/20230404_hajoona-05-1-Reset-min-414x414.jpg 414w, https:\/\/hajoona.com\/wp-content\/uploads\/2023\/04\/20230404_hajoona-05-1-Reset-min-768x768.jpg 768w, https:\/\/hajoona.com\/wp-content\/uploads\/2023\/04\/20230404_hajoona-05-1-Reset-min-1024x1024.jpg 1024w, https:\/\/hajoona.com\/wp-content\/uploads\/2023\/04\/20230404_hajoona-05-1-Reset-min-1536x1536.jpg 1536w, https:\/\/hajoona.com\/wp-content\/uploads\/2023\/04\/20230404_hajoona-05-1-Reset-min-2048x2048.jpg 2048w\"\r\n                    alt=\"Zwei braune Flaschen mit gelbem Etikett und gelbem Deckel stehen vor einem Hintergrund aus gestapelten grauen Kartons mit gelber Schrift \u201eReset 1+2\u201c. Das Design wirkt modern und hochwertig.\">\r\n\r\n                                <h2 class=\"slide__index\"\r\n                    >\r\n                    1<\/h2>\r\n                \r\n                                <div\r\n                    class=\"slide__button slide__button-- is-layout-flex wp-block-buttons is-content-justification-center\">\r\n                    <div class=\"wp-block-button\">\r\n                        <span class=\"wp-block-button__link wp-element-button\">Po\u010fme za\u010da\u0165<\/span>\r\n                    <\/div>\r\n                <\/div>\r\n                \r\n            <\/div>\r\n\r\n                        <h3 class=\"slide__head\">Zdravie \u010driev<\/h3>\r\n            \r\n                        <h4 class=\"slide__subhead\">Krok 1<br \/>\r\nTvoj prv\u00fd krok k v\u00e4\u010d\u0161ej pohode!<\/h4>\r\n            \r\n            <\/a>\r\n            <a class=\"slide\" href=\"javascript:window.openPopUp(7603);\" >\r\n            <div class=\"slide__image-container\">\r\n                <img decoding=\"async\" class=\"slide-2\"\r\n                    src=\"https:\/\/hajoona.com\/wp-content\/uploads\/2023\/04\/Basisische_Ernaehrung.jpg\" srcset=\"https:\/\/hajoona.com\/wp-content\/uploads\/2023\/04\/Basisische_Ernaehrung-414x288.jpg 414w, https:\/\/hajoona.com\/wp-content\/uploads\/2023\/04\/Basisische_Ernaehrung-768x533.jpg 768w, https:\/\/hajoona.com\/wp-content\/uploads\/2023\/04\/Basisische_Ernaehrung-1024x711.jpg 1024w, https:\/\/hajoona.com\/wp-content\/uploads\/2023\/04\/Basisische_Ernaehrung.jpg 1080w\"\r\n                    alt=\"Basisische_Ern\u00e4hrung hajoona\">\r\n\r\n                                <h2 class=\"slide__index\"\r\n                    >\r\n                    2<\/h2>\r\n                \r\n                                <div\r\n                    class=\"slide__button slide__button-- is-layout-flex wp-block-buttons is-content-justification-center\">\r\n                    <div class=\"wp-block-button\">\r\n                        <span class=\"wp-block-button__link wp-element-button\">Zdrav\u00e9 stravovanie<\/span>\r\n                    <\/div>\r\n                <\/div>\r\n                \r\n            <\/div>\r\n\r\n                        <h3 class=\"slide__head\">Z\u00e1sadit\u00e1 strava<\/h3>\r\n            \r\n                        <h4 class=\"slide__subhead\">Krok 2<br \/>\r\nTvoj k\u013e\u00fa\u010d k v\u00e4\u010d\u0161ej pohode!<\/h4>\r\n            \r\n            <\/a>\r\n            <a class=\"slide\" href=\"javascript:window.openPopUp(7605);\" >\r\n            <div class=\"slide__image-container\">\r\n                <img decoding=\"async\" class=\"slide-3\"\r\n                    src=\"https:\/\/hajoona.com\/wp-content\/uploads\/2023\/04\/20220405_hajoona-08-1-Ueberflug-heiko-test.jpg\" srcset=\"https:\/\/hajoona.com\/wp-content\/uploads\/2023\/04\/20220405_hajoona-08-1-Ueberflug-heiko-test-414x414.jpg 414w, https:\/\/hajoona.com\/wp-content\/uploads\/2023\/04\/20220405_hajoona-08-1-Ueberflug-heiko-test-768x768.jpg 768w, https:\/\/hajoona.com\/wp-content\/uploads\/2023\/04\/20220405_hajoona-08-1-Ueberflug-heiko-test-1024x1024.jpg 1024w, https:\/\/hajoona.com\/wp-content\/uploads\/2023\/04\/20220405_hajoona-08-1-Ueberflug-heiko-test-1536x1536.jpg 1536w, https:\/\/hajoona.com\/wp-content\/uploads\/2023\/04\/20220405_hajoona-08-1-Ueberflug-heiko-test-2048x2048.jpg 2048w\"\r\n                    alt=\"Alternativtext (barrierefrei &#038; bildbeschreibend) Mehrere farbige Produktboxen der Marke hajoona liegen nebeneinander. Die Verpackungen in Gr\u00fcn, Lila, Wei\u00df, Grau und Blau tragen die Aufschriften \u201eBalance\u201c, \u201eVitality\u201c, \u201eGlow\u201c, \u201eReset\u201c und \u201ePerformance\u201c. Die Boxen sind modern gestaltet, mit klarer Typografie und Farbcodierung.\">\r\n\r\n                                <h2 class=\"slide__index\"\r\n                    >\r\n                    3<\/h2>\r\n                \r\n                                <div\r\n                    class=\"slide__button slide__button-- is-layout-flex wp-block-buttons is-content-justification-center\">\r\n                    <div class=\"wp-block-button\">\r\n                        <span class=\"wp-block-button__link wp-element-button\">Dokonal\u00ed spolu<\/span>\r\n                    <\/div>\r\n                <\/div>\r\n                \r\n            <\/div>\r\n\r\n                        <h3 class=\"slide__head\">Produktov\u00fd koncept<\/h3>\r\n            \r\n                        <h4 class=\"slide__subhead\">Krok 3<br \/>\r\nTvoj dokonal\u00fd spolo\u010dn\u00edk: hajoona Body Restart Starterset!<br \/>\r\n<\/h4>\r\n            \r\n            <\/a>\r\n            <a class=\"slide\" href=\"javascript:window.openPopUp(7600);\" >\r\n            <div class=\"slide__image-container\">\r\n                <img decoding=\"async\" class=\"slide-4\"\r\n                    src=\"https:\/\/hajoona.com\/wp-content\/uploads\/2023\/03\/Perfect-large-size-e1680011211986.jpg\" srcset=\"https:\/\/hajoona.com\/wp-content\/uploads\/2023\/03\/Perfect-large-size-e1680011211986.jpg 903w, https:\/\/hajoona.com\/wp-content\/uploads\/2023\/03\/Perfect-large-size-e1680011211986-651x768.jpg 651w, https:\/\/hajoona.com\/wp-content\/uploads\/2023\/03\/Perfect-large-size-e1680011211986-868x1024.jpg 868w, https:\/\/hajoona.com\/wp-content\/uploads\/2023\/03\/Perfect-large-size-e1680011211986-351x414.jpg 351w, https:\/\/hajoona.com\/wp-content\/uploads\/2023\/03\/Perfect-large-size-e1680011211986-768x906.jpg 768w\"\r\n                    alt=\"Fitness und Bewegung hajoona\">\r\n\r\n                                <h2 class=\"slide__index\"\r\n                    >\r\n                    4<\/h2>\r\n                \r\n                                <div\r\n                    class=\"slide__button slide__button-- is-layout-flex wp-block-buttons is-content-justification-center\">\r\n                    <div class=\"wp-block-button\">\r\n                        <span class=\"wp-block-button__link wp-element-button\">Po\u010fme sa h\u00fdba\u0165<\/span>\r\n                    <\/div>\r\n                <\/div>\r\n                \r\n            <\/div>\r\n\r\n                        <h3 class=\"slide__head\">Pohyb<\/h3>\r\n            \r\n                        <h4 class=\"slide__subhead\">Krok 4<br \/>\r\nPre viac energie &#038; pohody!<\/h4>\r\n            \r\n            <\/a>\r\n            <a class=\"slide\" href=\"javascript:window.openPopUp(7597);\" >\r\n            <div class=\"slide__image-container\">\r\n                <img decoding=\"async\" class=\"slide-5\"\r\n                    src=\"https:\/\/hajoona.com\/wp-content\/uploads\/2025\/03\/AdobeStock_457504109-scaled.jpeg\" srcset=\"https:\/\/hajoona.com\/wp-content\/uploads\/2025\/03\/AdobeStock_457504109-414x276.jpeg 414w, https:\/\/hajoona.com\/wp-content\/uploads\/2025\/03\/AdobeStock_457504109-768x512.jpeg 768w, https:\/\/hajoona.com\/wp-content\/uploads\/2025\/03\/AdobeStock_457504109-1024x683.jpeg 1024w, https:\/\/hajoona.com\/wp-content\/uploads\/2025\/03\/AdobeStock_457504109-1536x1024.jpeg 1536w, https:\/\/hajoona.com\/wp-content\/uploads\/2025\/03\/AdobeStock_457504109-2048x1365.jpeg 2048w\"\r\n                    alt=\"Eine Frau mit lockigem braunem Haar und Brille sitzt entspannt in einem gem\u00fctlichen Sessel. Sie tr\u00e4gt einen warmen, braunen Pullover und h\u00e4lt eine cremefarbene Tasse mit einem beigefarbenen Boden in den H\u00e4nden. Sie l\u00e4chelt zufrieden, w\u00e4hrend sie ihre Augen schlie\u00dft und den Moment genie\u00dft. Im Hintergrund befindet sich eine stilvolle Wohnzimmer-Einrichtung mit warmen Holzt\u00f6nen.\">\r\n\r\n                                <h2 class=\"slide__index\"\r\n                    >\r\n                    5<\/h2>\r\n                \r\n                                <div\r\n                    class=\"slide__button slide__button-- is-layout-flex wp-block-buttons is-content-justification-center\">\r\n                    <div class=\"wp-block-button\">\r\n                        <span class=\"wp-block-button__link wp-element-button\">Po\u010fme na to<\/span>\r\n                    <\/div>\r\n                <\/div>\r\n                \r\n            <\/div>\r\n\r\n                        <h3 class=\"slide__head\">Myslenie &#038; motiv\u00e1cia<\/h3>\r\n            \r\n                        <h4 class=\"slide__subhead\">Krok 5<br \/>\r\nTvoj k\u013e\u00fa\u010d k \u00faspechu!<\/h4>\r\n            \r\n            <\/a>\r\n        <\/div>\r\n    <\/div>\r\n<\/div>\r\n\r\n<span id=\"trigger-block-2859429cd662a39e643a8433ac732bd269d4efcfd6724\"><\/span>\r\n<script>\r\nif (typeof initCarouselBlock !== 'undefined') {\r\n    initCarouselBlock(document.querySelector(`#trigger-block-2859429cd662a39e643a8433ac732bd269d4efcfd6724`).parentNode);\r\n} else {\r\n    window.addEventListener('blockjs', () => {\r\n        initCarouselBlock(document.querySelector(`#trigger-block-2859429cd662a39e643a8433ac732bd269d4efcfd6724`).parentNode);\r\n    });\r\n}\r\n<\/script>\r\n\r\n<\/div>\n\n\n<figure class=\"wp-block-video alignfull\"><video height=\"480\" style=\"aspect-ratio: 854 \/ 480;\" width=\"854\" autoplay loop muted src=\"https:\/\/hajoona.com\/wp-content\/uploads\/2025\/03\/0306.mp4\" playsinline><\/video><\/figure>\n\n\n\n<div class=\"wp-block-media-text alignfull has-media-on-the-right is-stacked-on-mobile is-image-fill-element is-style-square has-prime-white-background-color has-background\" style=\"margin-top:0;margin-bottom:0\"><div class=\"wp-block-media-text__content\">\r\n\r\n\r\n<div id=\"block-d521de4d708585ba274460f1cc61952669d4efd01c162\" \r\n    class=\"wp-block-acf-offset-text alignfull align acf-block-component\"\r\n    style=\"margin-top:var(--wp--preset--spacing--3);margin-bottom:var(--wp--preset--spacing--2);\">\r\n<span class=\"text\"\r\n    style=\"transform:translateX(+0.5em)\">Telo<\/span>\r\n\r\n<\/div>\n\n\n<div class=\"wp-block-group is-style-5-cols has-global-padding is-layout-constrained wp-block-group-is-layout-constrained\">\n<p><strong>Ste pripraven\u00ed na zmenu?<\/strong><\/p>\n\n\n\n<p>Predstavte si, \u017ee sa r\u00e1no zobud\u00edte pln\u00ed energie, c\u00edtite sa vo svojom tele \u00faplne uvo\u013enene a pre\u017e\u00edvate de\u0148 s novou \u013eahkos\u0165ou.<\/p>\n\n\n\n<p>Znie to dobre? Potom je teraz va\u0161a chv\u00ed\u013ea! Za\u010dnite program Body Restart a vysk\u00fa\u0161ajte, ako v\u00e1m uvedomel\u00e1 v\u00fd\u017eiva, cielen\u00e9 cvi\u010denie a du\u0161evn\u00e1 sila m\u00f4\u017eu zmeni\u0165 \u017eivot.    <\/p>\n\n\n\n<p><strong>Po\u010fme!<\/strong> Spojte sa so svojou <strong>kontaktnou osobou hajoona<\/strong> alebo sa spojte priamo s nami.<br><strong>Va\u0161e nov\u00e9 ja \u010dak\u00e1 na v\u00e1s &#8211; urobte prv\u00fd krok!<\/strong><br><strong>Za\u010d\u00edname!<br><\/strong><\/p>\n\n\n\n<div class=\"wp-block-buttons is-layout-flex wp-block-buttons-is-layout-flex\">\n<div class=\"wp-block-button\"><a class=\"wp-block-button__link wp-element-button\" href=\"https:\/\/hajoona.com\/sk\/kontaktujte-nas\/\">Ozvite sa!<\/a><\/div>\n<\/div>\n\n\n\n<div style=\"height:50px\" aria-hidden=\"true\" class=\"wp-block-spacer\"><\/div>\n<\/div>\n\n\n\r\n\r\n\r\n<div id=\"block-e8b82536a12aacb62b91eb3f6665ab4869d4efd01d56f\" \r\n    class=\"wp-block-acf-offset-text alignfull alignright acf-block-component\"\r\n    style=\"margin-bottom:var(--wp--preset--spacing--3);\">\r\n<span class=\"text\"\r\n    style=\"transform:translateX(-0.25em)\">Re\u0161tartovanie str\u00e1nky<\/span>\r\n\r\n<\/div><\/div><figure class=\"wp-block-media-text__media\"><img loading=\"lazy\" decoding=\"async\" width=\"7952\" height=\"5304\" src=\"https:\/\/hajoona.com\/wp-content\/uploads\/2025\/03\/AdobeStock_465567057.jpeg\" alt=\"\u017dena a mu\u017e stoja so smiechom ved\u013ea seba pri bet\u00f3novej stene. Obaja maj\u00fa na sebe \u0161portov\u00e9 oble\u010denie. \u017dena m\u00e1 oble\u010den\u00e9 \u010dierne leg\u00edny a \u0161portov\u00fd top a v ruke dr\u017e\u00ed korkov\u00fa podlo\u017eku na jogu a ru\u017eov\u00fa f\u013ea\u0161u s vodou. Mu\u017e m\u00e1 oble\u010den\u00e9 \u010dierne \u0161portov\u00e9 nohavice a \u010dierne tri\u010dko so siv\u00fdmi ruk\u00e1vmi, v ruke dr\u017e\u00ed \u010diernu podlo\u017eku na jogu a strieborn\u00fa f\u013ea\u0161u na vodu. Slne\u010dn\u00e9 svetlo vrh\u00e1 na stenu jemn\u00e9 tiene.    \" class=\"wp-image-5417 size-full\" style=\"object-position:71% 54%\" srcset=\"https:\/\/hajoona.com\/wp-content\/uploads\/2025\/03\/AdobeStock_465567057.jpeg 7952w, https:\/\/hajoona.com\/wp-content\/uploads\/2025\/03\/AdobeStock_465567057-768x512.jpeg 768w, https:\/\/hajoona.com\/wp-content\/uploads\/2025\/03\/AdobeStock_465567057-1024x683.jpeg 1024w, https:\/\/hajoona.com\/wp-content\/uploads\/2025\/03\/AdobeStock_465567057-414x276.jpeg 414w, https:\/\/hajoona.com\/wp-content\/uploads\/2025\/03\/AdobeStock_465567057-1536x1025.jpeg 1536w\" sizes=\"auto, (max-width: 7952px) 100vw, 7952px\" \/><\/figure><\/div>\n\n\n\n<div class=\"wp-block-media-text alignfull is-stacked-on-mobile is-image-fill-element is-style-square has-product-lavender-background-color has-background\" style=\"margin-top:0;margin-bottom:0\"><figure class=\"wp-block-media-text__media\"><img loading=\"lazy\" decoding=\"async\" width=\"2560\" height=\"1707\" src=\"https:\/\/hajoona.com\/wp-content\/uploads\/2025\/03\/AdobeStock_327383043-scaled.jpeg\" alt=\"Skupina \u0161iestich \u013eud\u00ed stoj\u00ed vo svetlej miestnosti s ve\u013ek\u00fdmi oknami. Na sebe maj\u00fa \u0161portov\u00e9 oble\u010denie v sivej, \u010diernej a bielej farbe. V\u0161etci sa dr\u017eia za ruky uprostred a navz\u00e1jom sa dot\u00fdkaj\u00fa, pri\u010dom sa smej\u00fa. Na obr\u00e1zku je vidie\u0165 rados\u0165, t\u00edmov\u00e9ho ducha a motiv\u00e1ciu.   \" class=\"wp-image-5421 size-full\" style=\"object-position:50% 50%\" srcset=\"https:\/\/hajoona.com\/wp-content\/uploads\/2025\/03\/AdobeStock_327383043-scaled.jpeg 2560w, https:\/\/hajoona.com\/wp-content\/uploads\/2025\/03\/AdobeStock_327383043-768x512.jpeg 768w, https:\/\/hajoona.com\/wp-content\/uploads\/2025\/03\/AdobeStock_327383043-1024x683.jpeg 1024w, https:\/\/hajoona.com\/wp-content\/uploads\/2025\/03\/AdobeStock_327383043-414x276.jpeg 414w, https:\/\/hajoona.com\/wp-content\/uploads\/2025\/03\/AdobeStock_327383043-1536x1024.jpeg 1536w\" sizes=\"auto, (max-width: 2560px) 100vw, 2560px\" \/><\/figure><div class=\"wp-block-media-text__content\">\n<div class=\"wp-block-group is-style-5-cols has-global-padding is-layout-constrained wp-block-group-is-layout-constrained\" style=\"margin-top:var(--wp--preset--spacing--4);margin-bottom:var(--wp--preset--spacing--4)\">\n<h2 class=\"wp-block-heading has-prime-black-color has-text-color\" style=\"font-size:clamp(27.42px, 1.714rem + ((1vw - 3.2px) * 1.748), 47px);\">Spolu je to lep\u0161ie!<\/h2>\n\n\n\n<p>Znovu sa spolo\u010dne na\u0161tartujte, vytvorte si zdrav\u00fd re\u017eim a c\u00ed\u0165te sa dobre &#8211; spolu je to jednoduch\u0161ie a ove\u013ea z\u00e1bavnej\u0161ie! Dohodnite si s priate\u013emi, susedmi alebo zn\u00e1mymi stretnutie na <strong>hajoona Body Restart Party<\/strong> a za\u010dnite spolo\u010dne holistick\u00fd program pre v\u00e4\u010d\u0161iu pohodu, vitalitu a rovnov\u00e1hu. <\/p>\n\n\n\n<p>\u010ci u\u017e chcete schudn\u00fa\u0165, zavies\u0165 zdrav\u0161ie n\u00e1vyky alebo jednoducho ma\u0165 viac energie v ka\u017edodennom \u017eivote &#8211; <strong>spolu je to jednoduch\u0161ie!<\/strong> Diskusia o <strong>v\u00fd\u017eive, cvi\u010den\u00ed a du\u0161evnej sile<\/strong> poskytuje dodato\u010dn\u00fa motiv\u00e1ciu a <strong>mentor hajoona Body Restart<\/strong> v\u00e1s bude individu\u00e1lne sprev\u00e1dza\u0165 na va\u0161ej ceste.<\/p>\n\n\n\n<p><strong>Teraz je t\u00e1 spr\u00e1vna chv\u00ed\u013ea!<\/strong>  Sta\u010d\u00ed vyplni\u0165 kontaktn\u00fd formul\u00e1r &#8211; a za\u010dnite spolu nov\u00fd \u017eivotn\u00fd \u0161t\u00fdl!<\/p>\n\n\n\n<div class=\"wp-block-buttons is-layout-flex wp-block-buttons-is-layout-flex\" style=\"margin-top:var(--wp--preset--spacing--3);margin-bottom:var(--wp--preset--spacing--3)\">\n<div class=\"wp-block-button\"><a class=\"wp-block-button__link wp-element-button\" href=\"https:\/\/hajoona.com\/sk\/kontaktujte-nas\/\">Ozvite sa!<\/a><\/div>\n<\/div>\n<\/div>\n<\/div><\/div>\n\n\n\n<div class=\"wp-block-group alignfull has-product-apricot-background-color has-background has-global-padding is-layout-constrained wp-block-group-is-layout-constrained\" style=\"margin-top:0;margin-bottom:0\">\n<div style=\"height:50px\" aria-hidden=\"true\" class=\"wp-block-spacer\"><\/div>\n\n\n\n<h2 class=\"wp-block-heading\" style=\"font-size:clamp(34.313px, 2.145rem + ((1vw - 3.2px) * 2.472), 62px);\">Bu\u010fte v obraze.<\/h2>\n\n\n\n<p>Prihl\u00e1ste sa na odber n\u00e1\u0161ho newslettera a dost\u00e1vajte v\u0161etky inform\u00e1cie o produktoch a akci\u00e1ch z prvej ruky.<\/p>\n\n\n\n<div class=\"wp-block-buttons is-layout-flex wp-block-buttons-is-layout-flex\">\n<div class=\"wp-block-button\"><a class=\"wp-block-button__link wp-element-button\" href=\"https:\/\/hajoona.com\/sk\/newsletter\/\">Prihl\u00e1ste ma!<\/a><\/div>\n<\/div>\n\n\n\n<div style=\"height:50px\" aria-hidden=\"true\" class=\"wp-block-spacer\"><\/div>\n<\/div>\n","protected":false},"excerpt":{"rendered":"Lie\u010dba re\u0161tartom tela.\nZa\u010dnite \u017eiari\u0165 teraz!","protected":false},"author":6,"featured_media":7540,"parent":0,"menu_order":0,"comment_status":"closed","ping_status":"closed","template":"","meta":{"_acf_changed":false,"inline_featured_image":false,"footnotes":""},"class_list":["post-7539","page","type-page","status-publish","has-post-thumbnail","hentry"],"acf":[],"_links":{"self":[{"href":"https:\/\/hajoona.com\/sk\/wp-json\/wp\/v2\/pages\/7539","targetHints":{"allow":["GET"]}}],"collection":[{"href":"https:\/\/hajoona.com\/sk\/wp-json\/wp\/v2\/pages"}],"about":[{"href":"https:\/\/hajoona.com\/sk\/wp-json\/wp\/v2\/types\/page"}],"author":[{"embeddable":true,"href":"https:\/\/hajoona.com\/sk\/wp-json\/wp\/v2\/users\/6"}],"replies":[{"embeddable":true,"href":"https:\/\/hajoona.com\/sk\/wp-json\/wp\/v2\/comments?post=7539"}],"version-history":[{"count":7,"href":"https:\/\/hajoona.com\/sk\/wp-json\/wp\/v2\/pages\/7539\/revisions"}],"predecessor-version":[{"id":7862,"href":"https:\/\/hajoona.com\/sk\/wp-json\/wp\/v2\/pages\/7539\/revisions\/7862"}],"wp:featuredmedia":[{"embeddable":true,"href":"https:\/\/hajoona.com\/sk\/wp-json\/wp\/v2\/media\/7540"}],"wp:attachment":[{"href":"https:\/\/hajoona.com\/sk\/wp-json\/wp\/v2\/media?parent=7539"}],"curies":[{"name":"wp","href":"https:\/\/api.w.org\/{rel}","templated":true}]}}