{"id":7535,"date":"2023-03-17T15:32:10","date_gmt":"2023-03-17T14:32:10","guid":{"rendered":"https:\/\/hajoona.com\/newsletter-2\/"},"modified":"2026-02-26T15:12:16","modified_gmt":"2026-02-26T14:12:16","slug":"newsletter","status":"publish","type":"page","link":"https:\/\/hajoona.com\/sk\/newsletter\/","title":{"rendered":"Newsletter"},"content":{"rendered":"\n<div class=\"wp-block-group is-vertical is-layout-flex wp-container-core-group-is-layout-d6b9ab57 wp-block-group-is-layout-flex\" style=\"min-height:90vh\">\n<h1 class=\"wp-block-heading\">Newsletter pre z\u00e1kazn\u00edkov<\/h1>\n\n\n\n<form action=\"https:\/\/hajoona.info\/public\/forms\/779\/html\/submit\" method=\"POST\" class=\"is-layout-constrained\">\n\n<div class=\"is-layout-flex wp-block-columns\">\n        <div class=\"is-layout-flow wp-block-column\">\n            <div class=\"form-field\">\n            \t<select class=\"form-control form-select\" id=\"wv-form-item-title\" name=\"title\">\n\t\t\t\t<option value=\"\">&#8211; Oslovenie &#8211;<\/option>\n\t\t\t\t<option value=\"m\">P\u00e1n<\/option>\n\t\t\t\t<option value=\"f\">Pani<\/option>\n\t\t\t\t<option value=\"d\">In\u00e9<\/option>\n\t\t\t<\/select>\n      \t<\/div>\n\t<\/div>\n\n\t<div class=\"is-layout-flow wp-block-column\">\n            <div class=\"form-field\">\n                \n            <\/div>\n\t<\/div>\n\n<\/div>\n\n<div class=\"is-layout-flex wp-block-columns\">\n        <div class=\"is-layout-flow wp-block-column\">\n            <div class=\"form-field\">\n            \t<input required=\"\" class=\"form-control form-text\" type=\"text\" id=\"wv-form-item-first_name\" name=\"first_name\" placeholder=\"Meno\">  \n            <\/div>\n        <\/div>\n\n\n\n        <div class=\"is-layout-flow wp-block-column\">\n            <div class=\"form-field\">\n            \t<input required=\"\" class=\"form-control form-text\" type=\"text\" id=\"wv-form-item-family_name\" name=\"family_name\" placeholder=\"Priezvisko\">\n            <\/div>\n        <\/div>\n<\/div>\n\n<div class=\"form-field\">\n<input required=\"\" class=\"form-control form-text\" type=\"text\" id=\"wv-form-item-email\" name=\"mail\" placeholder=\"E-Mail\">\n<\/div>\n\n<div>\n<button id=\"wv-submit\" name=\"wv-submit\" type=\"submit\" value=\"Registrova\u0165 sa\" class=\"btn btn-primary form-submit\">Registrova\u0165 sa<\/button>\n<\/div>\n\n<\/form>\n<\/div>\n","protected":false},"excerpt":{"rendered":"Newsletter pre z\u00e1kazn\u00edkov &#8211; Oslovenie &#8211; P\u00e1n Pani In\u00e9 Registrova\u0165 sa","protected":false},"author":1,"featured_media":0,"parent":0,"menu_order":0,"comment_status":"closed","ping_status":"closed","template":"","meta":{"_acf_changed":false,"inline_featured_image":false,"footnotes":""},"class_list":["post-7535","page","type-page","status-publish","hentry"],"acf":[],"_links":{"self":[{"href":"https:\/\/hajoona.com\/sk\/wp-json\/wp\/v2\/pages\/7535","targetHints":{"allow":["GET"]}}],"collection":[{"href":"https:\/\/hajoona.com\/sk\/wp-json\/wp\/v2\/pages"}],"about":[{"href":"https:\/\/hajoona.com\/sk\/wp-json\/wp\/v2\/types\/page"}],"author":[{"embeddable":true,"href":"https:\/\/hajoona.com\/sk\/wp-json\/wp\/v2\/users\/1"}],"replies":[{"embeddable":true,"href":"https:\/\/hajoona.com\/sk\/wp-json\/wp\/v2\/comments?post=7535"}],"version-history":[{"count":3,"href":"https:\/\/hajoona.com\/sk\/wp-json\/wp\/v2\/pages\/7535\/revisions"}],"predecessor-version":[{"id":7855,"href":"https:\/\/hajoona.com\/sk\/wp-json\/wp\/v2\/pages\/7535\/revisions\/7855"}],"wp:attachment":[{"href":"https:\/\/hajoona.com\/sk\/wp-json\/wp\/v2\/media?parent=7535"}],"curies":[{"name":"wp","href":"https:\/\/api.w.org\/{rel}","templated":true}]}}