{"id":7511,"date":"2024-09-27T08:25:52","date_gmt":"2024-09-27T06:25:52","guid":{"rendered":"https:\/\/hajoona.com\/zrusenie\/"},"modified":"2026-02-23T15:37:42","modified_gmt":"2026-02-23T14:37:42","slug":"zrusenie","status":"publish","type":"page","link":"https:\/\/hajoona.com\/sk\/zrusenie\/","title":{"rendered":"Zru\u0161enie"},"content":{"rendered":"\n<h1 class=\"wp-block-heading\" style=\"margin-top:var(--wp--preset--spacing--5);margin-bottom:var(--wp--preset--spacing--3);font-size:clamp(34.313px, 2.145rem + ((1vw - 3.2px) * 2.472), 62px);\"><strong>Potvrdzovacia str\u00e1nka pre tvoje zru\u0161enie<\/strong><\/h1>\n\n\n\n<p>Tu m\u00f4\u017ee\u0161 ako s\u00fakromn\u00fd z\u00e1kazn\u00edk (spotrebite\u013e) zru\u0161i\u0165 svoje predplatn\u00e9 produktov u hajoona.<\/p>\n\n\n\n<div class=\"wpcf7 no-js\" id=\"wpcf7-f7742-o1\" lang=\"de-DE\" dir=\"ltr\" data-wpcf7-id=\"7742\">\n<div class=\"screen-reader-response\"><p role=\"status\" aria-live=\"polite\" aria-atomic=\"true\"><\/p> <ul><\/ul><\/div>\n<form action=\"\/sk\/wp-json\/wp\/v2\/pages\/7511#wpcf7-f7742-o1\" method=\"post\" class=\"wpcf7-form init\" aria-label=\"Kontaktformular\" novalidate=\"novalidate\" data-status=\"init\">\n<fieldset class=\"hidden-fields-container\"><input type=\"hidden\" name=\"_wpcf7\" value=\"7742\" \/><input type=\"hidden\" name=\"_wpcf7_version\" value=\"6.1.5\" \/><input type=\"hidden\" name=\"_wpcf7_locale\" value=\"de_DE\" \/><input type=\"hidden\" name=\"_wpcf7_unit_tag\" value=\"wpcf7-f7742-o1\" \/><input type=\"hidden\" name=\"_wpcf7_container_post\" value=\"0\" \/><input type=\"hidden\" name=\"_wpcf7_posted_data_hash\" value=\"\" \/>\n<\/fieldset>\n<div class=\"is-layout-constrained\">\n\t<div>\n\t\t<p><span class=\"wpcf7-form-control-wrap\" data-name=\"salutation\"><select class=\"wpcf7-form-control wpcf7-select\" aria-invalid=\"false\" name=\"salutation\"><option value=\"P\u00e1n\">P\u00e1n<\/option><option value=\"Pani\">Pani<\/option><\/select><\/span>\n\t\t<\/p>\n\t<\/div>\n\t<div class=\"is-layout-flex wp-block-columns\">\n\t\t<div class=\"is-layout-flow wp-block-column\">\n\t\t\t<p><span class=\"wpcf7-form-control-wrap\" data-name=\"first-name\"><input size=\"40\" maxlength=\"400\" class=\"wpcf7-form-control wpcf7-text wpcf7-validates-as-required\" autocomplete=\"firstname\" aria-required=\"true\" aria-invalid=\"false\" placeholder=\"Meno\" value=\"\" type=\"text\" name=\"first-name\" \/><\/span>\n\t\t\t<\/p>\n\t\t<\/div>\n\t\t<div class=\"is-layout-flow wp-block-column\">\n\t\t\t<p><span class=\"wpcf7-form-control-wrap\" data-name=\"last-name\"><input size=\"40\" maxlength=\"400\" class=\"wpcf7-form-control wpcf7-text wpcf7-validates-as-required\" autocomplete=\"lastname\" aria-required=\"true\" aria-invalid=\"false\" placeholder=\"Priezvisko\" value=\"\" type=\"text\" name=\"last-name\" \/><\/span>\n\t\t\t<\/p>\n\t\t<\/div>\n\t<\/div>\n\t<div>\n\t\t<p><span class=\"wpcf7-form-control-wrap\" data-name=\"street-name\"><input size=\"40\" maxlength=\"400\" class=\"wpcf7-form-control wpcf7-text wpcf7-validates-as-required\" autocomplete=\"street\" aria-required=\"true\" aria-invalid=\"false\" placeholder=\"Ulica a \u010d\u00edslo domu\" value=\"\" type=\"text\" name=\"street-name\" \/><\/span>\n\t\t<\/p>\n\t<\/div>\n\t<div class=\"is-layout-flex wp-block-columns\">\n\t\t<div class=\"is-layout-flow wp-block-column\">\n\t\t\t<p><span class=\"wpcf7-form-control-wrap\" data-name=\"zip-code\"><input size=\"40\" maxlength=\"400\" class=\"wpcf7-form-control wpcf7-text wpcf7-validates-as-required\" autocomplete=\"zip\" aria-required=\"true\" aria-invalid=\"false\" placeholder=\"PS\u010c\" value=\"\" type=\"text\" name=\"zip-code\" \/><\/span>\n\t\t\t<\/p>\n\t\t<\/div>\n\t\t<div class=\"is-layout-flow wp-block-column\">\n\t\t\t<p><span class=\"wpcf7-form-control-wrap\" data-name=\"city\"><input size=\"40\" maxlength=\"400\" class=\"wpcf7-form-control wpcf7-text wpcf7-validates-as-required\" autocomplete=\"city\" aria-required=\"true\" aria-invalid=\"false\" placeholder=\"Mesto\" value=\"\" type=\"text\" name=\"city\" \/><\/span>\n\t\t\t<\/p>\n\t\t<\/div>\n\t<\/div>\n\t<div>\n\t\t<p><span class=\"wpcf7-form-control-wrap\" data-name=\"country\"><input size=\"40\" maxlength=\"400\" class=\"wpcf7-form-control wpcf7-text wpcf7-validates-as-required\" autocomplete=\"lastname\" aria-required=\"true\" aria-invalid=\"false\" placeholder=\"Krajina\" value=\"\" type=\"text\" name=\"country\" \/><\/span>\n\t\t<\/p>\n\t<\/div>\n\t<div>\n\t\t<p><span class=\"wpcf7-form-control-wrap\" data-name=\"email\"><input size=\"40\" maxlength=\"400\" class=\"wpcf7-form-control wpcf7-email wpcf7-validates-as-required wpcf7-text wpcf7-validates-as-email\" autocomplete=\"email\" aria-required=\"true\" aria-invalid=\"false\" placeholder=\"E-mailov\u00e1 adresa\" value=\"\" type=\"email\" name=\"email\" \/><\/span>\n\t\t<\/p>\n\t<\/div>\n\t<div>\n\t\t<p><span class=\"wpcf7-form-control-wrap\" data-name=\"client-number\"><input size=\"40\" maxlength=\"400\" class=\"wpcf7-form-control wpcf7-text wpcf7-validates-as-required\" aria-required=\"true\" aria-invalid=\"false\" placeholder=\"Kundennummer\" value=\"\" type=\"text\" name=\"client-number\" \/><\/span>\n\t\t<\/p>\n\t\t<p class=\"form-note\">Tvoje \u010d\u00edslo z\u00e1kazn\u00edka pozost\u00e1va zo 6 \u010d\u00edslic.\n\t\t<\/p>\n\t<\/div>\n\t<div>\n\t\t<p><span class=\"wpcf7-form-control-wrap\" data-name=\"tel\"><input size=\"40\" maxlength=\"400\" class=\"wpcf7-form-control wpcf7-tel wpcf7-text wpcf7-validates-as-tel\" aria-invalid=\"false\" placeholder=\"Telef\u00f3nne \u010d\u00edslo\" value=\"\" type=\"tel\" name=\"tel\" \/><\/span>\n\t\t<\/p>\n\t<\/div>\n\t<div>\n\t\t<p><label for=\"type-of-termination\">Druh zru\u0161enia:<\/label><br \/>\n<span class=\"wpcf7-form-control-wrap\" data-name=\"type-of-termination\"><span class=\"wpcf7-form-control wpcf7-radio\" id=\"type-of-termination\"><span class=\"wpcf7-list-item first\"><label><input type=\"radio\" name=\"type-of-termination\" value=\"Mimo\u0159\u00e1dne\" \/><span class=\"wpcf7-list-item-label\">Mimo\u0159\u00e1dne<\/span><\/label><\/span><span class=\"wpcf7-list-item last\"><label><input type=\"radio\" name=\"type-of-termination\" value=\"V z\u00e1konnej lehote k najbli\u017e\u0161iemu mo\u017en\u00e9mu term\u00ednu\" checked=\"checked\" \/><span class=\"wpcf7-list-item-label\">V z\u00e1konnej lehote k najbli\u017e\u0161iemu mo\u017en\u00e9mu term\u00ednu<\/span><\/label><\/span><\/span><\/span>\n\t\t<\/p>\n\t<\/div>\n\t<div>\n\t\t<p><label for=\"reason-for-termination\">Mimo\u0159\u00e1dne: D\u00f4vod zru\u0161enia<\/label><br \/>\n<span class=\"wpcf7-form-control-wrap\" data-name=\"reason-for-termination\"><textarea cols=\"40\" rows=\"10\" maxlength=\"2000\" class=\"wpcf7-form-control wpcf7-textarea\" id=\"reason-for-termination\" aria-invalid=\"false\" name=\"reason-for-termination\"><\/textarea><\/span>\n\t\t<\/p>\n\t<\/div>\n\t<div>\n\t\t<p><label for=\"type-of-subscription\">\u010co chce\u0161 zru\u0161i\u0165:<\/label><br \/>\n<span class=\"wpcf7-form-control-wrap\" data-name=\"type-of-subscription\"><span class=\"wpcf7-form-control wpcf7-radio\" id=\"idhier\"><span class=\"wpcf7-list-item first\"><label><input type=\"radio\" name=\"type-of-subscription\" value=\"Len konkr\u00e9tne predplatn\u00e9\" checked=\"checked\" \/><span class=\"wpcf7-list-item-label\">Len konkr\u00e9tne predplatn\u00e9<\/span><\/label><\/span><span class=\"wpcf7-list-item last\"><label><input type=\"radio\" name=\"type-of-subscription\" value=\"V\u0161etky moje predplatn\u00e9\" \/><span class=\"wpcf7-list-item-label\">V\u0161etky moje predplatn\u00e9<\/span><\/label><\/span><\/span><\/span>\n\t\t<\/p>\n\t<\/div>\n\t<div>\n\t\t<p><label for=\"subscrition-to-terminate\">konkr\u00e9tne:<\/label><br \/>\n<span class=\"wpcf7-form-control-wrap\" data-name=\"subscrition-to-terminate\"><textarea cols=\"40\" rows=\"10\" maxlength=\"2000\" class=\"wpcf7-form-control wpcf7-textarea\" id=\"subscrition-to-terminate\" aria-invalid=\"false\" name=\"subscrition-to-terminate\"><\/textarea><\/span>\n\t\t<\/p>\n\t\t<p class=\"form-note\">Zru\u0161enie vieme vybavi\u0165 r\u00fdchlej\u0161ie, ak n\u00e1m poskytne\u0161 \u010d\u00edslo objedn\u00e1vky (6 \u010d\u00edslic) alebo n\u00e1zov produktu.\n\t\t<\/p>\n\t<\/div>\n\t<div>\n\t\t<p><span id=\"wpcf7-69e738929bf62-wrapper\" class=\"wpcf7-form-control-wrap honeypot-927-wrap\" style=\"display:none !important; visibility:hidden !important;\"><label for=\"wpcf7-69e738929bf62-field\" class=\"hp-message\">Bitte lasse dieses Feld leer.<\/label><input id=\"wpcf7-69e738929bf62-field\"  class=\"wpcf7-form-control wpcf7-text\" type=\"text\" name=\"honeypot-927\" value=\"\" size=\"40\" tabindex=\"-1\" autocomplete=\"new-password\" \/><\/span>\n\t\t<\/p>\n\t<\/div>\n\t<div>\n\t<div class=\"wpcf7-response-output\" aria-hidden=\"true\"><\/div>\n\t\t<p><input class=\"wpcf7-form-control wpcf7-submit has-spinner wp-element-button\" type=\"submit\" value=\"Zru\u0161i\u0165 teraz\" \/>\n\t\t<\/p>\n\t<\/div>\n<\/div>\n<\/form>\n<\/div>\n\n","protected":false},"excerpt":{"rendered":"Potvrdzovacia str\u00e1nka pre tvoje zru\u0161enie Tu m\u00f4\u017ee\u0161 ako s\u00fakromn\u00fd z\u00e1kazn\u00edk (spotrebite\u013e) zru\u0161i\u0165 svoje predplatn\u00e9 produktov u hajoona.","protected":false},"author":1,"featured_media":0,"parent":0,"menu_order":0,"comment_status":"closed","ping_status":"closed","template":"","meta":{"_acf_changed":false,"inline_featured_image":false,"footnotes":""},"class_list":["post-7511","page","type-page","status-publish","hentry"],"acf":[],"_links":{"self":[{"href":"https:\/\/hajoona.com\/sk\/wp-json\/wp\/v2\/pages\/7511","targetHints":{"allow":["GET"]}}],"collection":[{"href":"https:\/\/hajoona.com\/sk\/wp-json\/wp\/v2\/pages"}],"about":[{"href":"https:\/\/hajoona.com\/sk\/wp-json\/wp\/v2\/types\/page"}],"author":[{"embeddable":true,"href":"https:\/\/hajoona.com\/sk\/wp-json\/wp\/v2\/users\/1"}],"replies":[{"embeddable":true,"href":"https:\/\/hajoona.com\/sk\/wp-json\/wp\/v2\/comments?post=7511"}],"version-history":[{"count":3,"href":"https:\/\/hajoona.com\/sk\/wp-json\/wp\/v2\/pages\/7511\/revisions"}],"predecessor-version":[{"id":7747,"href":"https:\/\/hajoona.com\/sk\/wp-json\/wp\/v2\/pages\/7511\/revisions\/7747"}],"wp:attachment":[{"href":"https:\/\/hajoona.com\/sk\/wp-json\/wp\/v2\/media?parent=7511"}],"curies":[{"name":"wp","href":"https:\/\/api.w.org\/{rel}","templated":true}]}}