{"id":7503,"date":"2025-12-04T16:06:58","date_gmt":"2025-12-04T15:06:58","guid":{"rendered":"https:\/\/hajoona.com\/charita\/"},"modified":"2026-02-26T15:23:32","modified_gmt":"2026-02-26T14:23:32","slug":"charita","status":"publish","type":"page","link":"https:\/\/hajoona.com\/sk\/charita\/","title":{"rendered":"Charita"},"content":{"rendered":"\r\n\r\n\r\n\r\n<div id=\"block-9305244df2da9c95a7c51b44b8069e6f69d4f6fd5cc7b\" \r\n    class=\"wp-block-acf-hero-slider alignfull acf-block-component\"\r\n    style=\"margin-top:0;margin-bottom:0;\">\r\n\r\n<div class=\"hero-slider-block__media\">\r\n\r\n    <img decoding=\"async\" class=\"slide-1 active\"\r\n        src=\"https:\/\/hajoona.com\/wp-content\/uploads\/2025\/12\/\u00a9steps-for-children-scaled.jpg\" srcset=\"https:\/\/hajoona.com\/wp-content\/uploads\/2025\/12\/\u00a9steps-for-children-414x276.jpg 414w, https:\/\/hajoona.com\/wp-content\/uploads\/2025\/12\/\u00a9steps-for-children-768x512.jpg 768w, https:\/\/hajoona.com\/wp-content\/uploads\/2025\/12\/\u00a9steps-for-children-1024x683.jpg 1024w, https:\/\/hajoona.com\/wp-content\/uploads\/2025\/12\/\u00a9steps-for-children-1536x1024.jpg 1536w, https:\/\/hajoona.com\/wp-content\/uploads\/2025\/12\/\u00a9steps-for-children-2048x1365.jpg 2048w\"\r\n        alt=\"Gruppe lachender Kinder spielt vor einem orangefarbenen Container mit der Aufschrift \u201esteps for children\u201c \u2013 Symbol f\u00fcr Bildung, Gemeinschaft und Hoffnung.\">\r\n<\/div>\r\n<div class=\"hero-slider-block__content has-prime-off-white-background-color\">\r\n\r\n    <div class=\"hero-slider-block__bg\"><\/div>\r\n\r\n    <div\r\n        class=\"hero-slider-block__content-inner has-global-padding is-layout-constrained wp-block-group is-style-5-cols\">\r\n\r\n        <div class=\"content-inner__slide-container\">\r\n\r\n                        <span data-bg-color=\"prime-off-white\"\r\n                class=\"content-inner__slide is-layout-constrained slide-1 active has-prime-off-white-background-color  active\">\r\n\r\n                                <h2 class=\"slide__head\">Prijmi zajtraj\u0161ok<\/h2>\r\n                \r\n                                <h4 class=\"slide__subhead\">hajoona &#038; steps for children<br>S na\u0161\u00edm charitat\u00edvnym konceptom prispievame k vytv\u00e1raniu bud\u00facnosti, v ktorej m\u00f4\u017ee ka\u017ed\u00e9 die\u0165a nasledova\u0165 svoje sny. For a better tomorrow.<\/h4>\r\n                \r\n                \r\n            <\/span>\r\n\r\n\r\n        <\/div>\r\n\r\n    <\/div>\r\n\r\n    <div class=\"hero-slider-block__index has-copy-s-font-size\">\r\n        <ul>\r\n            \r\n            <!-- <li><a><span class=\"index\">1<\/span><span class=\"line\"><\/span><\/a><\/li>\r\n            <li class=\"active\"><a><span class=\"index\">1<\/span><span class=\"line\"><\/span><\/a><\/li>\r\n            <li><a><span class=\"index\">1<\/span><span class=\"line\"><\/span><\/a><\/li> -->\r\n        <\/ul>\r\n    <\/div>\r\n\r\n<\/div>\r\n\r\n\r\n<span id=\"trigger-block-9305244df2da9c95a7c51b44b8069e6f69d4f6fd5cc7b\"><\/span>\r\n<script>\r\nif (typeof initHeroSliderBlock !== 'undefined') {\r\n    initHeroSliderBlock(document.querySelector(`#trigger-block-9305244df2da9c95a7c51b44b8069e6f69d4f6fd5cc7b`).parentNode);\r\n} else {\r\n    window.addEventListener('blockjs', () => {\r\n        initHeroSliderBlock(document.querySelector(`#trigger-block-9305244df2da9c95a7c51b44b8069e6f69d4f6fd5cc7b`).parentNode);\r\n    });\r\n}\r\n<\/script>\r\n\r\n<\/div>\n\n\n<div class=\"wp-block-group alignfull has-prime-white-background-color has-background has-global-padding is-layout-constrained wp-block-group-is-layout-constrained\" style=\"margin-top:0;margin-bottom:0\">\n<div class=\"wp-block-columns alignwide align-items-baseline is-layout-flex wp-container-core-columns-is-layout-0a5968a2 wp-block-columns-is-layout-flex\" style=\"margin-top:var(--wp--preset--spacing--5);margin-bottom:var(--wp--preset--spacing--5)\">\n<div class=\"wp-block-column is-layout-flow wp-block-column-is-layout-flow\" style=\"flex-basis:40%\">\n<h2 class=\"wp-block-heading\" style=\"font-size:clamp(27.42px, 1.714rem + ((1vw - 3.2px) * 1.748), 47px);\">Viac obj\u00edmania.<\/h2>\n\n\n\n<p style=\"padding-top:0;padding-right:0%;padding-bottom:0;padding-left:0%\"><strong>Spolo\u010dn\u00e9 prevzatie zodpovednosti. Posilnenie bud\u00facnosti. <\/strong><br>Ako spolo\u010dnos\u0165 preber\u00e1me zodpovednos\u0165 &#8211; a vedome posil\u0148ujeme t\u00fdch, ktor\u00ed potrebuj\u00fa podporu, aby mohli vies\u0165 kvalitn\u00fd a samostatn\u00fd \u017eivot. V\u010faka na\u0161ej soci\u00e1lnej anga\u017eovanosti a sile komunity hajoona vytv\u00e1rame z\u00e1klady lep\u0161ej bud\u00facnosti pre deti, ktor\u00e9 s\u00fa odk\u00e1zan\u00e9 na pomoc. Ver\u00edme, \u017ee <strong>ka\u017ed\u00e9 die\u0165a m\u00e1 pr\u00e1vo na l\u00e1sku, starostlivos\u0165 a pr\u00edle\u017eitosti.<\/strong>  <\/p>\n\n\n\n<p>Na\u0161a v\u00edzia: komunita, ktor\u00e1 spolu s na\u0161imi partnersk\u00fdmi <strong>krokmi pre deti<\/strong> poskytuje <strong>n\u00e1dej, povzbudenie a skuto\u010dn\u00e9 pr\u00edle\u017eitosti na rozvoj<\/strong>.<\/p>\n<\/div>\n\n\n\n<div class=\"wp-block-column is-vertically-aligned-center is-style-4-cols-content is-layout-flow wp-block-column-is-layout-flow\">\n<p class=\"has-copy-l-font-size\"><strong><strong>Pre bud\u00facnos\u0165 pln\u00fa pr\u00edle\u017eitost\u00ed<\/strong><\/strong><\/p>\n\n\n\n<p><strong>O<\/strong>nad\u00e1cii <strong>Kroky pre deti:<br><\/strong>Nad\u00e1cia p\u00f4sob\u00ed v <strong>Nam\u00edbii a Zimbabwe<\/strong> a jej cie\u013eom je zlep\u0161i\u0165 <strong>dlhodob\u00e9<\/strong> vyhliadky det\u00ed, mlad\u00fdch \u013eud\u00ed a rod\u00edn postihnut\u00fdch chudobou a marginaliz\u00e1ciou. Programy s\u00fa zalo\u017een\u00e9 na <strong>holistick\u00fdch vzdel\u00e1vac\u00edch pr\u00edle\u017eitostiach<\/strong> &#8211; od v\u010dasnej podpory a\u017e po ukon\u010denie \u0161t\u00fadia. \u0160peci\u00e1lny stavebn\u00fd prvok: <strong>program Anjel str\u00e1\u017eny<\/strong>, ktor\u00fd sprev\u00e1dza deti a\u017e do <strong>12. ro\u010dn\u00edka<\/strong> a otv\u00e1ra im tak dvere k odbornej pr\u00edprave a zamestnaniu.  <\/p>\n<\/div>\n<\/div>\n<\/div>\n\n\n\n<div class=\"wp-block-media-text alignfull has-media-on-the-right is-stacked-on-mobile is-image-fill-element is-style-square has-product-white-background-color has-background\" style=\"margin-top:0;margin-bottom:0\"><div class=\"wp-block-media-text__content\">\r\n\r\n\r\n<div id=\"block-4782e23ec6efd0bad7aca79c59ddc02669d4f6fd6185c\" \r\n    class=\"wp-block-acf-offset-text alignfull align acf-block-component\"\r\n    style=\"margin-top:var(--wp--preset--spacing--3);margin-bottom:var(--wp--preset--spacing--1);\">\r\n<span class=\"text\"\r\n    style=\"transform:translateX(-0.2em)\">Pre\u010do sme<\/span>\r\n\r\n<\/div>\n\n\n<div class=\"wp-block-group is-style-5-cols has-global-padding is-layout-constrained wp-block-group-is-layout-constrained\">\n<p><strong>Zdravie. Sloboda. Rast. Spolo\u010dne tvor\u00edme bud\u00facnos\u0165.   <br><\/strong>V Nam\u00edbii vzdelanie znamen\u00e1 perspekt\u00edvu. Preto investujeme do v\u010dasnej podpory, chr\u00e1nen\u00e9ho vzdel\u00e1vacieho prostredia a nepretr\u017eit\u00e9ho poradenstva a\u017e do 12. ro\u010dn\u00edka &#8211; pre stabiln\u00fd rozvoj a skuto\u010dn\u00e9 pr\u00edle\u017eitosti. <\/p>\n\n\n\n<p><strong>Skor\u00fd \u0161tart, skuto\u010dn\u00fd pokrok: <\/strong>od materskej \u0161koly a\u017e po 12. ro\u010dn\u00edk (program Anjel str\u00e1\u017eca)<br><strong>Bezpe\u010dn\u00e9 priestory, siln\u00e1 podpora: <\/strong>l\u00e1skypln\u00e1 starostlivos\u0165, zdrav\u00e9 stravovanie, siln\u00e1 komunita<br><strong>Trval\u00fd vplyv: <\/strong>trval\u00e1 a kvalitat\u00edvna podpora namiesto jednorazov\u00fdch darov<\/p>\n<\/div>\n\n\n\r\n\r\n\r\n<div id=\"block-91d27ea73546ea5fb6807819069e769f69d4f6fd61ffe\" \r\n    class=\"wp-block-acf-offset-text alignfull alignright acf-block-component\"\r\n    style=\"margin-bottom:var(--wp--preset--spacing--3);\">\r\n<span class=\"text\"\r\n    style=\"transform:translateX(-0.2em)\">starostlivos\u0165<\/span>\r\n\r\n<\/div><\/div><figure class=\"wp-block-media-text__media\"><img loading=\"lazy\" decoding=\"async\" width=\"1080\" height=\"1080\" src=\"https:\/\/staging.hajoona.in\/wp-content\/uploads\/2023\/09\/steps-for-children-charity.jpg\" alt=\"Dve deti tmavej farby pleti sa \u0161\u0165astne usmievaj\u00fa do kamery. Diev\u010da v popred\u00ed m\u00e1 na sebe svetlomodr\u00fa bundu a zapleten\u00e9 vlasy. Chlapec za \u0148ou sa k nej mierne nakl\u00e1\u0148a. Obaja sa usmievaj\u00fa.   \" class=\"wp-image-4007 size-full\" style=\"object-position:52% 50%\" srcset=\"https:\/\/hajoona.com\/wp-content\/uploads\/2023\/09\/steps-for-children-charity.jpg 1080w, https:\/\/hajoona.com\/wp-content\/uploads\/2023\/09\/steps-for-children-charity-768x768.jpg 768w, https:\/\/hajoona.com\/wp-content\/uploads\/2023\/09\/steps-for-children-charity-1024x1024.jpg 1024w, https:\/\/hajoona.com\/wp-content\/uploads\/2023\/09\/steps-for-children-charity-414x414.jpg 414w\" sizes=\"auto, (max-width: 1080px) 100vw, 1080px\" \/><\/figure><\/div>\n\n\n\n<div class=\"wp-block-group alignfull has-prime-white-background-color has-background has-global-padding is-layout-constrained wp-block-group-is-layout-constrained\" style=\"margin-top:0;margin-bottom:0\">\n<div class=\"wp-block-columns alignwide align-items-baseline is-layout-flex wp-container-core-columns-is-layout-0a5968a2 wp-block-columns-is-layout-flex\" style=\"margin-top:var(--wp--preset--spacing--5);margin-bottom:var(--wp--preset--spacing--5)\">\n<div class=\"wp-block-column is-layout-flow wp-block-column-is-layout-flow\" style=\"flex-basis:40%\">\n<figure class=\"wp-block-embed alignwide is-type-video is-provider-youtube wp-block-embed-youtube wp-embed-aspect-16-9 wp-has-aspect-ratio\"><div class=\"wp-block-embed__wrapper\">\n <div class=\"brlbs-cmpnt-container brlbs-cmpnt-content-blocker brlbs-cmpnt-with-individual-styles\" data-borlabs-cookie-content-blocker-id=\"default\" data-borlabs-cookie-content=\"PGlmcmFtZSB0aXRsZT0ic3RlcHMgZm9yIGNoaWxkcmVuIFRlYW1wYXJ0bmVyIiB3aWR0aD0iNTAwIiBoZWlnaHQ9IjI4MSIgc3JjPSJodHRwczovL3d3dy55b3V0dWJlLmNvbS9lbWJlZC84TU5YVzhZLURFUT9mZWF0dXJlPW9lbWJlZCZlbmFibGVqc2FwaT0xJm9yaWdpbj1odHRwczovL2hham9vbmEuY29tIiBmcmFtZWJvcmRlcj0iMCIgYWxsb3c9ImFjY2VsZXJvbWV0ZXI7IGF1dG9wbGF5OyBjbGlwYm9hcmQtd3JpdGU7IGVuY3J5cHRlZC1tZWRpYTsgZ3lyb3Njb3BlOyBwaWN0dXJlLWluLXBpY3R1cmU7IHdlYi1zaGFyZSIgcmVmZXJyZXJwb2xpY3k9InN0cmljdC1vcmlnaW4td2hlbi1jcm9zcy1vcmlnaW4iIGFsbG93ZnVsbHNjcmVlbj48L2lmcmFtZT4=\"><div class=\"brlbs-cmpnt-cb-preset-a\"> <p class=\"brlbs-cmpnt-cb-description\">You are currently viewing a placeholder content from <strong>Default<\/strong>. To access the actual content, click the button below. Please note that doing so will share data with third-party providers.<\/p> <div class=\"brlbs-cmpnt-cb-buttons\"> <a class=\"brlbs-cmpnt-cb-btn\" href=\"#\" data-borlabs-cookie-unblock role=\"button\">Unblock content<\/a> <a class=\"brlbs-cmpnt-cb-btn\" href=\"#\" data-borlabs-cookie-accept-service role=\"button\" style=\"display: none\">Accept required service and unblock content<\/a> <\/div> <a class=\"brlbs-cmpnt-cb-provider-toggle\" href=\"#\" data-borlabs-cookie-show-provider-information role=\"button\">More Information<\/a> <\/div><\/div>\n<\/div><\/figure>\n<\/div>\n\n\n\n<div class=\"wp-block-column is-vertically-aligned-center is-style-4-cols-content is-layout-flow wp-block-column-is-layout-flow\">\n<h2 class=\"wp-block-heading\" style=\"font-size:clamp(27.42px, 1.714rem + ((1vw - 3.2px) * 1.748), 47px);\"><strong>Na mieste. Ve\u013emi bl\u00edzko. <\/strong><\/h2>\n\n\n\n<p style=\"padding-top:0;padding-right:0%;padding-bottom:0;padding-left:0%\">T\u00e1to cesta n\u00e1m uk\u00e1zala, ako vyzer\u00e1 bud\u00facnos\u0165. Spolu s na\u0161imi t\u00edmov\u00fdmi partnermi sme za\u017eili n\u00e1dhern\u00e9 miesto pre deti: bezpe\u010dn\u00e9, v\u010fa\u010dn\u00e9, pln\u00e9 mo\u017enost\u00ed. Smiali sme sa, u\u010dili sa, dr\u017eali sa za ruky, odpovedali na ot\u00e1zky. U\u010dite\u013eov a vychov\u00e1vate\u013eov, ktor\u00ed s\u00fa tu so srdcom a trpezlivos\u0165ou. Deti hrdo \u010d\u00edtaj\u00face svoje prv\u00e9 slovo, utieraj\u00face tabu\u013eu, pom\u00e1haj\u00face si navz\u00e1jom. Stretnutia, ktor\u00e9 sp\u00e1jaj\u00fa a menia k lep\u0161iemu: <strong>Vzdel\u00e1vanie vytv\u00e1ra slobodu.<\/strong>     <\/p>\n<\/div>\n<\/div>\n<\/div>\n\n\n\n<div style=\"height:20px\" aria-hidden=\"true\" class=\"wp-block-spacer\"><\/div>\n\n\n\n<h2 class=\"wp-block-heading alignwide\"><strong>Ako funguje v\u00e1\u0161 pr\u00edspevok<\/strong><\/h2>\n\n\n\n<h3 class=\"wp-block-heading alignwide\" style=\"font-size:clamp(22.041px, 1.378rem + ((1vw - 3.2px) * 1.246), 36px);\"><strong>Jednoduch\u00e9. \u00da\u010dinn\u00e9. Transparentn\u00e9.  <\/strong><\/h3>\n\n\n\n<h4 class=\"wp-block-heading alignwide\" style=\"font-size:clamp(14.082px, 0.88rem + ((1vw - 3.2px) * 0.618), 21px);\"><strong>Mal\u00e9 kroky. Ve\u013ek\u00e1 zmena. <\/strong><\/h4>\n\n\n\r\n<style>\r\ndiv#block-085c9c05b1212c429e8944997b86b7ea69d4f6fd62b35 .slide {\r\n    width: 36rem !important;\r\n}\r\n\r\ndiv#block-085c9c05b1212c429e8944997b86b7ea69d4f6fd62b35 .slide__image-container {\r\n    aspect-ratio: 1\/1.25;\r\n    font-size: 8rem;\r\n}\r\n\r\ndiv#block-085c9c05b1212c429e8944997b86b7ea69d4f6fd62b35 .slide__image-container img {\r\n    object-fit: contain;\r\n    object-position: left bottom;\r\n}\r\n<\/style>\r\n\r\n\r\n\r\n<div id=\"block-085c9c05b1212c429e8944997b86b7ea69d4f6fd62b35\" \r\n    class=\"wp-block-acf-carousel has-prime-black-color has-text-color acf-block-component\"\r\n    style=\"margin-bottom:var(--wp--preset--spacing--5);\">\r\n<div class=\"carousel-container has-global-padding is-layout-constrained\"\r\n    style=\"\">\r\n    <button class=\"carousel-control carousel-control--prev no-button-styling prev-cursor\"><\/button>\r\n    <button class=\"carousel-control carousel-control--next no-button-styling next-cursor\"><\/button>\r\n\r\n    <div class=\"carousel-pos  alignwide\">\r\n        <div class=\"carousel\" data-slick='{\"mobileFirst\":true,\"variableWidth\":false,\"infinite\":false,\"slidesToShow\":1,\"slidesToScroll\":1}'>\r\n\r\n            \r\n            <a class=\"slide\" href=\"javascript:void(0);\">\r\n            <div class=\"slide__image-container\">\r\n                <img decoding=\"async\" class=\"slide-1 active\"\r\n                    src=\"https:\/\/hajoona.com\/wp-content\/uploads\/2025\/12\/\u00a9steps-for-children-e1764860404746.png\" srcset=\"https:\/\/hajoona.com\/wp-content\/uploads\/2025\/12\/\u00a9steps-for-children-e1764860404746.png 817w, https:\/\/hajoona.com\/wp-content\/uploads\/2025\/12\/\u00a9steps-for-children-e1764860404746-682x768.png 682w, https:\/\/hajoona.com\/wp-content\/uploads\/2025\/12\/\u00a9steps-for-children-e1764860404746-368x414.png 368w, https:\/\/hajoona.com\/wp-content\/uploads\/2025\/12\/\u00a9steps-for-children-e1764860404746-768x865.png 768w\"\r\n                    alt=\"Kinder sitzen gemeinsam an einem Tisch, malen und basteln, w\u00e4hrend eine Betreuerin sie begleitet \u2013 Symbol f\u00fcr Bildung, Kreativit\u00e4t und F\u00f6rderung im steps-for-children-Projekt.\">\r\n\r\n                \r\n                \r\n            <\/div>\r\n\r\n                        <h3 class=\"slide__head\">Predplati\u0165 \u2192 Podpora<\/h3>\r\n            \r\n                        <h4 class=\"slide__subhead\">S ka\u017ed\u00fdm nov\u00fdm uzavret\u00fdm predplatn\u00fdm putuje 1 \u20ac do podporn\u00e9ho fondu.<br \/>\r\nStru\u010dne vysvetlen\u00e9: Nov\u00e9 predplatn\u00e9 (12 mesiacov, 2 hodnoty produktov) vo tvojej downline = 1 \u20ac pre program Schutzengel organiz\u00e1cie steps for children. Takto spolo\u010dne umo\u017e\u0148ujeme \u00faspe\u0161n\u00fa \u0161kolsk\u00fa doch\u00e1dzku a\u017e do 12. ro\u010dn\u00edka.<br \/>\r\n<\/h4>\r\n            \r\n            <\/a>\r\n            <a class=\"slide\" href=\"javascript:void(0);\">\r\n            <div class=\"slide__image-container\">\r\n                <img decoding=\"async\" class=\"slide-2\"\r\n                    src=\"https:\/\/hajoona.com\/wp-content\/uploads\/2025\/12\/\u00a9steps-for-children4-e1764860475729.png\" srcset=\"https:\/\/hajoona.com\/wp-content\/uploads\/2025\/12\/\u00a9steps-for-children4-e1764860475729-414x355.png 414w, https:\/\/hajoona.com\/wp-content\/uploads\/2025\/12\/\u00a9steps-for-children4-e1764860475729-768x658.png 768w, https:\/\/hajoona.com\/wp-content\/uploads\/2025\/12\/\u00a9steps-for-children4-e1764860475729-1024x877.png 1024w, https:\/\/hajoona.com\/wp-content\/uploads\/2025\/12\/\u00a9steps-for-children4-e1764860475729.png 1074w\"\r\n                    alt=\"Eine Gruppe fr\u00f6hlicher Kinder steht vor einem orangefarbenen Container mit der Aufschrift \u201esteps\u201c. Sie halten die Arme in die Luft und lachen \u2013 Symbol f\u00fcr Gemeinschaft, Hoffnung und F\u00f6rderung.\">\r\n\r\n                \r\n                \r\n            <\/div>\r\n\r\n                        <h3 class=\"slide__head\">Ty + komunita \u2192 momentum<\/h3>\r\n            \r\n                        <h4 class=\"slide__subhead\">T\u00edmov\u00e9 akcie &#038; podujatia posil\u0148uj\u00fa \u00fa\u010dinok.<br \/>\r\nN\u00e1pady: Body Restart behy, krokov\u00e9 v\u00fdzvy, fundraisingov\u00e9 kuch\u00e1rske ve\u010dery, story posty \u2013 zdie\u013eajte svoje nad\u0161enie. Ka\u017ed\u00fd pr\u00edspevok sa po\u010d\u00edta.<\/h4>\r\n            \r\n            <\/a>\r\n            <a class=\"slide\" href=\"https:\/\/www.stepsforchildren.de\/spenden\/jetzt-spenden\/?fb_item_id_fix=60938\" target=\"_blank\">\r\n            <div class=\"slide__image-container\">\r\n                <img decoding=\"async\" class=\"slide-3\"\r\n                    src=\"https:\/\/hajoona.com\/wp-content\/uploads\/2025\/12\/Education-Hub-Windhoek_steps-for-children.jpeg\" srcset=\"https:\/\/hajoona.com\/wp-content\/uploads\/2025\/12\/Education-Hub-Windhoek_steps-for-children-414x353.jpeg 414w, https:\/\/hajoona.com\/wp-content\/uploads\/2025\/12\/Education-Hub-Windhoek_steps-for-children-768x656.jpeg 768w, https:\/\/hajoona.com\/wp-content\/uploads\/2025\/12\/Education-Hub-Windhoek_steps-for-children.jpeg 896w\"\r\n                    alt=\"Vier Kinder in roten und gelben Abschlussgew\u00e4ndern halten stolz ihre steps-for-children Zertifikate in den H\u00e4nden. Sie stehen nebeneinander und l\u00e4cheln \u2013 ein Moment voller Freude, Bildung und Zukunftshoffnung.\">\r\n\r\n                \r\n                \r\n            <\/div>\r\n\r\n                        <h3 class=\"slide__head\">Individu\u00e1lna akcia \u2192 priama podpora<\/h3>\r\n            \r\n                        <h4 class=\"slide__subhead\">Darujte priamo organiz\u00e1cii steps for children \u2013 s uveden\u00edm \u201e#hajoona + Schutzengel-Programm\u201c do \u00fa\u010delu platby (potvrdenie o dare je mo\u017en\u00e9).<\/h4>\r\n            \r\n            <\/a>\r\n            <a class=\"slide\" href=\"javascript:void(0);\">\r\n            <div class=\"slide__image-container\">\r\n                <img decoding=\"async\" class=\"slide-4\"\r\n                    src=\"https:\/\/hajoona.com\/wp-content\/uploads\/2025\/12\/\u00a9steps-for-children-students-e1764860773305.png\" srcset=\"https:\/\/hajoona.com\/wp-content\/uploads\/2025\/12\/\u00a9steps-for-children-students-e1764860773305-414x389.png 414w, https:\/\/hajoona.com\/wp-content\/uploads\/2025\/12\/\u00a9steps-for-children-students-e1764860773305-768x721.png 768w, https:\/\/hajoona.com\/wp-content\/uploads\/2025\/12\/\u00a9steps-for-children-students-e1764860773305.png 980w\"\r\n                    alt=\"Drei junge Frauen sitzen nebeneinander und l\u00e4cheln in die Kamera. Sie tragen gelbe Pullover und wirken fr\u00f6hlich und zuversichtlich \u2013 ein Moment, der Gemeinschaft, Bildung und Zukunftschancen symbolisiert.\">\r\n\r\n                \r\n                \r\n            <\/div>\r\n\r\n                        <h3 class=\"slide__head\">Transparentnos\u0165 \u2192 d\u00f4vera<\/h3>\r\n            \r\n                        <h4 class=\"slide__subhead\">Pravidelne zdie\u013eame aktualiz\u00e1cie, pr\u00edbehy a v\u00fdsledky \u2013 jasne a transparentne.<br \/>\r\nLittle steps. Big change.<\/h4>\r\n            \r\n            <\/a>\r\n        <\/div>\r\n    <\/div>\r\n<\/div>\r\n\r\n<span id=\"trigger-block-085c9c05b1212c429e8944997b86b7ea69d4f6fd62b35\"><\/span>\r\n<script>\r\nif (typeof initCarouselBlock !== 'undefined') {\r\n    initCarouselBlock(document.querySelector(`#trigger-block-085c9c05b1212c429e8944997b86b7ea69d4f6fd62b35`).parentNode);\r\n} else {\r\n    window.addEventListener('blockjs', () => {\r\n        initCarouselBlock(document.querySelector(`#trigger-block-085c9c05b1212c429e8944997b86b7ea69d4f6fd62b35`).parentNode);\r\n    });\r\n}\r\n<\/script>\r\n\r\n<\/div>\n\n\r\n\r\n\r\n\r\n<div id=\"charity\" \r\n    class=\"wp-block-acf-teaser wp-elements-80ce9140e3ace1f3a58577b6fe7c52dc alignfull has-product-mallow-background-color has-background has-prime-white-color has-text-color has-link-color acf-block-component\"\r\n    style=\"margin-top:0;margin-bottom:0;padding-top:0;padding-bottom:0;\">\r\n\r\n\r\n<div class=\"highlight__offset-text highlight__offset-text--top alignright\"><span\r\n        class=\"text\">Urob<\/div>\r\n\r\n<div class=\"highlight__inner-block\">\r\n\r\n    <div class=\"highlight__copy\"><span>Spolo\u010dne d\u00e1vame de\u0165om \u0161ancu na samostatn\u00fa bud\u00facnos\u0165. Svoj\u00edm darom im poskytnete ochranu, jedlo a l\u00e1sku, ktor\u00fa potrebuj\u00fa na nov\u00fd za\u010diatok. <\/span>\r\n\r\n                <div class=\"is-layout-flex wp-block-buttons highlight__button-desktop\">\r\n            <div class=\"wp-block-button\"><a href=\"https:\/\/www.stepsforchildren.de\/spenden\/jetzt-spenden\/?fb_item_id_fix=60938\" target=\"_blank\"\r\n                    class=\"wp-block-button__link wp-element-button has-prime-white-background-color has-background\">Daruj teraz<\/a><\/div>\r\n        <\/div>\r\n        \r\n    <\/div>\r\n        <div class=\"highlight__image\">\r\n        <img decoding=\"async\" src=\"https:\/\/hajoona.com\/wp-content\/uploads\/2023\/09\/steps-for-children-charity.jpg\" srcset=\"https:\/\/hajoona.com\/wp-content\/uploads\/2023\/09\/steps-for-children-charity-414x414.jpg 414w, https:\/\/hajoona.com\/wp-content\/uploads\/2023\/09\/steps-for-children-charity-768x768.jpg 768w, https:\/\/hajoona.com\/wp-content\/uploads\/2023\/09\/steps-for-children-charity-1024x1024.jpg 1024w, https:\/\/hajoona.com\/wp-content\/uploads\/2023\/09\/steps-for-children-charity.jpg 1080w\"\r\n            alt=\"Zwei Kinder mit dunkler Hautfarbe l\u00e4cheln fr\u00f6hlich in die Kamera. Das M\u00e4dchen im Vordergrund tr\u00e4gt eine hellblaue Jacke und hat geflochtene Haare. Der Junge hinter ihr, und lehnt sich leicht zu ihr hin. Beide l\u00e4cheln.\">\r\n    <\/div>\r\n\r\n<\/div>\r\n\r\n<div class=\"highlight__offset-text highlight__offset-text--bottom alignleft\"><span\r\n        class=\"text\">rozdiel<\/div>\r\n\r\n<div class=\"is-layout-flex wp-block-buttons is-content-justification-center highlight__button-mobile\">\r\n    <div class=\"wp-block-button\">\r\n        <a href=\"https:\/\/www.stepsforchildren.de\/spenden\/jetzt-spenden\/?fb_item_id_fix=60938\" class=\"wp-block-button__link wp-element-button\"\r\n            target=\"_blank\">Daruj teraz        <\/a>\r\n    <\/div>\r\n<\/div>\r\n\r\n\r\n<span id=\"trigger-charity\"><\/span>\r\n<script>\r\nif (typeof initTileMenuBlock !== 'undefined') {\r\n    initTileMenuBlock(document.querySelector(`#trigger-charity`).parentNode);\r\n} else {\r\n    window.addEventListener('blockjs', () => {\r\n        initTileMenuBlock(document.querySelector(`#trigger-charity`).parentNode);\r\n    });\r\n}\r\n<\/script>\r\n\r\n<\/div>\n\n\n<div class=\"wp-block-group alignfull has-product-apricot-background-color has-background has-global-padding is-layout-constrained wp-block-group-is-layout-constrained\" style=\"margin-top:0\">\n<div style=\"height:50px\" aria-hidden=\"true\" class=\"wp-block-spacer\"><\/div>\n\n\n\n<h2 class=\"wp-block-heading\">Bu\u010fte v obraze.<\/h2>\n\n\n\n<p>Prihl\u00e1ste sa na odber n\u00e1\u0161ho newslettera a dost\u00e1vajte v\u0161etky inform\u00e1cie o produktoch a propaga\u010dn\u00fdch akci\u00e1ch z prvej ruky.<\/p>\n\n\n\n<div class=\"wp-block-buttons is-layout-flex wp-block-buttons-is-layout-flex\">\n<div class=\"wp-block-button\"><a class=\"wp-block-button__link wp-element-button\" href=\"https:\/\/hajoona.com\/sk\/newsletter\/\">Prihl\u00e1ste ma!<\/a><\/div>\n<\/div>\n\n\n\n<div style=\"height:50px\" aria-hidden=\"true\" class=\"wp-block-spacer\"><\/div>\n<\/div>\n","protected":false},"excerpt":{"rendered":"Viac obj\u00edmania. Spolo\u010dn\u00e9 prevzatie zodpovednosti. Posilnenie bud\u00facnosti. Ako spolo\u010dnos\u0165 preber\u00e1me zodpovednos\u0165 &#8211; a vedome posil\u0148ujeme t\u00fdch, ktor\u00ed potrebuj\u00fa podporu, aby mohli vies\u0165 kvalitn\u00fd a samostatn\u00fd \u017eivot. V\u010faka na\u0161ej soci\u00e1lnej anga\u017eovanosti a sile komunity hajoona vytv\u00e1rame z\u00e1klady lep\u0161ej bud\u00facnosti pre deti, ktor\u00e9 s\u00fa odk\u00e1zan\u00e9 na pomoc. Ver\u00edme, \u017ee ka\u017ed\u00e9 die\u0165a m\u00e1 pr\u00e1vo na l\u00e1sku, starostlivos\u0165 a&#8230;","protected":false},"author":6,"featured_media":0,"parent":0,"menu_order":0,"comment_status":"closed","ping_status":"closed","template":"","meta":{"_acf_changed":false,"inline_featured_image":false,"footnotes":""},"class_list":["post-7503","page","type-page","status-publish","hentry"],"acf":[],"_links":{"self":[{"href":"https:\/\/hajoona.com\/sk\/wp-json\/wp\/v2\/pages\/7503","targetHints":{"allow":["GET"]}}],"collection":[{"href":"https:\/\/hajoona.com\/sk\/wp-json\/wp\/v2\/pages"}],"about":[{"href":"https:\/\/hajoona.com\/sk\/wp-json\/wp\/v2\/types\/page"}],"author":[{"embeddable":true,"href":"https:\/\/hajoona.com\/sk\/wp-json\/wp\/v2\/users\/6"}],"replies":[{"embeddable":true,"href":"https:\/\/hajoona.com\/sk\/wp-json\/wp\/v2\/comments?post=7503"}],"version-history":[{"count":3,"href":"https:\/\/hajoona.com\/sk\/wp-json\/wp\/v2\/pages\/7503\/revisions"}],"predecessor-version":[{"id":7860,"href":"https:\/\/hajoona.com\/sk\/wp-json\/wp\/v2\/pages\/7503\/revisions\/7860"}],"wp:attachment":[{"href":"https:\/\/hajoona.com\/sk\/wp-json\/wp\/v2\/media?parent=7503"}],"curies":[{"name":"wp","href":"https:\/\/api.w.org\/{rel}","templated":true}]}}