{"id":7500,"date":"2024-08-21T13:35:53","date_gmt":"2024-08-21T11:35:53","guid":{"rendered":"https:\/\/hajoona.com\/odvolanie\/"},"modified":"2026-02-18T16:43:51","modified_gmt":"2026-02-18T15:43:51","slug":"odvolanie","status":"publish","type":"page","link":"https:\/\/hajoona.com\/sk\/odvolanie\/","title":{"rendered":"Odvolanie"},"content":{"rendered":"\n<div style=\"height:10px\" aria-hidden=\"true\" class=\"wp-block-spacer\"><\/div>\n\n<h1 class=\"wp-block-heading\" style=\"font-size:clamp(27.42px, 1.714rem + ((1vw - 3.2px) * 1.748), 47px);\"><strong>Pr\u00e1vo spotrebite\u013eov na odst\u00fapenie od zmluvy<\/strong><\/h1>\n\n<div style=\"height:10px\" aria-hidden=\"true\" class=\"wp-block-spacer\"><\/div>\n\n<h2 class=\"wp-block-heading\" style=\"font-size:clamp(20px, 1.25rem + ((1vw - 3.2px) * 1.071), 32px);\"><strong>Pr\u00e1vo na zru\u0161enie<\/strong><\/h2>\n\n<p>M\u00e1te pr\u00e1vo odst\u00fapi\u0165 od tejto zmluvy do \u0161trn\u00e1stich dn\u00ed bez udania d\u00f4vodu.<br\/>Lehota na odst\u00fapenie od zmluvy je \u0161trn\u00e1s\u0165 dn\u00ed odo d\u0148a, ke\u010f ste vy alebo vami ur\u010den\u00e1 tretia strana, ktor\u00e1 nie je dopravcom, prevzali tovar. V pr\u00edpade zmluvy na viacero tovarov, ktor\u00e9 ste si objednali v r\u00e1mci jednej objedn\u00e1vky a ktor\u00e9 sa dod\u00e1vaj\u00fa samostatne, za\u010d\u00edna lehota na odst\u00fapenie od zmluvy plyn\u00fa\u0165 odo d\u0148a, ke\u010f ste vy alebo vami ur\u010den\u00e1 tretia strana, ktor\u00e1 nie je dopravcom, prevzali posledn\u00fd tovar. V pr\u00edpade zmluvy o pravidelnom dod\u00e1van\u00ed tovaru po\u010das stanoven\u00e9ho obdobia za\u010d\u00edna lehota na odst\u00fapenie od zmluvy plyn\u00fa\u0165 d\u0148om, ke\u010f ste vy alebo vami ur\u010den\u00e1 tretia osoba, ktor\u00e1 nie je dopravcom, prevzali prv\u00fd tovar.<br\/>Ak chcete uplatni\u0165 svoje pr\u00e1vo na odst\u00fapenie od zmluvy, mus\u00edte n\u00e1s kontaktova\u0165 (hajoona GmbH, Heinrich-Fuchs-Stra\u00dfe 94-96, 69126 Heidelberg, FAX: +49 6221 64702-89, e-mail:    <a href=\"mailto:cc@hajoona.com\"><\/a><a href=\"mailto:cc@hajoona.com\">cc@hajoona.com)<\/a> o va\u0161om rozhodnut\u00ed odst\u00fapi\u0165 od tejto zmluvy jednozna\u010dn\u00fdm vyhl\u00e1sen\u00edm (napr. listom zaslan\u00fdm po\u0161tou, faxom alebo e-mailom). M\u00f4\u017eete pou\u017ei\u0165 prilo\u017een\u00fd vzorov\u00fd formul\u00e1r na odst\u00fapenie od zmluvy, ale nie je to povinn\u00e9. Formul\u00e1r n\u00e1jdete tu: <a href=\"https:\/\/drive.google.com\/file\/d\/1h5AQhx61dHaAJj07M051PDitIweY4RAO\/view\" target=\"_blank\" rel=\"noreferrer noopener\">hajoona vzor formul\u00e1ra na<\/a> odst\u00fapenie od zmluvy.<br\/>Aby ste dodr\u017eali lehotu na odst\u00fapenie od zmluvy, sta\u010d\u00ed, ak svoje ozn\u00e1menie t\u00fdkaj\u00face sa uplatnenia pr\u00e1va na odst\u00fapenie od zmluvy odo\u0161lete pred uplynut\u00edm lehoty na odst\u00fapenie od zmluvy.  <\/p>\n\n<p>D\u00f4sledky odst\u00fapenia od zmluvy<br\/>Ak odst\u00fapite od tejto zmluvy, vr\u00e1time v\u00e1m v\u0161etky platby, ktor\u00e9 sme od v\u00e1s prijali, vr\u00e1tane n\u00e1kladov na doru\u010denie (s v\u00fdnimkou dodato\u010dn\u00fdch n\u00e1kladov vypl\u00fdvaj\u00facich z v\u00e1\u0161ho v\u00fdberu in\u00e9ho typu doru\u010denia, ako je najlacnej\u0161\u00ed typ \u0161tandardn\u00e9ho doru\u010denia, ktor\u00fd pon\u00fakame), a to bez zbyto\u010dn\u00e9ho odkladu a v ka\u017edom pr\u00edpade najnesk\u00f4r do 14 dn\u00ed odo d\u0148a, ke\u010f sme boli informovan\u00ed o va\u0161om rozhodnut\u00ed odst\u00fapi\u0165 od tejto zmluvy. Na toto vr\u00e1tenie pou\u017eijeme rovnak\u00fd platobn\u00fd prostriedok, ktor\u00fd ste pou\u017eili pri p\u00f4vodnej transakcii, pokia\u013e sa s vami v\u00fdslovne nedohodneme inak; v \u017eiadnom pr\u00edpade v\u00e1m za toto vr\u00e1tenie nebudeme \u00fa\u010dtova\u0165 \u017eiadne poplatky. <\/p>\n\n<p>M\u00f4\u017eeme v\u00e1m odmietnu\u0165 vr\u00e1ti\u0165 peniaze, k\u00fdm nedostaneme tovar sp\u00e4\u0165 alebo k\u00fdm nepredlo\u017e\u00edte d\u00f4kaz, \u017ee ste tovar vr\u00e1tili, pod\u013ea toho, \u010do nastane sk\u00f4r.<\/p>\n\n<p>Tovar n\u00e1m mus\u00edte vr\u00e1ti\u0165 alebo odovzda\u0165 bezodkladne, najnesk\u00f4r v\u0161ak do \u0161trn\u00e1stich dn\u00ed odo d\u0148a, ke\u010f ste n\u00e1s informovali o odst\u00fapen\u00ed od tejto zmluvy. Lehota je dodr\u017ean\u00e1, ak tovar odo\u0161lete pred uplynut\u00edm \u0161trn\u00e1s\u0165d\u0148ovej lehoty. <\/p>\n\n<p>Priame n\u00e1klady na vr\u00e1tenie tovaru zn\u00e1\u0161ate vy.<\/p>\n\n<p>Stratu hodnoty tovaru mus\u00edte uhradi\u0165 len v pr\u00edpade, \u017ee t\u00e1to strata hodnoty vznikla v d\u00f4sledku manipul\u00e1cie s tovarom, ktor\u00e1 nie je nevyhnutn\u00e1 na kontrolu jeho stavu, vlastnost\u00ed a funk\u010dnosti.<\/p>\n\n<div style=\"height:50px\" aria-hidden=\"true\" class=\"wp-block-spacer\"><\/div>\n","protected":false},"excerpt":{"rendered":"Pr\u00e1vo spotrebite\u013eov na odst\u00fapenie od zmluvy Pr\u00e1vo na zru\u0161enie M\u00e1te pr\u00e1vo odst\u00fapi\u0165 od tejto zmluvy do \u0161trn\u00e1stich dn\u00ed bez udania d\u00f4vodu.Lehota na odst\u00fapenie od zmluvy je \u0161trn\u00e1s\u0165 dn\u00ed odo d\u0148a, ke\u010f ste vy alebo vami ur\u010den\u00e1 tretia strana, ktor\u00e1 nie je dopravcom, prevzali tovar. V pr\u00edpade zmluvy na viacero tovarov, ktor\u00e9 ste si objednali v&#8230;","protected":false},"author":6,"featured_media":0,"parent":0,"menu_order":0,"comment_status":"closed","ping_status":"closed","template":"","meta":{"_acf_changed":false,"inline_featured_image":false,"footnotes":""},"class_list":["post-7500","page","type-page","status-publish","hentry"],"acf":[],"_links":{"self":[{"href":"https:\/\/hajoona.com\/sk\/wp-json\/wp\/v2\/pages\/7500","targetHints":{"allow":["GET"]}}],"collection":[{"href":"https:\/\/hajoona.com\/sk\/wp-json\/wp\/v2\/pages"}],"about":[{"href":"https:\/\/hajoona.com\/sk\/wp-json\/wp\/v2\/types\/page"}],"author":[{"embeddable":true,"href":"https:\/\/hajoona.com\/sk\/wp-json\/wp\/v2\/users\/6"}],"replies":[{"embeddable":true,"href":"https:\/\/hajoona.com\/sk\/wp-json\/wp\/v2\/comments?post=7500"}],"version-history":[{"count":1,"href":"https:\/\/hajoona.com\/sk\/wp-json\/wp\/v2\/pages\/7500\/revisions"}],"predecessor-version":[{"id":7501,"href":"https:\/\/hajoona.com\/sk\/wp-json\/wp\/v2\/pages\/7500\/revisions\/7501"}],"wp:attachment":[{"href":"https:\/\/hajoona.com\/sk\/wp-json\/wp\/v2\/media?parent=7500"}],"curies":[{"name":"wp","href":"https:\/\/api.w.org\/{rel}","templated":true}]}}