{"id":7498,"date":"2025-06-17T13:26:42","date_gmt":"2025-06-17T11:26:42","guid":{"rendered":"https:\/\/hajoona.com\/pristupnost\/"},"modified":"2026-02-18T16:43:51","modified_gmt":"2026-02-18T15:43:51","slug":"pristupnost","status":"publish","type":"page","link":"https:\/\/hajoona.com\/sk\/pristupnost\/","title":{"rendered":"Pr\u00edstupnos\u0165"},"content":{"rendered":"\n<div style=\"height:10px\" aria-hidden=\"true\" class=\"wp-block-spacer\"><\/div>\n\n<h1 class=\"wp-block-heading\" style=\"font-size:clamp(27.42px, 1.714rem + ((1vw - 3.2px) * 1.748), 47px);\">Pr\u00edstupnos\u0165<\/h1>\n\n<h2 class=\"wp-block-heading\" style=\"font-size:clamp(20px, 1.25rem + ((1vw - 3.2px) * 1.071), 32px);\">Vyhl\u00e1senie o pr\u00edstupnosti<\/h2>\n\n<p>Stav: 16\/06\/2025<\/p>\n\n<p>Toto vyhl\u00e1senie sa vyd\u00e1va v s\u00falade s \u00a7 4 ods. 3 vyhl\u00e1\u0161ky o informa\u010dn\u00fdch povinnostiach o pr\u00edstupnosti (BFSG-InfoV) na z\u00e1klade z\u00e1kona o posilnen\u00ed pr\u00edstupnosti (BFSG).<\/p>\n\n<p><strong>Rozsah pou\u017eitia<\/strong><\/p>\n\n<p>Toto vyhl\u00e1senie o pr\u00edstupnosti sa vz\u0165ahuje na webov\u00fa str\u00e1nku:<br\/><a href=\"https:\/\/www.hajoona.com\">https:\/\/www.hajoona.com<\/a><\/p>\n\n<p><strong>V\u0161eobecn\u00fd opis slu\u017eby<\/strong><\/p>\n\n<p>Webov\u00e1 str\u00e1nka spolo\u010dnosti hajoona GmbH poskytuje inform\u00e1cie o na\u0161ich produktoch pre zdravie a pohodu, umo\u017e\u0148uje digit\u00e1lny kontakt, poskytuje inform\u00e1cie o podujatiach a partnersk\u00fdch ponuk\u00e1ch a registrovan\u00fdm pou\u017e\u00edvate\u013eom pon\u00faka pr\u00edstup do chr\u00e1nenej z\u00f3ny vr\u00e1tane obchodu.<\/p>\n\n<p><strong>Stav zlu\u010dite\u013enosti s po\u017eiadavkami<\/strong><\/p>\n\n<p>T\u00e1to webov\u00e1 lokalita bola navrhnut\u00e1 v s\u00falade s po\u017eiadavkami normy EN 301 549 na z\u00e1klade \u00farovne zhody WCAG 2.1 AA a v s\u00fa\u010dasnosti je z ve\u013ekej \u010dasti pr\u00edstupn\u00e1. Jednotliv\u00e9 obsahy sa optimalizuj\u00fa priebe\u017ene.<\/p>\n\n<p><strong>Sp\u00e4tn\u00e1 v\u00e4zba a kontakt<\/strong><\/p>\n\n<p>V\u0161imli ste si nejak\u00e9 nedostatky v pr\u00edstupnosti obsahu na na\u0161ej webovej str\u00e1nke? Alebo m\u00e1te ot\u00e1zky t\u00fdkaj\u00face sa implement\u00e1cie? Potom sa te\u0161\u00edme na va\u0161e spr\u00e1vy:<\/p>\n\n<p>hajoona GmbH<br\/>Heinrich-Fuchs-Stra\u00dfe 94-96<br\/>D-69126 Heidelberg<br\/>E-mail: office@hajoona.com<br\/>Telef\u00f3n: +49 6221 64702-10<\/p>\n\n<p><strong>Podpora pre osoby so zdravotn\u00fdm postihnut\u00edm<\/strong><\/p>\n\n<p>Pon\u00fakame telef\u00f3nnu linku pre osoby so zdravotn\u00fdm postihnut\u00edm a pou\u017e\u00edvate\u013eov asisten\u010dn\u00fdch technol\u00f3gi\u00ed:<br\/>Telef\u00f3n: +49 6221 64702-10<\/p>\n\n<p><strong>Vykon\u00e1vacie konanie<\/strong><\/p>\n\n<p>Ak na va\u0161u sp\u00e4tn\u00fa v\u00e4zbu nedostanete uspokojiv\u00fa odpove\u010f, m\u00f4\u017eete sa obr\u00e1ti\u0165 na pr\u00edslu\u0161n\u00e9 stredisko presadzovania pr\u00e1va:<\/p>\n\n<p>Ministerstvo soci\u00e1lnych vec\u00ed, zdravia a integr\u00e1cie B\u00e1denska-W\u00fcrttemberska<br\/>Centrum pre presadzovanie bezbari\u00e9rov\u00fdch informa\u010dn\u00fdch technol\u00f3gi\u00ed<br\/>Else-Josenhans-Stra\u00dfe 6, 70173 Stuttgart<br\/>E-mail: poststelle@bfbmb.bwl.de<br\/>Telef\u00f3n: +49 (0)711 279-3360<\/p>\n\n<p><strong>Org\u00e1n doh\u013eadu nad trhom pod\u013ea BFSG<\/strong><\/p>\n\n<p>Spolkov\u00e1 sie\u0165ov\u00e1 agent\u00fara pre elektrinu, plyn, telekomunik\u00e1cie, po\u0161tu a \u017eeleznice<br\/>Tulpenfeld 4, 53113 Bonn<br\/><a href=\"https:\/\/www.bundesnetzagentur.de\">www.bundesnetzagentur.de<\/a><\/p>\n\n<p><strong>Pr\u00edprava tohto vyhl\u00e1senia<\/strong><\/p>\n\n<p>Toto vyhl\u00e1senie bolo vypracovan\u00e9 16. j\u00fana 2025 a naposledy revidovan\u00e9 v ten ist\u00fd de\u0148.<a id=\"_msocom_1\"><\/a><\/p>\n\n<div style=\"height:10px\" aria-hidden=\"true\" class=\"wp-block-spacer\"><\/div>\n","protected":false},"excerpt":{"rendered":"Pr\u00edstupnos\u0165 Vyhl\u00e1senie o pr\u00edstupnosti Stav: 16\/06\/2025 Toto vyhl\u00e1senie sa vyd\u00e1va v s\u00falade s \u00a7 4 ods. 3 vyhl\u00e1\u0161ky o informa\u010dn\u00fdch povinnostiach o pr\u00edstupnosti (BFSG-InfoV) na z\u00e1klade z\u00e1kona o posilnen\u00ed pr\u00edstupnosti (BFSG). Rozsah pou\u017eitia Toto vyhl\u00e1senie o pr\u00edstupnosti sa vz\u0165ahuje na webov\u00fa str\u00e1nku:https:\/\/www.hajoona.com V\u0161eobecn\u00fd opis slu\u017eby Webov\u00e1 str\u00e1nka spolo\u010dnosti hajoona GmbH poskytuje inform\u00e1cie o na\u0161ich produktoch&#8230;","protected":false},"author":6,"featured_media":0,"parent":0,"menu_order":0,"comment_status":"closed","ping_status":"closed","template":"","meta":{"_acf_changed":false,"inline_featured_image":false,"footnotes":""},"class_list":["post-7498","page","type-page","status-publish","hentry"],"acf":[],"_links":{"self":[{"href":"https:\/\/hajoona.com\/sk\/wp-json\/wp\/v2\/pages\/7498","targetHints":{"allow":["GET"]}}],"collection":[{"href":"https:\/\/hajoona.com\/sk\/wp-json\/wp\/v2\/pages"}],"about":[{"href":"https:\/\/hajoona.com\/sk\/wp-json\/wp\/v2\/types\/page"}],"author":[{"embeddable":true,"href":"https:\/\/hajoona.com\/sk\/wp-json\/wp\/v2\/users\/6"}],"replies":[{"embeddable":true,"href":"https:\/\/hajoona.com\/sk\/wp-json\/wp\/v2\/comments?post=7498"}],"version-history":[{"count":1,"href":"https:\/\/hajoona.com\/sk\/wp-json\/wp\/v2\/pages\/7498\/revisions"}],"predecessor-version":[{"id":7502,"href":"https:\/\/hajoona.com\/sk\/wp-json\/wp\/v2\/pages\/7498\/revisions\/7502"}],"wp:attachment":[{"href":"https:\/\/hajoona.com\/sk\/wp-json\/wp\/v2\/media?parent=7498"}],"curies":[{"name":"wp","href":"https:\/\/api.w.org\/{rel}","templated":true}]}}