{"id":7497,"date":"2023-09-13T17:14:14","date_gmt":"2023-09-13T15:14:14","guid":{"rendered":"https:\/\/hajoona.com\/vyhladavac\/"},"modified":"2026-02-18T16:43:51","modified_gmt":"2026-02-18T15:43:51","slug":"vyhladavac","status":"publish","type":"page","link":"https:\/\/hajoona.com\/sk\/vyhladavac\/","title":{"rendered":"vyh\u013ead\u00e1va\u010d"},"content":{"rendered":"\n<div class=\"wp-block-group alignfull is-layout-flow wp-block-group-is-layout-flow\" style=\"margin-top:0;margin-bottom:0;padding-top:0;padding-right:0;padding-bottom:0;padding-left:0\"> <div class=\"brlbs-cmpnt-container brlbs-cmpnt-content-blocker brlbs-cmpnt-with-individual-styles\" data-borlabs-cookie-content-blocker-id=\"default\" data-borlabs-cookie-content=\"PHN0eWxlIHR5cGU9InRleHQvY3NzIj4KICBib2R5ICNhc2wtc3RvcmVsb2NhdG9yLmFzbC1jb250LmFzbC10ZW1wbGF0ZS0wIHstLXNsLWZvbnQtc2l6ZTogMTNweDstLXNsLXRpdGxlLXNpemU6IDE1cHg7LS1zbC1idG4tc2l6ZTogMTNweDstLXNsLXByaW1hcnk6ICMxRDFEMUQ7LS1zbC1oZWFkZXI6ICNGNkY1RjI7LS1zbC1oZWFkZXItY29sb3I6ICMxRDFEMUQ7LS1zbC1pbmZvYm94LWNvbG9yOiAjNDY0NjQ2Oy0tc2wtaW5mb2JveC1iZzogI0ZGRkZGRjstLXNsLWluZm9ib3gtYTogI0ZBNDEzQzstLXNsLWFjdGlvbi1idG4tY29sb3I6ICNGNkY1RjI7LS1zbC1hY3Rpb24tYnRuLWJnOiAjMUQxRDFEOy0tc2wtY29sb3I6ICM1NTVkNjY7LS1zbC1saXN0LWJnOiAjRjZGNUYyOy0tc2wtbGlzdC10aXRsZTogIzFEMUQxRDstLXNsLWxpc3Qtc3ViLXRpdGxlOiAjMUQxRDFEOy0tc2wtaGlnaGxpZ2h0ZWQ6ICNGRkZGRkY7fS5hc2wtY29udCAuc2wtZGlyZWN0aW9uLCAuYXNsLWJ1dHRvbnMgLmRpcmVjdGlvbnMge2Rpc3BsYXk6IG5vbmUgIWltcG9ydGFudDt9LmFzbC1idXR0b25zIC56b29taGVyZSB7ZGlzcGxheTogbm9uZSAhaW1wb3J0YW50O30uYXNsLXAtY29udCAuYXNsLXByaW50LWJ0biwuYXNsLWNvbnQgLmFzbC1wcmludC1idG4ge2Rpc3BsYXk6IG5vbmUgIWltcG9ydGFudDt9ICAuYXNsLWNvbnQgLm9ub2Zmc3dpdGNoIC5vbm9mZnN3aXRjaC1sYWJlbCAub25vZmZzd2l0Y2gtc3dpdGNoOmJlZm9yZSB7Y29udGVudDogIk9mZmVuIiAhaW1wb3J0YW50O30KICAuYXNsLWNvbnQgLm9ub2Zmc3dpdGNoIC5vbm9mZnN3aXRjaC1sYWJlbCAub25vZmZzd2l0Y2gtc3dpdGNoOmFmdGVyIHtjb250ZW50OiAiQUxMRSIgIWltcG9ydGFudDt9CiAgQG1lZGlhIChtYXgtd2lkdGg6IDc2N3B4KSB7CiAgICAjYXNsLXN0b3JlbG9jYXRvci5hc2wtY29udCAuYXNsLXBhbmVsIHtvcmRlcjogMDt9CiAgfQogIC5hc2wtY29udC5zbC1zZWFyY2gtb25seSAuRmlsdGVyX3NlY3Rpb24gKyAuc2wtcm93IHtkaXNwbGF5OiBub25lO30KICAuYXNsLWNvbnQgLnNsLWhpZGUtYnJhbmNoZXMsCiAgLmFzbC1jb250IC5zbC1oaWRlLWJyYW5jaGVzOmhvdmVyIHtjb2xvcjogI0ZGRiAhaW1wb3J0YW50OyB0ZXh0LWRlY29yYXRpb246IG5vbmUgIWltcG9ydGFudDtjdXJzb3I6IHBvaW50ZXI7fQo8L3N0eWxlPgo8ZGl2IGlkPSJhc2wtc3RvcmVsb2NhdG9yIiBjbGFzcz0ic3RvcmVsb2NhdG9yLW1haW4gYXNsLWNvbnQgYXNsLXRlbXBsYXRlLTAgYXNsLWxheW91dC0wIGFzbC1iZy0wIGZ1bGwtd2lkdGggIGFzbC10ZXh0LTEiPgogIDxkaXYgY2xhc3M9ImFzbC13cmFwcGVyIj4KICAgIDxkaXYgY2xhc3M9InNsLWNvbnRhaW5lci1mbHVpZCI+CgogICAgICAgICAgICAgCiAgICAgIDxkaXYgY2xhc3M9InNsLXJvdyBGaWx0ZXJfc2VjdGlvbiI+CiAgICAgICAgICA8ZGl2IGNsYXNzPSJwb2wtbGctNCBwb2wtbWQtNSBwb2wtc20tMTIgc2VhcmNoX2ZpbHRlciI+CiAgICAgICAgICAgICAgPGxhYmVsIGNsYXNzPSJtYi0yIiBmb3I9ImF1dG8tY29tcGxldGUtc2VhcmNoIj5TaG9wcyAmIFRlYW1wYXJ0bmVyIGZpbmRlbjwvbGFiZWw+CiAgICAgICAgICAgICAgPGRpdiBjbGFzcz0ic2wtc2VhcmNoLWdyb3VwIGQtZmxleCI+CiAgICAgICAgICAgICAgICA8aW5wdXQgdHlwZT0idGV4dCIgdmFsdWU9IiIgZGF0YS1zdWJtaXQ9ImRpc2FibGUiICB0YWJpbmRleD0iMiIgaWQ9ImF1dG8tY29tcGxldGUtc2VhcmNoIiBwbGFjZWhvbGRlcj0iUExaIG9kZXIgT3J0IiAgY2xhc3M9ImFzbC1zZWFyY2gtYWRkcmVzcyBmb3JtLWNvbnRyb2wgaXNwX2lnbm9yZSI+CiAgICAgICAgICAgICAgICA8YnV0dG9uIGFyaWEtbGFiZWw9IlNlYXJjaCBMb2NhdGlvbiIgdGl0bGU9IlNlYXJjaCBMb2NhdGlvbiIgdHlwZT0iYnV0dG9uIiBjbGFzcz0ic3Bhbi1nZW8iPjxpIGNsYXNzPSJpY29uLXNlYXJjaCI+PC9pPjwvYnV0dG9uPgogICAgICAgICAgICAgIDwvZGl2PgogICAgICAgICAgPC9kaXY+CiAgICAgICAgICA8ZGl2IGNsYXNzPSJwb2wtbGctOCBwb2wtbWQtNyBwb2wtc20tMTIiPgogICAgICAgICAgICA8ZGl2IGNsYXNzPSJzbC1yb3ciPgogICAgICAgICAgICAgIDxkaXYgY2xhc3M9InBvbC1zbS0xMiBhc2wtYWR2YW5jZS1maWx0ZXJzIGhpZGUiPgogICAgICAgICAgICAgICAgPGRpdiBjbGFzcz0ic2wtcm93Ij4KICAgICAgICAgICAgICAgICAgICAgICAgICAgICAgICAgICAgICAgICAgICAgICAgICAgICAgICAgICAgICAgICAgICAgICAgPGRpdiBjbGFzcz0icG9sLWxnLTQgcG9sLW1kLTYgcG9sLXNtLTEyIHJhbmdlX2ZpbHRlciBhc2wtZGRsLWZpbHRlcnMgaGlkZSI+CiAgICAgICAgICAgICAgICAgICAgICA8ZGl2IGNsYXNzPSJyYW5nZUZpbHRlciBhc2wtZmlsdGVyLWNudHJsIj4KICAgICAgICAgICAgICAgICAgICAgICAgPGxhYmVsIGNsYXNzPSJhc2wtY250cmwtbGJsIj5VbWdlYnVuZzwvbGFiZWw+CiAgICAgICAgICAgICAgICAgICAgICAgIDxpbnB1dCBpZD0iYXNsLXJhZGl1cy1zbGlkZSIgdHlwZT0idGV4dCIgY2xhc3M9InNwYW4yIiAvPgogICAgICAgICAgICAgICAgICAgICAgICA8c3BhbiBjbGFzcz0icmFkLXVuaXQiPlJhZGl1czogPHNwYW4gaWQ9ImFzbC1yYWRpdXMtaW5wdXQiPjwvc3Bhbj4gPHNwYW4gaWQ9ImFzbC1kaXN0LXVuaXQiPkttPC9zcGFuPjwvc3Bhbj4KICAgICAgICAgICAgICAgICAgICAgIDwvZGl2PgogICAgICAgICAgICAgICAgICA8L2Rpdj4KICAgICAgICAgICAgICAgICAgPGRpdiBjbGFzcz0icG9sLWxnLTIgcG9sLW1kLTMgcG9sLXNtLTEyIFN0YXR1c19maWx0ZXIiPgogICAgICAgICAgICAgICAgICAgICAgPGRpdiBjbGFzcz0iYXNsLWZpbHRlci1jbnRybCI+CiAgICAgICAgICAgICAgICAgICAgICAgIDxsYWJlbCBjbGFzcz0iYXNsLWNudHJsLWxibCI+U3RhdHVzPC9sYWJlbD4KICAgICAgICAgICAgICAgICAgICAgICAgPGRpdiBjbGFzcz0ib25vZmZzd2l0Y2giPgogICAgICAgICAgICAgICAgICAgICAgICAgIDxpbnB1dCB0eXBlPSJjaGVja2JveCIgbmFtZT0ib25vZmZzd2l0Y2giIGNsYXNzPSJvbm9mZnN3aXRjaC1jaGVja2JveCIgaWQ9ImFzbC1vcGVuLWNsb3NlIiBjaGVja2VkPgogICAgICAgICAgICAgICAgICAgICAgICAgIDxsYWJlbCBhcmlhLWxhYmVsPSJPcGVuZWQgU3RvcmVzIiB0aXRsZT0iT3BlbmVkIFN0b3JlcyIgY2xhc3M9Im9ub2Zmc3dpdGNoLWxhYmVsIiBmb3I9ImFzbC1vcGVuLWNsb3NlIj4KICAgICAgICAgICAgICAgICAgICAgICAgICAgICAgPHNwYW4gY2xhc3M9Im9ub2Zmc3dpdGNoLWlubmVyIj48L3NwYW4+CiAgICAgICAgICAgICAgICAgICAgICAgICAgICAgIDxzcGFuIGNsYXNzPSJvbm9mZnN3aXRjaC1zd2l0Y2giPjwvc3Bhbj4KICAgICAgICAgICAgICAgICAgICAgICAgICA8L2xhYmVsPgogICAgICAgICAgICAgICAgICAgICAgICA8L2Rpdj4KICAgICAgICAgICAgICAgICAgICAgIDwvZGl2PgogICAgICAgICAgICAgICAgICA8L2Rpdj4KICAgICAgICAgICAgICAgIDwvZGl2PgogICAgICAgICAgICAgIDwvZGl2PgogICAgICAgICAgICA8L2Rpdj4KICAgICAgICAgIDwvZGl2PgogICAgICA8L2Rpdj4KICAgICAgICAgICAgPGRpdiBjbGFzcz0ic2wtcm93Ij4KICAgICAgICA8ZGl2IGNsYXNzPSJwb2wtMTIiPgogICAgICAgICAgICA8ZGl2IGNsYXNzPSJzbC1tYWluLWNvbnQiPgogICAgICAgICAgICAgICAgPGRpdiBjbGFzcz0ic2wtcm93IG5vLWd1dHRlcnMgc2wtbWFpbi1yb3ciPgogICAgICAgICAgICAgICAgICAgIDxkaXYgaWQ9ImFzbC1wYW5lbCIgY2xhc3M9ImFzbC1wYW5lbCBwb2wtbWQtNSBwb2wtbGctNCBhc2xfbG9jYXRvci1wYW5lbCI+CiAgICAgICAgICAgICAgICAgICAgICAgIDxkaXYgY2xhc3M9ImFzbC1vdmVybGF5IiBpZD0ibWFwLWxvYWRpbmciPgogICAgICAgICAgICAgICAgICAgICAgICAgICAgPGRpdiBjbGFzcz0id2hpdGUiPjwvZGl2PgogICAgICAgICAgICAgICAgICAgICAgICAgICAgPGRpdiBjbGFzcz0ic2wtbG9hZGluZyI+CiAgICAgICAgICAgICAgICAgICAgICAgICAgICAgIDxpIGNsYXNzPSJhbmltYXRlLXNsLXNwaW4gaWNvbi1zcGluMyI+PC9pPgogICAgICAgICAgICAgICAgICAgICAgICAgICAgICBMYWRlbi4uLiAgICAgICAgICAgICAgICAgICAgICAgICAgICA8L2Rpdj4KICAgICAgICAgICAgICAgICAgICAgICAgPC9kaXY+CiAgICAgICAgICAgICAgICAgICAgICAgICAgICAgICAgICAgICAgICAgICAgICAgIDwhLS0gbGlzdCAtLT4KICAgICAgICAgICAgICAgICAgICAgICAgPGRpdiBjbGFzcz0iYXNsLXBhbmVsLWlubmVyIj4KICAgICAgICAgICAgICAgICAgICAgICAgICAgIDxkaXYgY2xhc3M9InRvcC10aXRsZSBOdW1fb2Zfc3RvcmUiPgogICAgICAgICAgICAgICAgICAgICAgICAgICAgICA8c3Bhbj48c3BhbiBjbGFzcz0ic2wtaGVhZC10aXRsZSI+QW56YWhsIFNob3BzPC9zcGFuPjogPHNwYW4gY2xhc3M9ImNvdW50LXJlc3VsdCI+MDwvc3Bhbj48L3NwYW4+CiAgICAgICAgICAgICAgICAgICAgICAgICAgICAgICAgICAgICAgICAgICAgICAgICAgICAgICAgICAgICAgPGEgY2xhc3M9ImFzbC1wcmludC1idG4iPjxzcGFuPlBSSU5UPC9zcGFuPjxzcGFuIGNsYXNzPSJhc2wtcHJpbnQiPjwvc3Bhbj48L2E+CiAgICAgICAgICAgICAgICAgICAgICAgICAgICAgICAgICAgICAgICAgICAgICAgICAgICAgICAgICA8L2Rpdj4KICAgICAgICAgICAgICAgICAgICAgICAgICAgIDxkaXYgY2xhc3M9InNsLW1haW4tY29udC1ib3giPgogICAgICAgICAgICAgICAgICAgICAgICAgICAgICA8ZGl2IGlkPSJhc2wtbGlzdCIgY2xhc3M9InNsLWxpc3Qtd3JhcHBlciI+CiAgICAgICAgICAgICAgICAgICAgICAgICAgICAgICAgPHVsIGlkPSJwLXN0YXRlbGlzdCIgY2xhc3M9InNsLWxpc3QiPgogICAgICAgICAgICAgICAgICAgICAgICAgICAgICAgIDwvdWw+CiAgICAgICAgICAgICAgICAgICAgICAgICAgICAgIDwvZGl2PgogICAgICAgICAgICAgICAgICAgICAgICAgICAgPC9kaXY+CiAgICAgICAgICAgICAgICAgICAgICAgIDwvZGl2PgoKICAgICAgICAgICAgICAgICAgICAgICAgPGRpdiBjbGFzcz0iZGlyZWN0aW9ucy1jb250IGhpZGUiPgogICAgICAgICAgICAgICAgICAgICAgICAgICAgPGRpdiBjbGFzcz0iYWdpbGUtbW9kYWwtaGVhZGVyIj4KICAgICAgICAgICAgICAgICAgICAgICAgICAgICAgICA8YnV0dG9uIHR5cGU9ImJ1dHRvbiIgY2xhc3M9ImNsb3NlIj48c3BhbiBhcmlhLWhpZGRlbj0idHJ1ZSI+w5c8L3NwYW4+PC9idXR0b24+CiAgICAgICAgICAgICAgICAgICAgICAgICAgICAgICAgPGg0PlJpY2h0dW5nIHNwZWljaGVybjwvaDQ+CiAgICAgICAgICAgICAgICAgICAgICAgICAgICA8L2Rpdj4KICAgICAgICAgICAgICAgICAgICAgICAgICAgIDxkaXYgY2xhc3M9InJlbmRlcmVkLWRpcmVjdGlvbnMiIGlkPSJhc2wtcmVuZGVyZWQtZGlyIiBzdHlsZT0iZGlyZWN0aW9uOiBsdHI7Ij48L2Rpdj4KICAgICAgICAgICAgICAgICAgICAgICAgPC9kaXY+CiAgICAgICAgICAgICAgICAgICAgPC9kaXY+CiAgICAgICAgICAgICAgICAgICAgPGRpdiBjbGFzcz0icG9sLW1kLTcgcG9sLWxnLTggYXNsLW1hcCI+CiAgICAgICAgICAgICAgICAgICAgICAgIDxkaXYgY2xhc3M9Im1hcC1pbWFnZSI+CiAgICAgICAgICAgICAgICAgICAgICAgICAgICA8ZGl2IGlkPSJhc2wtbWFwLWNhbnYiIGNsYXNzPSJhc2wtbWFwLWNhbnYiPjwvZGl2PgogICAgICAgICAgICAgICAgICAgICAgICAgICAgPGRpdiBpZD0iYWdpbGUtbW9kYWwtZGlyZWN0aW9uIiBjbGFzcz0iYWdpbGUtbW9kYWwgZmFkZSI+CiAgICA8ZGl2IGNsYXNzPSJhZ2lsZS1tb2RhbC1iYWNrZHJvcC1pbiI+PC9kaXY+CiAgICA8ZGl2IGNsYXNzPSJhZ2lsZS1tb2RhbC1kaWFsb2cgaW4iPgogICAgICAgIDxkaXYgY2xhc3M9ImFnaWxlLW1vZGFsLWNvbnRlbnQiPgogICAgICAgICAgICA8ZGl2IGNsYXNzPSJzbC1mb3JtLWdyb3VwIGQtZmxleCBqdXN0aWZ5LWNvbnRlbnQtYmV0d2VlbiI+CiAgICAgICAgICAgICAgICA8aDQgPlJvdXRlIHBsYW5lbjwvaDQ+CiAgICAgICAgICAgICAgICA8YnV0dG9uIHR5cGU9ImJ1dHRvbiIgY2xhc3M9ImNsb3NlLWRpcmVjdGlvbnMgc2wtY2xvc2UiIGRhdGEtZGlzbWlzcz0iYWdpbGUtbW9kYWwiIGFyaWEtbGFiZWw9IkNsb3NlIj4mdGltZXM7PC9idXR0b24+CiAgICAgICAgICAgIDwvZGl2PgogICAgICAgICAgICA8ZGl2IGNsYXNzPSJzbC1mb3JtLWdyb3VwIj4KICAgICAgICAgICAgICAgIDxsYWJlbCBmb3I9ImZybS1sYmwiPlZvbjo8L2xhYmVsPgogICAgICAgICAgICAgICAgPGlucHV0IHR5cGU9InRleHQiIGNsYXNzPSJmb3JtLWNvbnRyb2wgZnJtLXBsYWNlIiBpZD0iZnJtLWxibCIgcGxhY2Vob2xkZXI9IlBMWiBvZGVyIE9ydCI+CiAgICAgICAgICAgIDwvZGl2PgogICAgICAgICAgICA8ZGl2IGNsYXNzPSJzbC1mb3JtLWdyb3VwIj4KICAgICAgICAgICAgICAgIDxsYWJlbCBmb3I9InRvLWxibCI+TmFjaDo8L2xhYmVsPgogICAgICAgICAgICAgICAgPGlucHV0IHJlYWRvbmx5PSJ0cnVlIiB0eXBlPSJ0ZXh0IiAgY2xhc3M9ImRpcmVjdGlvbnMtdG8gZm9ybS1jb250cm9sIiBpZD0idG8tbGJsIiBwbGFjZWhvbGRlcj0iUHJlcG9wdWxhdGVkIERlc3RpbmF0aW9uIEFkZHJlc3MiPgogICAgICAgICAgICA8L2Rpdj4KICAgICAgICAgICAgPGRpdiBjbGFzcz0ic2wtZm9ybS1ncm91cCBtYi0wIj4KICAgICAgICAgICAgICAgIDxsYWJlbCBmb3I9InJidG4ta20iIGNsYXNzPSJjaGVja2JveC1pbmxpbmUiPgogICAgICAgICAgICAgICAgICAgIDxpbnB1dCB0eXBlPSJyYWRpbyIgbmFtZT0iZGlzdC10eXBlIiAgaWQ9InJidG4ta20iIHZhbHVlPSIwIj4gS20gICAgICAgICAgICAgICAgPC9sYWJlbD4KICAgICAgICAgICAgICAgIDxsYWJlbCBmb3I9InJidG4tbWlsZSIgY2xhc3M9ImNoZWNrYm94LWlubGluZSI+CiAgICAgICAgICAgICAgICAgICAgPGlucHV0IHR5cGU9InJhZGlvIiBuYW1lPSJkaXN0LXR5cGUiIGNoZWNrZWQgaWQ9InJidG4tbWlsZSIgdmFsdWU9IjEiPiBNaWxlbiAgICAgICAgICAgICAgICA8L2xhYmVsPgogICAgICAgICAgICA8L2Rpdj4KICAgICAgICAgICAgPGRpdiBjbGFzcz0ic2wtZm9ybS1ncm91cCBtYi0wIj4KICAgICAgICAgICAgICAgIDxidXR0b24gdHlwZT0ic3VibWl0IiBjbGFzcz0iYnRuIGJ0bi1kZWZhdWx0IGJ0bi1zdWJtaXQiPlJvdXRlIHBsYW5lbjwvYnV0dG9uPgogICAgICAgICAgICA8L2Rpdj4KICAgICAgICA8L2Rpdj4KICAgIDwvZGl2Pgo8L2Rpdj4KCjxkaXYgaWQ9ImFzbC1nZW9sb2NhdGlvbi1hZ2lsZS1tb2RhbCIgY2xhc3M9ImFnaWxlLW1vZGFsIGZhZGUiPgogIDxkaXYgY2xhc3M9ImFnaWxlLW1vZGFsLWJhY2tkcm9wLWluIj48L2Rpdj4KICA8ZGl2IGNsYXNzPSJhZ2lsZS1tb2RhbC1kaWFsb2cgaW4iPgogICAgPGRpdiBjbGFzcz0iYWdpbGUtbW9kYWwtY29udGVudCI+CiAgICAgICAgICAgIDxkaXYgY2xhc3M9InNsLWZvcm0tZ3JvdXAgZC1mbGV4IGp1c3RpZnktY29udGVudC1iZXR3ZWVuIj4KICAgICAgICA8aDQ+R2liIGRlaW5lbiBTdGFuZG9ydCBlaW48L2g0PgogICAgICAgIDxidXR0b24gdHlwZT0iYnV0dG9uIiBjbGFzcz0iY2xvc2UtZGlyZWN0aW9ucyBzbC1jbG9zZSIgZGF0YS1kaXNtaXNzPSJhZ2lsZS1tb2RhbCIgYXJpYS1sYWJlbD0iQ2xvc2UiIGFyaWEtaGlkZGVuPSJ0cnVlIj4mdGltZXM7PC9idXR0b24+CiAgICAgIDwvZGl2PgogICAgICA8ZGl2IGNsYXNzPSJzbC1mb3JtLWdyb3VwIj4KICAgICAgICA8ZGl2IGNsYXNzPSJzbC1yb3ciPgogICAgICAgIDxkaXYgY2xhc3M9InBvbC1sZy0xMiBtYi0yIj4KICAgICAgICAgIDxpbnB1dCB0eXBlPSJ0ZXh0IiBjbGFzcz0iZm9ybS1jb250cm9sIiBpZD0iYXNsLWN1cnJlbnQtbG9jIiBwbGFjZWhvbGRlcj0iRGVpbmUgQWRyZXNzZSI+CiAgICAgICAgPC9kaXY+CiAgICAgICAgPGRpdiBjbGFzcz0icG9sLWxnLTEyIj4KICAgICAgICAgIDxidXR0b24gdHlwZT0iYnV0dG9uIiBpZD0iYXNsLWJ0bi1sb2NhdGUiIGNsYXNzPSJidG4gYnRuLWJsb2NrIGJ0bi1kZWZhdWx0Ij5TdWNoZW48L2J1dHRvbj4KICAgICAgICA8L2Rpdj4KICAgICAgICA8L2Rpdj4KICAgICAgPC9kaXY+CiAgICAgICAgICA8L2Rpdj4KICA8L2Rpdj4KPC9kaXY+Cgo8ZGl2IGlkPSJhc2wtZGVzYy1hZ2lsZS1tb2RhbCIgY2xhc3M9ImFnaWxlLW1vZGFsIGZhZGUiPgogIDxkaXYgY2xhc3M9ImFnaWxlLW1vZGFsLWJhY2tkcm9wLWluIj48L2Rpdj4KICA8ZGl2IGNsYXNzPSJhZ2lsZS1tb2RhbC1kaWFsb2cgaW4iPgogICAgPGRpdiBjbGFzcz0iYWdpbGUtbW9kYWwtY29udGVudCI+CiAgICAgIDxkaXYgY2xhc3M9InNsLXJvdyI+CiAgICAgICAgPGRpdiBjbGFzcz0icG9sLW1kLTEyIj4KICAgICAgICAgIDxkaXYgY2xhc3M9InNsLWZvcm0tZ3JvdXAgZC1mbGV4IGp1c3RpZnktY29udGVudC1iZXR3ZWVuIj4KICAgICAgICAgICAgPGg0IGNsYXNzPSJzbC10aXRsZSI+RGVzY3JpcHRpb248L2g0PgogICAgICAgICAgICA8YnV0dG9uIHR5cGU9ImJ1dHRvbiIgY2xhc3M9ImNsb3NlLWRpcmVjdGlvbnMgc2wtY2xvc2UiIGRhdGEtZGlzbWlzcz0iYWdpbGUtbW9kYWwiIGFyaWEtbGFiZWw9IkNsb3NlIj4mdGltZXM7PC9idXR0b24+CiAgICAgICAgICA8L2Rpdj4KICAgICAgICAgIDxwIGNsYXNzPSJzbC1kZXNjIj48L3A+CiAgICAgICAgPC9kaXY+CiAgICAgIDwvZGl2PgogICAgPC9kaXY+CiAgPC9kaXY+CjwvZGl2PiAgICAgICAgICAgICAgICAgICAgICAgIDwvZGl2PgogICAgICAgICAgICAgICAgICAgIDwvZGl2PgogICAgICAgICAgICAgICAgPC9kaXY+CiAgICAgICAgICAgIDwvZGl2PgogICAgICAgIDwvZGl2PgogICAgICA8L2Rpdj4KICAgIDwvZGl2PgogIDwvZGl2Pgo8L2Rpdj4KPCEtLSBUaGlzIHBsdWdpbiBpcyBkZXZlbG9wZWQgYnkgIkFnaWxlIFN0b3JlIExvY2F0b3IgZm9yIFdvcmRQcmVzcyIgaHR0cHM6Ly9hZ2lsZXN0b3JlbG9jYXRvci5jb20gLS0+\"><div class=\"brlbs-cmpnt-cb-preset-a\"> <p class=\"brlbs-cmpnt-cb-description\">You are currently viewing a placeholder content from <strong>Default<\/strong>. To access the actual content, click the button below. Please note that doing so will share data with third-party providers.<\/p> <div class=\"brlbs-cmpnt-cb-buttons\"> <a class=\"brlbs-cmpnt-cb-btn\" href=\"#\" data-borlabs-cookie-unblock role=\"button\">Unblock content<\/a> <a class=\"brlbs-cmpnt-cb-btn\" href=\"#\" data-borlabs-cookie-accept-service role=\"button\" style=\"display: none\">Accept required service and unblock content<\/a> <\/div> <a class=\"brlbs-cmpnt-cb-provider-toggle\" href=\"#\" data-borlabs-cookie-show-provider-information role=\"button\">More Information<\/a> <\/div><\/div>\n<\/div>\n","protected":false},"excerpt":{"rendered":"","protected":false},"author":1,"featured_media":0,"parent":0,"menu_order":0,"comment_status":"closed","ping_status":"closed","template":"","meta":{"_acf_changed":false,"inline_featured_image":false,"footnotes":""},"class_list":["post-7497","page","type-page","status-publish","hentry"],"acf":[],"_links":{"self":[{"href":"https:\/\/hajoona.com\/sk\/wp-json\/wp\/v2\/pages\/7497","targetHints":{"allow":["GET"]}}],"collection":[{"href":"https:\/\/hajoona.com\/sk\/wp-json\/wp\/v2\/pages"}],"about":[{"href":"https:\/\/hajoona.com\/sk\/wp-json\/wp\/v2\/types\/page"}],"author":[{"embeddable":true,"href":"https:\/\/hajoona.com\/sk\/wp-json\/wp\/v2\/users\/1"}],"replies":[{"embeddable":true,"href":"https:\/\/hajoona.com\/sk\/wp-json\/wp\/v2\/comments?post=7497"}],"version-history":[{"count":1,"href":"https:\/\/hajoona.com\/sk\/wp-json\/wp\/v2\/pages\/7497\/revisions"}],"predecessor-version":[{"id":7499,"href":"https:\/\/hajoona.com\/sk\/wp-json\/wp\/v2\/pages\/7497\/revisions\/7499"}],"wp:attachment":[{"href":"https:\/\/hajoona.com\/sk\/wp-json\/wp\/v2\/media?parent=7497"}],"curies":[{"name":"wp","href":"https:\/\/api.w.org\/{rel}","templated":true}]}}