{"id":7204,"date":"2025-12-04T16:06:58","date_gmt":"2025-12-04T15:06:58","guid":{"rendered":"https:\/\/hajoona.com\/?page_id=7204"},"modified":"2025-12-05T16:15:59","modified_gmt":"2025-12-05T15:15:59","slug":"charity","status":"publish","type":"page","link":"https:\/\/hajoona.com\/pl\/charity\/","title":{"rendered":"Charity"},"content":{"rendered":"\r\n\r\n\r\n\r\n<div id=\"block-d030b0bd7b2f90b301a6e030ff4601d469d7b15b6e74c\" \r\n    class=\"wp-block-acf-hero-slider alignfull acf-block-component\"\r\n    style=\"margin-top:0;margin-bottom:0;\">\r\n\r\n<div class=\"hero-slider-block__media\">\r\n\r\n    <img decoding=\"async\" class=\"slide-1 active\"\r\n        src=\"https:\/\/hajoona.com\/wp-content\/uploads\/2025\/12\/\u00a9steps-for-children-scaled.jpg\" srcset=\"https:\/\/hajoona.com\/wp-content\/uploads\/2025\/12\/\u00a9steps-for-children-414x276.jpg 414w, https:\/\/hajoona.com\/wp-content\/uploads\/2025\/12\/\u00a9steps-for-children-768x512.jpg 768w, https:\/\/hajoona.com\/wp-content\/uploads\/2025\/12\/\u00a9steps-for-children-1024x683.jpg 1024w, https:\/\/hajoona.com\/wp-content\/uploads\/2025\/12\/\u00a9steps-for-children-1536x1024.jpg 1536w, https:\/\/hajoona.com\/wp-content\/uploads\/2025\/12\/\u00a9steps-for-children-2048x1365.jpg 2048w\"\r\n        alt=\"Gruppe lachender Kinder spielt vor einem orangefarbenen Container mit der Aufschrift \u201esteps for children\u201c \u2013 Symbol f\u00fcr Bildung, Gemeinschaft und Hoffnung.\">\r\n<\/div>\r\n<div class=\"hero-slider-block__content has-prime-off-white-background-color\">\r\n\r\n    <div class=\"hero-slider-block__bg\"><\/div>\r\n\r\n    <div\r\n        class=\"hero-slider-block__content-inner has-global-padding is-layout-constrained wp-block-group is-style-5-cols\">\r\n\r\n        <div class=\"content-inner__slide-container\">\r\n\r\n                        <span data-bg-color=\"prime-off-white\"\r\n                class=\"content-inner__slide is-layout-constrained slide-1 active has-prime-off-white-background-color  active\">\r\n\r\n                                <h2 class=\"slide__head\">Obejmij jutro<\/h2>\r\n                \r\n                                <h4 class=\"slide__subhead\">hajoona &#038; steps for children<br>Dzi\u0119ki naszej koncepcji charytatywnej przyczyniamy si\u0119 do tworzenia przysz\u0142o\u015bci, w kt\u00f3rej ka\u017cde dziecko mo\u017ce realizowa\u0107 swoje marzenia. Dla lepszego jutra.<\/h4>\r\n                \r\n                \r\n            <\/span>\r\n\r\n\r\n        <\/div>\r\n\r\n    <\/div>\r\n\r\n    <div class=\"hero-slider-block__index has-copy-s-font-size\">\r\n        <ul>\r\n            \r\n            <!-- <li><a><span class=\"index\">1<\/span><span class=\"line\"><\/span><\/a><\/li>\r\n            <li class=\"active\"><a><span class=\"index\">1<\/span><span class=\"line\"><\/span><\/a><\/li>\r\n            <li><a><span class=\"index\">1<\/span><span class=\"line\"><\/span><\/a><\/li> -->\r\n        <\/ul>\r\n    <\/div>\r\n\r\n<\/div>\r\n\r\n\r\n<span id=\"trigger-block-d030b0bd7b2f90b301a6e030ff4601d469d7b15b6e74c\"><\/span>\r\n<script>\r\nif (typeof initHeroSliderBlock !== 'undefined') {\r\n    initHeroSliderBlock(document.querySelector(`#trigger-block-d030b0bd7b2f90b301a6e030ff4601d469d7b15b6e74c`).parentNode);\r\n} else {\r\n    window.addEventListener('blockjs', () => {\r\n        initHeroSliderBlock(document.querySelector(`#trigger-block-d030b0bd7b2f90b301a6e030ff4601d469d7b15b6e74c`).parentNode);\r\n    });\r\n}\r\n<\/script>\r\n\r\n<\/div>\n\n\n<div class=\"wp-block-group alignfull has-prime-white-background-color has-background has-global-padding is-layout-constrained wp-block-group-is-layout-constrained\" style=\"margin-top:0;margin-bottom:0\">\n<div class=\"wp-block-columns alignwide align-items-baseline is-layout-flex wp-container-core-columns-is-layout-0a5968a2 wp-block-columns-is-layout-flex\" style=\"margin-top:var(--wp--preset--spacing--5);margin-bottom:var(--wp--preset--spacing--5)\">\n<div class=\"wp-block-column is-layout-flow wp-block-column-is-layout-flow\" style=\"flex-basis:40%\">\n<h2 class=\"wp-block-heading\" style=\"font-size:clamp(27.42px, 1.714rem + ((1vw - 3.2px) * 1.748), 47px);\">Bardziej otwieraj\u0105cy si\u0119.<\/h2>\n\n\n\n<p style=\"padding-top:0;padding-right:0%;padding-bottom:0;padding-left:0%\"><strong>Wsp\u00f3lna odpowiedzialno\u015b\u0107. Silniejsza przysz\u0142o\u015b\u0107.<\/strong><br>Jako firma bierzemy na siebie odpowiedzialno\u015b\u0107 i \u015bwiadomie wspieramy tych, kt\u00f3rzy potrzebuj\u0105 pomocy, aby m\u00f3c prowadzi\u0107 dobre, samodzielne \u017cycie. Dzi\u0119ki naszemu zaanga\u017cowaniu spo\u0142ecznemu i sile spo\u0142eczno\u015bci hajoona tworzymy podstawy lepszej przysz\u0142o\u015bci dla dzieci, kt\u00f3re potrzebuj\u0105 pomocy. <strong>Wierzymy, \u017ce ka\u017cde dziecko ma prawo do mi\u0142o\u015bci, opieki i szans.<\/strong><\/p>\n\n\n\n<p>Nasza wizja: spo\u0142eczno\u015b\u0107, kt\u00f3ra \u2013 wsp\u00f3lnie z naszym partnerem <strong>steps for children \u2013 daje nadziej\u0119, otuch\u0119 i realne szanse rozwoju.<\/strong><\/p>\n<\/div>\n\n\n\n<div class=\"wp-block-column is-vertically-aligned-center is-style-4-cols-content is-layout-flow wp-block-column-is-layout-flow\">\n<p class=\"has-copy-l-font-size\"><strong><strong>Dla przysz\u0142o\u015bci pe\u0142nej mo\u017cliwo\u015bci<\/strong><\/strong><\/p>\n\n\n\n<p><strong>O organizacji steps for children:<\/strong><br>Fundacja dzia\u0142a w <strong>Namibii i Zimbabwe<\/strong> i anga\u017cuje si\u0119 w <strong>d\u0142ugoterminowe <\/strong>dzia\u0142ania na rzecz poprawy perspektyw dzieci, m\u0142odzie\u017cy i rodzin dotkni\u0119tych ub\u00f3stwem i wykluczeniem spo\u0142ecznym. Programy opieraj\u0105 si\u0119 na <strong>kompleksowej ofercie edukacyjnej<\/strong> \u2013 od wczesnego wsparcia do uko\u0144czenia szko\u0142y. Szczeg\u00f3lnym elementem jest<strong> program \u201eAnio\u0142 Str\u00f3\u017c\u201d<\/strong>, kt\u00f3ry towarzyszy dzieciom a\u017c do <strong>12 klasy<\/strong>, otwieraj\u0105c im drzwi do edukacji i kariery zawodowej.<\/p>\n<\/div>\n<\/div>\n<\/div>\n\n\n\n<div class=\"wp-block-media-text alignfull has-media-on-the-right is-stacked-on-mobile is-image-fill-element is-style-square has-product-white-background-color has-background\" style=\"margin-top:0;margin-bottom:0\"><div class=\"wp-block-media-text__content\">\r\n\r\n\r\n<div id=\"block-da42319746595179aef2e65d63d6efbe69d7b15b734a6\" \r\n    class=\"wp-block-acf-offset-text alignfull align acf-block-component\"\r\n    style=\"margin-top:var(--wp--preset--spacing--3);margin-bottom:var(--wp--preset--spacing--1);\">\r\n<span class=\"text\"\r\n    style=\"transform:translateX(-0.2em)\">Why we<\/span>\r\n\r\n<\/div>\n\n\n<div class=\"wp-block-group is-style-5-cols has-global-padding is-layout-constrained wp-block-group-is-layout-constrained\">\n<p><strong>Zdrowie. Wolno\u015b\u0107. Rozw\u00f3j. Razem tworzymy przysz\u0142o\u015b\u0107.<br><\/strong>W Namibii edukacja oznacza perspektywy. Dlatego inwestujemy we wczesn\u0105 edukacj\u0119, bezpieczne \u015brodowisko nauki i ci\u0105g\u0142e wsparcie a\u017c do 12 klasy \u2013 dla stabilnego rozwoju i realnych szans.<\/p>\n\n\n\n<p><strong>Wczesny start, prawdziwy post\u0119p:<\/strong> od przedszkola do klasy 12 (program Anio\u0142 Str\u00f3\u017c)<br><strong>Bezpieczne miejsca, silne wsparcie: <\/strong>troskliwa opieka, zdrowe posi\u0142ki, silna spo\u0142eczno\u015b\u0107<br><strong>Trwa\u0142y wp\u0142yw:<\/strong> ci\u0105g\u0142e wsparcie jako\u015bciowe zamiast jednorazowych darowizn<\/p>\n<\/div>\n\n\n\r\n\r\n\r\n<div id=\"block-4b8d4c69a24c3f845196031834466e4569d7b15b73c4f\" \r\n    class=\"wp-block-acf-offset-text alignfull alignright acf-block-component\"\r\n    style=\"margin-bottom:var(--wp--preset--spacing--3);\">\r\n<span class=\"text\"\r\n    style=\"transform:translateX(-0.2em)\">care<\/span>\r\n\r\n<\/div><\/div><figure class=\"wp-block-media-text__media\"><img loading=\"lazy\" decoding=\"async\" width=\"1080\" height=\"1080\" src=\"https:\/\/staging.hajoona.in\/wp-content\/uploads\/2023\/09\/steps-for-children-charity.jpg\" alt=\"Zwei Kinder mit dunkler Hautfarbe l\u00e4cheln fr\u00f6hlich in die Kamera. Das M\u00e4dchen im Vordergrund tr\u00e4gt eine hellblaue Jacke und hat geflochtene Haare. Der Junge hinter ihr, und lehnt sich leicht zu ihr hin. Beide l\u00e4cheln.\" class=\"wp-image-4007 size-full\" style=\"object-position:52% 50%\" srcset=\"https:\/\/hajoona.com\/wp-content\/uploads\/2023\/09\/steps-for-children-charity.jpg 1080w, https:\/\/hajoona.com\/wp-content\/uploads\/2023\/09\/steps-for-children-charity-768x768.jpg 768w, https:\/\/hajoona.com\/wp-content\/uploads\/2023\/09\/steps-for-children-charity-1024x1024.jpg 1024w, https:\/\/hajoona.com\/wp-content\/uploads\/2023\/09\/steps-for-children-charity-414x414.jpg 414w\" sizes=\"auto, (max-width: 1080px) 100vw, 1080px\" \/><\/figure><\/div>\n\n\n\n<div class=\"wp-block-group alignfull has-prime-white-background-color has-background has-global-padding is-layout-constrained wp-block-group-is-layout-constrained\" style=\"margin-top:0;margin-bottom:0\">\n<div class=\"wp-block-columns alignwide align-items-baseline is-layout-flex wp-container-core-columns-is-layout-0a5968a2 wp-block-columns-is-layout-flex\" style=\"margin-top:var(--wp--preset--spacing--5);margin-bottom:var(--wp--preset--spacing--5)\">\n<div class=\"wp-block-column is-layout-flow wp-block-column-is-layout-flow\" style=\"flex-basis:40%\">\n<figure class=\"wp-block-embed alignwide is-type-video is-provider-youtube wp-block-embed-youtube wp-embed-aspect-16-9 wp-has-aspect-ratio\"><div class=\"wp-block-embed__wrapper\">\n <div class=\"brlbs-cmpnt-container brlbs-cmpnt-content-blocker brlbs-cmpnt-with-individual-styles\" data-borlabs-cookie-content-blocker-id=\"youtube-content-blocker\" data-borlabs-cookie-content=\"PGlmcmFtZSB0aXRsZT0ic3RlcHMgZm9yIGNoaWxkcmVuIFRlYW1wYXJ0bmVyIiB3aWR0aD0iNTAwIiBoZWlnaHQ9IjI4MSIgc3JjPSJodHRwczovL3d3dy55b3V0dWJlLW5vY29va2llLmNvbS9lbWJlZC84TU5YVzhZLURFUT9mZWF0dXJlPW9lbWJlZCIgZnJhbWVib3JkZXI9IjAiIGFsbG93PSJhY2NlbGVyb21ldGVyOyBhdXRvcGxheTsgY2xpcGJvYXJkLXdyaXRlOyBlbmNyeXB0ZWQtbWVkaWE7IGd5cm9zY29wZTsgcGljdHVyZS1pbi1waWN0dXJlOyB3ZWItc2hhcmUiIHJlZmVycmVycG9saWN5PSJzdHJpY3Qtb3JpZ2luLXdoZW4tY3Jvc3Mtb3JpZ2luIiBhbGxvd2Z1bGxzY3JlZW4+PC9pZnJhbWU+\"><div class=\"brlbs-cmpnt-cb-preset-c brlbs-cmpnt-cb-youtube\"> <div class=\"brlbs-cmpnt-cb-thumbnail\" style=\"background-image: url('https:\/\/hajoona.com\/wp-content\/uploads\/borlabs-cookie\/1\/yt_8MNXW8Y-DEQ_hqdefault.jpg')\"><\/div> <div class=\"brlbs-cmpnt-cb-main\"> <div class=\"brlbs-cmpnt-cb-play-button\"><\/div> <div class=\"brlbs-cmpnt-cb-content\"> <p class=\"brlbs-cmpnt-cb-description\">Aktualnie wy\u015bwietlana jest tre\u015b\u0107 zast\u0119pcza z <strong>YouTube<\/strong>. Aby uzyska\u0107 dost\u0119p do rzeczywistej tre\u015bci, kliknij poni\u017cszy przycisk. Pami\u0119taj, \u017ce spowoduje to udost\u0119pnienie danych zewn\u0119trznym operatorom.<\/p> <a class=\"brlbs-cmpnt-cb-provider-toggle\" href=\"#\" data-borlabs-cookie-show-provider-information role=\"button\">Wi\u0119cej informacji<\/a> <\/div> <div class=\"brlbs-cmpnt-cb-buttons\"> <a class=\"brlbs-cmpnt-cb-btn\" href=\"#\" data-borlabs-cookie-unblock role=\"button\">Odblokuj tre\u015b\u0107<\/a> <a class=\"brlbs-cmpnt-cb-btn\" href=\"#\" data-borlabs-cookie-accept-service role=\"button\" style=\"display: inherit\">Zaakceptuj wymagan\u0105 us\u0142ug\u0119 i odblokuj tre\u015bci<\/a> <\/div> <\/div> <\/div><\/div>\n<\/div><\/figure>\n<\/div>\n\n\n\n<div class=\"wp-block-column is-vertically-aligned-center is-style-4-cols-content is-layout-flow wp-block-column-is-layout-flow\">\n<h2 class=\"wp-block-heading\" style=\"font-size:clamp(27.42px, 1.714rem + ((1vw - 3.2px) * 1.748), 47px);\"><strong>Na miejscu. Bardzo blisko.<\/strong><\/h2>\n\n\n\n<p style=\"padding-top:0;padding-right:0%;padding-bottom:0;padding-left:0%\">Ta podr\u00f3\u017c pokaza\u0142a nam, jak wygl\u0105da przysz\u0142o\u015b\u0107. Razem z naszymi partnerami z zespo\u0142u odkryli\u015bmy cudowne miejsce dla dzieci: bezpieczne, pe\u0142ne szacunku i mo\u017cliwo\u015bci. \u015amiali\u015bmy si\u0119, uczyli\u015bmy si\u0119, trzymali\u015bmy si\u0119 za r\u0119ce, odpowiadali\u015bmy na pytania. Nauczyciele i opiekunowie, kt\u00f3rzy s\u0105 tam z sercem i cierpliwo\u015bci\u0105. Dzieci, kt\u00f3re z dum\u0105 czytaj\u0105 swoje pierwsze s\u0142owa, wycieraj\u0105 tablic\u0119, pomagaj\u0105 sobie nawzajem. Spotkania, kt\u00f3re \u0142\u0105cz\u0105 i sprawiaj\u0105, \u017ce czujemy: <br><strong>edukacja tworzy wolno\u015b\u0107.<\/strong><\/p>\n<\/div>\n<\/div>\n<\/div>\n\n\n\n<div style=\"height:20px\" aria-hidden=\"true\" class=\"wp-block-spacer\"><\/div>\n\n\n\n<h2 class=\"wp-block-heading alignwide\"><strong>Tak dzia\u0142a Tw\u00f3j wk\u0142ad<\/strong><\/h2>\n\n\n\n<h3 class=\"wp-block-heading alignwide\" style=\"font-size:clamp(22.041px, 1.378rem + ((1vw - 3.2px) * 1.246), 36px);\"><strong>Proste. Skuteczne. Przejrzyste.<\/strong><\/h3>\n\n\n\n<h4 class=\"wp-block-heading alignwide\" style=\"font-size:clamp(14.082px, 0.88rem + ((1vw - 3.2px) * 0.618), 21px);\"><strong>Ma\u0142e kroki. Wielka zmiana.<\/strong><\/h4>\n\n\n\r\n<style>\r\ndiv#block-5fa14ec1c08f3a6004794b521624809569d7b15b747a4 .slide {\r\n    width: 36rem !important;\r\n}\r\n\r\ndiv#block-5fa14ec1c08f3a6004794b521624809569d7b15b747a4 .slide__image-container {\r\n    aspect-ratio: 1\/1.25;\r\n    font-size: 8rem;\r\n}\r\n\r\ndiv#block-5fa14ec1c08f3a6004794b521624809569d7b15b747a4 .slide__image-container img {\r\n    object-fit: contain;\r\n    object-position: left bottom;\r\n}\r\n<\/style>\r\n\r\n\r\n\r\n<div id=\"block-5fa14ec1c08f3a6004794b521624809569d7b15b747a4\" \r\n    class=\"wp-block-acf-carousel has-prime-black-color has-text-color acf-block-component\"\r\n    style=\"margin-bottom:var(--wp--preset--spacing--5);\">\r\n<div class=\"carousel-container has-global-padding is-layout-constrained\"\r\n    style=\"\">\r\n    <button class=\"carousel-control carousel-control--prev no-button-styling prev-cursor\"><\/button>\r\n    <button class=\"carousel-control carousel-control--next no-button-styling next-cursor\"><\/button>\r\n\r\n    <div class=\"carousel-pos  alignwide\">\r\n        <div class=\"carousel\" data-slick='{\"mobileFirst\":true,\"variableWidth\":false,\"infinite\":false,\"slidesToShow\":1,\"slidesToScroll\":1}'>\r\n\r\n            \r\n            <a class=\"slide\" href=\"javascript:void(0);\">\r\n            <div class=\"slide__image-container\">\r\n                <img decoding=\"async\" class=\"slide-1 active\"\r\n                    src=\"https:\/\/hajoona.com\/wp-content\/uploads\/2025\/12\/\u00a9steps-for-children-e1764947435730.png\" srcset=\"https:\/\/hajoona.com\/wp-content\/uploads\/2025\/12\/\u00a9steps-for-children-e1764947435730.png 817w, https:\/\/hajoona.com\/wp-content\/uploads\/2025\/12\/\u00a9steps-for-children-e1764947435730-682x768.png 682w, https:\/\/hajoona.com\/wp-content\/uploads\/2025\/12\/\u00a9steps-for-children-e1764947435730-368x414.png 368w, https:\/\/hajoona.com\/wp-content\/uploads\/2025\/12\/\u00a9steps-for-children-e1764947435730-768x865.png 768w\"\r\n                    alt=\"Kinder sitzen gemeinsam an einem Tisch, malen und basteln, w\u00e4hrend eine Betreuerin sie begleitet \u2013 Symbol f\u00fcr Bildung, Kreativit\u00e4t und F\u00f6rderung im steps-for-children-Projekt.\">\r\n\r\n                \r\n                \r\n            <\/div>\r\n\r\n                        <h3 class=\"slide__head\">Subskrybuj \u2192 Wsparcie<\/h3>\r\n            \r\n                        <h4 class=\"slide__subhead\">Z ka\u017cdej nowo zawartej subskrypcji 1 \u20ac trafia do funduszu wsparcia.<br \/>\r\nKr\u00f3tko m\u00f3wi\u0105c: nowa subskrypcja (12 miesi\u0119cy, 2 produkty) w Twojej sieci dystrybucji = 1 \u20ac dla programu \u201eAnio\u0142 Str\u00f3\u017c\u201d organizacji steps for children. W ten spos\u00f3b wsp\u00f3lnie umo\u017cliwiamy dzieciom pomy\u015bln\u0105 edukacj\u0119 szkoln\u0105 do klasy 12.<\/h4>\r\n            \r\n            <\/a>\r\n            <a class=\"slide\" href=\"javascript:void(0);\">\r\n            <div class=\"slide__image-container\">\r\n                <img decoding=\"async\" class=\"slide-2\"\r\n                    src=\"https:\/\/hajoona.com\/wp-content\/uploads\/2025\/12\/\u00a9steps-for-children4-e1764947490409.png\" srcset=\"https:\/\/hajoona.com\/wp-content\/uploads\/2025\/12\/\u00a9steps-for-children4-e1764947490409-414x355.png 414w, https:\/\/hajoona.com\/wp-content\/uploads\/2025\/12\/\u00a9steps-for-children4-e1764947490409-768x658.png 768w, https:\/\/hajoona.com\/wp-content\/uploads\/2025\/12\/\u00a9steps-for-children4-e1764947490409-1024x877.png 1024w, https:\/\/hajoona.com\/wp-content\/uploads\/2025\/12\/\u00a9steps-for-children4-e1764947490409.png 1074w\"\r\n                    alt=\"Gruppe lachender Kinder spielt vor einem orangefarbenen Container mit der Aufschrift \u201esteps for children\u201c \u2013 Symbol f\u00fcr Bildung, Gemeinschaft und Hoffnung.\">\r\n\r\n                \r\n                \r\n            <\/div>\r\n\r\n                        <h3 class=\"slide__head\">Ty + spo\u0142eczno\u015b\u0107 \u2192 Dynamika<\/h3>\r\n            \r\n                        <h4 class=\"slide__subhead\">Akcje zespo\u0142owe i wydarzenia wzmacniaj\u0105 efekt.<br \/>\r\nPomys\u0142y: biegi Body Restart, wyzwania krokowe, wieczory kulinarne po\u0142\u0105czone z zbi\u00f3rk\u0105 funduszy, posty z historiami \u2013 dzielcie si\u0119 swoim entuzjazmem. Ka\u017cdy wk\u0142ad ma znaczenie.<\/h4>\r\n            \r\n            <\/a>\r\n            <a class=\"slide\" href=\"https:\/\/www.stepsforchildren.de\/spenden\/jetzt-spenden\/?fb_item_id_fix=60938\" target=\"_blank\">\r\n            <div class=\"slide__image-container\">\r\n                <img decoding=\"async\" class=\"slide-3\"\r\n                    src=\"https:\/\/hajoona.com\/wp-content\/uploads\/2025\/12\/Education-Hub-Windhoek_steps-for-children.jpeg\" srcset=\"https:\/\/hajoona.com\/wp-content\/uploads\/2025\/12\/Education-Hub-Windhoek_steps-for-children-414x353.jpeg 414w, https:\/\/hajoona.com\/wp-content\/uploads\/2025\/12\/Education-Hub-Windhoek_steps-for-children-768x656.jpeg 768w, https:\/\/hajoona.com\/wp-content\/uploads\/2025\/12\/Education-Hub-Windhoek_steps-for-children.jpeg 896w\"\r\n                    alt=\"Vier Kinder sitzen an einem Tisch und halten selbst gebastelte Schutzengel-Figuren hoch. Sie l\u00e4cheln und wirken fr\u00f6hlich \u2013 Symbol f\u00fcr Kreativit\u00e4t, Hoffnung und F\u00f6rderung im steps-for-children-Projekt.\">\r\n\r\n                \r\n                \r\n            <\/div>\r\n\r\n                        <h3 class=\"slide__head\">Dzia\u0142anie indywidualne \u2192 Bezpo\u015brednie wsparcie<\/h3>\r\n            \r\n                        <h4 class=\"slide__subhead\">Przeka\u017c darowizn\u0119 bezpo\u015brednio na rzecz organizacji steps for children \u2013 wpisuj\u0105c w tytule przelewu \u201e#hajoona + program anio\u0142\u00f3w str\u00f3\u017c\u00f3w\u201d (mo\u017cliwe jest wystawienie pokwitowania darowizny).<\/h4>\r\n            \r\n            <\/a>\r\n            <a class=\"slide\" href=\"javascript:void(0);\">\r\n            <div class=\"slide__image-container\">\r\n                <img decoding=\"async\" class=\"slide-4\"\r\n                    src=\"https:\/\/hajoona.com\/wp-content\/uploads\/2025\/12\/\u00a9steps-for-children-students-e1764947680895.png\" srcset=\"https:\/\/hajoona.com\/wp-content\/uploads\/2025\/12\/\u00a9steps-for-children-students-e1764947680895-414x389.png 414w, https:\/\/hajoona.com\/wp-content\/uploads\/2025\/12\/\u00a9steps-for-children-students-e1764947680895-768x721.png 768w, https:\/\/hajoona.com\/wp-content\/uploads\/2025\/12\/\u00a9steps-for-children-students-e1764947680895.png 980w\"\r\n                    alt=\"Drei junge Frauen sitzen nebeneinander und l\u00e4cheln in die Kamera. Sie tragen gelbe Pullover und wirken fr\u00f6hlich und zuversichtlich \u2013 ein Moment, der Gemeinschaft, Bildung und Zukunftschancen symbolisiert.\">\r\n\r\n                \r\n                \r\n            <\/div>\r\n\r\n                        <h3 class=\"slide__head\">Przejrzysto\u015b\u0107 \u2192 Zaufanie<\/h3>\r\n            \r\n                        <h4 class=\"slide__subhead\">Regularnie udost\u0119pniamy aktualizacje, historie i wyniki \u2013 w jasny i zrozumia\u0142y spos\u00f3b.<br \/>\r\nMa\u0142e kroki. Wielka zmiana.<\/h4>\r\n            \r\n            <\/a>\r\n        <\/div>\r\n    <\/div>\r\n<\/div>\r\n\r\n<span id=\"trigger-block-5fa14ec1c08f3a6004794b521624809569d7b15b747a4\"><\/span>\r\n<script>\r\nif (typeof initCarouselBlock !== 'undefined') {\r\n    initCarouselBlock(document.querySelector(`#trigger-block-5fa14ec1c08f3a6004794b521624809569d7b15b747a4`).parentNode);\r\n} else {\r\n    window.addEventListener('blockjs', () => {\r\n        initCarouselBlock(document.querySelector(`#trigger-block-5fa14ec1c08f3a6004794b521624809569d7b15b747a4`).parentNode);\r\n    });\r\n}\r\n<\/script>\r\n\r\n<\/div>\n\n\r\n\r\n\r\n\r\n<div id=\"charity\" \r\n    class=\"wp-block-acf-teaser wp-elements-1c9af8f343889fc60702866c0c4b1fc2 alignfull has-product-mallow-background-color has-background has-prime-white-color has-text-color has-link-color acf-block-component\"\r\n    style=\"margin-top:0;margin-bottom:0;padding-top:0;padding-bottom:0;\">\r\n\r\n\r\n<div class=\"highlight__offset-text highlight__offset-text--top alignright\"><span\r\n        class=\"text\">Zr\u00f3b<\/div>\r\n\r\n<div class=\"highlight__inner-block\">\r\n\r\n    <div class=\"highlight__copy\"><span>Razem dajemy dzieciom szans\u0119 na samodzieln\u0105 przysz\u0142o\u015b\u0107. Dzi\u0119ki Twojej darowiznie zapewniasz im ochron\u0119, po\u017cywienie i mi\u0142o\u015b\u0107, kt\u00f3rych potrzebuj\u0105, aby rozpocz\u0105\u0107 nowe \u017cycie.<\/span>\r\n\r\n                <div class=\"is-layout-flex wp-block-buttons highlight__button-desktop\">\r\n            <div class=\"wp-block-button\"><a href=\"https:\/\/www.stepsforchildren.de\/spenden\/jetzt-spenden\/?fb_item_id_fix=60938\" target=\"_blank\"\r\n                    class=\"wp-block-button__link wp-element-button has-prime-white-background-color has-background\">Wp\u0142a\u0107 darowizn\u0119 teraz<\/a><\/div>\r\n        <\/div>\r\n        \r\n    <\/div>\r\n        <div class=\"highlight__image\">\r\n        <img decoding=\"async\" src=\"https:\/\/hajoona.com\/wp-content\/uploads\/2023\/09\/steps-for-children-charity.jpg\" srcset=\"https:\/\/hajoona.com\/wp-content\/uploads\/2023\/09\/steps-for-children-charity-414x414.jpg 414w, https:\/\/hajoona.com\/wp-content\/uploads\/2023\/09\/steps-for-children-charity-768x768.jpg 768w, https:\/\/hajoona.com\/wp-content\/uploads\/2023\/09\/steps-for-children-charity-1024x1024.jpg 1024w, https:\/\/hajoona.com\/wp-content\/uploads\/2023\/09\/steps-for-children-charity.jpg 1080w\"\r\n            alt=\"Zwei Kinder mit dunkler Hautfarbe l\u00e4cheln fr\u00f6hlich in die Kamera. Das M\u00e4dchen im Vordergrund tr\u00e4gt eine hellblaue Jacke und hat geflochtene Haare. Der Junge hinter ihr, und lehnt sich leicht zu ihr hin. Beide l\u00e4cheln.\">\r\n    <\/div>\r\n\r\n<\/div>\r\n\r\n<div class=\"highlight__offset-text highlight__offset-text--bottom alignleft\"><span\r\n        class=\"text\">r\u00f3\u017cnica<\/div>\r\n\r\n<div class=\"is-layout-flex wp-block-buttons is-content-justification-center highlight__button-mobile\">\r\n    <div class=\"wp-block-button\">\r\n        <a href=\"https:\/\/www.stepsforchildren.de\/spenden\/jetzt-spenden\/?fb_item_id_fix=60938\" class=\"wp-block-button__link wp-element-button\"\r\n            target=\"_blank\">Wp\u0142a\u0107 darowizn\u0119 teraz        <\/a>\r\n    <\/div>\r\n<\/div>\r\n\r\n\r\n<span id=\"trigger-charity\"><\/span>\r\n<script>\r\nif (typeof initTileMenuBlock !== 'undefined') {\r\n    initTileMenuBlock(document.querySelector(`#trigger-charity`).parentNode);\r\n} else {\r\n    window.addEventListener('blockjs', () => {\r\n        initTileMenuBlock(document.querySelector(`#trigger-charity`).parentNode);\r\n    });\r\n}\r\n<\/script>\r\n\r\n<\/div>\n\n\n<div class=\"wp-block-group alignfull has-product-apricot-background-color has-background has-global-padding is-layout-constrained wp-block-group-is-layout-constrained\" style=\"margin-top:0\">\n<div style=\"height:50px\" aria-hidden=\"true\" class=\"wp-block-spacer\"><\/div>\n\n\n\n<h2 class=\"wp-block-heading\">B\u0105d\u017a na bie\u017c\u0105co.<\/h2>\n\n\n\n<p>Zapisz si\u0119 do naszego newslettera, aby uzyska\u0107 wszystkie informacje o produktach i promocjach z pierwszej r\u0119ki.<\/p>\n\n\n\n<div class=\"wp-block-buttons is-layout-flex wp-block-buttons-is-layout-flex\">\n<div class=\"wp-block-button\"><a class=\"wp-block-button__link wp-element-button\" href=\"https:\/\/staging.hajoona.in\/newsletter\/\">Zapisz mnie!<\/a><\/div>\n<\/div>\n\n\n\n<div style=\"height:50px\" aria-hidden=\"true\" class=\"wp-block-spacer\"><\/div>\n<\/div>\n\n\n\n<p><\/p>\n","protected":false},"excerpt":{"rendered":"Bardziej otwieraj\u0105cy si\u0119. Wsp\u00f3lna odpowiedzialno\u015b\u0107. Silniejsza przysz\u0142o\u015b\u0107.Jako firma bierzemy na siebie odpowiedzialno\u015b\u0107 i \u015bwiadomie wspieramy tych, kt\u00f3rzy potrzebuj\u0105 pomocy, aby m\u00f3c prowadzi\u0107 dobre, samodzielne \u017cycie. Dzi\u0119ki naszemu zaanga\u017cowaniu spo\u0142ecznemu i sile spo\u0142eczno\u015bci hajoona tworzymy podstawy lepszej przysz\u0142o\u015bci dla dzieci, kt\u00f3re potrzebuj\u0105 pomocy. Wierzymy, \u017ce ka\u017cde dziecko ma prawo do mi\u0142o\u015bci, opieki i szans. Nasza wizja:&#8230;","protected":false},"author":6,"featured_media":0,"parent":0,"menu_order":0,"comment_status":"closed","ping_status":"closed","template":"","meta":{"_acf_changed":false,"inline_featured_image":false,"footnotes":""},"class_list":["post-7204","page","type-page","status-publish","hentry"],"acf":[],"_links":{"self":[{"href":"https:\/\/hajoona.com\/pl\/wp-json\/wp\/v2\/pages\/7204","targetHints":{"allow":["GET"]}}],"collection":[{"href":"https:\/\/hajoona.com\/pl\/wp-json\/wp\/v2\/pages"}],"about":[{"href":"https:\/\/hajoona.com\/pl\/wp-json\/wp\/v2\/types\/page"}],"author":[{"embeddable":true,"href":"https:\/\/hajoona.com\/pl\/wp-json\/wp\/v2\/users\/6"}],"replies":[{"embeddable":true,"href":"https:\/\/hajoona.com\/pl\/wp-json\/wp\/v2\/comments?post=7204"}],"version-history":[{"count":1,"href":"https:\/\/hajoona.com\/pl\/wp-json\/wp\/v2\/pages\/7204\/revisions"}],"predecessor-version":[{"id":7205,"href":"https:\/\/hajoona.com\/pl\/wp-json\/wp\/v2\/pages\/7204\/revisions\/7205"}],"wp:attachment":[{"href":"https:\/\/hajoona.com\/pl\/wp-json\/wp\/v2\/media?parent=7204"}],"curies":[{"name":"wp","href":"https:\/\/api.w.org\/{rel}","templated":true}]}}