{"id":6415,"date":"2025-06-17T13:26:42","date_gmt":"2025-06-17T11:26:42","guid":{"rendered":"https:\/\/hajoona.com\/?page_id=6415"},"modified":"2025-06-26T15:18:02","modified_gmt":"2025-06-26T13:18:02","slug":"barrierefreiheit-pl","status":"publish","type":"page","link":"https:\/\/hajoona.com\/pl\/barrierefreiheit-pl\/","title":{"rendered":"Barrierefreiheit PL"},"content":{"rendered":"\n<div style=\"height:10px\" aria-hidden=\"true\" class=\"wp-block-spacer\"><\/div>\n\n\n\n<h1 class=\"wp-block-heading\" style=\"font-size:clamp(27.42px, 1.714rem + ((1vw - 3.2px) * 1.748), 47px);\">Dost\u0119pno\u015b\u0107<\/h1>\n\n\n\n<h2 class=\"wp-block-heading\" style=\"font-size:clamp(20px, 1.25rem + ((1vw - 3.2px) * 1.071), 32px);\">O\u015bwiadczenie o dost\u0119pno\u015bci<\/h2>\n\n\n\n<p><strong>Stan na dzie\u0144: 16.06.2025 r.<\/strong><\/p>\n\n\n\n<p>Niniejsze o\u015bwiadczenie zosta\u0142o sporz\u0105dzone zgodnie z \u00a7 4 ust. 3 niemieckiego rozporz\u0105dzenia w sprawie obowi\u0105zk\u00f3w informacyjnych dotycz\u0105cych dost\u0119pno\u015bci (BFSG-InfoV), na podstawie ustawy o wzmocnieniu dost\u0119pno\u015bci (BFSG).<\/p>\n\n\n\n<p><strong>Zakres obowi\u0105zywania<\/strong><\/p>\n\n\n\n<p>To o\u015bwiadczenie o dost\u0119pno\u015bci dotyczy strony internetowej:<br><a href=\"https:\/\/hajoona.com\/pl\/\">https:\/\/www.hajoona.com<\/a><\/p>\n\n\n\n<p><strong>Og\u00f3lny opis us\u0142ugi<\/strong><\/p>\n\n\n\n<p>Strona internetowa firmy hajoona GmbH zawiera informacje o naszych produktach w zakresie zdrowia i dobrego samopoczucia, umo\u017cliwia kontakt online, informuje o wydarzeniach i ofertach partnerskich oraz oferuje zarejestrowanym u\u017cytkownikom dost\u0119p do chronionego obszaru, w tym sklepu.<\/p>\n\n\n\n<p><strong>Stopie\u0144 zgodno\u015bci z wymaganiami<\/strong><\/p>\n\n\n\n<p>Strona zosta\u0142a zaprojektowana zgodnie z wymaganiami normy EN 301 549 na podstawie wytycznych WCAG 2.1 na poziomie zgodno\u015bci AA i jest obecnie w du\u017cym stopniu dost\u0119pna. Poszczeg\u00f3lne tre\u015bci s\u0105 stale optymalizowane.<\/p>\n\n\n\n<p><strong>Informacja zwrotna i kontakt<\/strong><\/p>\n\n\n\n<p>Czy zauwa\u017cy\u0142e\u015b\/-a\u015b bariery w dost\u0119pie do tre\u015bci na naszej stronie internetowej? Masz pytania dotycz\u0105ce wdro\u017cenia dost\u0119pno\u015bci? Czekamy na Twoj\u0105 opini\u0119:<\/p>\n\n\n\n<p><strong>hajoona GmbH<\/strong><br>Heinrich-Fuchs-Stra\u00dfe 94\u201396<br>D-69126 Heidelberg<br>E-mail: <a>office@hajoona.com<\/a><br>Telefon: +49 6221 64702-10<\/p>\n\n\n\n<p><strong>Wsparcie dla os\u00f3b z niepe\u0142nosprawno\u015bciami<\/strong><\/p>\n\n\n\n<p>Oferujemy specjaln\u0105 infolini\u0119 telefoniczn\u0105 dla os\u00f3b z niepe\u0142nosprawno\u015bciami oraz u\u017cytkownik\u00f3w technologii wspomagaj\u0105cych:<br>Telefon: +49 6221 64702-10<\/p>\n\n\n\n<p><strong>Procedura egzekwowania<\/strong><\/p>\n\n\n\n<p>Je\u015bli Twoja opinia nie zostanie zadowalaj\u0105co rozpatrzona, mo\u017cesz skontaktowa\u0107 si\u0119 z odpowiednim organem egzekwuj\u0105cym:<\/p>\n\n\n\n<p><strong>Ministerstwo Spraw Spo\u0142ecznych, Zdrowia i Integracji kraju zwi\u0105zkowego Badenia-Wirtembergia<\/strong><br>Organ egzekwuj\u0105cy dost\u0119pno\u015b\u0107 informacji cyfrowych<br>Else-Josenhans-Stra\u00dfe 6, 70173 Stuttgart<br>E-mail: <a>poststelle@bfbmb.bwl.de<\/a><br>Telefon: +49 (0)711 279-3360<\/p>\n\n\n\n<p><strong>Organ nadzoru rynku zgodnie z ustaw\u0105 BFSG<\/strong><\/p>\n\n\n\n<p><strong>Federalna Agencja ds. Sieci dla energii, telekomunikacji, poczty i kolei (Bundesnetzagentur)<\/strong><br>Tulpenfeld 4, 53113 Bonn<br><a href=\"https:\/\/www.bundesnetzagentur.de\/EN\/Home\/home_node.html\" target=\"_blank\" rel=\"noreferrer noopener\">www.bundesnetzagentur.de\/en<\/a><\/p>\n\n\n\n<p><strong>Utworzenie niniejszego o\u015bwiadczenia<\/strong><\/p>\n\n\n\n<p>Niniejsze o\u015bwiadczenie zosta\u0142o sporz\u0105dzone w dniu 16.06.2025 r. i ostatnio zaktualizowane tego samego dnia.<a id=\"_msocom_1\"><\/a><\/p>\n\n\n\n<div style=\"height:10px\" aria-hidden=\"true\" class=\"wp-block-spacer\"><\/div>\n","protected":false},"excerpt":{"rendered":"Dost\u0119pno\u015b\u0107 O\u015bwiadczenie o dost\u0119pno\u015bci Stan na dzie\u0144: 16.06.2025 r. Niniejsze o\u015bwiadczenie zosta\u0142o sporz\u0105dzone zgodnie z \u00a7 4 ust. 3 niemieckiego rozporz\u0105dzenia w sprawie obowi\u0105zk\u00f3w informacyjnych dotycz\u0105cych dost\u0119pno\u015bci (BFSG-InfoV), na podstawie ustawy o wzmocnieniu dost\u0119pno\u015bci (BFSG). Zakres obowi\u0105zywania To o\u015bwiadczenie o dost\u0119pno\u015bci dotyczy strony internetowej:https:\/\/www.hajoona.com Og\u00f3lny opis us\u0142ugi Strona internetowa firmy hajoona GmbH zawiera informacje o&#8230;","protected":false},"author":6,"featured_media":0,"parent":0,"menu_order":0,"comment_status":"closed","ping_status":"closed","template":"","meta":{"_acf_changed":false,"inline_featured_image":false,"footnotes":""},"class_list":["post-6415","page","type-page","status-publish","hentry"],"acf":[],"_links":{"self":[{"href":"https:\/\/hajoona.com\/pl\/wp-json\/wp\/v2\/pages\/6415","targetHints":{"allow":["GET"]}}],"collection":[{"href":"https:\/\/hajoona.com\/pl\/wp-json\/wp\/v2\/pages"}],"about":[{"href":"https:\/\/hajoona.com\/pl\/wp-json\/wp\/v2\/types\/page"}],"author":[{"embeddable":true,"href":"https:\/\/hajoona.com\/pl\/wp-json\/wp\/v2\/users\/6"}],"replies":[{"embeddable":true,"href":"https:\/\/hajoona.com\/pl\/wp-json\/wp\/v2\/comments?post=6415"}],"version-history":[{"count":5,"href":"https:\/\/hajoona.com\/pl\/wp-json\/wp\/v2\/pages\/6415\/revisions"}],"predecessor-version":[{"id":6478,"href":"https:\/\/hajoona.com\/pl\/wp-json\/wp\/v2\/pages\/6415\/revisions\/6478"}],"wp:attachment":[{"href":"https:\/\/hajoona.com\/pl\/wp-json\/wp\/v2\/media?parent=6415"}],"curies":[{"name":"wp","href":"https:\/\/api.w.org\/{rel}","templated":true}]}}