{"id":4436,"date":"2023-03-22T20:18:50","date_gmt":"2023-03-22T19:18:50","guid":{"rendered":"https:\/\/hajoona.com\/?page_id=4436"},"modified":"2025-06-26T16:38:39","modified_gmt":"2025-06-26T14:38:39","slug":"impressum","status":"publish","type":"page","link":"https:\/\/hajoona.com\/pl\/impressum\/","title":{"rendered":"Impressum PL"},"content":{"rendered":"\n<div style=\"height:10px\" aria-hidden=\"true\" class=\"wp-block-spacer\"><\/div>\n\n\n\n<h1 class=\"wp-block-heading\" style=\"font-size:clamp(34.313px, 2.145rem + ((1vw - 3.2px) * 2.472), 62px);\">Impressum<\/h1>\n\n\n\n<h2 class=\"wp-block-heading\" style=\"font-size:clamp(20px, 1.25rem + ((1vw - 3.2px) * 1.071), 32px);\">Informacje zgodne z&nbsp;\u00a7&nbsp;5 DDG&nbsp;(Loi sur les services num\u00e9riques)<\/h2>\n\n\n\n<p>hajoona GmbH<br>Heinrich-Fuchs-Stra\u00dfe 94-96<br>69126 Heidelberg<\/p>\n\n\n\n<p>Rejestr handlowy: HRB 714573<a href=\"Rejestr\nhandlowy: HRB 714573\"><br><\/a>S\u0105d prowadz\u0105cy rejestr: S\u0105d rejonowy w&nbsp;Mannheim<\/p>\n\n\n\n<p><strong>Sp\u00f3\u0142ka reprezentowana przez:<br><\/strong>Dyrektor zarz\u0105dzaj\u0105ca: Daniela Lipgens<\/p>\n\n\n\n<h3 class=\"wp-block-heading\" style=\"font-size:clamp(16.293px, 1.018rem + ((1vw - 3.2px) * 0.777), 25px);\">Kontakt<\/h3>\n\n\n\n<p><a href=\"Telefon:\n+49 (0) 6221 64702-77\n\nFaks:\n+49 (0) 6221 64702-89\n\nE-mail:\noffice@hajoona.com\">Telefon: +49&nbsp;(0) 6221 64702-77<br>Faks: +49 (0) 6221 64702-89<br>E-Mail:&nbsp;office@hajoona.com<\/a><\/p>\n\n\n\n<h3 class=\"wp-block-heading\" style=\"font-size:clamp(16.293px, 1.018rem + ((1vw - 3.2px) * 0.777), 25px);\">Nr identyfikacji VAT<\/h3>\n\n\n\n<p>Nr identyfikacji VAT zgodny z&nbsp;\u00a7&nbsp;27a niemieckiej ustawy o&nbsp;podatku VAT:<br>DE 287898611<\/p>\n\n\n\n<p>Dane konta bankowego<br>Commerzbank, DE54 6724 0039 0194 6920 00, BIC COBADEFFXXX<\/p>\n\n\n\n<h2 class=\"wp-block-heading\" style=\"font-size:clamp(20px, 1.25rem + ((1vw - 3.2px) * 1.071), 32px);\">Podmiot odpowiedzialny za tre\u015bci zgodnie z&nbsp;\u00a7&nbsp;55 ust.&nbsp;2 RStV (niemieckiego odpowiednika ustawy o&nbsp;radiofonii i&nbsp;telewizji)<\/h2>\n\n\n\n<p>Daniela Lipgens<br>Heinrich-Fuchs-Stra\u00dfe 94-96<br>69126 Heidelberg<\/p>\n\n\n\n<h3 class=\"wp-block-heading\" style=\"font-size:clamp(16.293px, 1.018rem + ((1vw - 3.2px) * 0.777), 25px);\">Rozstrzyganie spor\u00f3w w&nbsp;UE<\/h3>\n\n\n\n<p>Komisja Europejska udost\u0119pnia platform\u0119 internetowego rozstrzygania spor\u00f3w (ODR): <a href=\"https:\/\/ec.europa.eu\/consumers\/odr.\">https:\/\/ec.europa.eu\/consumers\/odr.<\/a> <br>Nasz adres e-mail mo\u017cna znale\u017a\u0107 powy\u017cej w&nbsp;Impressum.<\/p>\n\n\n\n<h3 class=\"wp-block-heading\" style=\"font-size:clamp(16.293px, 1.018rem + ((1vw - 3.2px) * 0.777), 25px);\">Rozwi\u0105zywanie spor\u00f3w s\u0105dowych przed organem arbitra\u017cowym<\/h3>\n\n\n\n<p>Nie jeste\u015bmy gotowi, ani nie jeste\u015bmy zobowi\u0105zani do brania udzia\u0142u w&nbsp;procedurach rozstrzygania spor\u00f3w przed organem arbitra\u017cowym rozstrzygaj\u0105cym spory konsumenckie.<\/p>\n\n\n\n<h3 class=\"wp-block-heading\" style=\"font-size:clamp(16.293px, 1.018rem + ((1vw - 3.2px) * 0.777), 25px);\">Odpowiedzialno\u015b\u0107 za tre\u015bci<\/h3>\n\n\n\n<p>Na podstawie \u00a7&nbsp;7 ust.&nbsp;1 DDG (loi sur les services num\u00e9riques) jako dostawca us\u0142ug jeste\u015bmy odpowiedzialni za w\u0142asne tre\u015bci umieszczane na tych stronach zgodnie z&nbsp;og\u00f3lnymi przepisami prawa. Zgodnie z&nbsp;\u00a7\u00a7&nbsp;8\u201310 DDG jako dostawca us\u0142ug nie jeste\u015bmy jednak zobowi\u0105zani do nadzorowania przekazywanych lub zapisywanych informacji obcych, ani do badania okoliczno\u015bci, kt\u00f3re wskazywa\u0142yby na niezgodno\u015b\u0107 z&nbsp;prawem.<\/p>\n\n\n\n<p>Powy\u017csze nie wp\u0142ywa na zobowi\u0105zania do usuwania lub blokowania mo\u017cliwo\u015bci korzystania z&nbsp;informacji zgodnie z&nbsp;og\u00f3lnymi przepisami prawa. W&nbsp;takim przypadku odpowiedzialno\u015b\u0107 ma zastosowanie dopiero od momentu uzyskania wiedzy na temat konkretnego naruszenia prawa. W&nbsp;momencie uzyskania wiedzy o&nbsp;naruszeniach prawa niezw\u0142ocznie usuniemy odno\u015bne tre\u015bci.<\/p>\n\n\n\n<h3 class=\"wp-block-heading\" style=\"font-size:clamp(16.293px, 1.018rem + ((1vw - 3.2px) * 0.777), 25px);\">Odpowiedzialno\u015b\u0107 za linki<\/h3>\n\n\n\n<p>Nasza oferta zawiera linki do zewn\u0119trznych stron internetowych os\u00f3b trzecich, na kt\u00f3rych tre\u015bci nie mamy \u017cadnego wp\u0142ywu. Z&nbsp;tego wzgl\u0119du nie mo\u017cemy r\u00f3wnie\u017c zagwarantowa\u0107 zgodno\u015bci obcych tre\u015bci z&nbsp;prawem. Za tre\u015bci zalinkowanych stron zawsze odpowiada dany us\u0142ugodawca lub operator strony. Zalinkowane strony zosta\u0142y sprawdzone pod k\u0105tem mo\u017cliwych narusze\u0144 prawa w&nbsp;momencie ich zalinkowania. W&nbsp;momencie ich zalinkowania nie stwierdzono tre\u015bci niezgodnych z&nbsp;prawem.<\/p>\n\n\n\n<p>Nie mo\u017cna wprowadzi\u0107 ci\u0105g\u0142ej kontroli tre\u015bci zalinkowanych stron bez konkretnych przes\u0142anek sugeruj\u0105cych naruszenie prawa. W&nbsp;momencie uzyskania wiedzy o&nbsp;naruszeniach prawa niezw\u0142ocznie usuniemy tego rodzaju linki.<\/p>\n\n\n\n<h3 class=\"wp-block-heading\" style=\"font-size:clamp(16.293px, 1.018rem + ((1vw - 3.2px) * 0.777), 25px);\">Prawo autorskie<\/h3>\n\n\n\n<p>Tre\u015bci i&nbsp;dzie\u0142a sporz\u0105dzone przez operatora tej strony s\u0105 obj\u0119te niemieckim prawem autorskim. Powielanie, opracowywanie, przetwarzanie i&nbsp;wszelkie formy wykorzystywania tre\u015bci lub dzie\u0142a w&nbsp;spos\u00f3b wykraczaj\u0105cy poza granice okre\u015blone prawem autorskim wymagaj\u0105 pisemnej zgody danego autora lub tw\u00f3rcy. Pobieranie lub kopiowanie tej strony jest dozwolone wy\u0142\u0105cznie do prywatnego, niekomercyjnego u\u017cytku. <\/p>\n\n\n\n<p>W&nbsp;przypadku gdy tre\u015bci umieszczone na tej stronie nie zosta\u0142y sporz\u0105dzone przez operatora tej strony, obowi\u0105zuj\u0105 prawa autorskie os\u00f3b trzecich. Tre\u015bci umieszczone przez osoby trzecie zosta\u0142y oznaczone jako takie. W&nbsp;przypadku zauwa\u017cenia naruszenia prawa autorskiego prosimy o&nbsp;poinformowanie nas o&nbsp;tym. W&nbsp;momencie uzyskania wiedzy o&nbsp;naruszeniach prawa niezw\u0142ocznie usuniemy tego rodzaju tre\u015bci.<\/p>\n\n\n\n<div style=\"height:50px\" aria-hidden=\"true\" class=\"wp-block-spacer\"><\/div>\n","protected":false},"excerpt":{"rendered":"Impressum Informacje zgodne z&nbsp;\u00a7&nbsp;5 DDG&nbsp;(Loi sur les services num\u00e9riques) hajoona GmbHHeinrich-Fuchs-Stra\u00dfe 94-9669126 Heidelberg Rejestr handlowy: HRB 714573S\u0105d prowadz\u0105cy rejestr: S\u0105d rejonowy w&nbsp;Mannheim Sp\u00f3\u0142ka reprezentowana przez:Dyrektor zarz\u0105dzaj\u0105ca: Daniela Lipgens Kontakt Telefon: +49&nbsp;(0) 6221 64702-77Faks: +49 (0) 6221 64702-89E-Mail:&nbsp;office@hajoona.com Nr identyfikacji VAT Nr identyfikacji VAT zgodny z&nbsp;\u00a7&nbsp;27a niemieckiej ustawy o&nbsp;podatku VAT:DE 287898611 Dane konta bankowegoCommerzbank, DE54 6724&#8230;","protected":false},"author":6,"featured_media":0,"parent":0,"menu_order":0,"comment_status":"closed","ping_status":"closed","template":"","meta":{"_acf_changed":false,"inline_featured_image":false,"footnotes":""},"class_list":["post-4436","page","type-page","status-publish","hentry"],"acf":[],"_links":{"self":[{"href":"https:\/\/hajoona.com\/pl\/wp-json\/wp\/v2\/pages\/4436","targetHints":{"allow":["GET"]}}],"collection":[{"href":"https:\/\/hajoona.com\/pl\/wp-json\/wp\/v2\/pages"}],"about":[{"href":"https:\/\/hajoona.com\/pl\/wp-json\/wp\/v2\/types\/page"}],"author":[{"embeddable":true,"href":"https:\/\/hajoona.com\/pl\/wp-json\/wp\/v2\/users\/6"}],"replies":[{"embeddable":true,"href":"https:\/\/hajoona.com\/pl\/wp-json\/wp\/v2\/comments?post=4436"}],"version-history":[{"count":6,"href":"https:\/\/hajoona.com\/pl\/wp-json\/wp\/v2\/pages\/4436\/revisions"}],"predecessor-version":[{"id":6533,"href":"https:\/\/hajoona.com\/pl\/wp-json\/wp\/v2\/pages\/4436\/revisions\/6533"}],"wp:attachment":[{"href":"https:\/\/hajoona.com\/pl\/wp-json\/wp\/v2\/media?parent=4436"}],"curies":[{"name":"wp","href":"https:\/\/api.w.org\/{rel}","templated":true}]}}