{"id":4424,"date":"2023-04-21T18:01:01","date_gmt":"2023-04-21T16:01:01","guid":{"rendered":"https:\/\/hajoona.com\/?page_id=4424"},"modified":"2025-06-26T15:44:50","modified_gmt":"2025-06-26T13:44:50","slug":"body-restart","status":"publish","type":"page","link":"https:\/\/hajoona.com\/pl\/body-restart\/","title":{"rendered":"Body Restart"},"content":{"rendered":"\r\n\r\n\r\n\r\n<div id=\"block-3a2aed01d40e411f791320acad2d11e869f0883e5b6c0\" \r\n    class=\"wp-block-acf-hero-slider alignfull acf-block-component\"\r\n    style=\"margin-top:0;margin-bottom:0;\">\r\n\r\n<div class=\"hero-slider-block__media\">\r\n\r\n    <img decoding=\"async\" class=\"slide-1 active\"\r\n        src=\"https:\/\/hajoona.com\/wp-content\/uploads\/2024\/01\/AdobeStock_555338525.jpeg\" srcset=\"https:\/\/hajoona.com\/wp-content\/uploads\/2024\/01\/AdobeStock_555338525.jpeg 5792w, https:\/\/hajoona.com\/wp-content\/uploads\/2024\/01\/AdobeStock_555338525-512x768.jpeg 512w, https:\/\/hajoona.com\/wp-content\/uploads\/2024\/01\/AdobeStock_555338525-683x1024.jpeg 683w, https:\/\/hajoona.com\/wp-content\/uploads\/2024\/01\/AdobeStock_555338525-276x414.jpeg 276w, https:\/\/hajoona.com\/wp-content\/uploads\/2024\/01\/AdobeStock_555338525-768x1152.jpeg 768w\"\r\n        alt=\"Zwei Frauen in Sportkleidung lachen. Eine tr\u00e4gt ein cremefarbiges Sportset und h\u00e4lt einen Shaker mit gelbem Deckel. Die andere tr\u00e4gt ein wei\u00dfes Top mit lila Leggings und h\u00e4lt einen wei\u00dfen Shaker. Der Hintergrund ist eine beige Wand mit nat\u00fcrlicher Textur.\">\r\n<\/div>\r\n<div class=\"hero-slider-block__content has-product-mallow-background-color\">\r\n\r\n    <div class=\"hero-slider-block__bg\"><\/div>\r\n\r\n    <div\r\n        class=\"hero-slider-block__content-inner has-global-padding is-layout-constrained wp-block-group is-style-5-cols\">\r\n\r\n        <div class=\"content-inner__slide-container\">\r\n\r\n                        <span data-bg-color=\"product-mallow\"\r\n                class=\"content-inner__slide is-layout-constrained slide-1 active has-product-mallow-background-color  active\">\r\n\r\n                                <h2 class=\"slide__head\">Razem ku zdrowiu<\/h2>\r\n                \r\n                                <h4 class=\"slide__subhead\">Odkryj spo\u0142eczno\u015b\u0107, kt\u00f3ra wesprze Ci\u0119 w osi\u0105gni\u0119ciu Twoich cel\u00f3w.<\/h4>\r\n                \r\n                \r\n            <\/span>\r\n\r\n\r\n        <\/div>\r\n\r\n    <\/div>\r\n\r\n    <div class=\"hero-slider-block__index has-copy-s-font-size\">\r\n        <ul>\r\n            \r\n            <!-- <li><a><span class=\"index\">1<\/span><span class=\"line\"><\/span><\/a><\/li>\r\n            <li class=\"active\"><a><span class=\"index\">1<\/span><span class=\"line\"><\/span><\/a><\/li>\r\n            <li><a><span class=\"index\">1<\/span><span class=\"line\"><\/span><\/a><\/li> -->\r\n        <\/ul>\r\n    <\/div>\r\n\r\n<\/div>\r\n\r\n\r\n<span id=\"trigger-block-3a2aed01d40e411f791320acad2d11e869f0883e5b6c0\"><\/span>\r\n<script>\r\nif (typeof initHeroSliderBlock !== 'undefined') {\r\n    initHeroSliderBlock(document.querySelector(`#trigger-block-3a2aed01d40e411f791320acad2d11e869f0883e5b6c0`).parentNode);\r\n} else {\r\n    window.addEventListener('blockjs', () => {\r\n        initHeroSliderBlock(document.querySelector(`#trigger-block-3a2aed01d40e411f791320acad2d11e869f0883e5b6c0`).parentNode);\r\n    });\r\n}\r\n<\/script>\r\n\r\n<\/div>\n\n\n<div class=\"wp-block-group alignfull has-prime-white-background-color has-background has-global-padding is-layout-constrained wp-block-group-is-layout-constrained\" style=\"margin-top:0;margin-bottom:0\">\n<div class=\"wp-block-columns alignwide align-items-baseline is-layout-flex wp-container-core-columns-is-layout-4f84eacc wp-block-columns-is-layout-flex\" style=\"margin-top:var(--wp--preset--spacing--5);margin-bottom:var(--wp--preset--spacing--5)\">\n<div class=\"wp-block-column is-layout-flow wp-block-column-is-layout-flow\">\n<h2 class=\"wp-block-heading is-style-5-cols\" style=\"font-size:clamp(27.42px, 1.714rem + ((1vw - 3.2px) * 1.748), 47px);\">Kuracja Body Restart:<br>Zacznij b\u0142yszcze\u0107 ju\u017c teraz!<\/h2>\n\n\n\n<div class=\"wp-block-buttons is-layout-flex wp-block-buttons-is-layout-flex\">\n<div class=\"wp-block-button\"><a class=\"wp-block-button__link wp-element-button\" href=\"https:\/\/hajoona.com\/pl\/product\/complete\/\">Zobacz produkt hajoona Complete<\/a><\/div>\n<\/div>\n<\/div>\n\n\n\n<div class=\"wp-block-column is-style-4-cols-content is-layout-flow wp-block-column-is-layout-flow\">\n<p>Zwi\u0119ksz skuteczno\u015b\u0107 naszych produkt\u00f3w, korzystaj\u0105c z&nbsp;kompleksowego programu na rzecz zdrowia Body Restart, i&nbsp;do\u0142\u0105cz do wyj\u0105tkowej spo\u0142eczno\u015bci.<\/p>\n\n\n\n<p>Dzi\u0119ki hajoona mo\u017cesz prowadzi\u0107 zdrowe i&nbsp;spe\u0142nione \u017cycie r\u00f3wnie\u017c w&nbsp;we wsp\u00f3\u0142czesnym, pe\u0142nym po\u015bpiechu \u015bwiecie. Aby umo\u017cliwi\u0107 wykorzystanie ca\u0142ego potencja\u0142u naszych produkt\u00f3w, opracowali\u015bmy wyj\u0105tkowo prosty i&nbsp;jednocze\u015bnie wysoce efektywny program na rzecz zdrowia, dzi\u0119ki kt\u00f3remu zyskasz zupe\u0142nie nowe samopoczucie w&nbsp;rekordowym czasie: <\/p>\n\n\n\n<p><strong>Body Restart.<\/strong><\/p>\n<\/div>\n<\/div>\n<\/div>\n\n\n\r\n<style>\r\ndiv#block-75069033d8073e4d9e112d48a12bf46f69f0883e6106f .slide {\r\n    width: 36rem !important;\r\n}\r\n\r\ndiv#block-75069033d8073e4d9e112d48a12bf46f69f0883e6106f .slide__image-container {\r\n    aspect-ratio: 1\/1.25;\r\n    font-size: 8rem;\r\n}\r\n\r\ndiv#block-75069033d8073e4d9e112d48a12bf46f69f0883e6106f .slide__image-container img {\r\n    object-fit: contain;\r\n    object-position: left bottom;\r\n}\r\n<\/style>\r\n\r\n\r\n\r\n<div id=\"block-75069033d8073e4d9e112d48a12bf46f69f0883e6106f\" \r\n    class=\"wp-block-acf-carousel has-prime-black-color has-text-color acf-block-component\"\r\n    style=\"margin-bottom:var(--wp--preset--spacing--5);\">\r\n<div class=\"carousel-container has-global-padding is-layout-constrained\"\r\n    style=\"\">\r\n    <button class=\"carousel-control carousel-control--prev no-button-styling prev-cursor\"><\/button>\r\n    <button class=\"carousel-control carousel-control--next no-button-styling next-cursor\"><\/button>\r\n\r\n    <div class=\"carousel-pos  alignwide\">\r\n        <div class=\"carousel\" data-slick='{\"mobileFirst\":true,\"variableWidth\":false,\"infinite\":false,\"slidesToShow\":1,\"slidesToScroll\":1}'>\r\n\r\n            \r\n            <a class=\"slide\" href=\"javascript:window.openPopUp(4429);\" >\r\n            <div class=\"slide__image-container\">\r\n                <img decoding=\"async\" class=\"slide-1 active\"\r\n                    src=\"https:\/\/hajoona.com\/wp-content\/uploads\/2023\/04\/20230404_hajoona-05-1-Reset-min-scaled.jpg\" srcset=\"https:\/\/hajoona.com\/wp-content\/uploads\/2023\/04\/20230404_hajoona-05-1-Reset-min-414x414.jpg 414w, https:\/\/hajoona.com\/wp-content\/uploads\/2023\/04\/20230404_hajoona-05-1-Reset-min-768x768.jpg 768w, https:\/\/hajoona.com\/wp-content\/uploads\/2023\/04\/20230404_hajoona-05-1-Reset-min-1024x1024.jpg 1024w, https:\/\/hajoona.com\/wp-content\/uploads\/2023\/04\/20230404_hajoona-05-1-Reset-min-1536x1536.jpg 1536w, https:\/\/hajoona.com\/wp-content\/uploads\/2023\/04\/20230404_hajoona-05-1-Reset-min-2048x2048.jpg 2048w\"\r\n                    alt=\"Produktabbildung von hajoona Reset: Eine moderne Kartonverpackung mit mehreren kleinen Fl\u00e4schchen davor. Das Design ist minimalistisch und nutzt nat\u00fcrliche Farben, die f\u00fcr Balance und Achtsamkeit stehen.\">\r\n\r\n                                <h2 class=\"slide__index\"\r\n                    >\r\n                    1<\/h2>\r\n                \r\n                                <div\r\n                    class=\"slide__button slide__button-- is-layout-flex wp-block-buttons is-content-justification-center\">\r\n                    <div class=\"wp-block-button\">\r\n                        <span class=\"wp-block-button__link wp-element-button\">Zacznijmy <\/span>\r\n                    <\/div>\r\n                <\/div>\r\n                \r\n            <\/div>\r\n\r\n                        <h3 class=\"slide__head\">Oczyszczenie jelit<\/h3>\r\n            \r\n                        <h4 class=\"slide__subhead\">Krok 1<\/h4>\r\n            \r\n            <\/a>\r\n            <a class=\"slide\" href=\"javascript:window.openPopUp(4430);\" >\r\n            <div class=\"slide__image-container\">\r\n                <img decoding=\"async\" class=\"slide-2\"\r\n                    src=\"https:\/\/hajoona.com\/wp-content\/uploads\/2023\/04\/Basisische_Ernaehrung.jpg\" srcset=\"https:\/\/hajoona.com\/wp-content\/uploads\/2023\/04\/Basisische_Ernaehrung-414x288.jpg 414w, https:\/\/hajoona.com\/wp-content\/uploads\/2023\/04\/Basisische_Ernaehrung-768x533.jpg 768w, https:\/\/hajoona.com\/wp-content\/uploads\/2023\/04\/Basisische_Ernaehrung-1024x711.jpg 1024w, https:\/\/hajoona.com\/wp-content\/uploads\/2023\/04\/Basisische_Ernaehrung.jpg 1080w\"\r\n                    alt=\"Basisische_Ern\u00e4hrung hajoona\">\r\n\r\n                                <h2 class=\"slide__index\"\r\n                    >\r\n                    2<\/h2>\r\n                \r\n                                <div\r\n                    class=\"slide__button slide__button-- is-layout-flex wp-block-buttons is-content-justification-center\">\r\n                    <div class=\"wp-block-button\">\r\n                        <span class=\"wp-block-button__link wp-element-button\">Zdrowe od\u017cywianie <\/span>\r\n                    <\/div>\r\n                <\/div>\r\n                \r\n            <\/div>\r\n\r\n                        <h3 class=\"slide__head\">Dieta zasadowa<\/h3>\r\n            \r\n                        <h4 class=\"slide__subhead\">Krok 2<\/h4>\r\n            \r\n            <\/a>\r\n            <a class=\"slide\" href=\"javascript:window.openPopUp(4431);\" >\r\n            <div class=\"slide__image-container\">\r\n                <img decoding=\"async\" class=\"slide-3\"\r\n                    src=\"https:\/\/hajoona.com\/wp-content\/uploads\/2023\/04\/20220405_hajoona-08-1-Ueberflug-heiko-test.jpg\" srcset=\"https:\/\/hajoona.com\/wp-content\/uploads\/2023\/04\/20220405_hajoona-08-1-Ueberflug-heiko-test-414x414.jpg 414w, https:\/\/hajoona.com\/wp-content\/uploads\/2023\/04\/20220405_hajoona-08-1-Ueberflug-heiko-test-768x768.jpg 768w, https:\/\/hajoona.com\/wp-content\/uploads\/2023\/04\/20220405_hajoona-08-1-Ueberflug-heiko-test-1024x1024.jpg 1024w, https:\/\/hajoona.com\/wp-content\/uploads\/2023\/04\/20220405_hajoona-08-1-Ueberflug-heiko-test-1536x1536.jpg 1536w, https:\/\/hajoona.com\/wp-content\/uploads\/2023\/04\/20220405_hajoona-08-1-Ueberflug-heiko-test-2048x2048.jpg 2048w\"\r\n                    alt=\"Alternativtext (barrierefrei &#038; bildbeschreibend)\nMehrere farbige Produktboxen der Marke hajoona liegen nebeneinander. Die Verpackungen in Gr\u00fcn, Lila, Wei\u00df, Grau und Blau tragen die Aufschriften \u201eBalance\u201c, \u201eVitality\u201c, \u201eGlow\u201c, \u201eReset\u201c und \u201ePerformance\u201c. Die Boxen sind modern gestaltet, mit klarer Typografie und Farbcodierung.\n\">\r\n\r\n                                <h2 class=\"slide__index\"\r\n                    >\r\n                    3<\/h2>\r\n                \r\n                                <div\r\n                    class=\"slide__button slide__button-- is-layout-flex wp-block-buttons is-content-justification-center\">\r\n                    <div class=\"wp-block-button\">\r\n                        <span class=\"wp-block-button__link wp-element-button\">Idealne po\u0142\u0105czenie<\/span>\r\n                    <\/div>\r\n                <\/div>\r\n                \r\n            <\/div>\r\n\r\n                        <h3 class=\"slide__head\">Asortyment produkt\u00f3w<\/h3>\r\n            \r\n                        <h4 class=\"slide__subhead\">Krok 3<\/h4>\r\n            \r\n            <\/a>\r\n            <a class=\"slide\" href=\"javascript:window.openPopUp(4432);\" >\r\n            <div class=\"slide__image-container\">\r\n                <img decoding=\"async\" class=\"slide-4\"\r\n                    src=\"https:\/\/hajoona.com\/wp-content\/uploads\/2023\/03\/Perfect-large-size-e1680011211986.jpg\" srcset=\"https:\/\/hajoona.com\/wp-content\/uploads\/2023\/03\/Perfect-large-size-e1680011211986.jpg 903w, https:\/\/hajoona.com\/wp-content\/uploads\/2023\/03\/Perfect-large-size-e1680011211986-651x768.jpg 651w, https:\/\/hajoona.com\/wp-content\/uploads\/2023\/03\/Perfect-large-size-e1680011211986-868x1024.jpg 868w, https:\/\/hajoona.com\/wp-content\/uploads\/2023\/03\/Perfect-large-size-e1680011211986-351x414.jpg 351w, https:\/\/hajoona.com\/wp-content\/uploads\/2023\/03\/Perfect-large-size-e1680011211986-768x906.jpg 768w\"\r\n                    alt=\"Fitness und Bewegung hajoona\">\r\n\r\n                                <h2 class=\"slide__index\"\r\n                    >\r\n                    4<\/h2>\r\n                \r\n                                <div\r\n                    class=\"slide__button slide__button-- is-layout-flex wp-block-buttons is-content-justification-center\">\r\n                    <div class=\"wp-block-button\">\r\n                        <span class=\"wp-block-button__link wp-element-button\">Ruszajmy<\/span>\r\n                    <\/div>\r\n                <\/div>\r\n                \r\n            <\/div>\r\n\r\n                        <h3 class=\"slide__head\">Ruch<\/h3>\r\n            \r\n                        <h4 class=\"slide__subhead\">Krok 4<\/h4>\r\n            \r\n            <\/a>\r\n        <\/div>\r\n    <\/div>\r\n<\/div>\r\n\r\n<span id=\"trigger-block-75069033d8073e4d9e112d48a12bf46f69f0883e6106f\"><\/span>\r\n<script>\r\nif (typeof initCarouselBlock !== 'undefined') {\r\n    initCarouselBlock(document.querySelector(`#trigger-block-75069033d8073e4d9e112d48a12bf46f69f0883e6106f`).parentNode);\r\n} else {\r\n    window.addEventListener('blockjs', () => {\r\n        initCarouselBlock(document.querySelector(`#trigger-block-75069033d8073e4d9e112d48a12bf46f69f0883e6106f`).parentNode);\r\n    });\r\n}\r\n<\/script>\r\n\r\n<\/div>\n\n\n<figure class=\"wp-block-video alignfull\"><video height=\"480\" style=\"aspect-ratio: 854 \/ 480;\" width=\"854\" autoplay loop muted src=\"https:\/\/hajoona.com\/wp-content\/uploads\/2025\/03\/0306.mp4\" playsinline><\/video><\/figure>\n\n\n\r\n\r\n\r\n<div id=\"block-dcfa0751a2f59976377ac4c75bfdc44a69f0883e65ec4\" \r\n    class=\"wp-block-acf-responsive-image alignfull acf-block-component\"\r\n    style=\"margin-top:0;margin-bottom:0;\">\r\n<picture>\r\n\r\n    \r\n\r\n    \r\n    <!-- todo: crossbrowser check svg behaviour and refractor code -->\r\n\r\n    <source media=\"(min-width:800px)\"\r\n        srcset=\"https:\/\/hajoona.com\/wp-content\/uploads\/2024\/04\/hajoona-community-414x166.png 414w, https:\/\/hajoona.com\/wp-content\/uploads\/2024\/04\/hajoona-community-768x307.png 768w, https:\/\/hajoona.com\/wp-content\/uploads\/2024\/04\/hajoona-community-1024x410.png 1024w, https:\/\/hajoona.com\/wp-content\/uploads\/2024\/04\/hajoona-community-1536x614.png 1536w, https:\/\/hajoona.com\/wp-content\/uploads\/2024\/04\/hajoona-community-2048x819.png 2048w\"        alt=\" Spo\u0142eczno\u015b\u0107 wspieraj\u0105ca si\u0119 w odchudzaniu. Nasz program Body Restart pomo\u017ce Ci w osi\u0105gni\u0119ciu Twoich cel\u00f3w i po\u0142\u0105czy z lud\u017ami o podobnych zapatrywaniach.\">\r\n\r\n\r\n\r\n    \r\n\r\n    \r\n\r\n    <img decoding=\"async\" src=\"https:\/\/hajoona.com\/wp-content\/uploads\/2024\/04\/hajoona-community.png\"\r\n        srcset=\"https:\/\/hajoona.com\/wp-content\/uploads\/2024\/04\/hajoona-community-414x166.png 414w, https:\/\/hajoona.com\/wp-content\/uploads\/2024\/04\/hajoona-community-768x307.png 768w, https:\/\/hajoona.com\/wp-content\/uploads\/2024\/04\/hajoona-community-1024x410.png 1024w, https:\/\/hajoona.com\/wp-content\/uploads\/2024\/04\/hajoona-community-1536x614.png 1536w, https:\/\/hajoona.com\/wp-content\/uploads\/2024\/04\/hajoona-community-2048x819.png 2048w\"        alt=\"Spo\u0142eczno\u015b\u0107 wspieraj\u0105ca si\u0119 w odchudzaniu. Nasz program Body Restart pomo\u017ce Ci w osi\u0105gni\u0119ciu Twoich cel\u00f3w i po\u0142\u0105czy z lud\u017ami o podobnych zapatrywaniach.\">\r\n<\/picture>\r\n\r\n<\/div>\n\n\n<div class=\"wp-block-media-text alignfull has-media-on-the-right is-stacked-on-mobile is-image-fill-element is-style-square has-prime-white-background-color has-background\" style=\"margin-top:0;margin-bottom:0\"><div class=\"wp-block-media-text__content\">\r\n\r\n\r\n<div id=\"block-77c7c7570e48ab317839848c6017380d69f0883e67af2\" \r\n    class=\"wp-block-acf-offset-text alignfull align acf-block-component\"\r\n    style=\"margin-top:var(--wp--preset--spacing--3);margin-bottom:var(--wp--preset--spacing--2);\">\r\n<span class=\"text\"\r\n    style=\"transform:translateX(+0.5em)\">Body<\/span>\r\n\r\n<\/div>\n\n\n<div class=\"wp-block-group is-style-5-cols has-global-padding is-layout-constrained wp-block-group-is-layout-constrained\">\n<p>My\u015bl\u0105 przewodni\u0105 Body Restart jest stosowanie r\u00f3\u017cnych produkt\u00f3w z&nbsp;zestawu <strong>hajoona Complete<\/strong> przez cztery tygodnie oraz takie dope\u0142nienie tych produkt\u00f3w, kt\u00f3re pozwoli rozwin\u0105\u0107 ich maksymalne dzia\u0142anie. W&nbsp;tym celu opr\u00f3cz konkretnych wskaz\u00f3wek dotycz\u0105cych stosowania produkt\u00f3w dodatkowo udost\u0119pniamy odpowiednie przepisy, filmy wideo z&nbsp;treningami fitness i&nbsp;uzupe\u0142niaj\u0105ce wyja\u015bnienia, kt\u00f3re poprowadz\u0105 Ci\u0119 i&nbsp;wespr\u0105 na drodze poprawy Twojego zdrowia i&nbsp;samopoczucia.<\/p>\n\n\n\n<p><br>Opr\u00f3cz naszych ekspert\u00f3w b\u0119dzie Ci r\u00f3wnie\u017c towarzyszy\u0107 ponad 2000 cz\u0142onk\u00f3w naszej spo\u0142eczno\u015bci Body Restart, kt\u00f3rzy albo b\u0119d\u0105 uczestniczy\u0107 w&nbsp;programie razem z&nbsp;Tob\u0105 albo ju\u017c uko\u0144czyli program \u2013 niekt\u00f3rzy nawet wi\u0119cej ni\u017c jeden raz. Mo\u017cecie nie tylko wzajemnie si\u0119 motywowa\u0107, lecz tak\u017ce wymienia\u0107 si\u0119 poradami i&nbsp;do\u015bwiadczeniami oraz wsp\u00f3lnie \u015bwi\u0119towa\u0107 sukcesy.<\/p>\n\n\n\n<p>Chcesz dowiedzie\u0107 si\u0119 wi\u0119cej? Skontaktuj si\u0119 z&nbsp;konsultantem hajoona lub z&nbsp;nami.<\/p>\n\n\n\n<div class=\"wp-block-buttons is-layout-flex wp-block-buttons-is-layout-flex\">\n<div class=\"wp-block-button\"><a class=\"wp-block-button__link wp-element-button\" href=\"https:\/\/hajoona.com\/pl\/kontakt\/\">Skontaktuj si\u0119!<\/a><\/div>\n<\/div>\n\n\n\n<div style=\"height:50px\" aria-hidden=\"true\" class=\"wp-block-spacer\"><\/div>\n<\/div>\n\n\n\r\n\r\n\r\n<div id=\"block-c0b2c3839edb5d58d843e514ffecf83d69f0883e68428\" \r\n    class=\"wp-block-acf-offset-text alignfull alignright acf-block-component\"\r\n    style=\"margin-bottom:var(--wp--preset--spacing--3);\">\r\n<span class=\"text\"\r\n    style=\"transform:translateX(-0.25em)\">Restart<\/span>\r\n\r\n<\/div><\/div><figure class=\"wp-block-media-text__media\"><img loading=\"lazy\" decoding=\"async\" width=\"7952\" height=\"5304\" src=\"https:\/\/hajoona.com\/wp-content\/uploads\/2025\/03\/AdobeStock_465567057.jpeg\" alt=\"Eine Frau und ein Mann stehen lachend nebeneinander an einer Betonwand. Beide tragen Sportkleidung. Die Frau hat eine schwarze Leggings und ein Sporttop an und h\u00e4lt eine Kork-Yogamatte sowie eine pinke Trinkflasche. Der Mann tr\u00e4gt eine schwarze Sporthose und ein schwarzes Shirt mit grauen \u00c4rmeln, h\u00e4lt eine schwarze Yogamatte und eine silberne Trinkflasche. Sonnenlicht wirft weiche Schatten auf die Wand.\" class=\"wp-image-5420 size-full\" style=\"object-position:71% 54%\" srcset=\"https:\/\/hajoona.com\/wp-content\/uploads\/2025\/03\/AdobeStock_465567057.jpeg 7952w, https:\/\/hajoona.com\/wp-content\/uploads\/2025\/03\/AdobeStock_465567057-768x512.jpeg 768w, https:\/\/hajoona.com\/wp-content\/uploads\/2025\/03\/AdobeStock_465567057-1024x683.jpeg 1024w, https:\/\/hajoona.com\/wp-content\/uploads\/2025\/03\/AdobeStock_465567057-414x276.jpeg 414w, https:\/\/hajoona.com\/wp-content\/uploads\/2025\/03\/AdobeStock_465567057-1536x1025.jpeg 1536w\" sizes=\"auto, (max-width: 7952px) 100vw, 7952px\" \/><\/figure><\/div>\n\n\n\n<div class=\"wp-block-media-text alignfull is-stacked-on-mobile is-image-fill-element is-style-square has-product-lavender-background-color has-background\" style=\"margin-top:0;margin-bottom:0\"><figure class=\"wp-block-media-text__media\"><img loading=\"lazy\" decoding=\"async\" width=\"2560\" height=\"1707\" src=\"https:\/\/hajoona.com\/wp-content\/uploads\/2025\/03\/AdobeStock_327383043-scaled.jpeg\" alt=\"Eine Gruppe von sechs Personen steht in einem hellen Raum mit gro\u00dfen Fenstern. Sie tragen sportliche Kleidung in Grau, Schwarz und Wei\u00df. Alle strecken ihre H\u00e4nde in die Mitte und ber\u00fchren sich gegenseitig, w\u00e4hrend sie lachen. Das Bild zeigt Freude, Teamgeist und Motivation.\" class=\"wp-image-5424 size-full\" style=\"object-position:50% 50%\" srcset=\"https:\/\/hajoona.com\/wp-content\/uploads\/2025\/03\/AdobeStock_327383043-scaled.jpeg 2560w, https:\/\/hajoona.com\/wp-content\/uploads\/2025\/03\/AdobeStock_327383043-768x512.jpeg 768w, https:\/\/hajoona.com\/wp-content\/uploads\/2025\/03\/AdobeStock_327383043-1024x683.jpeg 1024w, https:\/\/hajoona.com\/wp-content\/uploads\/2025\/03\/AdobeStock_327383043-414x276.jpeg 414w, https:\/\/hajoona.com\/wp-content\/uploads\/2025\/03\/AdobeStock_327383043-1536x1024.jpeg 1536w\" sizes=\"auto, (max-width: 2560px) 100vw, 2560px\" \/><\/figure><div class=\"wp-block-media-text__content\">\n<div class=\"wp-block-group is-style-5-cols has-global-padding is-layout-constrained wp-block-group-is-layout-constrained\" style=\"margin-top:var(--wp--preset--spacing--4);margin-bottom:var(--wp--preset--spacing--4)\">\n<h2 class=\"wp-block-heading has-prime-black-color has-text-color\" style=\"font-size:clamp(27.42px, 1.714rem + ((1vw - 3.2px) * 1.748), 47px);\">Lepiej razem!<\/h2>\n\n\n\n<p>Zorganizuj razem z&nbsp;przyjaci\u00f3\u0142mi, s\u0105siadami lub znajomymi imprez\u0119 hajoona Body Restart, aby wsp\u00f3lnie zainicjowa\u0107 skuteczny i&nbsp;zr\u00f3wnowa\u017cony program odchudzania. Oczywi\u015bcie ka\u017cdy b\u0119dzie realizowa\u0142 swoje w\u0142asne cele, ale wymiana do\u015bwiadcze\u0144 na temat wskaz\u00f3wek Body Restart, przepis\u00f3w i&nbsp;\u0107wicze\u0144 b\u0119dzie motywowa\u0107 do dalszej pracy i&nbsp;mo\u017ce by\u0107 dobr\u0105 zabaw\u0105. Mo\u017cesz liczy\u0107 na wsparcie ze strony mentora lub mentorki hajoona Body Restart. Wype\u0142nij formularz kontaktowy i&nbsp;do\u0142\u0105cz do programu Body Restart!<\/p>\n\n\n\n<div class=\"wp-block-buttons is-layout-flex wp-block-buttons-is-layout-flex\" style=\"margin-top:var(--wp--preset--spacing--3);margin-bottom:var(--wp--preset--spacing--3)\">\n<div class=\"wp-block-button\"><a class=\"wp-block-button__link wp-element-button\" href=\"https:\/\/hajoona.com\/pl\/kontakt\/\">Skontaktuj si\u0119!<\/a><\/div>\n<\/div>\n<\/div>\n<\/div><\/div>\n\n\n\n<div class=\"wp-block-group alignfull has-product-apricot-background-color has-background has-global-padding is-layout-constrained wp-block-group-is-layout-constrained\" style=\"margin-top:0;margin-bottom:0\">\n<div style=\"height:50px\" aria-hidden=\"true\" class=\"wp-block-spacer\"><\/div>\n\n\n\n<h2 class=\"wp-block-heading\">B\u0105d\u017a na bie\u017c\u0105co.<\/h2>\n\n\n\n<p>Zapisz si\u0119 do naszego newslettera, aby otrzymywa\u0107 wszystkie informacje na temat produkt\u00f3w i&nbsp;promocji z&nbsp;pierwszej r\u0119ki.<\/p>\n\n\n\n<div class=\"wp-block-buttons is-layout-flex wp-block-buttons-is-layout-flex\">\n<div class=\"wp-block-button\"><a class=\"wp-block-button__link wp-element-button\" href=\"https:\/\/hajoona.com\/pl\/newsletter\/\">Chc\u0119 subskrybowa\u0107 newsletter!<\/a><\/div>\n<\/div>\n\n\n\n<div style=\"height:50px\" aria-hidden=\"true\" class=\"wp-block-spacer\"><\/div>\n<\/div>\n","protected":false},"excerpt":{"rendered":"Kuracja Body Restart:Zacznij b\u0142yszcze\u0107 ju\u017c teraz! Zwi\u0119ksz skuteczno\u015b\u0107 naszych produkt\u00f3w, korzystaj\u0105c z&nbsp;kompleksowego programu na rzecz zdrowia Body Restart, i&nbsp;do\u0142\u0105cz do wyj\u0105tkowej spo\u0142eczno\u015bci. Dzi\u0119ki hajoona mo\u017cesz prowadzi\u0107 zdrowe i&nbsp;spe\u0142nione \u017cycie r\u00f3wnie\u017c w&nbsp;we wsp\u00f3\u0142czesnym, pe\u0142nym po\u015bpiechu \u015bwiecie. Aby umo\u017cliwi\u0107 wykorzystanie ca\u0142ego potencja\u0142u naszych produkt\u00f3w, opracowali\u015bmy wyj\u0105tkowo prosty i&nbsp;jednocze\u015bnie wysoce efektywny program na rzecz zdrowia, dzi\u0119ki kt\u00f3remu zyskasz&#8230;","protected":false},"author":6,"featured_media":4428,"parent":0,"menu_order":0,"comment_status":"closed","ping_status":"closed","template":"","meta":{"_acf_changed":false,"inline_featured_image":false,"footnotes":""},"class_list":["post-4424","page","type-page","status-publish","has-post-thumbnail","hentry"],"acf":[],"_links":{"self":[{"href":"https:\/\/hajoona.com\/pl\/wp-json\/wp\/v2\/pages\/4424","targetHints":{"allow":["GET"]}}],"collection":[{"href":"https:\/\/hajoona.com\/pl\/wp-json\/wp\/v2\/pages"}],"about":[{"href":"https:\/\/hajoona.com\/pl\/wp-json\/wp\/v2\/types\/page"}],"author":[{"embeddable":true,"href":"https:\/\/hajoona.com\/pl\/wp-json\/wp\/v2\/users\/6"}],"replies":[{"embeddable":true,"href":"https:\/\/hajoona.com\/pl\/wp-json\/wp\/v2\/comments?post=4424"}],"version-history":[{"count":9,"href":"https:\/\/hajoona.com\/pl\/wp-json\/wp\/v2\/pages\/4424\/revisions"}],"predecessor-version":[{"id":6489,"href":"https:\/\/hajoona.com\/pl\/wp-json\/wp\/v2\/pages\/4424\/revisions\/6489"}],"wp:featuredmedia":[{"embeddable":true,"href":"https:\/\/hajoona.com\/pl\/wp-json\/wp\/v2\/media\/4428"}],"wp:attachment":[{"href":"https:\/\/hajoona.com\/pl\/wp-json\/wp\/v2\/media?parent=4424"}],"curies":[{"name":"wp","href":"https:\/\/api.w.org\/{rel}","templated":true}]}}