{"id":7963,"date":"2023-03-17T15:32:10","date_gmt":"2023-03-17T14:32:10","guid":{"rendered":"https:\/\/hajoona.com\/hirlevel\/"},"modified":"2026-03-17T16:37:47","modified_gmt":"2026-03-17T15:37:47","slug":"hirlevel","status":"publish","type":"page","link":"https:\/\/hajoona.com\/hu\/hirlevel\/","title":{"rendered":"H\u00edrlev\u00e9l"},"content":{"rendered":"\n<div class=\"wp-block-group is-vertical is-layout-flex wp-container-core-group-is-layout-d6b9ab57 wp-block-group-is-layout-flex\" style=\"min-height:90vh\">\n<h1 class=\"wp-block-heading\">\u00dcgyf\u00e9l h\u00edrlev\u00e9l<\/h1>\n\n\n\n<form action=\"https:\/\/hajoona.info\/public\/forms\/779\/html\/submit\" method=\"POST\" class=\"is-layout-constrained\">\n\n<div class=\"is-layout-flex wp-block-columns\">\n        <div class=\"is-layout-flow wp-block-column\">\n            <div class=\"form-field\">\n            \t<select class=\"form-control form-select\" id=\"wv-form-item-title\" name=\"title\">\n\t\t\t\t<option value=\"\">&#8211; Megsz\u00f3l\u00edt\u00e1s &#8211;<\/option>\n\t\t\t\t<option value=\"m\">Uram<\/option>\n\t\t\t\t<option value=\"f\">H\u00f6lgy<\/option>\n\t\t\t\t<option value=\"d\">B\u00fav\u00e1rok<\/option>\n\t\t\t<\/select>\n      \t<\/div>\n\t<\/div>\n\n\t<div class=\"is-layout-flow wp-block-column\">\n            <div class=\"form-field\">\n                \n            <\/div>\n\t<\/div>\n\n<\/div>\n\n<div class=\"is-layout-flex wp-block-columns\">\n        <div class=\"is-layout-flow wp-block-column\">\n            <div class=\"form-field\">\n            \t<input required=\"\" class=\"form-control form-text\" type=\"text\" id=\"wv-form-item-first_name\" name=\"first_name\" placeholder=\"Keresztn\u00e9v\">  \n            <\/div>\n        <\/div>\n\n\n\n        <div class=\"is-layout-flow wp-block-column\">\n            <div class=\"form-field\">\n            \t<input required=\"\" class=\"form-control form-text\" type=\"text\" id=\"wv-form-item-family_name\" name=\"family_name\" placeholder=\"Vezet\u00e9kn\u00e9v\">\n            <\/div>\n        <\/div>\n<\/div>\n\n<div class=\"form-field\">\n<input required=\"\" class=\"form-control form-text\" type=\"text\" id=\"wv-form-item-email\" name=\"mail\" placeholder=\"E-Mail\">\n<\/div>\n\n<div>\n<button id=\"wv-submit\" name=\"wv-submit\" type=\"submit\" value=\"Bejelentkez\u00e9s\" class=\"btn btn-primary form-submit\">Bejelentkez\u00e9s<\/button>\n<\/div>\n\n<\/form>\n<\/div>\n","protected":false},"excerpt":{"rendered":"\u00dcgyf\u00e9l h\u00edrlev\u00e9l &#8211; Megsz\u00f3l\u00edt\u00e1s &#8211; Uram H\u00f6lgy B\u00fav\u00e1rok Bejelentkez\u00e9s","protected":false},"author":1,"featured_media":0,"parent":0,"menu_order":0,"comment_status":"closed","ping_status":"closed","template":"","meta":{"_acf_changed":false,"inline_featured_image":false,"footnotes":""},"class_list":["post-7963","page","type-page","status-publish","hentry"],"acf":[],"_links":{"self":[{"href":"https:\/\/hajoona.com\/hu\/wp-json\/wp\/v2\/pages\/7963","targetHints":{"allow":["GET"]}}],"collection":[{"href":"https:\/\/hajoona.com\/hu\/wp-json\/wp\/v2\/pages"}],"about":[{"href":"https:\/\/hajoona.com\/hu\/wp-json\/wp\/v2\/types\/page"}],"author":[{"embeddable":true,"href":"https:\/\/hajoona.com\/hu\/wp-json\/wp\/v2\/users\/1"}],"replies":[{"embeddable":true,"href":"https:\/\/hajoona.com\/hu\/wp-json\/wp\/v2\/comments?post=7963"}],"version-history":[{"count":4,"href":"https:\/\/hajoona.com\/hu\/wp-json\/wp\/v2\/pages\/7963\/revisions"}],"predecessor-version":[{"id":8129,"href":"https:\/\/hajoona.com\/hu\/wp-json\/wp\/v2\/pages\/7963\/revisions\/8129"}],"wp:attachment":[{"href":"https:\/\/hajoona.com\/hu\/wp-json\/wp\/v2\/media?parent=7963"}],"curies":[{"name":"wp","href":"https:\/\/api.w.org\/{rel}","templated":true}]}}