{"id":7910,"date":"2023-03-22T20:02:51","date_gmt":"2023-03-22T19:02:51","guid":{"rendered":"https:\/\/hajoona.com\/adatvedelem\/"},"modified":"2026-02-27T13:22:08","modified_gmt":"2026-02-27T12:22:08","slug":"adatvedelem","status":"publish","type":"page","link":"https:\/\/hajoona.com\/hu\/adatvedelem\/","title":{"rendered":"Adatv\u00e9delem"},"content":{"rendered":"\n<h2 class=\"wp-block-heading\">Adatv\u00e9delem<\/h2>\n\n<div style=\"height:32px\" aria-hidden=\"true\" class=\"wp-block-spacer\"><\/div>\n\n<h4 class=\"wp-block-heading\">Adatv\u00e9delem hajoona GmbH &#8211; HU<\/h4>\n\n<div class=\"wp-block-buttons is-layout-flex wp-block-buttons-is-layout-flex\">\n<div class=\"wp-block-button\"><a class=\"wp-block-button__link wp-element-button\" href=\"https:\/\/drive.google.com\/file\/d\/1_HQZwsiJ66Ewj2TgpMANmxCRp_OJdd68\/view?usp=drive_link\">Adatv\u00e9delem &#8211; HU<\/a><\/div>\n<\/div>\n\n<div style=\"height:32px\" aria-hidden=\"true\" class=\"wp-block-spacer\"><\/div>\n\n<h4 class=\"wp-block-heading\">Adatv\u00e9delem hajoona GmbH &#8211; AUT<\/h4>\n\n<div class=\"wp-block-buttons is-layout-flex wp-block-buttons-is-layout-flex\">\n<div class=\"wp-block-button\"><a class=\"wp-block-button__link wp-element-button\" href=\"https:\/\/drive.google.com\/file\/d\/1_HQZwsiJ66Ewj2TgpMANmxCRp_OJdd68\/view?usp=drive_link\">Adatv\u00e9delem &#8211; AUT<\/a><\/div>\n<\/div>\n\n<div style=\"height:32px\" aria-hidden=\"true\" class=\"wp-block-spacer\"><\/div>\n\n<h4 class=\"wp-block-heading\">Adatv\u00e9delem hajoona GmbH &#8211; CH<\/h4>\n\n<div class=\"wp-block-buttons is-layout-flex wp-block-buttons-is-layout-flex\">\n<div class=\"wp-block-button\"><a class=\"wp-block-button__link wp-element-button\" href=\"https:\/\/drive.google.com\/file\/d\/18DDdu7QfcKN_wSWKZX7slaZiJLm81a1y\/view?usp=drive_link\">Adatv\u00e9delem &#8211; CH<\/a><\/div>\n<\/div>\n\n<div style=\"height:32px\" aria-hidden=\"true\" class=\"wp-block-spacer\"><\/div>\n\n<h4 class=\"wp-block-heading\">Adatv\u00e9delem hajoona GmbH &#8211; ENG<\/h4>\n\n<div class=\"wp-block-buttons is-layout-flex wp-block-buttons-is-layout-flex\">\n<div class=\"wp-block-button\"><a class=\"wp-block-button__link wp-element-button\" href=\"https:\/\/drive.google.com\/file\/d\/1eGZ4D8Gwou5WsvR3lsUsmTUgOKlDl34S\/view?usp=drive_link\">Adatv\u00e9delem &#8211; ENG<\/a><\/div>\n<\/div>\n\n<div style=\"height:32px\" aria-hidden=\"true\" class=\"wp-block-spacer\"><\/div>\n\n<h4 class=\"wp-block-heading\">Adatv\u00e9delem hajoona GmbH &#8211; CZ<\/h4>\n\n<div class=\"wp-block-buttons is-layout-flex wp-block-buttons-is-layout-flex\">\n<div class=\"wp-block-button\"><a class=\"wp-block-button__link wp-element-button\" href=\"https:\/\/drive.google.com\/file\/d\/1JnpPiPGCIS5m_LX6LsIq7gNOPTY6C7mL\/view?usp=drive_link\">Adatv\u00e9delem &#8211; CZ<\/a><\/div>\n<\/div>\n\n<div style=\"height:32px\" aria-hidden=\"true\" class=\"wp-block-spacer\"><\/div>\n\n<h4 class=\"wp-block-heading\">Adatv\u00e9delem hajoona GmbH &#8211; FR<\/h4>\n\n<div class=\"wp-block-buttons is-layout-flex wp-block-buttons-is-layout-flex\">\n<div class=\"wp-block-button\"><a class=\"wp-block-button__link wp-element-button\" href=\"https:\/\/drive.google.com\/file\/d\/1Wr9gI8KPDG_iChdy7P2b0vi8JQYf0R1a\/view?usp=drive_link\">Adatv\u00e9delem &#8211; FR<\/a><\/div>\n<\/div>\n\n<div style=\"height:32px\" aria-hidden=\"true\" class=\"wp-block-spacer\"><\/div>\n\n<h4 class=\"wp-block-heading\">Adatv\u00e9delem hajoona GmbH &#8211; PL<\/h4>\n\n<div class=\"wp-block-buttons is-layout-flex wp-block-buttons-is-layout-flex\">\n<div class=\"wp-block-button\"><a class=\"wp-block-button__link wp-element-button\" href=\"https:\/\/drive.google.com\/file\/d\/1h-Y99_zg94Ctb6Xn4UgGBtpb3X5vRWOt\/view?usp=drive_link\">Adatv\u00e9delem &#8211; PL<\/a><\/div>\n<\/div>\n\n<div style=\"height:32px\" aria-hidden=\"true\" class=\"wp-block-spacer\"><\/div>\n\n<h4 class=\"wp-block-heading\">Adatv\u00e9delem hajoona GmbH &#8211; ES<\/h4>\n\n<div class=\"wp-block-buttons is-layout-flex wp-block-buttons-is-layout-flex\">\n<div class=\"wp-block-button\"><a class=\"wp-block-button__link wp-element-button\" href=\"https:\/\/drive.google.com\/file\/d\/1SZmS44zD9q9gYY0ChQRWgQbTkLv-kysW\/view?usp=drive_link\">Adatv\u00e9delem &#8211; ES<\/a><\/div>\n<\/div>\n","protected":false},"excerpt":{"rendered":"Adatv\u00e9delem Adatv\u00e9delem hajoona GmbH &#8211; HU Adatv\u00e9delem hajoona GmbH &#8211; AUT Adatv\u00e9delem hajoona GmbH &#8211; CH Adatv\u00e9delem hajoona GmbH &#8211; ENG Adatv\u00e9delem hajoona GmbH &#8211; CZ Adatv\u00e9delem hajoona GmbH &#8211; FR Adatv\u00e9delem hajoona GmbH &#8211; PL Adatv\u00e9delem hajoona GmbH &#8211; ES","protected":false},"author":9,"featured_media":0,"parent":0,"menu_order":0,"comment_status":"closed","ping_status":"closed","template":"","meta":{"_acf_changed":false,"inline_featured_image":false,"footnotes":""},"class_list":["post-7910","page","type-page","status-publish","hentry"],"acf":[],"_links":{"self":[{"href":"https:\/\/hajoona.com\/hu\/wp-json\/wp\/v2\/pages\/7910","targetHints":{"allow":["GET"]}}],"collection":[{"href":"https:\/\/hajoona.com\/hu\/wp-json\/wp\/v2\/pages"}],"about":[{"href":"https:\/\/hajoona.com\/hu\/wp-json\/wp\/v2\/types\/page"}],"author":[{"embeddable":true,"href":"https:\/\/hajoona.com\/hu\/wp-json\/wp\/v2\/users\/9"}],"replies":[{"embeddable":true,"href":"https:\/\/hajoona.com\/hu\/wp-json\/wp\/v2\/comments?post=7910"}],"version-history":[{"count":1,"href":"https:\/\/hajoona.com\/hu\/wp-json\/wp\/v2\/pages\/7910\/revisions"}],"predecessor-version":[{"id":7911,"href":"https:\/\/hajoona.com\/hu\/wp-json\/wp\/v2\/pages\/7910\/revisions\/7911"}],"wp:attachment":[{"href":"https:\/\/hajoona.com\/hu\/wp-json\/wp\/v2\/media?parent=7910"}],"curies":[{"name":"wp","href":"https:\/\/api.w.org\/{rel}","templated":true}]}}