{"id":7892,"date":"2023-03-22T20:18:50","date_gmt":"2023-03-22T19:18:50","guid":{"rendered":"https:\/\/hajoona.com\/impresszum\/"},"modified":"2026-02-27T13:21:56","modified_gmt":"2026-02-27T12:21:56","slug":"impresszum","status":"publish","type":"page","link":"https:\/\/hajoona.com\/hu\/impresszum\/","title":{"rendered":"Impresszum"},"content":{"rendered":"\n<div style=\"height:10px\" aria-hidden=\"true\" class=\"wp-block-spacer\"><\/div>\n\n<h1 class=\"wp-block-heading\" style=\"font-size:clamp(34.313px, 2.145rem + ((1vw - 3.2px) * 2.472), 62px);\">Impresszum<\/h1>\n\n<h2 class=\"wp-block-heading\" style=\"font-size:clamp(20px, 1.25rem + ((1vw - 3.2px) * 1.071), 32px);\">A DDG 5. \u00a7-a szerinti t\u00e1j\u00e9koztat\u00e1s  <\/h2>\n\n<p>hajoona GmbH<br\/>Heinrich-Fuchs-Stra\u00dfe 94-96<br\/>69126 Heidelberg<\/p>\n\n<p>Kereskedelmi nyilv\u00e1ntart\u00e1s: HRB 714573<br\/>Nyilv\u00e1ntart\u00f3 b\u00edr\u00f3s\u00e1g: Mannheimi Helyi B\u00edr\u00f3s\u00e1g<\/p>\n\n<p><strong>K\u00e9pviseli:<\/strong><br\/>\u00dcgyvezet\u0151 igazgat\u00f3: Daniela Lipgens<\/p>\n\n<h3 class=\"wp-block-heading\" style=\"font-size:clamp(16.293px, 1.018rem + ((1vw - 3.2px) * 0.777), 25px);\">Kapcsolatfelv\u00e9tel<\/h3>\n\n<p>Telefon: +49 (0) 6221 64702-77<br\/>Fax: +49 (0) 6221 64702-89<br\/>E-mail: <a href=\"mailto:office@hajoona.com\">office@hajoona.com<\/a>.<\/p>\n\n<h3 class=\"wp-block-heading\" style=\"font-size:clamp(16.293px, 1.018rem + ((1vw - 3.2px) * 0.777), 25px);\">Forgalmiad\u00f3-azonos\u00edt\u00f3<\/h3>\n\n<p>Az \u00e1ltal\u00e1nos forgalmi ad\u00f3r\u00f3l sz\u00f3l\u00f3 t\u00f6rv\u00e9ny 27. \u00a7-a szerinti ad\u00f3azonos\u00edt\u00f3 sz\u00e1m:<br\/>DE 287898611<\/p>\n\n<p>Sz\u00e1mlaadatok<br\/>Commerzbank, DE54 6724 0039 0194 6920 00, BIC COBADEFFXXX<\/p>\n\n<h2 class=\"wp-block-heading\" style=\"font-size:clamp(20px, 1.25rem + ((1vw - 3.2px) * 1.071), 32px);\">A tartalom\u00e9rt felel\u0151s az RStV 55 Abs. 2. \u00a7 szerint <\/h2>\n\n<p>Daniela Lipgens<br\/>Heinrich-Fuchs-Stra\u00dfe 94-96<br\/>69126 Heidelberg<\/p>\n\n<h3 class=\"wp-block-heading\" style=\"font-size:clamp(16.293px, 1.018rem + ((1vw - 3.2px) * 0.777), 25px);\">EU-s vitarendez\u00e9s<\/h3>\n\n<p>Az Eur\u00f3pai Bizotts\u00e1g online vitarendez\u00e9si platformot (OS) biztos\u00edt: <a href=\"https:\/\/ec.europa.eu\/consumers\/odr\" target=\"_blank\" rel=\"noreferrer noopener\">https:\/\/ec.europa.eu\/consumers\/odr.<\/a><br\/>E-mail c\u00edm\u00fcnket a fenti jogi k\u00f6zlem\u00e9nyben tal\u00e1lja.<\/p>\n\n<h3 class=\"wp-block-heading\" style=\"font-size:clamp(16.293px, 1.018rem + ((1vw - 3.2px) * 0.777), 25px);\">Fogyaszt\u00f3i jogvit\u00e1k rendez\u00e9se\/egyetemes v\u00e1lasztottb\u00edr\u00f3s\u00e1gi k\u00f6zpont<\/h3>\n\n<p>Nem vagyunk hajland\u00f3ak vagy k\u00f6telesek r\u00e9szt venni a fogyaszt\u00f3i d\u00f6nt\u0151bizotts\u00e1g el\u0151tti vitarendez\u00e9si elj\u00e1r\u00e1sban.<\/p>\n\n<h3 class=\"wp-block-heading\" style=\"font-size:clamp(16.293px, 1.018rem + ((1vw - 3.2px) * 0.777), 25px);\">Felel\u0151ss\u00e9g a tartalom\u00e9rt<\/h3>\n\n<p>Szolg\u00e1ltat\u00f3k\u00e9nt a DDG 7. \u00a7 (1) bekezd\u00e9se \u00e9s az \u00e1ltal\u00e1nos jogszab\u00e1lyok \u00e9rtelm\u00e9ben felel\u0151sek vagyunk az oldalakon tal\u00e1lhat\u00f3 saj\u00e1t tartalmunk\u00e9rt. A DDG 8-10. \u00a7-ai szerint azonban szolg\u00e1ltat\u00f3k\u00e9nt nem vagyunk k\u00f6telesek a harmadik f\u00e9l \u00e1ltal tov\u00e1bb\u00edtott vagy t\u00e1rolt inform\u00e1ci\u00f3kat ellen\u0151rizni, illetve a jogellenes tev\u00e9kenys\u00e9gre utal\u00f3 k\u00f6r\u00fclm\u00e9nyeket kivizsg\u00e1lni.  <\/p>\n\n<p>Ez nem \u00e9rinti az inform\u00e1ci\u00f3k elt\u00e1vol\u00edt\u00e1s\u00e1ra vagy felhaszn\u00e1l\u00e1s\u00e1nak megakad\u00e1lyoz\u00e1s\u00e1ra vonatkoz\u00f3, az \u00e1ltal\u00e1nos jogszab\u00e1lyoknak megfelel\u0151 k\u00f6telezetts\u00e9geket. Az ezzel kapcsolatos felel\u0151ss\u00e9gre von\u00e1s azonban csak att\u00f3l az id\u0151pontt\u00f3l kezdve lehets\u00e9ges, amikor a konkr\u00e9t jogs\u00e9rt\u00e9sr\u0151l tudom\u00e1st szerezt\u00fcnk. Amint tudom\u00e1st szerz\u00fcnk az ilyen jogs\u00e9rt\u00e9sekr\u0151l, azonnal elt\u00e1vol\u00edtjuk ezt a tartalmat.  <\/p>\n\n<h3 class=\"wp-block-heading\" style=\"font-size:clamp(16.293px, 1.018rem + ((1vw - 3.2px) * 0.777), 25px);\">Felel\u0151ss\u00e9g a linkek\u00e9rt<\/h3>\n\n<p>Weboldalunk k\u00fcls\u0151, harmadik felek weboldalaira mutat\u00f3 linkeket tartalmaz, amelyek tartalm\u00e1ra nincs befoly\u00e1sunk. Ez\u00e9rt nem tudunk felel\u0151ss\u00e9get v\u00e1llalni ezek\u00e9rt a harmadik f\u00e9lt\u0151l sz\u00e1rmaz\u00f3 tartalmak\u00e9rt. A hivatkozott oldalak tartalm\u00e1\u00e9rt mindig a mindenkori szolg\u00e1ltat\u00f3 vagy az oldalak \u00fczemeltet\u0151je felel\u0151s. A linkelt oldalakat a linkel\u00e9s id\u0151pontj\u00e1ban ellen\u0151rizt\u00fck az esetleges t\u00f6rv\u00e9nys\u00e9rt\u00e9sek szempontj\u00e1b\u00f3l. Jogellenes tartalmak a linkel\u00e9s id\u0151pontj\u00e1ban nem voltak felismerhet\u0151k.    <\/p>\n\n<p>A hivatkozott oldalak tartalm\u00e1nak \u00e1lland\u00f3 figyelemmel k\u00eds\u00e9r\u00e9se azonban nem \u00e9sszer\u0171 a jogs\u00e9rt\u00e9s konkr\u00e9t bizony\u00edt\u00e9ka n\u00e9lk\u00fcl. Amennyiben jogszab\u00e1lys\u00e9rt\u00e9sr\u0151l szerez\u00fcnk tudom\u00e1st, azonnal elt\u00e1vol\u00edtjuk az ilyen linkeket. <\/p>\n\n<h3 class=\"wp-block-heading\" style=\"font-size:clamp(16.293px, 1.018rem + ((1vw - 3.2px) * 0.777), 25px);\">Szerz\u0151i jog<\/h3>\n\n<p>Az oldal \u00fczemeltet\u0151i \u00e1ltal ezen oldalakon l\u00e9trehozott tartalmak \u00e9s m\u0171vek a n\u00e9met szerz\u0151i jog hat\u00e1lya al\u00e1 tartoznak. A sokszoros\u00edt\u00e1s, feldolgoz\u00e1s, terjeszt\u00e9s \u00e9s a szerz\u0151i jog hat\u00e1rain k\u00edv\u00fcli b\u00e1rmilyen felhaszn\u00e1l\u00e1s csak az adott szerz\u0151 vagy alkot\u00f3 \u00edr\u00e1sbeli hozz\u00e1j\u00e1rul\u00e1s\u00e1val lehets\u00e9ges. Az oldal let\u00f6lt\u00e9se \u00e9s m\u00e1sol\u00e1sa kiz\u00e1r\u00f3lag mag\u00e1njelleg\u0171, nem kereskedelmi c\u00e9l\u00fa felhaszn\u00e1l\u00e1sra enged\u00e9lyezett.  <\/p>\n\n<p>Amennyiben az ezen az oldalon tal\u00e1lhat\u00f3 tartalom nem az \u00fczemeltet\u0151 \u00e1ltal k\u00e9sz\u00fclt, a harmadik felek szerz\u0151i jogait tiszteletben tartjuk. K\u00fcl\u00f6n\u00f6sen a harmadik f\u00e9lt\u0151l sz\u00e1rmaz\u00f3 tartalmakat jel\u00f6lik meg. Amennyiben m\u00e9gis tudom\u00e1s\u00e1ra jutna, hogy a szerz\u0151i jogokat megs\u00e9rtett\u00e9k, k\u00e9rj\u00fck, t\u00e1j\u00e9koztasson minket err\u0151l. Amennyiben jogs\u00e9rt\u00e9sr\u0151l szerez\u00fcnk tudom\u00e1st, azonnal elt\u00e1vol\u00edtjuk az ilyen tartalmakat.   <br\/><br\/><br\/><\/p>\n","protected":false},"excerpt":{"rendered":"Impresszum A DDG 5. \u00a7-a szerinti t\u00e1j\u00e9koztat\u00e1s hajoona GmbHHeinrich-Fuchs-Stra\u00dfe 94-9669126 Heidelberg Kereskedelmi nyilv\u00e1ntart\u00e1s: HRB 714573Nyilv\u00e1ntart\u00f3 b\u00edr\u00f3s\u00e1g: Mannheimi Helyi B\u00edr\u00f3s\u00e1g K\u00e9pviseli:\u00dcgyvezet\u0151 igazgat\u00f3: Daniela Lipgens Kapcsolatfelv\u00e9tel Telefon: +49 (0) 6221 64702-77Fax: +49 (0) 6221 64702-89E-mail: office@hajoona.com. Forgalmiad\u00f3-azonos\u00edt\u00f3 Az \u00e1ltal\u00e1nos forgalmi ad\u00f3r\u00f3l sz\u00f3l\u00f3 t\u00f6rv\u00e9ny 27. \u00a7-a szerinti ad\u00f3azonos\u00edt\u00f3 sz\u00e1m:DE 287898611 Sz\u00e1mlaadatokCommerzbank, DE54 6724 0039 0194 6920 00, BIC&#8230;","protected":false},"author":9,"featured_media":0,"parent":0,"menu_order":0,"comment_status":"closed","ping_status":"closed","template":"","meta":{"_acf_changed":false,"inline_featured_image":false,"footnotes":""},"class_list":["post-7892","page","type-page","status-publish","hentry"],"acf":[],"_links":{"self":[{"href":"https:\/\/hajoona.com\/hu\/wp-json\/wp\/v2\/pages\/7892","targetHints":{"allow":["GET"]}}],"collection":[{"href":"https:\/\/hajoona.com\/hu\/wp-json\/wp\/v2\/pages"}],"about":[{"href":"https:\/\/hajoona.com\/hu\/wp-json\/wp\/v2\/types\/page"}],"author":[{"embeddable":true,"href":"https:\/\/hajoona.com\/hu\/wp-json\/wp\/v2\/users\/9"}],"replies":[{"embeddable":true,"href":"https:\/\/hajoona.com\/hu\/wp-json\/wp\/v2\/comments?post=7892"}],"version-history":[{"count":1,"href":"https:\/\/hajoona.com\/hu\/wp-json\/wp\/v2\/pages\/7892\/revisions"}],"predecessor-version":[{"id":7894,"href":"https:\/\/hajoona.com\/hu\/wp-json\/wp\/v2\/pages\/7892\/revisions\/7894"}],"wp:attachment":[{"href":"https:\/\/hajoona.com\/hu\/wp-json\/wp\/v2\/media?parent=7892"}],"curies":[{"name":"wp","href":"https:\/\/api.w.org\/{rel}","templated":true}]}}