{"id":7883,"date":"2024-08-21T13:35:53","date_gmt":"2024-08-21T11:35:53","guid":{"rendered":"https:\/\/hajoona.com\/visszavonas\/"},"modified":"2026-02-27T13:21:38","modified_gmt":"2026-02-27T12:21:38","slug":"visszavonas","status":"publish","type":"page","link":"https:\/\/hajoona.com\/hu\/visszavonas\/","title":{"rendered":"Visszavon\u00e1s"},"content":{"rendered":"\n<div style=\"height:10px\" aria-hidden=\"true\" class=\"wp-block-spacer\"><\/div>\n\n<h1 class=\"wp-block-heading\" style=\"font-size:clamp(27.42px, 1.714rem + ((1vw - 3.2px) * 1.748), 47px);\"><strong>A fogyaszt\u00f3k el\u00e1ll\u00e1si joga<\/strong><\/h1>\n\n<div style=\"height:10px\" aria-hidden=\"true\" class=\"wp-block-spacer\"><\/div>\n\n<h2 class=\"wp-block-heading\" style=\"font-size:clamp(20px, 1.25rem + ((1vw - 3.2px) * 1.071), 32px);\"><strong>El\u00e1ll\u00e1si jog<\/strong><\/h2>\n\n<p>\u00d6n jogosult tizenn\u00e9gy napon bel\u00fcl indokl\u00e1s n\u00e9lk\u00fcl el\u00e1llni a szerz\u0151d\u00e9st\u0151l.<br\/>Az el\u00e1ll\u00e1si hat\u00e1rid\u0151 tizenn\u00e9gy nap att\u00f3l a napt\u00f3l sz\u00e1m\u00edtva, amikor \u00d6n vagy az \u00d6n \u00e1ltal megnevezett harmadik szem\u00e9ly, aki nem a fuvaroz\u00f3, az \u00e1rut birtokba vette. T\u00f6bb olyan \u00e1rura vonatkoz\u00f3 szerz\u0151d\u00e9s eset\u00e9n, amelyeket \u00d6n egyetlen megrendel\u00e9s keret\u00e9ben rendelt meg, \u00e9s amelyeket k\u00fcl\u00f6n-k\u00fcl\u00f6n sz\u00e1ll\u00edtanak, az el\u00e1ll\u00e1si hat\u00e1rid\u0151 azon a napon kezd\u0151dik, amikor \u00d6n vagy az \u00d6n \u00e1ltal megnevezett harmadik szem\u00e9ly, aki nem a fuvaroz\u00f3, az utols\u00f3 \u00e1rut \u00e1tvette. Hat\u00e1rozott id\u0151re sz\u00f3l\u00f3, rendszeres \u00e1rusz\u00e1ll\u00edt\u00e1sra vonatkoz\u00f3 szerz\u0151d\u00e9s eset\u00e9n az el\u00e1ll\u00e1si hat\u00e1rid\u0151 azon a napon kezd\u0151dik, amikor \u00d6n vagy az \u00d6n \u00e1ltal megnevezett harmadik szem\u00e9ly, aki nem a fuvaroz\u00f3, az els\u0151 \u00e1rut \u00e1tvette.<br\/>Az el\u00e1ll\u00e1si jog gyakorl\u00e1sa \u00e9rdek\u00e9ben kapcsolatba kell l\u00e9pnie vel\u00fcnk (hajoona GmbH, Heinrich-Fuchs-Stra\u00dfe 94-96, 69126 Heidelberg, FAX: +49 6221 64702-89, e-mail:    <a href=\"mailto:cc@hajoona.com\"><\/a><a href=\"mailto:cc@hajoona.com\">cc@hajoona.com)<\/a> egy\u00e9rtelm\u0171 nyilatkozatban (pl. postai \u00faton, faxon vagy e-mailben k\u00fcld\u00f6tt lev\u00e9lben) t\u00e1j\u00e9koztatja a szerz\u0151d\u00e9st\u0151l val\u00f3 el\u00e1ll\u00e1sra vonatkoz\u00f3 d\u00f6nt\u00e9s\u00e9r\u0151l. Haszn\u00e1lhatja a mell\u00e9kelt el\u00e1ll\u00e1si nyilatkozatmint\u00e1t, de ez nem k\u00f6telez\u0151. A nyomtatv\u00e1nyt itt tal\u00e1lja: <a href=\"https:\/\/drive.google.com\/file\/d\/1h5AQhx61dHaAJj07M051PDitIweY4RAO\/view\" target=\"_blank\" rel=\"noreferrer noopener\">hajoona felmond\u00e1si nyomtatv\u00e1nyminta<\/a>.<br\/>A felmond\u00e1si hat\u00e1rid\u0151 betart\u00e1s\u00e1hoz elegend\u0151, ha a felmond\u00e1si jog gyakorl\u00e1s\u00e1ra vonatkoz\u00f3 k\u00f6zlem\u00e9ny\u00e9t a felmond\u00e1si hat\u00e1rid\u0151 lej\u00e1rta el\u0151tt elk\u00fcldi.  <\/p>\n\n<p>Az el\u00e1ll\u00e1s k\u00f6vetkezm\u00e9nyei<br\/>Ha \u00d6n el\u00e1ll a szerz\u0151d\u00e9st\u0151l, indokolatlan k\u00e9sedelem n\u00e9lk\u00fcl, de legk\u00e9s\u0151bb att\u00f3l a napt\u00f3l sz\u00e1m\u00edtott 14 napon bel\u00fcl, amikor \u00e9rtes\u00fclt\u00fcnk az \u00d6n el\u00e1ll\u00e1si sz\u00e1nd\u00e9k\u00e1r\u00f3l, visszafizetj\u00fck \u00d6nnek az \u00d6nt\u0151l kapott \u00f6sszes kifizet\u00e9st, bele\u00e9rtve a sz\u00e1ll\u00edt\u00e1si k\u00f6lts\u00e9geket is (kiv\u00e9ve az \u00d6n \u00e1ltalunk k\u00edn\u00e1lt legolcs\u00f3bb szabv\u00e1nyos sz\u00e1ll\u00edt\u00e1si m\u00f3dt\u00f3l elt\u00e9r\u0151 sz\u00e1ll\u00edt\u00e1si m\u00f3d v\u00e1laszt\u00e1sa miatt felmer\u00fcl\u0151 t\u00f6bbletk\u00f6lts\u00e9geket). A visszafizet\u00e9shez ugyanazt a fizet\u00e9si eszk\u00f6zt fogjuk haszn\u00e1lni, amelyet \u00d6n az eredeti tranzakci\u00f3 sor\u00e1n haszn\u00e1lt, kiv\u00e9ve, ha kifejezetten m\u00e1sk\u00e9pp \u00e1llapodtunk meg \u00d6nnel; a visszafizet\u00e9s semmilyen esetben sem sz\u00e1m\u00edtunk fel \u00d6nnek semmilyen k\u00f6lts\u00e9get. <\/p>\n\n<p>A visszat\u00e9r\u00edt\u00e9st megtagadhatjuk mindaddig, am\u00edg az \u00e1rut vissza nem kaptuk, vagy am\u00edg \u00d6n nem bizony\u00edtja, hogy az \u00e1rut visszak\u00fcldte, att\u00f3l f\u00fcgg\u0151en, hogy melyik a kor\u00e1bbi id\u0151pont.<\/p>\n\n<p>Az \u00e1rut halad\u00e9ktalanul, de legk\u00e9s\u0151bb att\u00f3l a napt\u00f3l sz\u00e1m\u00edtott tizenn\u00e9gy napon bel\u00fcl, amikor \u00d6n t\u00e1j\u00e9koztat minket a szerz\u0151d\u00e9s felmond\u00e1s\u00e1r\u00f3l, vissza kell k\u00fcldenie vagy \u00e1t kell adnia nek\u00fcnk. A hat\u00e1rid\u0151 akkor teljes\u00fcl, ha \u00d6n a tizenn\u00e9gy napos hat\u00e1rid\u0151 lej\u00e1rta el\u0151tt elk\u00fcldi az \u00e1rut. <\/p>\n\n<p>Az \u00e1ru visszak\u00fcld\u00e9s\u00e9nek k\u00f6zvetlen k\u00f6lts\u00e9gei \u00d6nt terhelik.<\/p>\n\n<p>\u00d6nnek csak akkor kell megfizetnie az \u00e1ru \u00e9rt\u00e9kveszt\u00e9s\u00e9t, ha ez az \u00e9rt\u00e9kveszt\u00e9s az \u00e1ru olyan kezel\u00e9s\u00e9b\u0151l ad\u00f3dik, amely nem sz\u00fcks\u00e9ges az \u00e1ru \u00e1llapot\u00e1nak, tulajdons\u00e1gainak \u00e9s m\u0171k\u00f6d\u0151k\u00e9pess\u00e9g\u00e9nek ellen\u0151rz\u00e9s\u00e9hez.<\/p>\n\n<div style=\"height:50px\" aria-hidden=\"true\" class=\"wp-block-spacer\"><\/div>\n","protected":false},"excerpt":{"rendered":"A fogyaszt\u00f3k el\u00e1ll\u00e1si joga El\u00e1ll\u00e1si jog \u00d6n jogosult tizenn\u00e9gy napon bel\u00fcl indokl\u00e1s n\u00e9lk\u00fcl el\u00e1llni a szerz\u0151d\u00e9st\u0151l.Az el\u00e1ll\u00e1si hat\u00e1rid\u0151 tizenn\u00e9gy nap att\u00f3l a napt\u00f3l sz\u00e1m\u00edtva, amikor \u00d6n vagy az \u00d6n \u00e1ltal megnevezett harmadik szem\u00e9ly, aki nem a fuvaroz\u00f3, az \u00e1rut birtokba vette. T\u00f6bb olyan \u00e1rura vonatkoz\u00f3 szerz\u0151d\u00e9s eset\u00e9n, amelyeket \u00d6n egyetlen megrendel\u00e9s keret\u00e9ben rendelt meg, \u00e9s&#8230;","protected":false},"author":6,"featured_media":0,"parent":0,"menu_order":0,"comment_status":"closed","ping_status":"closed","template":"","meta":{"_acf_changed":false,"inline_featured_image":false,"footnotes":""},"class_list":["post-7883","page","type-page","status-publish","hentry"],"acf":[],"_links":{"self":[{"href":"https:\/\/hajoona.com\/hu\/wp-json\/wp\/v2\/pages\/7883","targetHints":{"allow":["GET"]}}],"collection":[{"href":"https:\/\/hajoona.com\/hu\/wp-json\/wp\/v2\/pages"}],"about":[{"href":"https:\/\/hajoona.com\/hu\/wp-json\/wp\/v2\/types\/page"}],"author":[{"embeddable":true,"href":"https:\/\/hajoona.com\/hu\/wp-json\/wp\/v2\/users\/6"}],"replies":[{"embeddable":true,"href":"https:\/\/hajoona.com\/hu\/wp-json\/wp\/v2\/comments?post=7883"}],"version-history":[{"count":1,"href":"https:\/\/hajoona.com\/hu\/wp-json\/wp\/v2\/pages\/7883\/revisions"}],"predecessor-version":[{"id":7884,"href":"https:\/\/hajoona.com\/hu\/wp-json\/wp\/v2\/pages\/7883\/revisions\/7884"}],"wp:attachment":[{"href":"https:\/\/hajoona.com\/hu\/wp-json\/wp\/v2\/media?parent=7883"}],"curies":[{"name":"wp","href":"https:\/\/api.w.org\/{rel}","templated":true}]}}