{"id":7881,"date":"2024-09-27T08:25:52","date_gmt":"2024-09-27T06:25:52","guid":{"rendered":"https:\/\/hajoona.com\/lemondas\/"},"modified":"2026-03-17T16:33:36","modified_gmt":"2026-03-17T15:33:36","slug":"lemondas","status":"publish","type":"page","link":"https:\/\/hajoona.com\/hu\/lemondas\/","title":{"rendered":"Lemond\u00e1s"},"content":{"rendered":"\n<h1 class=\"wp-block-heading\" style=\"margin-top:var(--wp--preset--spacing--5);margin-bottom:var(--wp--preset--spacing--3);font-size:clamp(34.313px, 2.145rem + ((1vw - 3.2px) * 2.472), 62px);\"><strong>A felmond\u00e1s visszaigazol\u00f3 oldala<\/strong><\/h1>\n\n\n\n<p>Itt, mint mag\u00e1nszem\u00e9ly (fogyaszt\u00f3), felmondhatod a hajoona-n\u00e1l k\u00f6t\u00f6tt term\u00e9k-el\u0151fizet\u00e9sedet.<\/p>\n\n\n\n<div class=\"wpcf7 no-js\" id=\"wpcf7-f8103-o1\" lang=\"de-DE\" dir=\"ltr\" data-wpcf7-id=\"8103\">\n<div class=\"screen-reader-response\"><p role=\"status\" aria-live=\"polite\" aria-atomic=\"true\"><\/p> <ul><\/ul><\/div>\n<form action=\"\/hu\/wp-json\/wp\/v2\/pages\/7881#wpcf7-f8103-o1\" method=\"post\" class=\"wpcf7-form init\" aria-label=\"Kontaktformular\" novalidate=\"novalidate\" data-status=\"init\">\n<fieldset class=\"hidden-fields-container\"><input type=\"hidden\" name=\"_wpcf7\" value=\"8103\" \/><input type=\"hidden\" name=\"_wpcf7_version\" value=\"6.1.5\" \/><input type=\"hidden\" name=\"_wpcf7_locale\" value=\"de_DE\" \/><input type=\"hidden\" name=\"_wpcf7_unit_tag\" value=\"wpcf7-f8103-o1\" \/><input type=\"hidden\" name=\"_wpcf7_container_post\" value=\"0\" \/><input type=\"hidden\" name=\"_wpcf7_posted_data_hash\" value=\"\" \/>\n<\/fieldset>\n<div class=\"is-layout-constrained\">\n\t<div>\n\t\t<p><span class=\"wpcf7-form-control-wrap\" data-name=\"salutation\"><select class=\"wpcf7-form-control wpcf7-select\" aria-invalid=\"false\" name=\"salutation\"><option value=\"Uram\">Uram<\/option><option value=\"H\u00f6lgyem\">H\u00f6lgyem<\/option><\/select><\/span>\n\t\t<\/p>\n\t<\/div>\n\t<div class=\"is-layout-flex wp-block-columns\">\n\t\t<div class=\"is-layout-flow wp-block-column\">\n\t\t\t<p><span class=\"wpcf7-form-control-wrap\" data-name=\"first-name\"><input size=\"40\" maxlength=\"400\" class=\"wpcf7-form-control wpcf7-text wpcf7-validates-as-required\" autocomplete=\"firstname\" aria-required=\"true\" aria-invalid=\"false\" placeholder=\"Keresztn\u00e9v\" value=\"\" type=\"text\" name=\"first-name\" \/><\/span>\n\t\t\t<\/p>\n\t\t<\/div>\n\t\t<div class=\"is-layout-flow wp-block-column\">\n\t\t\t<p><span class=\"wpcf7-form-control-wrap\" data-name=\"last-name\"><input size=\"40\" maxlength=\"400\" class=\"wpcf7-form-control wpcf7-text wpcf7-validates-as-required\" autocomplete=\"lastname\" aria-required=\"true\" aria-invalid=\"false\" placeholder=\"Vezet\u00e9kn\u00e9v\" value=\"\" type=\"text\" name=\"last-name\" \/><\/span>\n\t\t\t<\/p>\n\t\t<\/div>\n\t<\/div>\n\t<div>\n\t\t<p><span class=\"wpcf7-form-control-wrap\" data-name=\"street-name\"><input size=\"40\" maxlength=\"400\" class=\"wpcf7-form-control wpcf7-text wpcf7-validates-as-required\" autocomplete=\"street\" aria-required=\"true\" aria-invalid=\"false\" placeholder=\"Utca \u00e9s h\u00e1zsz\u00e1m\" value=\"\" type=\"text\" name=\"street-name\" \/><\/span>\n\t\t<\/p>\n\t<\/div>\n\t<div class=\"is-layout-flex wp-block-columns\">\n\t\t<div class=\"is-layout-flow wp-block-column\">\n\t\t\t<p><span class=\"wpcf7-form-control-wrap\" data-name=\"zip-code\"><input size=\"40\" maxlength=\"400\" class=\"wpcf7-form-control wpcf7-text wpcf7-validates-as-required\" autocomplete=\"zip\" aria-required=\"true\" aria-invalid=\"false\" placeholder=\"K\u00e9rj\u00fck\" value=\"\" type=\"text\" name=\"zip-code\" \/><\/span>\n\t\t\t<\/p>\n\t\t<\/div>\n\t\t<div class=\"is-layout-flow wp-block-column\">\n\t\t\t<p><span class=\"wpcf7-form-control-wrap\" data-name=\"city\"><input size=\"40\" maxlength=\"400\" class=\"wpcf7-form-control wpcf7-text wpcf7-validates-as-required\" autocomplete=\"city\" aria-required=\"true\" aria-invalid=\"false\" placeholder=\"Hely\" value=\"\" type=\"text\" name=\"city\" \/><\/span>\n\t\t\t<\/p>\n\t\t<\/div>\n\t<\/div>\n\t<div>\n\t\t<p><span class=\"wpcf7-form-control-wrap\" data-name=\"country\"><input size=\"40\" maxlength=\"400\" class=\"wpcf7-form-control wpcf7-text wpcf7-validates-as-required\" autocomplete=\"lastname\" aria-required=\"true\" aria-invalid=\"false\" placeholder=\"Orsz\u00e1g\" value=\"\" type=\"text\" name=\"country\" \/><\/span>\n\t\t<\/p>\n\t<\/div>\n\t<div>\n\t\t<p><span class=\"wpcf7-form-control-wrap\" data-name=\"email\"><input size=\"40\" maxlength=\"400\" class=\"wpcf7-form-control wpcf7-email wpcf7-validates-as-required wpcf7-text wpcf7-validates-as-email\" autocomplete=\"email\" aria-required=\"true\" aria-invalid=\"false\" placeholder=\"E-mail c\u00edm\" value=\"\" type=\"email\" name=\"email\" \/><\/span>\n\t\t<\/p>\n\t<\/div>\n\t<div>\n\t\t<p><span class=\"wpcf7-form-control-wrap\" data-name=\"client-number\"><input size=\"40\" maxlength=\"400\" class=\"wpcf7-form-control wpcf7-text wpcf7-validates-as-required\" aria-required=\"true\" aria-invalid=\"false\" placeholder=\"\u00dcgyf\u00e9lsz\u00e1m\" value=\"\" type=\"text\" name=\"client-number\" \/><\/span>\n\t\t<\/p>\n\t\t<p class=\"form-note\">Az \u00fcgyf\u00e9lsz\u00e1mod 6 sz\u00e1mjegyb\u0151l \u00e1ll.\n\t\t<\/p>\n\t<\/div>\n\t<div>\n\t\t<p><span class=\"wpcf7-form-control-wrap\" data-name=\"tel\"><input size=\"40\" maxlength=\"400\" class=\"wpcf7-form-control wpcf7-tel wpcf7-text wpcf7-validates-as-tel\" aria-invalid=\"false\" placeholder=\"Telefonsz\u00e1m\" value=\"\" type=\"tel\" name=\"tel\" \/><\/span>\n\t\t<\/p>\n\t<\/div>\n\t<div>\n\t\t<p><label for=\"type-of-termination\">A felmond\u00e1s t\u00edpusa:<\/label><br \/>\n<span class=\"wpcf7-form-control-wrap\" data-name=\"type-of-termination\"><span class=\"wpcf7-form-control wpcf7-radio\" id=\"type-of-termination\"><span class=\"wpcf7-list-item first\"><label><input type=\"radio\" name=\"type-of-termination\" value=\"Rendk\u00edv\u00fcli\" \/><span class=\"wpcf7-list-item-label\">Rendk\u00edv\u00fcli<\/span><\/label><\/span><span class=\"wpcf7-list-item last\"><label><input type=\"radio\" name=\"type-of-termination\" value=\"A lehet\u0151 legkor\u00e1bbi id\u0151pontban, a hat\u00e1rid\u0151n bel\u00fcl\" checked=\"checked\" \/><span class=\"wpcf7-list-item-label\">A lehet\u0151 legkor\u00e1bbi id\u0151pontban, a hat\u00e1rid\u0151n bel\u00fcl<\/span><\/label><\/span><\/span><\/span>\n\t\t<\/p>\n\t<\/div>\n\t<div>\n\t\t<p><label for=\"reason-for-termination\">Rendk\u00edv\u00fcli: felmond\u00e1si ok<\/label><br \/>\n<span class=\"wpcf7-form-control-wrap\" data-name=\"reason-for-termination\"><textarea cols=\"40\" rows=\"10\" maxlength=\"2000\" class=\"wpcf7-form-control wpcf7-textarea\" id=\"reason-for-termination\" aria-invalid=\"false\" name=\"reason-for-termination\"><\/textarea><\/span>\n\t\t<\/p>\n\t<\/div>\n\t<div>\n\t\t<p><label for=\"type-of-subscription\">Mit szeretn\u00e9l felmondani:<\/label><br \/>\n<span class=\"wpcf7-form-control-wrap\" data-name=\"type-of-subscription\"><span class=\"wpcf7-form-control wpcf7-radio\" id=\"idhier\"><span class=\"wpcf7-list-item first\"><label><input type=\"radio\" name=\"type-of-subscription\" value=\"Csak egy bizonyos el\u0151fizet\u00e9s\" checked=\"checked\" \/><span class=\"wpcf7-list-item-label\">Csak egy bizonyos el\u0151fizet\u00e9s<\/span><\/label><\/span><span class=\"wpcf7-list-item last\"><label><input type=\"radio\" name=\"type-of-subscription\" value=\"Minden el\u0151fizet\u00e9sem\" \/><span class=\"wpcf7-list-item-label\">Minden el\u0151fizet\u00e9sem<\/span><\/label><\/span><\/span><\/span>\n\t\t<\/p>\n\t<\/div>\n\t<div>\n\t\t<p><label for=\"subscrition-to-terminate\">azaz:<\/label><br \/>\n<span class=\"wpcf7-form-control-wrap\" data-name=\"subscrition-to-terminate\"><textarea cols=\"40\" rows=\"10\" maxlength=\"2000\" class=\"wpcf7-form-control wpcf7-textarea\" id=\"subscrition-to-terminate\" aria-invalid=\"false\" name=\"subscrition-to-terminate\"><\/textarea><\/span>\n\t\t<\/p>\n\t\t<p class=\"form-note\">Gyorsabban tudjuk feldolgozni a felmond\u00e1sodat, ha megadod a rendel\u00e9ssz\u00e1modat (6 sz\u00e1mjegy) vagy a term\u00e9k nev\u00e9t.\n\t\t<\/p>\n\t<\/div>\n\t<div>\n\t\t<p><span id=\"wpcf7-69e74896ced25-wrapper\" class=\"wpcf7-form-control-wrap honeypot-927-wrap\" style=\"display:none !important; visibility:hidden !important;\"><label for=\"wpcf7-69e74896ced25-field\" class=\"hp-message\">Bitte lasse dieses Feld leer.<\/label><input id=\"wpcf7-69e74896ced25-field\"  class=\"wpcf7-form-control wpcf7-text\" type=\"text\" name=\"honeypot-927\" value=\"\" size=\"40\" tabindex=\"-1\" autocomplete=\"new-password\" \/><\/span>\n\t\t<\/p>\n\t<\/div>\n\t<div>\n\t<div class=\"wpcf7-response-output\" aria-hidden=\"true\"><\/div>\n\t\t<p><input class=\"wpcf7-form-control wpcf7-submit has-spinner wp-element-button\" type=\"submit\" value=\"Most mondjon fel\" \/>\n\t\t<\/p>\n\t<\/div>\n<\/div>\n<\/form>\n<\/div>\n\n","protected":false},"excerpt":{"rendered":"A felmond\u00e1s visszaigazol\u00f3 oldala Itt, mint mag\u00e1nszem\u00e9ly (fogyaszt\u00f3), felmondhatod a hajoona-n\u00e1l k\u00f6t\u00f6tt term\u00e9k-el\u0151fizet\u00e9sedet.","protected":false},"author":1,"featured_media":0,"parent":0,"menu_order":0,"comment_status":"closed","ping_status":"closed","template":"","meta":{"_acf_changed":false,"inline_featured_image":false,"footnotes":""},"class_list":["post-7881","page","type-page","status-publish","hentry"],"acf":[],"_links":{"self":[{"href":"https:\/\/hajoona.com\/hu\/wp-json\/wp\/v2\/pages\/7881","targetHints":{"allow":["GET"]}}],"collection":[{"href":"https:\/\/hajoona.com\/hu\/wp-json\/wp\/v2\/pages"}],"about":[{"href":"https:\/\/hajoona.com\/hu\/wp-json\/wp\/v2\/types\/page"}],"author":[{"embeddable":true,"href":"https:\/\/hajoona.com\/hu\/wp-json\/wp\/v2\/users\/1"}],"replies":[{"embeddable":true,"href":"https:\/\/hajoona.com\/hu\/wp-json\/wp\/v2\/comments?post=7881"}],"version-history":[{"count":2,"href":"https:\/\/hajoona.com\/hu\/wp-json\/wp\/v2\/pages\/7881\/revisions"}],"predecessor-version":[{"id":8125,"href":"https:\/\/hajoona.com\/hu\/wp-json\/wp\/v2\/pages\/7881\/revisions\/8125"}],"wp:attachment":[{"href":"https:\/\/hajoona.com\/hu\/wp-json\/wp\/v2\/media?parent=7881"}],"curies":[{"name":"wp","href":"https:\/\/api.w.org\/{rel}","templated":true}]}}