{"id":7869,"date":"2025-06-17T13:26:42","date_gmt":"2025-06-17T11:26:42","guid":{"rendered":"https:\/\/hajoona.com\/hozzaferhetoseg\/"},"modified":"2026-02-27T13:21:34","modified_gmt":"2026-02-27T12:21:34","slug":"hozzaferhetoseg","status":"publish","type":"page","link":"https:\/\/hajoona.com\/hu\/hozzaferhetoseg\/","title":{"rendered":"Hozz\u00e1f\u00e9rhet\u0151s\u00e9g"},"content":{"rendered":"\n<div style=\"height:10px\" aria-hidden=\"true\" class=\"wp-block-spacer\"><\/div>\n\n<h1 class=\"wp-block-heading\" style=\"font-size:clamp(27.42px, 1.714rem + ((1vw - 3.2px) * 1.748), 47px);\">Hozz\u00e1f\u00e9rhet\u0151s\u00e9g<\/h1>\n\n<h2 class=\"wp-block-heading\" style=\"font-size:clamp(20px, 1.25rem + ((1vw - 3.2px) * 1.071), 32px);\">Nyilatkozat a hozz\u00e1f\u00e9rhet\u0151s\u00e9gr\u0151l<\/h2>\n\n<p>\u00c1llapot: 16\/06\/2025<\/p>\n\n<p>Ez a nyilatkozat az akad\u00e1lymentes\u00edt\u00e9si t\u00e1j\u00e9koztat\u00e1si k\u00f6telezetts\u00e9gekr\u0151l sz\u00f3l\u00f3 rendelet (BFSG-InfoV) 4. \u00a7 (3) bekezd\u00e9se alapj\u00e1n az akad\u00e1lymentes\u00edt\u00e9sr\u0151l sz\u00f3l\u00f3 t\u00f6rv\u00e9ny (BFSG) alapj\u00e1n k\u00e9sz\u00fclt.<\/p>\n\n<p><strong>Alkalmaz\u00e1si ter\u00fclet<\/strong><\/p>\n\n<p>Ez az akad\u00e1lymentes\u00edt\u00e9si nyilatkozat a k\u00f6vetkez\u0151 weboldalra vonatkozik:<br\/><a href=\"https:\/\/www.hajoona.com\">https:\/\/www.hajoona.com<\/a>.<\/p>\n\n<p><strong>A szolg\u00e1ltat\u00e1s \u00e1ltal\u00e1nos le\u00edr\u00e1sa<\/strong><\/p>\n\n<p>A hajoona GmbH honlapja inform\u00e1ci\u00f3kat ny\u00fajt az eg\u00e9szs\u00e9g \u00e9s j\u00f3l\u00e9t term\u00e9keinkr\u0151l, lehet\u0151v\u00e9 teszi a digit\u00e1lis kapcsolattart\u00e1st, t\u00e1j\u00e9koztat\u00e1st ny\u00fajt az esem\u00e9nyekr\u0151l \u00e9s a partneri aj\u00e1nlatokr\u00f3l, valamint a regisztr\u00e1lt felhaszn\u00e1l\u00f3k sz\u00e1m\u00e1ra hozz\u00e1f\u00e9r\u00e9st biztos\u00edt egy v\u00e9dett ter\u00fclethez, bele\u00e9rtve egy \u00fczletet is.<\/p>\n\n<p><strong>A k\u00f6vetelm\u00e9nyekkel val\u00f3 \u00f6sszeegyeztethet\u0151s\u00e9g \u00e1llapota<\/strong><\/p>\n\n<p>Ezt a weboldalt az EN 301 549 szabv\u00e1ny k\u00f6vetelm\u00e9nyeinek megfelel\u0151en, a WCAG 2.1 AA megfelel\u0151s\u00e9gi szint alapj\u00e1n tervezt\u00fck, \u00e9s jelenleg nagyr\u00e9szt akad\u00e1lymentes. Az egyes tartalmakat folyamatosan optimaliz\u00e1lj\u00e1k. <\/p>\n\n<p><strong>Visszajelz\u00e9s \u00e9s kapcsolatfelv\u00e9tel<\/strong><\/p>\n\n<p>\u00c9szrevett valamilyen hi\u00e1nyoss\u00e1got a weboldalunk tartalm\u00e1nak hozz\u00e1f\u00e9rhet\u0151s\u00e9g\u00e9ben? Vagy k\u00e9rd\u00e9se van a megval\u00f3s\u00edt\u00e1ssal kapcsolatban? Akkor v\u00e1rjuk visszajelz\u00e9s\u00e9t:  <\/p>\n\n<p>hajoona GmbH<br\/>Heinrich-Fuchs-Stra\u00dfe 94-96<br\/>D-69126 Heidelberg<br\/>E-mail: office@hajoona.com<br\/>Telefon: +49 6221 64702-10<\/p>\n\n<p><strong>T\u00e1mogat\u00e1s a fogyat\u00e9kkal \u00e9l\u0151k sz\u00e1m\u00e1ra<\/strong><\/p>\n\n<p>Telefonos forr\u00f3dr\u00f3tot k\u00edn\u00e1lunk a fogyat\u00e9kkal \u00e9l\u0151k \u00e9s a seg\u00e9dtechnol\u00f3gi\u00e1kat haszn\u00e1l\u00f3k sz\u00e1m\u00e1ra:<br\/>Telefon: +49 6221 64702-10.<\/p>\n\n<p><strong>V\u00e9grehajt\u00e1si elj\u00e1r\u00e1sok<\/strong><\/p>\n\n<p>Ha visszajelz\u00e9s\u00e9re nem kap kiel\u00e9g\u00edt\u0151 v\u00e1laszt, forduljon az illet\u00e9kes v\u00e9grehajt\u00f3 k\u00f6zponthoz:<\/p>\n\n<p>Szoci\u00e1lis, Eg\u00e9szs\u00e9g\u00fcgyi \u00e9s Integr\u00e1ci\u00f3s Miniszt\u00e9rium Baden-W\u00fcrttemberg<br\/>Barrier-free Information Technology Enforcement Centre<br\/>Else-Josenhans-Stra\u00dfe 6, 70173 Stuttgart<br\/>E-mail: poststelle@bfbmb.bwl.de<br\/>Telefon: +49 (0)711 279-3360.<\/p>\n\n<p><strong>A BFSG szerinti piacfel\u00fcgyeleti hat\u00f3s\u00e1g<\/strong><\/p>\n\n<p>Sz\u00f6vets\u00e9gi Villamosenergia-, G\u00e1z-, T\u00e1vk\u00f6zl\u00e9si, Posta- \u00e9s Vas\u00fati H\u00e1l\u00f3zati \u00dcgyn\u00f6ks\u00e9g<br\/>Tulpenfeld 4, 53113 Bonn<br\/><a href=\"https:\/\/www.bundesnetzagentur.de\">www.bundesnetzagentur.de<\/a><\/p>\n\n<p><strong>E nyilatkozat elk\u00e9sz\u00edt\u00e9se<\/strong><\/p>\n\n<p>Ez a nyilatkozat 2025. j\u00fanius 16-\u00e1n k\u00e9sz\u00fclt, \u00e9s legut\u00f3bb ugyanazon a napon ker\u00fclt fel\u00fclvizsg\u00e1latra.<a id=\"_msocom_1\"><\/a><\/p>\n\n<div style=\"height:10px\" aria-hidden=\"true\" class=\"wp-block-spacer\"><\/div>\n","protected":false},"excerpt":{"rendered":"Hozz\u00e1f\u00e9rhet\u0151s\u00e9g Nyilatkozat a hozz\u00e1f\u00e9rhet\u0151s\u00e9gr\u0151l \u00c1llapot: 16\/06\/2025 Ez a nyilatkozat az akad\u00e1lymentes\u00edt\u00e9si t\u00e1j\u00e9koztat\u00e1si k\u00f6telezetts\u00e9gekr\u0151l sz\u00f3l\u00f3 rendelet (BFSG-InfoV) 4. \u00a7 (3) bekezd\u00e9se alapj\u00e1n az akad\u00e1lymentes\u00edt\u00e9sr\u0151l sz\u00f3l\u00f3 t\u00f6rv\u00e9ny (BFSG) alapj\u00e1n k\u00e9sz\u00fclt. Alkalmaz\u00e1si ter\u00fclet Ez az akad\u00e1lymentes\u00edt\u00e9si nyilatkozat a k\u00f6vetkez\u0151 weboldalra vonatkozik:https:\/\/www.hajoona.com. A szolg\u00e1ltat\u00e1s \u00e1ltal\u00e1nos le\u00edr\u00e1sa A hajoona GmbH honlapja inform\u00e1ci\u00f3kat ny\u00fajt az eg\u00e9szs\u00e9g \u00e9s j\u00f3l\u00e9t term\u00e9keinkr\u0151l, lehet\u0151v\u00e9 teszi&#8230;","protected":false},"author":6,"featured_media":0,"parent":0,"menu_order":0,"comment_status":"closed","ping_status":"closed","template":"","meta":{"_acf_changed":false,"inline_featured_image":false,"footnotes":""},"class_list":["post-7869","page","type-page","status-publish","hentry"],"acf":[],"_links":{"self":[{"href":"https:\/\/hajoona.com\/hu\/wp-json\/wp\/v2\/pages\/7869","targetHints":{"allow":["GET"]}}],"collection":[{"href":"https:\/\/hajoona.com\/hu\/wp-json\/wp\/v2\/pages"}],"about":[{"href":"https:\/\/hajoona.com\/hu\/wp-json\/wp\/v2\/types\/page"}],"author":[{"embeddable":true,"href":"https:\/\/hajoona.com\/hu\/wp-json\/wp\/v2\/users\/6"}],"replies":[{"embeddable":true,"href":"https:\/\/hajoona.com\/hu\/wp-json\/wp\/v2\/comments?post=7869"}],"version-history":[{"count":1,"href":"https:\/\/hajoona.com\/hu\/wp-json\/wp\/v2\/pages\/7869\/revisions"}],"predecessor-version":[{"id":7871,"href":"https:\/\/hajoona.com\/hu\/wp-json\/wp\/v2\/pages\/7869\/revisions\/7871"}],"wp:attachment":[{"href":"https:\/\/hajoona.com\/hu\/wp-json\/wp\/v2\/media?parent=7869"}],"curies":[{"name":"wp","href":"https:\/\/api.w.org\/{rel}","templated":true}]}}