{"id":7486,"date":"2025-12-04T16:06:58","date_gmt":"2025-12-04T15:06:58","guid":{"rendered":"https:\/\/hajoona.com\/jotekonysag\/"},"modified":"2026-03-03T14:34:37","modified_gmt":"2026-03-03T13:34:37","slug":"jotekonysag","status":"publish","type":"page","link":"https:\/\/hajoona.com\/hu\/jotekonysag\/","title":{"rendered":"J\u00f3t\u00e9konys\u00e1g"},"content":{"rendered":"\r\n\r\n\r\n\r\n<div id=\"block-6b3880442342903b23489aab9b576d6a69d2d28d5fdd5\" \r\n    class=\"wp-block-acf-hero-slider alignfull acf-block-component\"\r\n    style=\"margin-top:0;margin-bottom:0;\">\r\n\r\n<div class=\"hero-slider-block__media\">\r\n\r\n    <img decoding=\"async\" class=\"slide-1 active\"\r\n        src=\"https:\/\/hajoona.com\/wp-content\/uploads\/2025\/12\/\u00a9steps-for-children-scaled.jpg\" srcset=\"https:\/\/hajoona.com\/wp-content\/uploads\/2025\/12\/\u00a9steps-for-children-414x276.jpg 414w, https:\/\/hajoona.com\/wp-content\/uploads\/2025\/12\/\u00a9steps-for-children-768x512.jpg 768w, https:\/\/hajoona.com\/wp-content\/uploads\/2025\/12\/\u00a9steps-for-children-1024x683.jpg 1024w, https:\/\/hajoona.com\/wp-content\/uploads\/2025\/12\/\u00a9steps-for-children-1536x1024.jpg 1536w, https:\/\/hajoona.com\/wp-content\/uploads\/2025\/12\/\u00a9steps-for-children-2048x1365.jpg 2048w\"\r\n        alt=\"Gruppe lachender Kinder spielt vor einem orangefarbenen Container mit der Aufschrift \u201esteps for children\u201c \u2013 Symbol f\u00fcr Bildung, Gemeinschaft und Hoffnung.\">\r\n<\/div>\r\n<div class=\"hero-slider-block__content has-prime-off-white-background-color\">\r\n\r\n    <div class=\"hero-slider-block__bg\"><\/div>\r\n\r\n    <div\r\n        class=\"hero-slider-block__content-inner has-global-padding is-layout-constrained wp-block-group is-style-5-cols\">\r\n\r\n        <div class=\"content-inner__slide-container\">\r\n\r\n                        <span data-bg-color=\"prime-off-white\"\r\n                class=\"content-inner__slide is-layout-constrained slide-1 active has-prime-off-white-background-color  active\">\r\n\r\n                                <h2 class=\"slide__head\">\u00d6leld \u00e1t a holnapot<\/h2>\r\n                \r\n                                <h4 class=\"slide__subhead\">hajoona &#038; steps for children<br>J\u00f3t\u00e9konys\u00e1gi koncepci\u00f3nkkal hozz\u00e1j\u00e1rulunk ahhoz, hogy olyan j\u00f6v\u0151t teremts\u00fcnk, amelyben minden gyermek k\u00f6vetheti az \u00e1lmait. Egy jobb holnap\u00e9rt.<\/h4>\r\n                \r\n                \r\n            <\/span>\r\n\r\n\r\n        <\/div>\r\n\r\n    <\/div>\r\n\r\n    <div class=\"hero-slider-block__index has-copy-s-font-size\">\r\n        <ul>\r\n            \r\n            <!-- <li><a><span class=\"index\">1<\/span><span class=\"line\"><\/span><\/a><\/li>\r\n            <li class=\"active\"><a><span class=\"index\">1<\/span><span class=\"line\"><\/span><\/a><\/li>\r\n            <li><a><span class=\"index\">1<\/span><span class=\"line\"><\/span><\/a><\/li> -->\r\n        <\/ul>\r\n    <\/div>\r\n\r\n<\/div>\r\n\r\n\r\n<span id=\"trigger-block-6b3880442342903b23489aab9b576d6a69d2d28d5fdd5\"><\/span>\r\n<script>\r\nif (typeof initHeroSliderBlock !== 'undefined') {\r\n    initHeroSliderBlock(document.querySelector(`#trigger-block-6b3880442342903b23489aab9b576d6a69d2d28d5fdd5`).parentNode);\r\n} else {\r\n    window.addEventListener('blockjs', () => {\r\n        initHeroSliderBlock(document.querySelector(`#trigger-block-6b3880442342903b23489aab9b576d6a69d2d28d5fdd5`).parentNode);\r\n    });\r\n}\r\n<\/script>\r\n\r\n<\/div>\n\n\n<div class=\"wp-block-group alignfull has-prime-white-background-color has-background has-global-padding is-layout-constrained wp-block-group-is-layout-constrained\" style=\"margin-top:0;margin-bottom:0\">\n<div class=\"wp-block-columns alignwide align-items-baseline is-layout-flex wp-container-core-columns-is-layout-0a5968a2 wp-block-columns-is-layout-flex\" style=\"margin-top:var(--wp--preset--spacing--5);margin-bottom:var(--wp--preset--spacing--5)\">\n<div class=\"wp-block-column is-layout-flow wp-block-column-is-layout-flow\" style=\"flex-basis:40%\">\n<h2 class=\"wp-block-heading\" style=\"font-size:clamp(27.42px, 1.714rem + ((1vw - 3.2px) * 1.748), 47px);\">T\u00f6bb \u00f6lel\u00e9s.<\/h2>\n\n\n\n<p style=\"padding-top:0;padding-right:0%;padding-bottom:0;padding-left:0%\"><strong>K\u00f6z\u00f6s felel\u0151ss\u00e9gv\u00e1llal\u00e1s. A j\u00f6v\u0151 meger\u0151s\u00edt\u00e9se. <\/strong><br>V\u00e1llalatk\u00e9nt felel\u0151ss\u00e9get v\u00e1llalunk &#8211; \u00e9s tudatosan er\u0151s\u00edtj\u00fck azokat, akiknek t\u00e1mogat\u00e1sra van sz\u00fcks\u00e9g\u00fck ahhoz, hogy j\u00f3, \u00f6nrendelkez\u0151 \u00e9letet \u00e9lhessenek. T\u00e1rsadalmi elk\u00f6telezetts\u00e9g\u00fcnkkel \u00e9s a hajoona k\u00f6z\u00f6ss\u00e9g erej\u00e9vel megteremtj\u00fck a seg\u00edts\u00e9gre szorul\u00f3 gyermekek jobb j\u00f6v\u0151j\u00e9nek alapjait. Hissz\u00fck, hogy <strong>minden gyermeknek joga van a szeretethez, a gondoskod\u00e1shoz \u00e9s a lehet\u0151s\u00e9gekhez.<\/strong>  <\/p>\n\n\n\n<p>V\u00edzi\u00f3nk: egy olyan k\u00f6z\u00f6ss\u00e9g, amely &#8211; a <strong>gyermekeknek sz\u00f3l\u00f3 partnerl\u00e9p\u00e9sekkel<\/strong> egy\u00fctt &#8211; <strong>rem\u00e9nyt, b\u00e1tor\u00edt\u00e1st \u00e9s val\u00f3di fejl\u0151d\u00e9si lehet\u0151s\u00e9geket<\/strong> ny\u00fajt.<\/p>\n<\/div>\n\n\n\n<div class=\"wp-block-column is-vertically-aligned-center is-style-4-cols-content is-layout-flow wp-block-column-is-layout-flow\">\n<p class=\"has-copy-l-font-size\"><strong><strong>Egy lehet\u0151s\u00e9gekkel teli j\u00f6v\u0151\u00e9rt<\/strong><\/strong><\/p>\n\n\n\n<p><strong>A steps for children-r\u0151l:<br><\/strong>Az alap\u00edtv\u00e1ny <strong>Nam\u00edbi\u00e1ban \u00e9s Zimbabw\u00e9ben<\/strong> tev\u00e9kenykedik, \u00e9s elk\u00f6telezett a szeg\u00e9nys\u00e9g \u00e9s marginaliz\u00e1ci\u00f3 \u00e1ltal \u00e9rintett gyermekek, fiatalok \u00e9s csal\u00e1dok <strong>hossz\u00fa t\u00e1v\u00fa<\/strong> kil\u00e1t\u00e1sainak jav\u00edt\u00e1sa mellett. A programok <strong>holisztikus tanul\u00e1si lehet\u0151s\u00e9geken<\/strong> alapulnak &#8211; a korai t\u00e1mogat\u00e1st\u00f3l az \u00e9retts\u00e9giig. Egy k\u00fcl\u00f6nleges \u00e9p\u00edt\u0151elem: az <strong>\u0150rangyal program<\/strong>, amely a <strong>12. \u00e9vfolyamig<\/strong> k\u00eds\u00e9ri a gyermekeket, \u00e9s ez\u00e1ltal megnyitja az ajt\u00f3kat a k\u00e9pz\u00e9s \u00e9s a foglalkoztat\u00e1s fel\u00e9.  <\/p>\n<\/div>\n<\/div>\n<\/div>\n\n\n\n<div class=\"wp-block-media-text alignfull has-media-on-the-right is-stacked-on-mobile is-image-fill-element is-style-square has-product-white-background-color has-background\" style=\"margin-top:0;margin-bottom:0\"><div class=\"wp-block-media-text__content\">\r\n\r\n\r\n<div id=\"block-de650eb3947524934668b2d6c4b53bde69d2d28d64c4b\" \r\n    class=\"wp-block-acf-offset-text alignfull align acf-block-component\"\r\n    style=\"margin-top:var(--wp--preset--spacing--3);margin-bottom:var(--wp--preset--spacing--1);\">\r\n<span class=\"text\"\r\n    style=\"transform:translateX(-0.2em)\">Mi\u00e9rt<\/span>\r\n\r\n<\/div>\n\n\n<div class=\"wp-block-group is-style-5-cols has-global-padding is-layout-constrained wp-block-group-is-layout-constrained\">\n<p><strong>Eg\u00e9szs\u00e9g. Szabads\u00e1g. N\u00f6veked\u00e9s. Egy\u00fctt teremtj\u00fck a j\u00f6v\u0151t.   <br><\/strong>Nam\u00edbi\u00e1ban az oktat\u00e1s perspekt\u00edv\u00e1t jelent. Ez\u00e9rt fektet\u00fcnk be a korai t\u00e1mogat\u00e1sba, a v\u00e9dett tanul\u00e1si k\u00f6rnyezetbe \u00e9s a 12. \u00e9vfolyamig tart\u00f3 folyamatos \u00fatmutat\u00e1sba &#8211; a stabil fejl\u0151d\u00e9s \u00e9s a val\u00f3di lehet\u0151s\u00e9gek \u00e9rdek\u00e9ben. <\/p>\n\n\n\n<p><strong>Early Start, Real Progress: <\/strong>az \u00f3vod\u00e1t\u00f3l a 12. \u00e9vfolyamig (Guardian Angel program)<br><strong>Biztons\u00e1gos terek, er\u0151s t\u00e1mogat\u00e1s: <\/strong>szeretetteljes gondoskod\u00e1s, eg\u00e9szs\u00e9ges \u00e9tkez\u00e9s, er\u0151s k\u00f6z\u00f6ss\u00e9g<br><strong>Tart\u00f3s hat\u00e1s: <\/strong>folyamatos \u00e9s min\u0151s\u00e9gi t\u00e1mogat\u00e1s az egyszeri adom\u00e1nyok helyett.<\/p>\n<\/div>\n\n\n\r\n\r\n\r\n<div id=\"block-abd461e77eef09be81c4d8f6fb05772869d2d28d653f6\" \r\n    class=\"wp-block-acf-offset-text alignfull alignright acf-block-component\"\r\n    style=\"margin-bottom:var(--wp--preset--spacing--3);\">\r\n<span class=\"text\"\r\n    style=\"transform:translateX(-0.2em)\">\u00e1pol\u00e1s<\/span>\r\n\r\n<\/div><\/div><figure class=\"wp-block-media-text__media\"><img loading=\"lazy\" decoding=\"async\" width=\"1080\" height=\"1080\" src=\"https:\/\/staging.hajoona.in\/wp-content\/uploads\/2023\/09\/steps-for-children-charity.jpg\" alt=\"K\u00e9t s\u00f6t\u00e9t b\u0151rsz\u00edn\u0171 gyermek mosolyog boldogan a kamer\u00e1ba. Az el\u0151t\u00e9rben l\u00e9v\u0151 kisl\u00e1ny vil\u00e1gosk\u00e9k kab\u00e1tot visel, \u00e9s fonott haja van. A m\u00f6g\u00f6tte \u00e1ll\u00f3 fi\u00fa kiss\u00e9 fel\u00e9 hajol. Mindketten mosolyognak.   \" class=\"wp-image-4007 size-full\" style=\"object-position:52% 50%\" srcset=\"https:\/\/hajoona.com\/wp-content\/uploads\/2023\/09\/steps-for-children-charity.jpg 1080w, https:\/\/hajoona.com\/wp-content\/uploads\/2023\/09\/steps-for-children-charity-768x768.jpg 768w, https:\/\/hajoona.com\/wp-content\/uploads\/2023\/09\/steps-for-children-charity-1024x1024.jpg 1024w, https:\/\/hajoona.com\/wp-content\/uploads\/2023\/09\/steps-for-children-charity-414x414.jpg 414w\" sizes=\"auto, (max-width: 1080px) 100vw, 1080px\" \/><\/figure><\/div>\n\n\n\n<div class=\"wp-block-group alignfull has-prime-white-background-color has-background has-global-padding is-layout-constrained wp-block-group-is-layout-constrained\" style=\"margin-top:0;margin-bottom:0\">\n<div class=\"wp-block-columns alignwide align-items-baseline is-layout-flex wp-container-core-columns-is-layout-0a5968a2 wp-block-columns-is-layout-flex\" style=\"margin-top:var(--wp--preset--spacing--5);margin-bottom:var(--wp--preset--spacing--5)\">\n<div class=\"wp-block-column is-layout-flow wp-block-column-is-layout-flow\" style=\"flex-basis:40%\">\n<figure class=\"wp-block-embed alignwide is-type-video is-provider-youtube wp-block-embed-youtube wp-embed-aspect-16-9 wp-has-aspect-ratio\"><div class=\"wp-block-embed__wrapper\">\n <div class=\"brlbs-cmpnt-container brlbs-cmpnt-content-blocker brlbs-cmpnt-with-individual-styles\" data-borlabs-cookie-content-blocker-id=\"default\" data-borlabs-cookie-content=\"PGlmcmFtZSB0aXRsZT0ic3RlcHMgZm9yIGNoaWxkcmVuIFRlYW1wYXJ0bmVyIiB3aWR0aD0iNTAwIiBoZWlnaHQ9IjI4MSIgc3JjPSJodHRwczovL3d3dy55b3V0dWJlLmNvbS9lbWJlZC84TU5YVzhZLURFUT9mZWF0dXJlPW9lbWJlZCZlbmFibGVqc2FwaT0xJm9yaWdpbj1odHRwczovL2hham9vbmEuY29tIiBmcmFtZWJvcmRlcj0iMCIgYWxsb3c9ImFjY2VsZXJvbWV0ZXI7IGF1dG9wbGF5OyBjbGlwYm9hcmQtd3JpdGU7IGVuY3J5cHRlZC1tZWRpYTsgZ3lyb3Njb3BlOyBwaWN0dXJlLWluLXBpY3R1cmU7IHdlYi1zaGFyZSIgcmVmZXJyZXJwb2xpY3k9InN0cmljdC1vcmlnaW4td2hlbi1jcm9zcy1vcmlnaW4iIGFsbG93ZnVsbHNjcmVlbj48L2lmcmFtZT4=\"><div class=\"brlbs-cmpnt-cb-preset-a\"> <p class=\"brlbs-cmpnt-cb-description\">You are currently viewing a placeholder content from <strong>Default<\/strong>. To access the actual content, click the button below. Please note that doing so will share data with third-party providers.<\/p> <div class=\"brlbs-cmpnt-cb-buttons\"> <a class=\"brlbs-cmpnt-cb-btn\" href=\"#\" data-borlabs-cookie-unblock role=\"button\">Unblock content<\/a> <a class=\"brlbs-cmpnt-cb-btn\" href=\"#\" data-borlabs-cookie-accept-service role=\"button\" style=\"display: none\">Accept required service and unblock content<\/a> <\/div> <a class=\"brlbs-cmpnt-cb-provider-toggle\" href=\"#\" data-borlabs-cookie-show-provider-information role=\"button\">More Information<\/a> <\/div><\/div>\n<\/div><\/figure>\n<\/div>\n\n\n\n<div class=\"wp-block-column is-vertically-aligned-center is-style-4-cols-content is-layout-flow wp-block-column-is-layout-flow\">\n<h2 class=\"wp-block-heading\" style=\"font-size:clamp(27.42px, 1.714rem + ((1vw - 3.2px) * 1.748), 47px);\"><strong>A helysz\u00ednen. Nagyon k\u00f6zel. <\/strong><\/h2>\n\n\n\n<p style=\"padding-top:0;padding-right:0%;padding-bottom:0;padding-left:0%\">Ez az utaz\u00e1s megmutatta nek\u00fcnk, milyen a j\u00f6v\u0151. Csapatt\u00e1rsainkkal egy\u00fctt egy csod\u00e1latos helyet tapasztaltunk meg a gyermekek sz\u00e1m\u00e1ra: biztons\u00e1gos, h\u00e1l\u00e1s, lehet\u0151s\u00e9gekkel teli. Nevett\u00fcnk, tanultunk, fogtuk egym\u00e1s kez\u00e9t, v\u00e1laszoltunk a k\u00e9rd\u00e9sekre. Tan\u00e1rok \u00e9s gondoz\u00f3k, akik sz\u00edvvel \u00e9s t\u00fcrelemmel vannak ott. Gyerekek, akik b\u00fcszk\u00e9n olvast\u00e1k fel az els\u0151 szavukat, t\u00f6rdelt\u00e9k a t\u00e1bl\u00e1t, seg\u00edtett\u00e9k egym\u00e1st. Tal\u00e1lkoz\u00e1sok, amelyek \u00f6sszek\u00f6tnek \u00e9s v\u00e1ltoz\u00e1st hoznak: <strong>Az oktat\u00e1s szabads\u00e1got teremt.<\/strong>     <\/p>\n<\/div>\n<\/div>\n<\/div>\n\n\n\n<div style=\"height:20px\" aria-hidden=\"true\" class=\"wp-block-spacer\"><\/div>\n\n\n\n<h2 class=\"wp-block-heading alignwide\"><strong>Hogyan m\u0171k\u00f6dik az \u00d6n hozz\u00e1j\u00e1rul\u00e1sa<\/strong><\/h2>\n\n\n\n<h3 class=\"wp-block-heading alignwide\" style=\"font-size:clamp(22.041px, 1.378rem + ((1vw - 3.2px) * 1.246), 36px);\"><strong>Egyszer\u0171. Hat\u00e9kony. \u00c1tl\u00e1that\u00f3.  <\/strong><\/h3>\n\n\n\n<h4 class=\"wp-block-heading alignwide\" style=\"font-size:clamp(14.082px, 0.88rem + ((1vw - 3.2px) * 0.618), 21px);\"><strong>Kis l\u00e9p\u00e9sek. Nagy v\u00e1ltoz\u00e1s. <\/strong><\/h4>\n\n\n\r\n<style>\r\ndiv#block-8b9507c1d4a0de97ae50f8e99f903d0369d2d28d66044 .slide {\r\n    width: 36rem !important;\r\n}\r\n\r\ndiv#block-8b9507c1d4a0de97ae50f8e99f903d0369d2d28d66044 .slide__image-container {\r\n    aspect-ratio: 1\/1.25;\r\n    font-size: 8rem;\r\n}\r\n\r\ndiv#block-8b9507c1d4a0de97ae50f8e99f903d0369d2d28d66044 .slide__image-container img {\r\n    object-fit: contain;\r\n    object-position: left bottom;\r\n}\r\n<\/style>\r\n\r\n\r\n\r\n<div id=\"block-8b9507c1d4a0de97ae50f8e99f903d0369d2d28d66044\" \r\n    class=\"wp-block-acf-carousel has-prime-black-color has-text-color acf-block-component\"\r\n    style=\"margin-bottom:var(--wp--preset--spacing--5);\">\r\n<div class=\"carousel-container has-global-padding is-layout-constrained\"\r\n    style=\"\">\r\n    <button class=\"carousel-control carousel-control--prev no-button-styling prev-cursor\"><\/button>\r\n    <button class=\"carousel-control carousel-control--next no-button-styling next-cursor\"><\/button>\r\n\r\n    <div class=\"carousel-pos  alignwide\">\r\n        <div class=\"carousel\" data-slick='{\"mobileFirst\":true,\"variableWidth\":false,\"infinite\":false,\"slidesToShow\":1,\"slidesToScroll\":1}'>\r\n\r\n            \r\n            <a class=\"slide\" href=\"javascript:void(0);\">\r\n            <div class=\"slide__image-container\">\r\n                <img decoding=\"async\" class=\"slide-1 active\"\r\n                    src=\"https:\/\/hajoona.com\/wp-content\/uploads\/2025\/12\/\u00a9steps-for-children-e1764860404746.png\" srcset=\"https:\/\/hajoona.com\/wp-content\/uploads\/2025\/12\/\u00a9steps-for-children-e1764860404746.png 817w, https:\/\/hajoona.com\/wp-content\/uploads\/2025\/12\/\u00a9steps-for-children-e1764860404746-682x768.png 682w, https:\/\/hajoona.com\/wp-content\/uploads\/2025\/12\/\u00a9steps-for-children-e1764860404746-368x414.png 368w, https:\/\/hajoona.com\/wp-content\/uploads\/2025\/12\/\u00a9steps-for-children-e1764860404746-768x865.png 768w\"\r\n                    alt=\"Kinder sitzen gemeinsam an einem Tisch, malen und basteln, w\u00e4hrend eine Betreuerin sie begleitet \u2013 Symbol f\u00fcr Bildung, Kreativit\u00e4t und F\u00f6rderung im steps-for-children-Projekt.\">\r\n\r\n                \r\n                \r\n            <\/div>\r\n\r\n                        <h3 class=\"slide__head\">Feliratkoz\u00e1s \u2192 T\u00e1mogat\u00e1s<\/h3>\r\n            \r\n                        <h4 class=\"slide__subhead\">Minden \u00fajonnan megk\u00f6t\u00f6tt el\u0151fizet\u00e9s ut\u00e1n 1 \u20ac ker\u00fcl a t\u00e1mogat\u00e1si alapba.<br \/>\r\nR\u00f6viden: Egy \u00faj el\u0151fizet\u00e9s (12 h\u00f3nap, 2 term\u00e9k\u00e9rt\u00e9k) a downline-odban = 1 \u20ac a steps for children V\u00e9d\u0151angyal programja sz\u00e1m\u00e1ra. \u00cdgy k\u00f6z\u00f6sen tessz\u00fck lehet\u0151v\u00e9 a sikeres iskolai p\u00e1lyafut\u00e1st a 12. oszt\u00e1lyig.<br \/>\r\n<\/h4>\r\n            \r\n            <\/a>\r\n            <a class=\"slide\" href=\"javascript:void(0);\">\r\n            <div class=\"slide__image-container\">\r\n                <img decoding=\"async\" class=\"slide-2\"\r\n                    src=\"https:\/\/hajoona.com\/wp-content\/uploads\/2025\/12\/\u00a9steps-for-children4-e1764860475729.png\" srcset=\"https:\/\/hajoona.com\/wp-content\/uploads\/2025\/12\/\u00a9steps-for-children4-e1764860475729-414x355.png 414w, https:\/\/hajoona.com\/wp-content\/uploads\/2025\/12\/\u00a9steps-for-children4-e1764860475729-768x658.png 768w, https:\/\/hajoona.com\/wp-content\/uploads\/2025\/12\/\u00a9steps-for-children4-e1764860475729-1024x877.png 1024w, https:\/\/hajoona.com\/wp-content\/uploads\/2025\/12\/\u00a9steps-for-children4-e1764860475729.png 1074w\"\r\n                    alt=\"Eine Gruppe fr\u00f6hlicher Kinder steht vor einem orangefarbenen Container mit der Aufschrift \u201esteps\u201c. Sie halten die Arme in die Luft und lachen \u2013 Symbol f\u00fcr Gemeinschaft, Hoffnung und F\u00f6rderung.\">\r\n\r\n                \r\n                \r\n            <\/div>\r\n\r\n                        <h3 class=\"slide__head\">Te + K\u00f6z\u00f6ss\u00e9g \u2192 Lend\u00fclet<\/h3>\r\n            \r\n                        <h4 class=\"slide__subhead\">A csapatakci\u00f3k \u00e9s esem\u00e9nyek feler\u0151s\u00edtik a hat\u00e1st.<br \/>\r\n\u00d6tletek: Body Restart fut\u00e1sok, l\u00e9p\u00e9skih\u00edv\u00e1sok, j\u00f3t\u00e9konys\u00e1gi f\u0151z\u0151estek, story posztok \u2013 ossz\u00e1tok meg a lelkesed\u00e9seteket. Minden hozz\u00e1j\u00e1rul\u00e1s sz\u00e1m\u00edt.<\/h4>\r\n            \r\n            <\/a>\r\n            <a class=\"slide\" href=\"https:\/\/www.stepsforchildren.de\/spenden\/jetzt-spenden\/?fb_item_id_fix=60938\" target=\"_blank\">\r\n            <div class=\"slide__image-container\">\r\n                <img decoding=\"async\" class=\"slide-3\"\r\n                    src=\"https:\/\/hajoona.com\/wp-content\/uploads\/2025\/12\/Education-Hub-Windhoek_steps-for-children.jpeg\" srcset=\"https:\/\/hajoona.com\/wp-content\/uploads\/2025\/12\/Education-Hub-Windhoek_steps-for-children-414x353.jpeg 414w, https:\/\/hajoona.com\/wp-content\/uploads\/2025\/12\/Education-Hub-Windhoek_steps-for-children-768x656.jpeg 768w, https:\/\/hajoona.com\/wp-content\/uploads\/2025\/12\/Education-Hub-Windhoek_steps-for-children.jpeg 896w\"\r\n                    alt=\"Vier Kinder in roten und gelben Abschlussgew\u00e4ndern halten stolz ihre steps-for-children Zertifikate in den H\u00e4nden. Sie stehen nebeneinander und l\u00e4cheln \u2013 ein Moment voller Freude, Bildung und Zukunftshoffnung.\">\r\n\r\n                \r\n                \r\n            <\/div>\r\n\r\n                        <h3 class=\"slide__head\">Egy\u00e9ni fell\u00e9p\u00e9s \u2192 K\u00f6zvetlen t\u00e1mogat\u00e1s<\/h3>\r\n            \r\n                        <h4 class=\"slide__subhead\">K\u00f6zvetlen adom\u00e1ny a steps for children r\u00e9sz\u00e9re \u2013 a k\u00f6zlem\u00e9nyben \u201e#hajoona + Schutzengel-Programm\u201d megjel\u00f6l\u00e9ssel (adom\u00e1nyigazol\u00e1s lehets\u00e9ges).<\/h4>\r\n            \r\n            <\/a>\r\n            <a class=\"slide\" href=\"javascript:void(0);\">\r\n            <div class=\"slide__image-container\">\r\n                <img decoding=\"async\" class=\"slide-4\"\r\n                    src=\"https:\/\/hajoona.com\/wp-content\/uploads\/2025\/12\/\u00a9steps-for-children-students-e1764860773305.png\" srcset=\"https:\/\/hajoona.com\/wp-content\/uploads\/2025\/12\/\u00a9steps-for-children-students-e1764860773305-414x389.png 414w, https:\/\/hajoona.com\/wp-content\/uploads\/2025\/12\/\u00a9steps-for-children-students-e1764860773305-768x721.png 768w, https:\/\/hajoona.com\/wp-content\/uploads\/2025\/12\/\u00a9steps-for-children-students-e1764860773305.png 980w\"\r\n                    alt=\"Drei junge Frauen sitzen nebeneinander und l\u00e4cheln in die Kamera. Sie tragen gelbe Pullover und wirken fr\u00f6hlich und zuversichtlich \u2013 ein Moment, der Gemeinschaft, Bildung und Zukunftschancen symbolisiert.\">\r\n\r\n                \r\n                \r\n            <\/div>\r\n\r\n                        <h3 class=\"slide__head\">\u00c1tl\u00e1that\u00f3s\u00e1g \u2192 Bizalom<\/h3>\r\n            \r\n                        <h4 class=\"slide__subhead\">Rendszeresen megosztunk friss\u00edt\u00e9seket, t\u00f6rt\u00e9neteket \u00e9s eredm\u00e9nyeket \u2013 vil\u00e1gosan \u00e9s \u00e1tl\u00e1that\u00f3an.<br \/>\r\nKis l\u00e9p\u00e9sek. Nagy v\u00e1ltoz\u00e1s.<\/h4>\r\n            \r\n            <\/a>\r\n        <\/div>\r\n    <\/div>\r\n<\/div>\r\n\r\n<span id=\"trigger-block-8b9507c1d4a0de97ae50f8e99f903d0369d2d28d66044\"><\/span>\r\n<script>\r\nif (typeof initCarouselBlock !== 'undefined') {\r\n    initCarouselBlock(document.querySelector(`#trigger-block-8b9507c1d4a0de97ae50f8e99f903d0369d2d28d66044`).parentNode);\r\n} else {\r\n    window.addEventListener('blockjs', () => {\r\n        initCarouselBlock(document.querySelector(`#trigger-block-8b9507c1d4a0de97ae50f8e99f903d0369d2d28d66044`).parentNode);\r\n    });\r\n}\r\n<\/script>\r\n\r\n<\/div>\n\n\r\n\r\n\r\n\r\n<div id=\"charity\" \r\n    class=\"wp-block-acf-teaser wp-elements-a89dbc8d636feb072b4adc7cd7641724 alignfull has-product-mallow-background-color has-background has-prime-white-color has-text-color has-link-color acf-block-component\"\r\n    style=\"margin-top:0;margin-bottom:0;padding-top:0;padding-bottom:0;\">\r\n\r\n\r\n<div class=\"highlight__offset-text highlight__offset-text--top alignright\"><span\r\n        class=\"text\">Tegy\u00e9l<\/div>\r\n\r\n<div class=\"highlight__inner-block\">\r\n\r\n    <div class=\"highlight__copy\"><span>Egy\u00fctt adjuk meg a gyerekeknek az es\u00e9lyt egy \u00f6nrendelkez\u0151 j\u00f6v\u0151re. Adom\u00e1ny\u00e1val v\u00e9delmet, \u00e9lelmet \u00e9s szeretetet biztos\u00edt, amelyre egy \u00faj kezdethez sz\u00fcks\u00e9g van. <\/span>\r\n\r\n                <div class=\"is-layout-flex wp-block-buttons highlight__button-desktop\">\r\n            <div class=\"wp-block-button\"><a href=\"https:\/\/www.stepsforchildren.de\/spenden\/jetzt-spenden\/?fb_item_id_fix=60938\" target=\"_blank\"\r\n                    class=\"wp-block-button__link wp-element-button has-prime-white-background-color has-background\">Adom\u00e1nyozz most<\/a><\/div>\r\n        <\/div>\r\n        \r\n    <\/div>\r\n        <div class=\"highlight__image\">\r\n        <img decoding=\"async\" src=\"https:\/\/hajoona.com\/wp-content\/uploads\/2023\/09\/steps-for-children-charity.jpg\" srcset=\"https:\/\/hajoona.com\/wp-content\/uploads\/2023\/09\/steps-for-children-charity-414x414.jpg 414w, https:\/\/hajoona.com\/wp-content\/uploads\/2023\/09\/steps-for-children-charity-768x768.jpg 768w, https:\/\/hajoona.com\/wp-content\/uploads\/2023\/09\/steps-for-children-charity-1024x1024.jpg 1024w, https:\/\/hajoona.com\/wp-content\/uploads\/2023\/09\/steps-for-children-charity.jpg 1080w\"\r\n            alt=\"Zwei Kinder mit dunkler Hautfarbe l\u00e4cheln fr\u00f6hlich in die Kamera. Das M\u00e4dchen im Vordergrund tr\u00e4gt eine hellblaue Jacke und hat geflochtene Haare. Der Junge hinter ihr, und lehnt sich leicht zu ihr hin. Beide l\u00e4cheln.\">\r\n    <\/div>\r\n\r\n<\/div>\r\n\r\n<div class=\"highlight__offset-text highlight__offset-text--bottom alignleft\"><span\r\n        class=\"text\">k\u00fcl\u00f6nbs\u00e9get<\/div>\r\n\r\n<div class=\"is-layout-flex wp-block-buttons is-content-justification-center highlight__button-mobile\">\r\n    <div class=\"wp-block-button\">\r\n        <a href=\"https:\/\/www.stepsforchildren.de\/spenden\/jetzt-spenden\/?fb_item_id_fix=60938\" class=\"wp-block-button__link wp-element-button\"\r\n            target=\"_blank\">Adom\u00e1nyozz most        <\/a>\r\n    <\/div>\r\n<\/div>\r\n\r\n\r\n<span id=\"trigger-charity\"><\/span>\r\n<script>\r\nif (typeof initTileMenuBlock !== 'undefined') {\r\n    initTileMenuBlock(document.querySelector(`#trigger-charity`).parentNode);\r\n} else {\r\n    window.addEventListener('blockjs', () => {\r\n        initTileMenuBlock(document.querySelector(`#trigger-charity`).parentNode);\r\n    });\r\n}\r\n<\/script>\r\n\r\n<\/div>\n\n\n<div class=\"wp-block-group alignfull has-product-apricot-background-color has-background has-global-padding is-layout-constrained wp-block-group-is-layout-constrained\" style=\"margin-top:0\">\n<div style=\"height:50px\" aria-hidden=\"true\" class=\"wp-block-spacer\"><\/div>\n\n\n\n<h2 class=\"wp-block-heading\">Maradjon k\u00e9pben.<\/h2>\n\n\n\n<p>Iratkozzon fel h\u00edrlevel\u00fcnkre, hogy els\u0151 k\u00e9zb\u0151l kapjon minden inform\u00e1ci\u00f3t a term\u00e9kekr\u0151l \u00e9s akci\u00f3kr\u00f3l.<\/p>\n\n\n\n<div class=\"wp-block-buttons is-layout-flex wp-block-buttons-is-layout-flex\">\n<div class=\"wp-block-button\"><a class=\"wp-block-button__link wp-element-button\" href=\"https:\/\/staging.hajoona.in\/newsletter\/\">\u00cdrjatok fel!<\/a><\/div>\n<\/div>\n\n\n\n<div style=\"height:50px\" aria-hidden=\"true\" class=\"wp-block-spacer\"><\/div>\n<\/div>\n","protected":false},"excerpt":{"rendered":"T\u00f6bb \u00f6lel\u00e9s. K\u00f6z\u00f6s felel\u0151ss\u00e9gv\u00e1llal\u00e1s. A j\u00f6v\u0151 meger\u0151s\u00edt\u00e9se. V\u00e1llalatk\u00e9nt felel\u0151ss\u00e9get v\u00e1llalunk &#8211; \u00e9s tudatosan er\u0151s\u00edtj\u00fck azokat, akiknek t\u00e1mogat\u00e1sra van sz\u00fcks\u00e9g\u00fck ahhoz, hogy j\u00f3, \u00f6nrendelkez\u0151 \u00e9letet \u00e9lhessenek. T\u00e1rsadalmi elk\u00f6telezetts\u00e9g\u00fcnkkel \u00e9s a hajoona k\u00f6z\u00f6ss\u00e9g erej\u00e9vel megteremtj\u00fck a seg\u00edts\u00e9gre szorul\u00f3 gyermekek jobb j\u00f6v\u0151j\u00e9nek alapjait. Hissz\u00fck, hogy minden gyermeknek joga van a szeretethez, a gondoskod\u00e1shoz \u00e9s a lehet\u0151s\u00e9gekhez. V\u00edzi\u00f3nk: egy&#8230;","protected":false},"author":6,"featured_media":0,"parent":0,"menu_order":0,"comment_status":"closed","ping_status":"closed","template":"","meta":{"_acf_changed":false,"inline_featured_image":false,"footnotes":""},"class_list":["post-7486","page","type-page","status-publish","hentry"],"acf":[],"_links":{"self":[{"href":"https:\/\/hajoona.com\/hu\/wp-json\/wp\/v2\/pages\/7486","targetHints":{"allow":["GET"]}}],"collection":[{"href":"https:\/\/hajoona.com\/hu\/wp-json\/wp\/v2\/pages"}],"about":[{"href":"https:\/\/hajoona.com\/hu\/wp-json\/wp\/v2\/types\/page"}],"author":[{"embeddable":true,"href":"https:\/\/hajoona.com\/hu\/wp-json\/wp\/v2\/users\/6"}],"replies":[{"embeddable":true,"href":"https:\/\/hajoona.com\/hu\/wp-json\/wp\/v2\/comments?post=7486"}],"version-history":[{"count":2,"href":"https:\/\/hajoona.com\/hu\/wp-json\/wp\/v2\/pages\/7486\/revisions"}],"predecessor-version":[{"id":8067,"href":"https:\/\/hajoona.com\/hu\/wp-json\/wp\/v2\/pages\/7486\/revisions\/8067"}],"wp:attachment":[{"href":"https:\/\/hajoona.com\/hu\/wp-json\/wp\/v2\/media?parent=7486"}],"curies":[{"name":"wp","href":"https:\/\/api.w.org\/{rel}","templated":true}]}}