{"id":7182,"date":"2025-12-04T16:06:58","date_gmt":"2025-12-04T15:06:58","guid":{"rendered":"https:\/\/hajoona.com\/?page_id=7182"},"modified":"2025-12-05T12:18:57","modified_gmt":"2025-12-05T11:18:57","slug":"charity","status":"publish","type":"page","link":"https:\/\/hajoona.com\/fr\/charity\/","title":{"rendered":"Charity"},"content":{"rendered":"\r\n\r\n\r\n\r\n<div id=\"block-001a14c75e6e6cc934491f8820b9f51769d7c897bcfc9\" \r\n    class=\"wp-block-acf-hero-slider alignfull acf-block-component\"\r\n    style=\"margin-top:0;margin-bottom:0;\">\r\n\r\n<div class=\"hero-slider-block__media\">\r\n\r\n    <img decoding=\"async\" class=\"slide-1 active\"\r\n        src=\"https:\/\/hajoona.com\/wp-content\/uploads\/2025\/12\/\u00a9steps-for-children-scaled.jpg\" srcset=\"https:\/\/hajoona.com\/wp-content\/uploads\/2025\/12\/\u00a9steps-for-children-414x276.jpg 414w, https:\/\/hajoona.com\/wp-content\/uploads\/2025\/12\/\u00a9steps-for-children-768x512.jpg 768w, https:\/\/hajoona.com\/wp-content\/uploads\/2025\/12\/\u00a9steps-for-children-1024x683.jpg 1024w, https:\/\/hajoona.com\/wp-content\/uploads\/2025\/12\/\u00a9steps-for-children-1536x1024.jpg 1536w, https:\/\/hajoona.com\/wp-content\/uploads\/2025\/12\/\u00a9steps-for-children-2048x1365.jpg 2048w\"\r\n        alt=\"Gruppe lachender Kinder spielt vor einem orangefarbenen Container mit der Aufschrift \u201esteps for children\u201c \u2013 Symbol f\u00fcr Bildung, Gemeinschaft und Hoffnung.\">\r\n<\/div>\r\n<div class=\"hero-slider-block__content has-prime-off-white-background-color\">\r\n\r\n    <div class=\"hero-slider-block__bg\"><\/div>\r\n\r\n    <div\r\n        class=\"hero-slider-block__content-inner has-global-padding is-layout-constrained wp-block-group is-style-5-cols\">\r\n\r\n        <div class=\"content-inner__slide-container\">\r\n\r\n                        <span data-bg-color=\"prime-off-white\"\r\n                class=\"content-inner__slide is-layout-constrained slide-1 active has-prime-off-white-background-color  active\">\r\n\r\n                                <h2 class=\"slide__head\">Embrassez demain<\/h2>\r\n                \r\n                                <h4 class=\"slide__subhead\">hajoona &#038; steps for children<br>Gr\u00e2ce \u00e0 notre concept caritatif, nous contribuons \u00e0 cr\u00e9er un avenir dans lequel chaque enfant peut r\u00e9aliser ses r\u00eaves. Pour un avenir meilleur.<\/h4>\r\n                \r\n                \r\n            <\/span>\r\n\r\n\r\n        <\/div>\r\n\r\n    <\/div>\r\n\r\n    <div class=\"hero-slider-block__index has-copy-s-font-size\">\r\n        <ul>\r\n            \r\n            <!-- <li><a><span class=\"index\">1<\/span><span class=\"line\"><\/span><\/a><\/li>\r\n            <li class=\"active\"><a><span class=\"index\">1<\/span><span class=\"line\"><\/span><\/a><\/li>\r\n            <li><a><span class=\"index\">1<\/span><span class=\"line\"><\/span><\/a><\/li> -->\r\n        <\/ul>\r\n    <\/div>\r\n\r\n<\/div>\r\n\r\n\r\n<span id=\"trigger-block-001a14c75e6e6cc934491f8820b9f51769d7c897bcfc9\"><\/span>\r\n<script>\r\nif (typeof initHeroSliderBlock !== 'undefined') {\r\n    initHeroSliderBlock(document.querySelector(`#trigger-block-001a14c75e6e6cc934491f8820b9f51769d7c897bcfc9`).parentNode);\r\n} else {\r\n    window.addEventListener('blockjs', () => {\r\n        initHeroSliderBlock(document.querySelector(`#trigger-block-001a14c75e6e6cc934491f8820b9f51769d7c897bcfc9`).parentNode);\r\n    });\r\n}\r\n<\/script>\r\n\r\n<\/div>\n\n\n<div class=\"wp-block-group alignfull has-prime-white-background-color has-background has-global-padding is-layout-constrained wp-block-group-is-layout-constrained\" style=\"margin-top:0;margin-bottom:0\">\n<div class=\"wp-block-columns alignwide align-items-baseline is-layout-flex wp-container-core-columns-is-layout-0a5968a2 wp-block-columns-is-layout-flex\" style=\"margin-top:var(--wp--preset--spacing--5);margin-bottom:var(--wp--preset--spacing--5)\">\n<div class=\"wp-block-column is-layout-flow wp-block-column-is-layout-flow\" style=\"flex-basis:40%\">\n<h2 class=\"wp-block-heading\" style=\"font-size:clamp(27.42px, 1.714rem + ((1vw - 3.2px) * 1.748), 47px);\">Plus accueillant.<\/h2>\n\n\n\n<p style=\"padding-top:0;padding-right:0%;padding-bottom:0;padding-left:0%\"><strong>Assumer ensemble nos responsabilit\u00e9s. Renforcer l&rsquo;avenir.<\/strong><br>En tant qu&rsquo;entreprise, nous assumons nos responsabilit\u00e9s et soutenons d\u00e9lib\u00e9r\u00e9ment ceux qui ont besoin d&rsquo;aide pour mener une vie agr\u00e9able et autonome. Gr\u00e2ce \u00e0 notre engagement social et \u00e0 la force de la communaut\u00e9 hajoona, nous posons les bases d&rsquo;un avenir meilleur pour les enfants qui ont besoin d&rsquo;aide. <strong>Nous croyons que chaque enfant a droit \u00e0 l&rsquo;amour, \u00e0 l&rsquo;attention et \u00e0 des opportunit\u00e9s.<\/strong><\/p>\n\n\n\n<p>Notre vision : une communaut\u00e9 qui, en collaboration avec notre partenaire <strong>steps for children<\/strong>, offre espoir, <strong>encouragement et r\u00e9elles opportunit\u00e9s de d\u00e9veloppement.<\/strong><\/p>\n<\/div>\n\n\n\n<div class=\"wp-block-column is-vertically-aligned-center is-style-4-cols-content is-layout-flow wp-block-column-is-layout-flow\">\n<p class=\"has-copy-l-font-size\"><strong><strong>Pour un avenir plein d&rsquo;opportunit\u00e9s<\/strong><\/strong><\/p>\n\n\n\n<p><strong>\u00c0 propos de steps for children :<\/strong><br>La fondation est active en <strong>Namibie et au Zimbabwe<\/strong> et s&rsquo;engage \u00e0<strong> long terme<\/strong> pour am\u00e9liorer les perspectives des enfants, des jeunes et des familles touch\u00e9s par la pauvret\u00e9 et l&rsquo;exclusion. Les programmes sont bas\u00e9s sur des offres <strong>d&rsquo;apprentissage holistiques<\/strong>, allant de l&rsquo;\u00e9ducation pr\u00e9coce \u00e0 la fin de la scolarit\u00e9. Un \u00e9l\u00e9ment particulier : le programme <strong>ange gardien<\/strong>, qui accompagne les enfants jusqu&rsquo;\u00e0 la <strong>12e classe<\/strong> et leur ouvre ainsi les portes de la formation et de la vie professionnelle.<\/p>\n<\/div>\n<\/div>\n<\/div>\n\n\n\n<div class=\"wp-block-media-text alignfull has-media-on-the-right is-stacked-on-mobile is-image-fill-element is-style-square has-product-white-background-color has-background\" style=\"margin-top:0;margin-bottom:0\"><div class=\"wp-block-media-text__content\">\r\n\r\n\r\n<div id=\"block-dc745b6db4bfbd8603919196722726c669d7c897c27fe\" \r\n    class=\"wp-block-acf-offset-text alignfull align acf-block-component\"\r\n    style=\"margin-top:var(--wp--preset--spacing--3);margin-bottom:var(--wp--preset--spacing--1);\">\r\n<span class=\"text\"\r\n    style=\"transform:translateX(-0.2em)\">Why we<\/span>\r\n\r\n<\/div>\n\n\n<div class=\"wp-block-group is-style-5-cols has-global-padding is-layout-constrained wp-block-group-is-layout-constrained\">\n<p><strong>Sant\u00e9. Libert\u00e9. Croissance. Ensemble, nous construisons l&rsquo;avenir.<\/strong><br>En Namibie, l&rsquo;\u00e9ducation est synonyme de perspectives d&rsquo;avenir. C&rsquo;est pourquoi nous investissons dans l&rsquo;\u00e9ducation pr\u00e9coce, dans des environnements d&rsquo;apprentissage prot\u00e9g\u00e9s et dans un accompagnement continu jusqu&rsquo;\u00e0 la 12e ann\u00e9e, afin de garantir un d\u00e9veloppement stable et de r\u00e9elles opportunit\u00e9s.<\/p>\n\n\n\n<p><strong>D\u00e9part pr\u00e9coce, progr\u00e8s r\u00e9els: <\/strong>de la maternelle \u00e0 la 12e classe (programme des anges gardiens)<br><strong>S\u00e9curit\u00e9 et soutien solide : <\/strong>encadrement attentionn\u00e9, repas sains, communaut\u00e9 forte<br><strong>Impact durable: <\/strong>soutien continu et qualitatif plut\u00f4t que dons ponctuels<\/p>\n<\/div>\n\n\n\r\n\r\n\r\n<div id=\"block-a2a3400a4ffdb306373bb05de5f2ed7a69d7c897c302b\" \r\n    class=\"wp-block-acf-offset-text alignfull alignright acf-block-component\"\r\n    style=\"margin-bottom:var(--wp--preset--spacing--3);\">\r\n<span class=\"text\"\r\n    style=\"transform:translateX(-0.2em)\">care<\/span>\r\n\r\n<\/div><\/div><figure class=\"wp-block-media-text__media\"><img loading=\"lazy\" decoding=\"async\" width=\"1080\" height=\"1080\" src=\"https:\/\/staging.hajoona.in\/wp-content\/uploads\/2023\/09\/steps-for-children-charity.jpg\" alt=\"Zwei Kinder mit dunkler Hautfarbe l\u00e4cheln fr\u00f6hlich in die Kamera. Das M\u00e4dchen im Vordergrund tr\u00e4gt eine hellblaue Jacke und hat geflochtene Haare. Der Junge hinter ihr, und lehnt sich leicht zu ihr hin. Beide l\u00e4cheln.\" class=\"wp-image-4007 size-full\" style=\"object-position:52% 50%\" srcset=\"https:\/\/hajoona.com\/wp-content\/uploads\/2023\/09\/steps-for-children-charity.jpg 1080w, https:\/\/hajoona.com\/wp-content\/uploads\/2023\/09\/steps-for-children-charity-768x768.jpg 768w, https:\/\/hajoona.com\/wp-content\/uploads\/2023\/09\/steps-for-children-charity-1024x1024.jpg 1024w, https:\/\/hajoona.com\/wp-content\/uploads\/2023\/09\/steps-for-children-charity-414x414.jpg 414w\" sizes=\"auto, (max-width: 1080px) 100vw, 1080px\" \/><\/figure><\/div>\n\n\n\n<div class=\"wp-block-group alignfull has-prime-white-background-color has-background has-global-padding is-layout-constrained wp-block-group-is-layout-constrained\" style=\"margin-top:0;margin-bottom:0\">\n<div class=\"wp-block-columns alignwide align-items-baseline is-layout-flex wp-container-core-columns-is-layout-0a5968a2 wp-block-columns-is-layout-flex\" style=\"margin-top:var(--wp--preset--spacing--5);margin-bottom:var(--wp--preset--spacing--5)\">\n<div class=\"wp-block-column is-layout-flow wp-block-column-is-layout-flow\" style=\"flex-basis:40%\">\n<figure class=\"wp-block-embed alignwide is-type-video is-provider-youtube wp-block-embed-youtube wp-embed-aspect-16-9 wp-has-aspect-ratio\"><div class=\"wp-block-embed__wrapper\">\n <div class=\"brlbs-cmpnt-container brlbs-cmpnt-content-blocker brlbs-cmpnt-with-individual-styles\" data-borlabs-cookie-content-blocker-id=\"youtube-content-blocker\" data-borlabs-cookie-content=\"PGlmcmFtZSB0aXRsZT0ic3RlcHMgZm9yIGNoaWxkcmVuIFRlYW1wYXJ0bmVyIiB3aWR0aD0iNTAwIiBoZWlnaHQ9IjI4MSIgc3JjPSJodHRwczovL3d3dy55b3V0dWJlLW5vY29va2llLmNvbS9lbWJlZC84TU5YVzhZLURFUT9mZWF0dXJlPW9lbWJlZCZlbmFibGVqc2FwaT0xJm9yaWdpbj1odHRwczovL2hham9vbmEuY29tIiBmcmFtZWJvcmRlcj0iMCIgYWxsb3c9ImFjY2VsZXJvbWV0ZXI7IGF1dG9wbGF5OyBjbGlwYm9hcmQtd3JpdGU7IGVuY3J5cHRlZC1tZWRpYTsgZ3lyb3Njb3BlOyBwaWN0dXJlLWluLXBpY3R1cmU7IHdlYi1zaGFyZSIgcmVmZXJyZXJwb2xpY3k9InN0cmljdC1vcmlnaW4td2hlbi1jcm9zcy1vcmlnaW4iIGFsbG93ZnVsbHNjcmVlbj48L2lmcmFtZT4=\"><div class=\"brlbs-cmpnt-cb-preset-c brlbs-cmpnt-cb-youtube\"> <div class=\"brlbs-cmpnt-cb-thumbnail\" style=\"background-image: url('https:\/\/hajoona.com\/wp-content\/uploads\/borlabs-cookie\/1\/yt_8MNXW8Y-DEQ_hqdefault.jpg')\"><\/div> <div class=\"brlbs-cmpnt-cb-main\"> <div class=\"brlbs-cmpnt-cb-play-button\"><\/div> <div class=\"brlbs-cmpnt-cb-content\"> <p class=\"brlbs-cmpnt-cb-description\">Vous \u00eates actuellement en train de consulter le contenu d&rsquo;un espace r\u00e9serv\u00e9 de <strong>YouTube<\/strong>. Pour acc\u00e9der au contenu r\u00e9el, cliquez sur le bouton ci-dessous. Veuillez noter que ce faisant, des donn\u00e9es seront partag\u00e9es avec des providers tiers.<\/p> <a class=\"brlbs-cmpnt-cb-provider-toggle\" href=\"#\" data-borlabs-cookie-show-provider-information role=\"button\">Plus d&rsquo;informations<\/a> <\/div> <div class=\"brlbs-cmpnt-cb-buttons\"> <a class=\"brlbs-cmpnt-cb-btn\" href=\"#\" data-borlabs-cookie-unblock role=\"button\">D\u00e9bloquer le contenu<\/a> <a class=\"brlbs-cmpnt-cb-btn\" href=\"#\" data-borlabs-cookie-accept-service role=\"button\" style=\"display: inherit\">Accepter le service requis et d\u00e9bloquer les contenus<\/a> <\/div> <\/div> <\/div><\/div>\n<\/div><\/figure>\n<\/div>\n\n\n\n<div class=\"wp-block-column is-vertically-aligned-center is-style-4-cols-content is-layout-flow wp-block-column-is-layout-flow\">\n<h2 class=\"wp-block-heading\" style=\"font-size:clamp(27.42px, 1.714rem + ((1vw - 3.2px) * 1.748), 47px);\"><strong>Sur place. Tout pr\u00e8s.<\/strong><\/h2>\n\n\n\n<p style=\"padding-top:0;padding-right:0%;padding-bottom:0;padding-left:0%\">Ce voyage nous a donn\u00e9 un aper\u00e7u de ce que sera l&rsquo;avenir. Avec nos partenaires, nous avons d\u00e9couvert un endroit merveilleux pour les enfants : s\u00fbr, valorisant, plein de possibilit\u00e9s. Nous avons ri, appris, tenu des mains, r\u00e9pondu \u00e0 des questions. Des enseignants et des accompagnateurs qui sont l\u00e0 avec c\u0153ur et patience. Des enfants qui lisent fi\u00e8rement leur premier mot, essuient le tableau, s&rsquo;entraident. Des rencontres qui cr\u00e9ent des liens et qui montrent clairement que: <strong>l&rsquo;\u00e9ducation est source de libert\u00e9.<\/strong><\/p>\n<\/div>\n<\/div>\n<\/div>\n\n\n\n<div style=\"height:20px\" aria-hidden=\"true\" class=\"wp-block-spacer\"><\/div>\n\n\n\n<h2 class=\"wp-block-heading alignwide\"><strong>Voici l&rsquo;impact de ta contribution<\/strong><\/h2>\n\n\n\n<h3 class=\"wp-block-heading alignwide\" style=\"font-size:clamp(22.041px, 1.378rem + ((1vw - 3.2px) * 1.246), 36px);\"><strong>Simple. Efficace. Transparent.<\/strong><\/h3>\n\n\n\n<h4 class=\"wp-block-heading alignwide\" style=\"font-size:clamp(14.082px, 0.88rem + ((1vw - 3.2px) * 0.618), 21px);\"><strong>Petits pas. Grand changement.<\/strong><\/h4>\n\n\n\r\n<style>\r\ndiv#block-10e3901a330f9f46b7fc63e691e3bbc769d7c897c3be1 .slide {\r\n    width: 36rem !important;\r\n}\r\n\r\ndiv#block-10e3901a330f9f46b7fc63e691e3bbc769d7c897c3be1 .slide__image-container {\r\n    aspect-ratio: 1\/1.25;\r\n    font-size: 8rem;\r\n}\r\n\r\ndiv#block-10e3901a330f9f46b7fc63e691e3bbc769d7c897c3be1 .slide__image-container img {\r\n    object-fit: contain;\r\n    object-position: left bottom;\r\n}\r\n<\/style>\r\n\r\n\r\n\r\n<div id=\"block-10e3901a330f9f46b7fc63e691e3bbc769d7c897c3be1\" \r\n    class=\"wp-block-acf-carousel has-prime-black-color has-text-color acf-block-component\"\r\n    style=\"margin-bottom:var(--wp--preset--spacing--5);\">\r\n<div class=\"carousel-container has-global-padding is-layout-constrained\"\r\n    style=\"\">\r\n    <button class=\"carousel-control carousel-control--prev no-button-styling prev-cursor\"><\/button>\r\n    <button class=\"carousel-control carousel-control--next no-button-styling next-cursor\"><\/button>\r\n\r\n    <div class=\"carousel-pos  alignwide\">\r\n        <div class=\"carousel\" data-slick='{\"mobileFirst\":true,\"variableWidth\":false,\"infinite\":false,\"slidesToShow\":1,\"slidesToScroll\":1}'>\r\n\r\n            \r\n            <a class=\"slide\" href=\"javascript:void(0);\">\r\n            <div class=\"slide__image-container\">\r\n                <img decoding=\"async\" class=\"slide-1 active\"\r\n                    src=\"https:\/\/hajoona.com\/wp-content\/uploads\/2025\/12\/\u00a9steps-for-children-e1764933429936.png\" srcset=\"https:\/\/hajoona.com\/wp-content\/uploads\/2025\/12\/\u00a9steps-for-children-e1764933429936.png 817w, https:\/\/hajoona.com\/wp-content\/uploads\/2025\/12\/\u00a9steps-for-children-e1764933429936-682x768.png 682w, https:\/\/hajoona.com\/wp-content\/uploads\/2025\/12\/\u00a9steps-for-children-e1764933429936-368x414.png 368w, https:\/\/hajoona.com\/wp-content\/uploads\/2025\/12\/\u00a9steps-for-children-e1764933429936-768x865.png 768w\"\r\n                    alt=\"Kinder sitzen gemeinsam an einem Tisch, malen und basteln, w\u00e4hrend eine Betreuerin sie begleitet \u2013 Symbol f\u00fcr Bildung, Kreativit\u00e4t und F\u00f6rderung im steps-for-children-Projekt.\">\r\n\r\n                \r\n                \r\n            <\/div>\r\n\r\n                        <h3 class=\"slide__head\">Abonnement \u2192 Assistance<\/h3>\r\n            \r\n                        <h4 class=\"slide__subhead\">Chaque nouvel abonnement souscrit rapporte 1 \u20ac au fonds de soutien.<br \/>\r\nEn bref : un nouvel abonnement (12 mois, 2 produits) dans ta ligne descendante = 1 \u20ac pour le programme Schutzengel (ange gardien) de steps for children. Ensemble, nous permettons ainsi \u00e0 des \u00e9l\u00e8ves de mener \u00e0 bien leur scolarit\u00e9 jusqu&rsquo;\u00e0 la 12e classe.<br \/>\r\n<\/h4>\r\n            \r\n            <\/a>\r\n            <a class=\"slide\" href=\"javascript:void(0);\">\r\n            <div class=\"slide__image-container\">\r\n                <img decoding=\"async\" class=\"slide-2\"\r\n                    src=\"https:\/\/hajoona.com\/wp-content\/uploads\/2025\/12\/\u00a9steps-for-children4-e1764933455103.png\" srcset=\"https:\/\/hajoona.com\/wp-content\/uploads\/2025\/12\/\u00a9steps-for-children4-e1764933455103-414x355.png 414w, https:\/\/hajoona.com\/wp-content\/uploads\/2025\/12\/\u00a9steps-for-children4-e1764933455103-768x658.png 768w, https:\/\/hajoona.com\/wp-content\/uploads\/2025\/12\/\u00a9steps-for-children4-e1764933455103-1024x877.png 1024w, https:\/\/hajoona.com\/wp-content\/uploads\/2025\/12\/\u00a9steps-for-children4-e1764933455103.png 1074w\"\r\n                    alt=\"Gruppe lachender Kinder spielt vor einem orangefarbenen Container mit der Aufschrift \u201esteps for children\u201c \u2013 Symbol f\u00fcr Bildung, Gemeinschaft und Hoffnung.\">\r\n\r\n                \r\n                \r\n            <\/div>\r\n\r\n                        <h3 class=\"slide__head\">Vous + Communaut\u00e9 \u2192 Momentum<\/h3>\r\n            \r\n                        <h4 class=\"slide__subhead\">Les actions et \u00e9v\u00e9nements en \u00e9quipe renforcent l&rsquo;effet.<br \/>\r\nId\u00e9es : courses Body Restart, d\u00e9fis de pas, soir\u00e9es culinaires pour collecter des fonds, publications d&rsquo;histoires \u2013 partagez votre enthousiasme. Chaque contribution compte.<\/h4>\r\n            \r\n            <\/a>\r\n            <a class=\"slide\" href=\"https:\/\/www.stepsforchildren.de\/spenden\/jetzt-spenden\/?fb_item_id_fix=60938\" target=\"_blank\">\r\n            <div class=\"slide__image-container\">\r\n                <img decoding=\"async\" class=\"slide-3\"\r\n                    src=\"https:\/\/hajoona.com\/wp-content\/uploads\/2025\/12\/Education-Hub-Windhoek_steps-for-children-e1764933484406.jpeg\" srcset=\"https:\/\/hajoona.com\/wp-content\/uploads\/2025\/12\/Education-Hub-Windhoek_steps-for-children-e1764933484406-414x353.jpeg 414w, https:\/\/hajoona.com\/wp-content\/uploads\/2025\/12\/Education-Hub-Windhoek_steps-for-children-e1764933484406-768x656.jpeg 768w, https:\/\/hajoona.com\/wp-content\/uploads\/2025\/12\/Education-Hub-Windhoek_steps-for-children-e1764933484406.jpeg 896w\"\r\n                    alt=\"Vier Kinder sitzen an einem Tisch und halten selbst gebastelte Schutzengel-Figuren hoch. Sie l\u00e4cheln und wirken fr\u00f6hlich \u2013 Symbol f\u00fcr Kreativit\u00e4t, Hoffnung und F\u00f6rderung im steps-for-children-Projekt.\">\r\n\r\n                \r\n                \r\n            <\/div>\r\n\r\n                        <h3 class=\"slide__head\">Action individuelle \u2192 Soutien direct<\/h3>\r\n            \r\n                        <h4 class=\"slide__subhead\">Faites un don directement \u00e0 steps for children \u2013 en indiquant \u00ab #hajoona + programme Ange gardien \u00bb dans le motif du paiement (re\u00e7u fiscal possible).<\/h4>\r\n            \r\n            <\/a>\r\n            <a class=\"slide\" href=\"javascript:void(0);\">\r\n            <div class=\"slide__image-container\">\r\n                <img decoding=\"async\" class=\"slide-4\"\r\n                    src=\"https:\/\/hajoona.com\/wp-content\/uploads\/2025\/12\/\u00a9steps-for-children-students-e1764933518770.png\" srcset=\"https:\/\/hajoona.com\/wp-content\/uploads\/2025\/12\/\u00a9steps-for-children-students-e1764933518770-414x389.png 414w, https:\/\/hajoona.com\/wp-content\/uploads\/2025\/12\/\u00a9steps-for-children-students-e1764933518770-768x721.png 768w, https:\/\/hajoona.com\/wp-content\/uploads\/2025\/12\/\u00a9steps-for-children-students-e1764933518770.png 980w\"\r\n                    alt=\"Drei junge Frauen sitzen nebeneinander und l\u00e4cheln in die Kamera. Sie tragen gelbe Pullover und wirken fr\u00f6hlich und zuversichtlich \u2013 ein Moment, der Gemeinschaft, Bildung und Zukunftschancen symbolisiert.\">\r\n\r\n                \r\n                \r\n            <\/div>\r\n\r\n                        <h3 class=\"slide__head\">Transparence \u2192 Confiance<\/h3>\r\n            \r\n                        <h4 class=\"slide__subhead\">Nous partageons r\u00e9guli\u00e8rement des mises \u00e0 jour, des anecdotes et des r\u00e9sultats, de mani\u00e8re claire et compr\u00e9hensible.<br \/>\r\nPetits pas. Grand changement.<\/h4>\r\n            \r\n            <\/a>\r\n        <\/div>\r\n    <\/div>\r\n<\/div>\r\n\r\n<span id=\"trigger-block-10e3901a330f9f46b7fc63e691e3bbc769d7c897c3be1\"><\/span>\r\n<script>\r\nif (typeof initCarouselBlock !== 'undefined') {\r\n    initCarouselBlock(document.querySelector(`#trigger-block-10e3901a330f9f46b7fc63e691e3bbc769d7c897c3be1`).parentNode);\r\n} else {\r\n    window.addEventListener('blockjs', () => {\r\n        initCarouselBlock(document.querySelector(`#trigger-block-10e3901a330f9f46b7fc63e691e3bbc769d7c897c3be1`).parentNode);\r\n    });\r\n}\r\n<\/script>\r\n\r\n<\/div>\n\n\r\n\r\n\r\n\r\n<div id=\"charity\" \r\n    class=\"wp-block-acf-teaser wp-elements-0927138e7c95a25565162a02b56bd0d9 alignfull has-product-mallow-background-color has-background has-prime-white-color has-text-color has-link-color acf-block-component\"\r\n    style=\"margin-top:0;margin-bottom:0;padding-top:0;padding-bottom:0;\">\r\n\r\n\r\n<div class=\"highlight__offset-text highlight__offset-text--top alignright\"><span\r\n        class=\"text\">Faites un<\/div>\r\n\r\n<div class=\"highlight__inner-block\">\r\n\r\n    <div class=\"highlight__copy\"><span>Ensemble, nous offrons aux enfants la chance d&rsquo;un avenir autonome. Gr\u00e2ce \u00e0 ton don, tu leur offres la protection, la nourriture et l&rsquo;amour dont ils ont besoin pour prendre un nouveau d\u00e9part.<\/span>\r\n\r\n                <div class=\"is-layout-flex wp-block-buttons highlight__button-desktop\">\r\n            <div class=\"wp-block-button\"><a href=\"https:\/\/www.stepsforchildren.de\/spenden\/jetzt-spenden\/?fb_item_id_fix=60938\" target=\"_blank\"\r\n                    class=\"wp-block-button__link wp-element-button has-prime-white-background-color has-background\">Faire un don maintenant<\/a><\/div>\r\n        <\/div>\r\n        \r\n    <\/div>\r\n        <div class=\"highlight__image\">\r\n        <img decoding=\"async\" src=\"https:\/\/hajoona.com\/wp-content\/uploads\/2023\/09\/steps-for-children-charity.jpg\" srcset=\"https:\/\/hajoona.com\/wp-content\/uploads\/2023\/09\/steps-for-children-charity-414x414.jpg 414w, https:\/\/hajoona.com\/wp-content\/uploads\/2023\/09\/steps-for-children-charity-768x768.jpg 768w, https:\/\/hajoona.com\/wp-content\/uploads\/2023\/09\/steps-for-children-charity-1024x1024.jpg 1024w, https:\/\/hajoona.com\/wp-content\/uploads\/2023\/09\/steps-for-children-charity.jpg 1080w\"\r\n            alt=\"Zwei Kinder mit dunkler Hautfarbe l\u00e4cheln fr\u00f6hlich in die Kamera. Das M\u00e4dchen im Vordergrund tr\u00e4gt eine hellblaue Jacke und hat geflochtene Haare. Der Junge hinter ihr, und lehnt sich leicht zu ihr hin. Beide l\u00e4cheln.\">\r\n    <\/div>\r\n\r\n<\/div>\r\n\r\n<div class=\"highlight__offset-text highlight__offset-text--bottom alignleft\"><span\r\n        class=\"text\">diff\u00e9rence<\/div>\r\n\r\n<div class=\"is-layout-flex wp-block-buttons is-content-justification-center highlight__button-mobile\">\r\n    <div class=\"wp-block-button\">\r\n        <a href=\"https:\/\/www.stepsforchildren.de\/spenden\/jetzt-spenden\/?fb_item_id_fix=60938\" class=\"wp-block-button__link wp-element-button\"\r\n            target=\"_blank\">Faire un don maintenant        <\/a>\r\n    <\/div>\r\n<\/div>\r\n\r\n\r\n<span id=\"trigger-charity\"><\/span>\r\n<script>\r\nif (typeof initTileMenuBlock !== 'undefined') {\r\n    initTileMenuBlock(document.querySelector(`#trigger-charity`).parentNode);\r\n} else {\r\n    window.addEventListener('blockjs', () => {\r\n        initTileMenuBlock(document.querySelector(`#trigger-charity`).parentNode);\r\n    });\r\n}\r\n<\/script>\r\n\r\n<\/div>\n\n\n<div class=\"wp-block-group alignfull has-product-apricot-background-color has-background has-global-padding is-layout-constrained wp-block-group-is-layout-constrained\" style=\"margin-top:0\">\n<div style=\"height:50px\" aria-hidden=\"true\" class=\"wp-block-spacer\"><\/div>\n\n\n\n<h2 class=\"wp-block-heading\">Restez inform\u00e9.<\/h2>\n\n\n\n<p>Abonnez-vous \u00e0 notre newsletter pour recevoir toutes les informations sur nos produits et promotions en avant-premi\u00e8re.<\/p>\n\n\n\n<div class=\"wp-block-buttons is-layout-flex wp-block-buttons-is-layout-flex\">\n<div class=\"wp-block-button\"><a class=\"wp-block-button__link wp-element-button\" href=\"https:\/\/staging.hajoona.in\/newsletter\/\">Inscrivez-moi !<\/a><\/div>\n<\/div>\n\n\n\n<div style=\"height:50px\" aria-hidden=\"true\" class=\"wp-block-spacer\"><\/div>\n<\/div>\n\n\n\n<p><\/p>\n","protected":false},"excerpt":{"rendered":"Plus accueillant. Assumer ensemble nos responsabilit\u00e9s. Renforcer l&rsquo;avenir.En tant qu&rsquo;entreprise, nous assumons nos responsabilit\u00e9s et soutenons d\u00e9lib\u00e9r\u00e9ment ceux qui ont besoin d&rsquo;aide pour mener une vie agr\u00e9able et autonome. Gr\u00e2ce \u00e0 notre engagement social et \u00e0 la force de la communaut\u00e9 hajoona, nous posons les bases d&rsquo;un avenir meilleur pour les enfants qui ont besoin&#8230;","protected":false},"author":6,"featured_media":0,"parent":0,"menu_order":0,"comment_status":"closed","ping_status":"closed","template":"","meta":{"_acf_changed":false,"inline_featured_image":false,"footnotes":""},"class_list":["post-7182","page","type-page","status-publish","hentry"],"acf":[],"_links":{"self":[{"href":"https:\/\/hajoona.com\/fr\/wp-json\/wp\/v2\/pages\/7182","targetHints":{"allow":["GET"]}}],"collection":[{"href":"https:\/\/hajoona.com\/fr\/wp-json\/wp\/v2\/pages"}],"about":[{"href":"https:\/\/hajoona.com\/fr\/wp-json\/wp\/v2\/types\/page"}],"author":[{"embeddable":true,"href":"https:\/\/hajoona.com\/fr\/wp-json\/wp\/v2\/users\/6"}],"replies":[{"embeddable":true,"href":"https:\/\/hajoona.com\/fr\/wp-json\/wp\/v2\/comments?post=7182"}],"version-history":[{"count":4,"href":"https:\/\/hajoona.com\/fr\/wp-json\/wp\/v2\/pages\/7182\/revisions"}],"predecessor-version":[{"id":7200,"href":"https:\/\/hajoona.com\/fr\/wp-json\/wp\/v2\/pages\/7182\/revisions\/7200"}],"wp:attachment":[{"href":"https:\/\/hajoona.com\/fr\/wp-json\/wp\/v2\/media?parent=7182"}],"curies":[{"name":"wp","href":"https:\/\/api.w.org\/{rel}","templated":true}]}}