{"id":6937,"date":"2024-08-21T13:35:53","date_gmt":"2024-08-21T11:35:53","guid":{"rendered":"https:\/\/hajoona.com\/?page_id=6937"},"modified":"2025-09-17T10:23:21","modified_gmt":"2025-09-17T08:23:21","slug":"widerruf-fr","status":"publish","type":"page","link":"https:\/\/hajoona.com\/fr\/widerruf-fr\/","title":{"rendered":"Widerruf FR"},"content":{"rendered":"\n<div style=\"height:10px\" aria-hidden=\"true\" class=\"wp-block-spacer\"><\/div>\n\n\n\n<h1 class=\"wp-block-heading\" style=\"font-size:clamp(27.42px, 1.714rem + ((1vw - 3.2px) * 1.748), 47px);\"><strong>Droit de r\u00e9tractation pour les consommateurs<\/strong><\/h1>\n\n\n\n<div style=\"height:10px\" aria-hidden=\"true\" class=\"wp-block-spacer\"><\/div>\n\n\n\n<h2 class=\"wp-block-heading\" style=\"font-size:clamp(20px, 1.25rem + ((1vw - 3.2px) * 1.071), 32px);\"><strong>Droit de r\u00e9tractation<\/strong><\/h2>\n\n\n\n<p>Vous avez le droit de vous r\u00e9tracter du pr\u00e9sent contrat dans un d\u00e9lai de quatorze jours sans avoir \u00e0 en indiquer le motif.<br>Le d\u00e9lai de r\u00e9tractation expire quatorze jours apr\u00e8s le jour o\u00f9 vous-m\u00eame, ou un tiers autre que le transporteur et d\u00e9sign\u00e9 par vous, prend physiquement possession du bien.<br>Dans le cas d\u2019un contrat portant sur plusieurs biens command\u00e9s au moyen d\u2019une seule commande mais livr\u00e9s s\u00e9par\u00e9ment, le d\u00e9lai de r\u00e9tractation expire quatorze jours apr\u00e8s le jour o\u00f9 vous-m\u00eame, ou un tiers autre que le transporteur et d\u00e9sign\u00e9 par vous, prend physiquement possession du dernier bien.<br>Dans le cas d\u2019un contrat portant sur la livraison r\u00e9guli\u00e8re de biens pendant une p\u00e9riode d\u00e9termin\u00e9e, le d\u00e9lai de r\u00e9tractation expire quatorze jours apr\u00e8s le jour o\u00f9 vous-m\u00eame, ou un tiers autre que le transporteur et d\u00e9sign\u00e9 par vous, prend physiquement possession du premier bien.<\/p>\n\n\n\n<p>Pour exercer votre droit de r\u00e9tractation, vous devez nous notifier (hajoona GmbH, Heinrich-Fuchs-Stra\u00dfe 94-96, 69126 Heidelberg, T\u00e9l\u00e9copie : +49 6221 64702-89, E-mail : <a href=\"mailto:cc@hajoona.com\">cc@hajoona.com<\/a>) votre d\u00e9cision de r\u00e9tractation du pr\u00e9sent contrat au moyen d\u2019une d\u00e9claration d\u00e9nu\u00e9e d\u2019ambigu\u00eft\u00e9 (par exemple lettre envoy\u00e9e par la poste, t\u00e9l\u00e9copie ou courrier \u00e9lectronique).<br>Vous pouvez utiliser le mod\u00e8le de formulaire de r\u00e9tractation joint, sans que cela soit obligatoire. Vous trouverez ce formulaire ici : <a href=\"https:\/\/drive.google.com\/file\/d\/18za6P9c264y3dtO0eNfyocaYpPYbcohL\/view?usp=sharing\" target=\"_blank\" rel=\"noreferrer noopener\">hajoona Formulaire <\/a>type de r\u00e9tractation.<\/p>\n\n\n\n<p>Pour que le d\u00e9lai de r\u00e9tractation soit respect\u00e9, il suffit que vous transmettiez votre communication relative \u00e0 l\u2019exercice du droit de r\u00e9tractation avant l\u2019expiration dudit d\u00e9lai.<\/p>\n\n\n\n<p><strong>Effets de la r\u00e9tractation<\/strong><br>En cas de r\u00e9tractation de votre part du pr\u00e9sent contrat, nous vous rembourserons tous les paiements re\u00e7us de vous, y compris les frais de livraison (\u00e0 l\u2019exception des frais suppl\u00e9mentaires d\u00e9coulant du fait que vous avez choisi un mode de livraison autre que le mode le moins co\u00fbteux de livraison standard propos\u00e9 par nous), sans retard excessif et, en tout \u00e9tat de cause, au plus tard quatorze jours \u00e0 compter du jour o\u00f9 nous sommes inform\u00e9s de votre d\u00e9cision de r\u00e9tractation du pr\u00e9sent contrat.<br>Nous proc\u00e9derons au remboursement en utilisant le m\u00eame moyen de paiement que celui que vous aurez utilis\u00e9 pour la transaction initiale, sauf accord expr\u00e8s de votre part pour un moyen diff\u00e9rent ; en tout \u00e9tat de cause, ce remboursement n\u2019occasionnera pas de frais pour vous.<\/p>\n\n\n\n<p>Nous pourrons diff\u00e9rer le remboursement jusqu\u2019\u00e0 ce que nous ayons re\u00e7u le bien ou jusqu\u2019\u00e0 ce que vous ayez fourni une preuve d\u2019exp\u00e9dition du bien, la date retenue \u00e9tant celle du premier de ces faits.<\/p>\n\n\n\n<p>Vous devrez renvoyer ou rendre le bien, \u00e0 nous-m\u00eames, sans retard excessif et, en tout \u00e9tat de cause, au plus tard quatorze jours apr\u00e8s que vous nous aurez communiqu\u00e9 votre d\u00e9cision de r\u00e9tractation du pr\u00e9sent contrat. Ce d\u00e9lai est r\u00e9put\u00e9 respect\u00e9 si vous renvoyez le bien avant l\u2019expiration du d\u00e9lai de quatorze jours.<\/p>\n\n\n\n<p>Vous devrez prendre en charge les frais directs de renvoi du bien.<\/p>\n\n\n\n<p>Votre responsabilit\u00e9 n\u2019est engag\u00e9e qu\u2019\u00e0 l\u2019\u00e9gard de la d\u00e9pr\u00e9ciation du bien r\u00e9sultant de manipulations autres que celles n\u00e9cessaires pour \u00e9tablir la nature, les caract\u00e9ristiques et le bon fonctionnement de ce bien.<\/p>\n\n\n\n<div style=\"height:50px\" aria-hidden=\"true\" class=\"wp-block-spacer\"><\/div>\n","protected":false},"excerpt":{"rendered":"Droit de r\u00e9tractation pour les consommateurs Droit de r\u00e9tractation Vous avez le droit de vous r\u00e9tracter du pr\u00e9sent contrat dans un d\u00e9lai de quatorze jours sans avoir \u00e0 en indiquer le motif.Le d\u00e9lai de r\u00e9tractation expire quatorze jours apr\u00e8s le jour o\u00f9 vous-m\u00eame, ou un tiers autre que le transporteur et d\u00e9sign\u00e9 par vous, prend&#8230;","protected":false},"author":6,"featured_media":0,"parent":0,"menu_order":0,"comment_status":"closed","ping_status":"closed","template":"","meta":{"_acf_changed":false,"inline_featured_image":false,"footnotes":""},"class_list":["post-6937","page","type-page","status-publish","hentry"],"acf":[],"_links":{"self":[{"href":"https:\/\/hajoona.com\/fr\/wp-json\/wp\/v2\/pages\/6937","targetHints":{"allow":["GET"]}}],"collection":[{"href":"https:\/\/hajoona.com\/fr\/wp-json\/wp\/v2\/pages"}],"about":[{"href":"https:\/\/hajoona.com\/fr\/wp-json\/wp\/v2\/types\/page"}],"author":[{"embeddable":true,"href":"https:\/\/hajoona.com\/fr\/wp-json\/wp\/v2\/users\/6"}],"replies":[{"embeddable":true,"href":"https:\/\/hajoona.com\/fr\/wp-json\/wp\/v2\/comments?post=6937"}],"version-history":[{"count":4,"href":"https:\/\/hajoona.com\/fr\/wp-json\/wp\/v2\/pages\/6937\/revisions"}],"predecessor-version":[{"id":6946,"href":"https:\/\/hajoona.com\/fr\/wp-json\/wp\/v2\/pages\/6937\/revisions\/6946"}],"wp:attachment":[{"href":"https:\/\/hajoona.com\/fr\/wp-json\/wp\/v2\/media?parent=6937"}],"curies":[{"name":"wp","href":"https:\/\/api.w.org\/{rel}","templated":true}]}}