{"id":6629,"date":"2025-08-06T11:13:02","date_gmt":"2025-08-06T09:13:02","guid":{"rendered":"https:\/\/hajoona.com\/?page_id=6629"},"modified":"2025-09-15T10:10:05","modified_gmt":"2025-09-15T08:10:05","slug":"nextgen-longevity-summit","status":"publish","type":"page","link":"https:\/\/hajoona.com\/fr\/nextgen-longevity-summit\/","title":{"rendered":"NextGen Longevity Summit"},"content":{"rendered":"\r\n\r\n\r\n\r\n<div id=\"block-f217885e21f368caf4858bed42d65af769d294b153206\" \r\n    class=\"wp-block-acf-hero-slider alignfull acf-block-component\"\r\n    style=\"margin-top:0;margin-bottom:0;\">\r\n\r\n<div class=\"hero-slider-block__media\">\r\n\r\n    <img decoding=\"async\" class=\"slide-1 active\"\r\n        src=\"https:\/\/hajoona.com\/wp-content\/uploads\/2025\/08\/NextGen-Longevity-Summit.jpg\" srcset=\"https:\/\/hajoona.com\/wp-content\/uploads\/2025\/08\/NextGen-Longevity-Summit-414x414.jpg 414w, https:\/\/hajoona.com\/wp-content\/uploads\/2025\/08\/NextGen-Longevity-Summit-768x768.jpg 768w, https:\/\/hajoona.com\/wp-content\/uploads\/2025\/08\/NextGen-Longevity-Summit-1024x1024.jpg 1024w, https:\/\/hajoona.com\/wp-content\/uploads\/2025\/08\/NextGen-Longevity-Summit-1536x1536.jpg 1536w, https:\/\/hajoona.com\/wp-content\/uploads\/2025\/08\/NextGen-Longevity-Summit-2048x2048.jpg 2048w\"\r\n        alt=\"Zwei junge Menschen stehen l\u00e4chelnd R\u00fccken an R\u00fccken vor pinkem Hintergrund. Daneben steht in wei\u00dfer und blauer Schrift: \u201eNextGen Longevity Summit\u201c\">\r\n<\/div>\r\n<div class=\"hero-slider-block__content has-prime-off-white-background-color\">\r\n\r\n    <div class=\"hero-slider-block__bg\"><\/div>\r\n\r\n    <div\r\n        class=\"hero-slider-block__content-inner has-global-padding is-layout-constrained wp-block-group is-style-5-cols\">\r\n\r\n        <div class=\"content-inner__slide-container\">\r\n\r\n                        <span data-bg-color=\"prime-off-white\"\r\n                class=\"content-inner__slide is-layout-constrained slide-1 active has-prime-off-white-background-color  active\">\r\n\r\n                                <h2 class=\"slide__head\">Convention 2025<\/h2>\r\n                \r\n                                <h4 class=\"slide__subhead\">Tu veux plus dans la vie ? Plus de qualit\u00e9 de vie et une meilleure sant\u00e9 ?<br \/>\r\nPlus de style de vie et plus d\u2019\u00e9nergie ? Plus d\u2019argent et plus de libert\u00e9 ?<br \/>\r\n<br \/>\r\nAlors ne manque pas le tout premier NextGen Longevity Summit !<\/h4>\r\n                \r\n                                <div class=\"slide__button is-layout-flex wp-block-buttons\">\r\n                    <div class=\"wp-block-button\">\r\n                        <a class=\"wp-block-button__link wp-element-button\" href=\"https:\/\/hajoona.com\/nextgen-longevity-summit\/#convention\"\r\n                            target=\"\">\r\n                            Obtenez les faits                        <\/a>\r\n                    <\/div>\r\n                <\/div>\r\n                \r\n            <\/span>\r\n\r\n\r\n        <\/div>\r\n\r\n    <\/div>\r\n\r\n    <div class=\"hero-slider-block__index has-copy-s-font-size\">\r\n        <ul>\r\n            \r\n            <!-- <li><a><span class=\"index\">1<\/span><span class=\"line\"><\/span><\/a><\/li>\r\n            <li class=\"active\"><a><span class=\"index\">1<\/span><span class=\"line\"><\/span><\/a><\/li>\r\n            <li><a><span class=\"index\">1<\/span><span class=\"line\"><\/span><\/a><\/li> -->\r\n        <\/ul>\r\n    <\/div>\r\n\r\n<\/div>\r\n\r\n\r\n<span id=\"trigger-block-f217885e21f368caf4858bed42d65af769d294b153206\"><\/span>\r\n<script>\r\nif (typeof initHeroSliderBlock !== 'undefined') {\r\n    initHeroSliderBlock(document.querySelector(`#trigger-block-f217885e21f368caf4858bed42d65af769d294b153206`).parentNode);\r\n} else {\r\n    window.addEventListener('blockjs', () => {\r\n        initHeroSliderBlock(document.querySelector(`#trigger-block-f217885e21f368caf4858bed42d65af769d294b153206`).parentNode);\r\n    });\r\n}\r\n<\/script>\r\n\r\n<\/div>\n\n\n<div class=\"wp-block-columns alignwide align-items-baseline is-layout-flex wp-container-core-columns-is-layout-4f84eacc wp-block-columns-is-layout-flex\" style=\"margin-top:var(--wp--preset--spacing--5);margin-bottom:var(--wp--preset--spacing--5)\">\n<div class=\"wp-block-column is-layout-flow wp-block-column-is-layout-flow\">\n<h1 class=\"wp-block-heading is-style-5-cols has-text-color has-link-color wp-elements-04fa625d14f767de944728ff0f4331fb\" id=\"convention\" style=\"color:#045ff8;font-size:clamp(37.821px, 2.364rem + ((1vw - 3.2px) * 2.873), 70px);\">Convention 2025<\/h1>\n\n\n\n<h2 class=\"wp-block-heading is-style-5-cols\" id=\"\/Markus\" style=\"font-size:clamp(18.959px, 1.185rem + ((1vw - 3.2px) * 0.986), 30px);\">Samedi 20 septembre 2025<\/h2>\n\n\n\n<p>Imagine recevoir le savoir, les outils et le r\u00e9seau n\u00e9cessaires pour propulser ta sant\u00e9 et ton business \u00e0 un nouveau niveau \u2013 et tout cela en une seule journ\u00e9e. Le <em><strong>NextGen Longevity Summit<\/strong><\/em> est ton point de d\u00e9part vers une vie pleine d\u2019\u00e9nergie, d\u2019\u00e9quilibre et de libert\u00e9.<\/p>\n\n\n\n<h2 class=\"wp-block-heading has-text-color has-link-color wp-elements-957dd3eee1f9f147e41358c5d508029a\" style=\"color:#045ff8;font-size:clamp(18.959px, 1.185rem + ((1vw - 3.2px) * 0.986), 30px);\">De quoi s\u2019agit-il ?<\/h2>\n\n\n\n<p>La long\u00e9vit\u00e9 \u2013 mais pas au sens classique de \u201cvieillir\u201d. Il s\u2019agit plut\u00f4t de mieux vivre. De rester en bonne sant\u00e9 plus longtemps. D\u2019avoir les id\u00e9es claires. D\u2019\u00eatre plus libre au quotidien. Et surtout : d\u2019\u00eatre financi\u00e8rement autonome.<\/p>\n<\/div>\n\n\n\n<div class=\"wp-block-column is-style-4-cols-content is-layout-flow wp-block-column-is-layout-flow\">\n<h2 class=\"wp-block-heading has-text-color has-link-color wp-elements-8fb590919a4761fad4f399d90aabf989\" style=\"color:#045ff8;font-size:clamp(28.836px, 1.802rem + ((1vw - 3.2px) * 1.89), 50px);\">Points forts<\/h2>\n\n\n\n<ul class=\"wp-block-list\">\n<li>Des insights de pointe issus des recherches les plus r\u00e9centes<\/li>\n\n\n\n<li>Des produits intelligents qui repensent la sant\u00e9<\/li>\n\n\n\n<li>Une communaut\u00e9 qui te soutient<\/li>\n\n\n\n<li>Un \u00e9ventail d\u2019outils business<\/li>\n\n\n\n<li>Le <em>hajoona Management Board<\/em> &amp; Thomas Klaholz, expert en sciences du sport et de la nutrition \u2013 en live sur sc\u00e8ne<\/li>\n\n\n\n<li>Et en point d\u2019orgue : Special Guest Marcus Lauk, l\u2019un des experts en long\u00e9vit\u00e9 les plus connus dans l\u2019espace germanophone (DACH). Dans sa keynote inspirante, il partage les secrets des <em>Blue Zones<\/em> \u2013 ces r\u00e9gions du monde o\u00f9 vivent les populations les plus \u00e2g\u00e9es et en meilleure sant\u00e9.<\/li>\n<\/ul>\n<\/div>\n<\/div>\n\n\n\r\n\r\n\r\n\r\n<div id=\"block-986cc2487eb8d5531ca0926dcecac46469d294b15ad8b\" \r\n    class=\"wp-block-acf-teaser wp-elements-dc51c4ead583a00379bd95ab31c5d5d7 alignfull has-background has-prime-black-color has-text-color has-link-color acf-block-component\"\r\n    style=\"margin-top:0;margin-bottom:0;padding-top:0;padding-bottom:0;background-color:#de8bf0;\">\r\n\r\n\r\n<div class=\"highlight__offset-text highlight__offset-text--top alignright\"><span\r\n        class=\"text\">Invit\u00e9 <\/div>\r\n\r\n<div class=\"highlight__inner-block\">\r\n\r\n    <div class=\"highlight__copy\"><span><p style=\"font-size: 50px; font-weight: bold;\">Marcus Lauk<\/p> <p><em>\u00ab Long\u00e9vit\u00e9 \u2013 Les secrets des Blue Zones et ce que nous pouvons en apprendre pour une vie longue et \u00e9panouie. \u00bb<\/em><\/p><p>Marcus Lauk est l\u2019un des experts les plus renomm\u00e9s en long\u00e9vit\u00e9 et sur les Blue Zones dans l\u2019espace germanophone \u2013 plusieurs fois r\u00e9compens\u00e9, class\u00e9 parmi les TOP 100 formateurs \u00e0 succ\u00e8s, speaker au Greator Festival et auteur de 100 ans de vie \u00e9panouie. Il allie recherche scientifique approfondie en sant\u00e9 et voyages autour du monde \u00e0 la rencontre des populations les plus \u00e2g\u00e9es de la plan\u00e8te. Ce qui fait vraiment la long\u00e9vit\u00e9, vous le d\u00e9couvrirez dans sa keynote.<\/p><\/span>\r\n\r\n        \r\n    <\/div>\r\n        <div class=\"highlight__image\">\r\n        <img decoding=\"async\" src=\"https:\/\/hajoona.com\/wp-content\/uploads\/2025\/08\/ML-9335_hochkant-2-scaled.jpg\" srcset=\"https:\/\/hajoona.com\/wp-content\/uploads\/2025\/08\/ML-9335_hochkant-2-scaled.jpg 1606w, https:\/\/hajoona.com\/wp-content\/uploads\/2025\/08\/ML-9335_hochkant-2-482x768.jpg 482w, https:\/\/hajoona.com\/wp-content\/uploads\/2025\/08\/ML-9335_hochkant-2-642x1024.jpg 642w, https:\/\/hajoona.com\/wp-content\/uploads\/2025\/08\/ML-9335_hochkant-2-260x414.jpg 260w, https:\/\/hajoona.com\/wp-content\/uploads\/2025\/08\/ML-9335_hochkant-2-768x1224.jpg 768w, https:\/\/hajoona.com\/wp-content\/uploads\/2025\/08\/ML-9335_hochkant-2-964x1536.jpg 964w, https:\/\/hajoona.com\/wp-content\/uploads\/2025\/08\/ML-9335_hochkant-2-1285x2048.jpg 1285w\"\r\n            alt=\"Markus Lauk, Longevity-Experte, sitzt l\u00e4chelnd mit Kaffeetasse an einem Tisch und tr\u00e4gt Sakko und Schieberm\u00fctze.\">\r\n    <\/div>\r\n\r\n<\/div>\r\n\r\n<div class=\"highlight__offset-text highlight__offset-text--bottom alignleft\"><span\r\n        class=\"text\">sp\u00e9cial<\/div>\r\n\r\n\r\n\r\n<span id=\"trigger-block-986cc2487eb8d5531ca0926dcecac46469d294b15ad8b\"><\/span>\r\n<script>\r\nif (typeof initTileMenuBlock !== 'undefined') {\r\n    initTileMenuBlock(document.querySelector(`#trigger-block-986cc2487eb8d5531ca0926dcecac46469d294b15ad8b`).parentNode);\r\n} else {\r\n    window.addEventListener('blockjs', () => {\r\n        initTileMenuBlock(document.querySelector(`#trigger-block-986cc2487eb8d5531ca0926dcecac46469d294b15ad8b`).parentNode);\r\n    });\r\n}\r\n<\/script>\r\n\r\n<\/div>\n\n\n<h2 class=\"wp-block-heading alignwide\" id=\"hajoona-news\" style=\"margin-top:var(--wp--preset--spacing--4);margin-bottom:0;font-size:clamp(28.836px, 1.802rem + ((1vw - 3.2px) * 1.89), 50px);\"><strong>Nos intervenants :<\/strong><\/h2>\n\n\n\r\n<style>\r\ndiv#block-b79af03829499c37f75825d601a0754769d294b15c770 .slide {\r\n    width: 36rem !important;\r\n}\r\n\r\ndiv#block-b79af03829499c37f75825d601a0754769d294b15c770 .slide__image-container {\r\n    aspect-ratio: 1\/1.25;\r\n    font-size: 6rem;\r\n}\r\n\r\ndiv#block-b79af03829499c37f75825d601a0754769d294b15c770 .slide__image-container img {\r\n    object-fit: contain;\r\n    object-position: left bottom;\r\n}\r\n<\/style>\r\n\r\n\r\n\r\n<div id=\"block-b79af03829499c37f75825d601a0754769d294b15c770\" \r\n    class=\"wp-block-acf-carousel has-prime-black-color has-text-color acf-block-component\"\r\n    style=\"margin-bottom:var(--wp--preset--spacing--5);\">\r\n<div class=\"carousel-container has-global-padding is-layout-constrained\"\r\n    style=\"\">\r\n    <button class=\"carousel-control carousel-control--prev no-button-styling prev-cursor\"><\/button>\r\n    <button class=\"carousel-control carousel-control--next no-button-styling next-cursor\"><\/button>\r\n\r\n    <div class=\"carousel-pos  alignwide\">\r\n        <div class=\"carousel\" data-slick='{\"mobileFirst\":true,\"variableWidth\":false,\"infinite\":false,\"slidesToShow\":1,\"slidesToScroll\":1}'>\r\n\r\n            \r\n            <a class=\"slide\" href=\"javascript:void(0);\">\r\n            <div class=\"slide__image-container\">\r\n                <img decoding=\"async\" class=\"slide-1 active\"\r\n                    src=\"https:\/\/hajoona.com\/wp-content\/uploads\/2025\/08\/DL.jpg\" srcset=\"https:\/\/hajoona.com\/wp-content\/uploads\/2025\/08\/DL-414x414.jpg 414w, https:\/\/hajoona.com\/wp-content\/uploads\/2025\/08\/DL-768x768.jpg 768w, https:\/\/hajoona.com\/wp-content\/uploads\/2025\/08\/DL-1024x1024.jpg 1024w, https:\/\/hajoona.com\/wp-content\/uploads\/2025\/08\/DL-1536x1536.jpg 1536w, https:\/\/hajoona.com\/wp-content\/uploads\/2025\/08\/DL-2048x2048.jpg 2048w\"\r\n                    alt=\"Daniela Lipgens, Gesch\u00e4ftsf\u00fchrerin der hajoona GmbH, steht in einem modernen, lichtdurchfluteten Geb\u00e4ude und blickt l\u00e4chelnd in die Kamera.\">\r\n\r\n                \r\n                \r\n            <\/div>\r\n\r\n                        <h3 class=\"slide__head\">Daniela Lipgens<\/h3>\r\n            \r\n                        <h4 class=\"slide__subhead\">Directrice g\u00e9n\u00e9rale de hajoona<br \/>\r\nLe march\u00e9 de la long\u00e9vit\u00e9 \u2013 la tendance du futur.<\/h4>\r\n            \r\n            <\/a>\r\n            <a class=\"slide\" href=\"javascript:void(0);\">\r\n            <div class=\"slide__image-container\">\r\n                <img decoding=\"async\" class=\"slide-2\"\r\n                    src=\"https:\/\/hajoona.com\/wp-content\/uploads\/2025\/08\/AU.jpg\" srcset=\"https:\/\/hajoona.com\/wp-content\/uploads\/2025\/08\/AU-414x414.jpg 414w, https:\/\/hajoona.com\/wp-content\/uploads\/2025\/08\/AU-768x768.jpg 768w, https:\/\/hajoona.com\/wp-content\/uploads\/2025\/08\/AU-1024x1024.jpg 1024w, https:\/\/hajoona.com\/wp-content\/uploads\/2025\/08\/AU-1536x1536.jpg 1536w, https:\/\/hajoona.com\/wp-content\/uploads\/2025\/08\/AU-2048x2048.jpg 2048w\"\r\n                    alt=\"Andrej Uschakow, Co-Founder und Chief Sales Officer der hajoona GmbH, steht in einem modernen B\u00fcrogeb\u00e4ude und blickt freundlich in die Kamera.\">\r\n\r\n                \r\n                \r\n            <\/div>\r\n\r\n                        <h3 class=\"slide__head\">Andrej Uschakow<\/h3>\r\n            \r\n                        <h4 class=\"slide__subhead\">Co-fondateur &#038; Chief Sales hajoona<br \/>\r\nNouvelles impulsions dans le Moneytalk &#038; le Wealth Management \u2013 La sant\u00e9 financi\u00e8re comme cl\u00e9 d\u2019une v\u00e9ritable long\u00e9vit\u00e9.<\/h4>\r\n            \r\n            <\/a>\r\n            <a class=\"slide\" href=\"javascript:void(0);\">\r\n            <div class=\"slide__image-container\">\r\n                <img decoding=\"async\" class=\"slide-3\"\r\n                    src=\"https:\/\/hajoona.com\/wp-content\/uploads\/2025\/08\/EU.jpg\" srcset=\"https:\/\/hajoona.com\/wp-content\/uploads\/2025\/08\/EU-414x414.jpg 414w, https:\/\/hajoona.com\/wp-content\/uploads\/2025\/08\/EU-768x768.jpg 768w, https:\/\/hajoona.com\/wp-content\/uploads\/2025\/08\/EU-1024x1024.jpg 1024w, https:\/\/hajoona.com\/wp-content\/uploads\/2025\/08\/EU-1536x1536.jpg 1536w, https:\/\/hajoona.com\/wp-content\/uploads\/2025\/08\/EU-2048x2048.jpg 2048w\"\r\n                    alt=\"Estera Uschakow, Mitglied des Managementboards von hajoona, steht in einem modernen Geb\u00e4ude und l\u00e4chelt selbstbewusst in die Kamera.\">\r\n\r\n                \r\n                \r\n            <\/div>\r\n\r\n                        <h3 class=\"slide__head\">Estera Uschakow<\/h3>\r\n            \r\n                        <h4 class=\"slide__subhead\">Membre du Management Board de hajoona<br \/>\r\n\u00ab Trouve ton Ikigai \u00bb \u2013 Voil\u00e0 ce qui vaut la peine de vivre. Comment la passion, la vocation, la mission et la profession peuvent donner tout son sens \u00e0 ta vie.<\/h4>\r\n            \r\n            <\/a>\r\n            <a class=\"slide\" href=\"javascript:void(0);\">\r\n            <div class=\"slide__image-container\">\r\n                <img decoding=\"async\" class=\"slide-4\"\r\n                    src=\"https:\/\/hajoona.com\/wp-content\/uploads\/2025\/08\/Thomas-Klaholz.png\" srcset=\"https:\/\/hajoona.com\/wp-content\/uploads\/2025\/08\/Thomas-Klaholz-414x414.png 414w, https:\/\/hajoona.com\/wp-content\/uploads\/2025\/08\/Thomas-Klaholz-768x768.png 768w, https:\/\/hajoona.com\/wp-content\/uploads\/2025\/08\/Thomas-Klaholz-1024x1024.png 1024w, https:\/\/hajoona.com\/wp-content\/uploads\/2025\/08\/Thomas-Klaholz.png 1080w\"\r\n                    alt=\"Thomas Klaholz, Produktexperte bei hajoona, steht mit verschr\u00e4nkten Armen in einem modernen Geb\u00e4ude und l\u00e4chelt freundlich in die Kamera.\">\r\n\r\n                \r\n                \r\n            <\/div>\r\n\r\n                        <h3 class=\"slide__head\">Thomas Klaholz<\/h3>\r\n            \r\n                        <h4 class=\"slide__subhead\">Expert produit hajoona<br \/>\r\nLe concept hajoona. Une contribution forte \u00e0 ta long\u00e9vit\u00e9.<\/h4>\r\n            \r\n            <\/a>\r\n        <\/div>\r\n    <\/div>\r\n<\/div>\r\n\r\n<span id=\"trigger-block-b79af03829499c37f75825d601a0754769d294b15c770\"><\/span>\r\n<script>\r\nif (typeof initCarouselBlock !== 'undefined') {\r\n    initCarouselBlock(document.querySelector(`#trigger-block-b79af03829499c37f75825d601a0754769d294b15c770`).parentNode);\r\n} else {\r\n    window.addEventListener('blockjs', () => {\r\n        initCarouselBlock(document.querySelector(`#trigger-block-b79af03829499c37f75825d601a0754769d294b15c770`).parentNode);\r\n    });\r\n}\r\n<\/script>\r\n\r\n<\/div>\n\n\n<div class=\"wp-block-columns alignwide align-items-baseline is-layout-flex wp-container-core-columns-is-layout-4f84eacc wp-block-columns-is-layout-flex\" style=\"margin-top:var(--wp--preset--spacing--5);margin-bottom:var(--wp--preset--spacing--5)\">\n<div class=\"wp-block-column is-layout-flow wp-block-column-is-layout-flow\">\n<h2 class=\"wp-block-heading is-style-5-cols has-text-color has-link-color wp-elements-c76d973076f2bb67f148d9beef131293\" id=\"\/Markus\" style=\"color:#045ff8;font-size:clamp(28.836px, 1.802rem + ((1vw - 3.2px) * 1.89), 50px);\">Quand ? O\u00f9 ? Comment ?<\/h2>\n\n\n\n<h3 class=\"wp-block-heading is-style-5-cols\" id=\"\/Markus\" style=\"font-size:clamp(18.959px, 1.185rem + ((1vw - 3.2px) * 0.986), 30px);\">Samedi 20 septembre 2025<\/h3>\n<\/div>\n\n\n\n<div class=\"wp-block-column is-style-4-cols-content is-layout-flow wp-block-column-is-layout-flow\">\n<p><strong>10h00 \u2013 17h30<\/strong> (ouverture des portes d\u00e8s 8h30)<br>\u00c0 la suite : <strong>Get Together Party<\/strong> \ud83c\udf89<\/p>\n\n\n\n<p><strong>Centre de congr\u00e8s darmstadtium<\/strong><br>Schlossgraben 1<br>64283 Darmstadt<\/p>\n\n\n\n<p><strong>Billet individuel : 149 \u20ac<\/strong><br>Placement libre<br>Sans restauration incluse<\/p>\n<\/div>\n<\/div>\n\n\n\n<div class=\"wp-block-columns alignwide align-items-baseline has-background is-layout-flex wp-container-core-columns-is-layout-4f84eacc wp-block-columns-is-layout-flex\" style=\"background-color:#de8bf0;margin-top:var(--wp--preset--spacing--5);margin-bottom:var(--wp--preset--spacing--5)\">\n<div class=\"wp-block-column is-layout-flow wp-block-column-is-layout-flow\">\n<h3 class=\"wp-block-heading is-style-5-cols has-text-color has-link-color wp-elements-e737275d3c6ec76dd7426aa341c4c5c0\" id=\"\/Markus\" style=\"color:#045ff8;font-size:clamp(18.959px, 1.185rem + ((1vw - 3.2px) * 0.986), 30px);\">Tu veux en faire partie ? Alors inscris-toi chez nous !<\/h3>\n<\/div>\n\n\n\n<div class=\"wp-block-column is-style-4-cols-content is-layout-flow wp-block-column-is-layout-flow\">\n<div class=\"wp-block-buttons is-layout-flex wp-block-buttons-is-layout-flex\">\n<div class=\"wp-block-button\"><a class=\"wp-block-button__link wp-element-button\" href=\"https:\/\/hajoona.com\/fr\/kontakt\/\">Prenez contact !<\/a><\/div>\n<\/div>\n<\/div>\n<\/div>\n","protected":false},"excerpt":{"rendered":"Convention 2025 Samedi 20 septembre 2025 Imagine recevoir le savoir, les outils et le r\u00e9seau n\u00e9cessaires pour propulser ta sant\u00e9 et ton business \u00e0 un nouveau niveau \u2013 et tout cela en une seule journ\u00e9e. Le NextGen Longevity Summit est ton point de d\u00e9part vers une vie pleine d\u2019\u00e9nergie, d\u2019\u00e9quilibre et de libert\u00e9. De quoi&#8230;","protected":false},"author":6,"featured_media":6574,"parent":0,"menu_order":0,"comment_status":"closed","ping_status":"closed","template":"","meta":{"_acf_changed":false,"inline_featured_image":false,"footnotes":""},"class_list":["post-6629","page","type-page","status-publish","has-post-thumbnail","hentry"],"acf":[],"_links":{"self":[{"href":"https:\/\/hajoona.com\/fr\/wp-json\/wp\/v2\/pages\/6629","targetHints":{"allow":["GET"]}}],"collection":[{"href":"https:\/\/hajoona.com\/fr\/wp-json\/wp\/v2\/pages"}],"about":[{"href":"https:\/\/hajoona.com\/fr\/wp-json\/wp\/v2\/types\/page"}],"author":[{"embeddable":true,"href":"https:\/\/hajoona.com\/fr\/wp-json\/wp\/v2\/users\/6"}],"replies":[{"embeddable":true,"href":"https:\/\/hajoona.com\/fr\/wp-json\/wp\/v2\/comments?post=6629"}],"version-history":[{"count":5,"href":"https:\/\/hajoona.com\/fr\/wp-json\/wp\/v2\/pages\/6629\/revisions"}],"predecessor-version":[{"id":6935,"href":"https:\/\/hajoona.com\/fr\/wp-json\/wp\/v2\/pages\/6629\/revisions\/6935"}],"wp:featuredmedia":[{"embeddable":true,"href":"https:\/\/hajoona.com\/fr\/wp-json\/wp\/v2\/media\/6574"}],"wp:attachment":[{"href":"https:\/\/hajoona.com\/fr\/wp-json\/wp\/v2\/media?parent=6629"}],"curies":[{"name":"wp","href":"https:\/\/api.w.org\/{rel}","templated":true}]}}