{"id":6422,"date":"2025-06-17T13:26:42","date_gmt":"2025-06-17T11:26:42","guid":{"rendered":"https:\/\/hajoona.com\/?page_id=6422"},"modified":"2025-06-26T15:17:47","modified_gmt":"2025-06-26T13:17:47","slug":"barrierefreiheit-fr","status":"publish","type":"page","link":"https:\/\/hajoona.com\/fr\/barrierefreiheit-fr\/","title":{"rendered":"Barrierefreiheit FR"},"content":{"rendered":"\n<div style=\"height:10px\" aria-hidden=\"true\" class=\"wp-block-spacer\"><\/div>\n\n\n\n<h1 class=\"wp-block-heading\" style=\"font-size:clamp(27.42px, 1.714rem + ((1vw - 3.2px) * 1.748), 47px);\">Accessibilit\u00e9<\/h1>\n\n\n\n<h2 class=\"wp-block-heading\" style=\"font-size:clamp(20px, 1.25rem + ((1vw - 3.2px) * 1.071), 32px);\">D\u00e9claration sur l\u2019accessibilit\u00e9<\/h2>\n\n\n\n<p><strong>\u00c9tat au : 16\/06\/2025<\/strong><\/p>\n\n\n\n<p>Cette d\u00e9claration est \u00e9tablie conform\u00e9ment \u00e0 l\u2019article 4, paragraphe 3 du R\u00e8glement allemand sur les obligations d&rsquo;information en mati\u00e8re d&rsquo;accessibilit\u00e9 (BFSG-InfoV), sur la base de la loi sur le renforcement de l\u2019accessibilit\u00e9 (BFSG).<\/p>\n\n\n\n<p><strong>Champ d\u2019application<\/strong><\/p>\n\n\n\n<p>La pr\u00e9sente d\u00e9claration sur l\u2019accessibilit\u00e9 s\u2019applique au site internet suivant :<br><a class=\"\" href=\"https:\/\/www.hajoona.com\">https:\/\/www.hajoona.com<\/a><\/p>\n\n\n\n<p><strong>Description g\u00e9n\u00e9rale du service<\/strong><\/p>\n\n\n\n<p>Le site de hajoona GmbH fournit des informations sur nos produits dans les domaines de la sant\u00e9 et du bien-\u00eatre, permet un contact num\u00e9rique, informe sur les \u00e9v\u00e9nements et les offres partenaires, et offre aux utilisateurs enregistr\u00e9s un acc\u00e8s \u00e0 un espace s\u00e9curis\u00e9 comprenant une boutique en ligne.<\/p>\n\n\n\n<p><strong>\u00c9tat de conformit\u00e9 aux exigences<\/strong><\/p>\n\n\n\n<p>Ce site internet a \u00e9t\u00e9 con\u00e7u conform\u00e9ment aux exigences de la norme EN 301 549 sur la base des WCAG 2.1, niveau de conformit\u00e9 AA. Il est actuellement largement accessible. Certains contenus sont continuellement optimis\u00e9s.<\/p>\n\n\n\n<p><strong>Retour d\u2019information et contact<\/strong><\/p>\n\n\n\n<p>Vous avez rencontr\u00e9 des obstacles d\u2019accessibilit\u00e9 sur notre site web ? Ou vous avez des questions concernant sa mise en \u0153uvre ? N\u2019h\u00e9sitez pas \u00e0 nous contacter :<\/p>\n\n\n\n<p><strong>hajoona GmbH<\/strong><br>Heinrich-Fuchs-Stra\u00dfe 94\u201396<br>D-69126 Heidelberg<br>E-mail : <a>office@hajoona.com<\/a><br>T\u00e9l\u00e9phone : +49 6221 64702-10<\/p>\n\n\n\n<p><strong>Assistance pour les personnes en situation de handicap<\/strong><\/p>\n\n\n\n<p>Nous mettons \u00e0 disposition une ligne t\u00e9l\u00e9phonique d\u00e9di\u00e9e aux personnes en situation de handicap et aux utilisateurs de technologies d\u2019assistance :<br>T\u00e9l\u00e9phone : +49 6221 64702-10<\/p>\n\n\n\n<p><strong>Proc\u00e9dure de recours<\/strong><\/p>\n\n\n\n<p>Si votre signalement ne re\u00e7oit pas de r\u00e9ponse satisfaisante, vous pouvez contacter l\u2019organisme de recours comp\u00e9tent :<\/p>\n\n\n\n<p><strong>Minist\u00e8re des Affaires sociales, de la Sant\u00e9 et de l\u2019Int\u00e9gration du Bade-Wurtemberg<\/strong><br>Organisme de recours pour l\u2019accessibilit\u00e9 des technologies de l\u2019information<br>Else-Josenhans-Stra\u00dfe 6, 70173 Stuttgart<br>E-mail : <a>poststelle@bfbmb.bwl.de<\/a><br>T\u00e9l\u00e9phone : +49 (0)711 279-3360<\/p>\n\n\n\n<p><strong>Autorit\u00e9 de surveillance du march\u00e9 selon la BFSG<\/strong><\/p>\n\n\n\n<p><strong>Agence f\u00e9d\u00e9rale des r\u00e9seaux pour l&rsquo;\u00e9lectricit\u00e9, le gaz, les t\u00e9l\u00e9communications, la poste et les chemins de fer<\/strong><br>Tulpenfeld 4, 53113 Bonn<br><a href=\"https:\/\/www.bundesnetzagentur.de\/EN\/Home\/home_node.html\" target=\"_blank\" rel=\"noreferrer noopener\"><a href=\"https:\/\/www.bundesnetzagentur.de\/EN\/Home\/home_node.html\" target=\"_blank\" rel=\"noreferrer noopener\">www.bundesnetzagentur.de\/EN<\/a><\/a><\/p>\n\n\n\n<p><strong>\u00c9laboration de cette d\u00e9claration<\/strong><\/p>\n\n\n\n<p>Cette d\u00e9claration a \u00e9t\u00e9 r\u00e9dig\u00e9e le 16\/06\/2025 et a \u00e9t\u00e9 v\u00e9rifi\u00e9e \u00e0 la m\u00eame date.<a id=\"_msocom_1\"><\/a><\/p>\n\n\n\n<div style=\"height:10px\" aria-hidden=\"true\" class=\"wp-block-spacer\"><\/div>\n","protected":false},"excerpt":{"rendered":"Accessibilit\u00e9 D\u00e9claration sur l\u2019accessibilit\u00e9 \u00c9tat au : 16\/06\/2025 Cette d\u00e9claration est \u00e9tablie conform\u00e9ment \u00e0 l\u2019article 4, paragraphe 3 du R\u00e8glement allemand sur les obligations d&rsquo;information en mati\u00e8re d&rsquo;accessibilit\u00e9 (BFSG-InfoV), sur la base de la loi sur le renforcement de l\u2019accessibilit\u00e9 (BFSG). Champ d\u2019application La pr\u00e9sente d\u00e9claration sur l\u2019accessibilit\u00e9 s\u2019applique au site internet suivant :https:\/\/www.hajoona.com Description&#8230;","protected":false},"author":6,"featured_media":0,"parent":0,"menu_order":0,"comment_status":"closed","ping_status":"closed","template":"","meta":{"_acf_changed":false,"inline_featured_image":false,"footnotes":""},"class_list":["post-6422","page","type-page","status-publish","hentry"],"acf":[],"_links":{"self":[{"href":"https:\/\/hajoona.com\/fr\/wp-json\/wp\/v2\/pages\/6422","targetHints":{"allow":["GET"]}}],"collection":[{"href":"https:\/\/hajoona.com\/fr\/wp-json\/wp\/v2\/pages"}],"about":[{"href":"https:\/\/hajoona.com\/fr\/wp-json\/wp\/v2\/types\/page"}],"author":[{"embeddable":true,"href":"https:\/\/hajoona.com\/fr\/wp-json\/wp\/v2\/users\/6"}],"replies":[{"embeddable":true,"href":"https:\/\/hajoona.com\/fr\/wp-json\/wp\/v2\/comments?post=6422"}],"version-history":[{"count":2,"href":"https:\/\/hajoona.com\/fr\/wp-json\/wp\/v2\/pages\/6422\/revisions"}],"predecessor-version":[{"id":6477,"href":"https:\/\/hajoona.com\/fr\/wp-json\/wp\/v2\/pages\/6422\/revisions\/6477"}],"wp:attachment":[{"href":"https:\/\/hajoona.com\/fr\/wp-json\/wp\/v2\/media?parent=6422"}],"curies":[{"name":"wp","href":"https:\/\/api.w.org\/{rel}","templated":true}]}}