{"id":5717,"date":"2024-09-27T08:25:52","date_gmt":"2024-09-27T06:25:52","guid":{"rendered":"https:\/\/hajoona.com\/?page_id=5717"},"modified":"2025-06-26T17:25:25","modified_gmt":"2025-06-26T15:25:25","slug":"resiliation","status":"publish","type":"page","link":"https:\/\/hajoona.com\/fr\/resiliation\/","title":{"rendered":"r\u00e9siliation"},"content":{"rendered":"\n<h1 class=\"wp-block-heading\" style=\"margin-top:var(--wp--preset--spacing--5);margin-bottom:var(--wp--preset--spacing--3);font-size:clamp(34.313px, 2.145rem + ((1vw - 3.2px) * 2.472), 62px);\"><strong>Page de confirmation pour la r\u00e9siliation<\/strong><\/h1>\n\n\n\n<p>C&rsquo;est ici que tu peux, en tant que client priv\u00e9 (consommateur), r\u00e9silier ton abonnement \u00e0 un produit chez Hajoona.<\/p>\n\n\n\n<div class=\"wpcf7 no-js\" id=\"wpcf7-f5713-o1\" lang=\"de-DE\" dir=\"ltr\" data-wpcf7-id=\"5713\">\n<div class=\"screen-reader-response\"><p role=\"status\" aria-live=\"polite\" aria-atomic=\"true\"><\/p> <ul><\/ul><\/div>\n<form action=\"\/fr\/wp-json\/wp\/v2\/pages\/5717#wpcf7-f5713-o1\" method=\"post\" class=\"wpcf7-form init\" aria-label=\"Kontaktformular\" novalidate=\"novalidate\" data-status=\"init\">\n<fieldset class=\"hidden-fields-container\"><input type=\"hidden\" name=\"_wpcf7\" value=\"5713\" \/><input type=\"hidden\" name=\"_wpcf7_version\" value=\"6.1.5\" \/><input type=\"hidden\" name=\"_wpcf7_locale\" value=\"de_DE\" \/><input type=\"hidden\" name=\"_wpcf7_unit_tag\" value=\"wpcf7-f5713-o1\" \/><input type=\"hidden\" name=\"_wpcf7_container_post\" value=\"0\" \/><input type=\"hidden\" name=\"_wpcf7_posted_data_hash\" value=\"\" \/>\n<\/fieldset>\n<div class=\"is-layout-constrained\">\n\t<div>\n\t\t<p><span class=\"wpcf7-form-control-wrap\" data-name=\"salutation\"><select class=\"wpcf7-form-control wpcf7-select\" aria-invalid=\"false\" name=\"salutation\"><option value=\"Monsieur\">Monsieur<\/option><option value=\"Madame\">Madame<\/option><\/select><\/span>\n\t\t<\/p>\n\t<\/div>\n\t<div class=\"is-layout-flex wp-block-columns\">\n\t\t<div class=\"is-layout-flow wp-block-column\">\n\t\t\t<p><span class=\"wpcf7-form-control-wrap\" data-name=\"first-name\"><input size=\"40\" maxlength=\"400\" class=\"wpcf7-form-control wpcf7-text wpcf7-validates-as-required\" autocomplete=\"firstname\" aria-required=\"true\" aria-invalid=\"false\" placeholder=\"Pr\u00e9nom\" value=\"\" type=\"text\" name=\"first-name\" \/><\/span>\n\t\t\t<\/p>\n\t\t<\/div>\n\t\t<div class=\"is-layout-flow wp-block-column\">\n\t\t\t<p><span class=\"wpcf7-form-control-wrap\" data-name=\"last-name\"><input size=\"40\" maxlength=\"400\" class=\"wpcf7-form-control wpcf7-text wpcf7-validates-as-required\" autocomplete=\"lastname\" aria-required=\"true\" aria-invalid=\"false\" placeholder=\"Nom de famille\" value=\"\" type=\"text\" name=\"last-name\" \/><\/span>\n\t\t\t<\/p>\n\t\t<\/div>\n\t<\/div>\n\t<div>\n\t\t<p><span class=\"wpcf7-form-control-wrap\" data-name=\"street-name\"><input size=\"40\" maxlength=\"400\" class=\"wpcf7-form-control wpcf7-text wpcf7-validates-as-required\" autocomplete=\"street\" aria-required=\"true\" aria-invalid=\"false\" placeholder=\"Rue et num\u00e9ro\" value=\"\" type=\"text\" name=\"street-name\" \/><\/span>\n\t\t<\/p>\n\t<\/div>\n\t<div class=\"is-layout-flex wp-block-columns\">\n\t\t<div class=\"is-layout-flow wp-block-column\">\n\t\t\t<p><span class=\"wpcf7-form-control-wrap\" data-name=\"zip-code\"><input size=\"40\" maxlength=\"400\" class=\"wpcf7-form-control wpcf7-text wpcf7-validates-as-required\" autocomplete=\"zip\" aria-required=\"true\" aria-invalid=\"false\" placeholder=\"Code postal\" value=\"\" type=\"text\" name=\"zip-code\" \/><\/span>\n\t\t\t<\/p>\n\t\t<\/div>\n\t\t<div class=\"is-layout-flow wp-block-column\">\n\t\t\t<p><span class=\"wpcf7-form-control-wrap\" data-name=\"city\"><input size=\"40\" maxlength=\"400\" class=\"wpcf7-form-control wpcf7-text wpcf7-validates-as-required\" autocomplete=\"city\" aria-required=\"true\" aria-invalid=\"false\" placeholder=\"Ville\" value=\"\" type=\"text\" name=\"city\" \/><\/span>\n\t\t\t<\/p>\n\t\t<\/div>\n\t<\/div>\n\t<div>\n\t\t<p><span class=\"wpcf7-form-control-wrap\" data-name=\"country\"><input size=\"40\" maxlength=\"400\" class=\"wpcf7-form-control wpcf7-text wpcf7-validates-as-required\" autocomplete=\"lastname\" aria-required=\"true\" aria-invalid=\"false\" placeholder=\"Pays\" value=\"\" type=\"text\" name=\"country\" \/><\/span>\n\t\t<\/p>\n\t<\/div>\n\t<div>\n\t\t<p><span class=\"wpcf7-form-control-wrap\" data-name=\"email\"><input size=\"40\" maxlength=\"400\" class=\"wpcf7-form-control wpcf7-email wpcf7-validates-as-required wpcf7-text wpcf7-validates-as-email\" autocomplete=\"email\" aria-required=\"true\" aria-invalid=\"false\" placeholder=\"Adresse e-mail\" value=\"\" type=\"email\" name=\"email\" \/><\/span>\n\t\t<\/p>\n\t<\/div>\n\t<div>\n\t\t<p><span class=\"wpcf7-form-control-wrap\" data-name=\"client-number\"><input size=\"40\" maxlength=\"400\" class=\"wpcf7-form-control wpcf7-text wpcf7-validates-as-required\" aria-required=\"true\" aria-invalid=\"false\" placeholder=\"Num\u00e9ro de client\" value=\"\" type=\"text\" name=\"client-number\" \/><\/span>\n\t\t<\/p>\n\t\t<p class=\"form-note\">Ton num\u00e9ro de client se compose de 6 chiffres.\n\t\t<\/p>\n\t<\/div>\n\t<div>\n\t\t<p><span class=\"wpcf7-form-control-wrap\" data-name=\"tel\"><input size=\"40\" maxlength=\"400\" class=\"wpcf7-form-control wpcf7-tel wpcf7-text wpcf7-validates-as-tel\" aria-invalid=\"false\" placeholder=\"Num\u00e9ro de t\u00e9l\u00e9phone\" value=\"\" type=\"tel\" name=\"tel\" \/><\/span>\n\t\t<\/p>\n\t<\/div>\n\t<div>\n\t\t<p><label for=\"type-of-termination\">Type de r\u00e9siliation:<\/label><br \/>\n<span class=\"wpcf7-form-control-wrap\" data-name=\"type-of-termination\"><span class=\"wpcf7-form-control wpcf7-radio\" id=\"type-of-termination\"><span class=\"wpcf7-list-item first\"><label><input type=\"radio\" name=\"type-of-termination\" value=\"Extraordinaire\" \/><span class=\"wpcf7-list-item-label\">Extraordinaire<\/span><\/label><\/span><span class=\"wpcf7-list-item last\"><label><input type=\"radio\" name=\"type-of-termination\" value=\"Dans le d\u00e9lai imparti, pour la date la plus proche possible\" checked=\"checked\" \/><span class=\"wpcf7-list-item-label\">Dans le d\u00e9lai imparti, pour la date la plus proche possible<\/span><\/label><\/span><\/span><\/span>\n\t\t<\/p>\n\t<\/div>\n\t<div>\n\t\t<p><label for=\"reason-for-termination\">Extraordinaire : motif de r\u00e9siliation<\/label><br \/>\n<span class=\"wpcf7-form-control-wrap\" data-name=\"reason-for-termination\"><textarea cols=\"40\" rows=\"10\" maxlength=\"2000\" class=\"wpcf7-form-control wpcf7-textarea\" id=\"reason-for-termination\" aria-invalid=\"false\" name=\"reason-for-termination\"><\/textarea><\/span>\n\t\t<\/p>\n\t<\/div>\n\t<div>\n\t\t<p><label for=\"type-of-subscription\">Que veux-tu r\u00e9silier:<\/label><br \/>\n<span class=\"wpcf7-form-control-wrap\" data-name=\"type-of-subscription\"><span class=\"wpcf7-form-control wpcf7-radio\" id=\"idhier\"><span class=\"wpcf7-list-item first\"><label><input type=\"radio\" name=\"type-of-subscription\" value=\"Seulement un abonnement sp\u00e9cifique\" checked=\"checked\" \/><span class=\"wpcf7-list-item-label\">Seulement un abonnement sp\u00e9cifique<\/span><\/label><\/span><span class=\"wpcf7-list-item last\"><label><input type=\"radio\" name=\"type-of-subscription\" value=\"Tous mes abonnements\" \/><span class=\"wpcf7-list-item-label\">Tous mes abonnements<\/span><\/label><\/span><\/span><\/span>\n\t\t<\/p>\n\t<\/div>\n\t<div>\n\t\t<p><label for=\"subscrition-to-terminate\">\u00c0 savoir:<\/label><br \/>\n<span class=\"wpcf7-form-control-wrap\" data-name=\"subscrition-to-terminate\"><textarea cols=\"40\" rows=\"10\" maxlength=\"2000\" class=\"wpcf7-form-control wpcf7-textarea\" id=\"subscrition-to-terminate\" aria-invalid=\"false\" name=\"subscrition-to-terminate\"><\/textarea><\/span>\n\t\t<\/p>\n\t\t<p class=\"form-note\">Nous pouvons traiter ta r\u00e9siliation plus rapidement si tu nous indiques ton num\u00e9ro de commande (6 chiffres) ou le nom du produit.\n\t\t<\/p>\n\t<\/div>\n\t<div>\n\t\t<p><span id=\"wpcf7-69e49419affc4-wrapper\" class=\"wpcf7-form-control-wrap honeypot-927-wrap\" style=\"display:none !important; visibility:hidden !important;\"><label for=\"wpcf7-69e49419affc4-field\" class=\"hp-message\">Bitte lasse dieses Feld leer.<\/label><input id=\"wpcf7-69e49419affc4-field\"  class=\"wpcf7-form-control wpcf7-text\" type=\"text\" name=\"honeypot-927\" value=\"\" size=\"40\" tabindex=\"-1\" autocomplete=\"new-password\" \/><\/span>\n\t\t<\/p>\n\t<\/div>\n\t<div>\n\t<div class=\"wpcf7-response-output\" aria-hidden=\"true\"><\/div>\n\t\t<p><input class=\"wpcf7-form-control wpcf7-submit has-spinner wp-element-button\" type=\"submit\" value=\"R\u00e9silier maintenant\" \/>\n\t\t<\/p>\n\t<\/div>\n<\/div>\n<\/form>\n<\/div>\n\n","protected":false},"excerpt":{"rendered":"Page de confirmation pour la r\u00e9siliation C&rsquo;est ici que tu peux, en tant que client priv\u00e9 (consommateur), r\u00e9silier ton abonnement \u00e0 un produit chez Hajoona.","protected":false},"author":1,"featured_media":0,"parent":0,"menu_order":0,"comment_status":"closed","ping_status":"closed","template":"","meta":{"_acf_changed":false,"inline_featured_image":false,"footnotes":""},"class_list":["post-5717","page","type-page","status-publish","hentry"],"acf":[],"_links":{"self":[{"href":"https:\/\/hajoona.com\/fr\/wp-json\/wp\/v2\/pages\/5717","targetHints":{"allow":["GET"]}}],"collection":[{"href":"https:\/\/hajoona.com\/fr\/wp-json\/wp\/v2\/pages"}],"about":[{"href":"https:\/\/hajoona.com\/fr\/wp-json\/wp\/v2\/types\/page"}],"author":[{"embeddable":true,"href":"https:\/\/hajoona.com\/fr\/wp-json\/wp\/v2\/users\/1"}],"replies":[{"embeddable":true,"href":"https:\/\/hajoona.com\/fr\/wp-json\/wp\/v2\/comments?post=5717"}],"version-history":[{"count":3,"href":"https:\/\/hajoona.com\/fr\/wp-json\/wp\/v2\/pages\/5717\/revisions"}],"predecessor-version":[{"id":6536,"href":"https:\/\/hajoona.com\/fr\/wp-json\/wp\/v2\/pages\/5717\/revisions\/6536"}],"wp:attachment":[{"href":"https:\/\/hajoona.com\/fr\/wp-json\/wp\/v2\/media?parent=5717"}],"curies":[{"name":"wp","href":"https:\/\/api.w.org\/{rel}","templated":true}]}}