{"id":5562,"date":"2023-03-22T20:18:50","date_gmt":"2023-03-22T19:18:50","guid":{"rendered":"https:\/\/hajoona.com\/?page_id=5562"},"modified":"2025-06-26T16:37:34","modified_gmt":"2025-06-26T14:37:34","slug":"impressum","status":"publish","type":"page","link":"https:\/\/hajoona.com\/fr\/impressum\/","title":{"rendered":"Impressum"},"content":{"rendered":"\n<div style=\"height:10px\" aria-hidden=\"true\" class=\"wp-block-spacer\"><\/div>\n\n\n\n<h1 class=\"wp-block-heading\" style=\"font-size:clamp(34.313px, 2.145rem + ((1vw - 3.2px) * 2.472), 62px);\">Mentions l\u00e9gales<\/h1>\n\n\n\n<h2 class=\"wp-block-heading\" style=\"font-size:clamp(20px, 1.25rem + ((1vw - 3.2px) * 1.071), 32px);\">Informations vis\u00e9es \u00e0 l&rsquo;article 5 de la loi DDG&nbsp;<\/h2>\n\n\n\n<p>hajoona GmbH<br>Heinrich-Fuchs-Stra\u00dfe 94-96<br>69126 Heidelberg<\/p>\n\n\n\n<p>Registre du commerce : HRB 714573<br>Tribunal d&rsquo;enregistrement : tribunal d&rsquo;instance de Mannheim<\/p>\n\n\n\n<p><strong>Repr\u00e9sent\u00e9 par :<\/strong><br>Directrice g\u00e9n\u00e9rale : Daniela Lipgens<\/p>\n\n\n\n<h3 class=\"wp-block-heading\" style=\"font-size:clamp(16.293px, 1.018rem + ((1vw - 3.2px) * 0.777), 25px);\">Contact<\/h3>\n\n\n\n<p>TeT\u00e9l\u00e9phone&nbsp;: +49&nbsp;(0) 6221 64702-77<br>Fax: +49 (0) 6221 64702-89<br>E-Mail:&nbsp;<a href=\"mailto:office@hajoona.com\">office@hajoona.com<\/a><\/p>\n\n\n\n<h3 class=\"wp-block-heading\" style=\"font-size:clamp(16.293px, 1.018rem + ((1vw - 3.2px) * 0.777), 25px);\">Num\u00e9ro de TVA<\/h3>\n\n\n\n<p>Num\u00e9ro de TVA tel que pr\u00e9vu \u00e0 l&rsquo;article 27 a de la loi allemande sur la TVA&nbsp;:<br>DE 287898611<\/p>\n\n\n\n<p>Coordonn\u00e9es bancaires<br>Commerzbank, DE54 6724 0039 0194 6920 00, BIC COBADEFFXXX<\/p>\n\n\n\n<h2 class=\"wp-block-heading\" style=\"font-size:clamp(20px, 1.25rem + ((1vw - 3.2px) * 1.071), 32px);\">Responsable du contenu selon l&rsquo;article&nbsp;55, alin\u00e9a&nbsp;2 du trait\u00e9 d&rsquo;\u00c9tat sur la radiodiffusion<\/h2>\n\n\n\n<p>Daniela Lipgens<br>Heinrich-Fuchs-Stra\u00dfe 94-96<br>69126 Heidelberg<\/p>\n\n\n\n<h3 class=\"wp-block-heading\" style=\"font-size:clamp(16.293px, 1.018rem + ((1vw - 3.2px) * 0.777), 25px);\">R\u00e8glement des litiges dans l&rsquo;UE<\/h3>\n\n\n\n<p>La Commission europ\u00e9enne met \u00e0 disposition une plateforme de r\u00e8glement en ligne des litiges (RLL) :&nbsp;<a href=\"https:\/\/ec.europa.eu\/consumers\/odr\" target=\"_blank\" rel=\"noreferrer noopener\">https:\/\/ec.europa.eu\/consumers\/odr<\/a>.<br>Vous trouverez notre adresse e-mail ci-dessus dans les mentions l\u00e9gales.<\/p>\n\n\n\n<h3 class=\"wp-block-heading\" style=\"font-size:clamp(16.293px, 1.018rem + ((1vw - 3.2px) * 0.777), 25px);\">R\u00e8glement des litiges de consommation \/ organe universel de conciliation<\/h3>\n\n\n\n<p>Nous ne sommes pas dispos\u00e9s \u00e0 ou oblig\u00e9s de participer \u00e0 des proc\u00e9dures de r\u00e8glement des litiges devant un organe de conciliation pour les consommateurs.<\/p>\n\n\n\n<h3 class=\"wp-block-heading\" style=\"font-size:clamp(16.293px, 1.018rem + ((1vw - 3.2px) * 0.777), 25px);\">Responsabilit\u00e9 relative aux contenus<\/h3>\n\n\n\n<p>Conform\u00e9ment au \u00a7 7, alin\u00e9a 1 de la loi allemande sur les services num\u00e9riques (DDG), en tant que prestataire de services, nous sommes responsables de nos propres contenus publi\u00e9s sur ce site conform\u00e9ment aux lois g\u00e9n\u00e9rales. Aux termes des articles 8 \u00e0 10 de la loi DDG, nous ne sommes toutefois pas tenus, en tant que prestataire de services, de surveiller les informations externes transmises ou enregistr\u00e9es ou de rechercher des circonstances indiquant une activit\u00e9 ill\u00e9gale.<\/p>\n\n\n\n<p>Les obligations de supprimer ou de bloquer l&rsquo;utilisation d&rsquo;informations conform\u00e9ment aux lois g\u00e9n\u00e9rales n&rsquo;en sont pas affect\u00e9es. Cependant, notre responsabilit\u00e9 \u00e0 cet \u00e9gard ne peut \u00eatre engag\u00e9e qu&rsquo;\u00e0 partir du moment o\u00f9 une violation concr\u00e8te est connue. Si nous prenons connaissance de telles violations, nous retirerons imm\u00e9diatement ces contenus.<\/p>\n\n\n\n<h3 class=\"wp-block-heading\" style=\"font-size:clamp(16.293px, 1.018rem + ((1vw - 3.2px) * 0.777), 25px);\">Responsabilit\u00e9 relative aux liens<\/h3>\n\n\n\n<p>Notre offre contient des liens vers des sites web externes de tiers, dont le contenu \u00e9chappe \u00e0 notre sph\u00e8re d&rsquo;influence. C&rsquo;est pourquoi nous ne fournissons aucune garantit quant \u00e0 ces contenus externes. Le fournisseur ou l&rsquo;exploitant d&rsquo;un site li\u00e9 est toujours responsable du contenu qui y figure. Nous avons contr\u00f4l\u00e9 les sites li\u00e9s au moment de la cr\u00e9ation des liens afin de v\u00e9rifier qu&rsquo;ils n&rsquo;enfreignaient pas la loi. Aucun contenu ill\u00e9gal n&rsquo;a \u00e9t\u00e9 identifi\u00e9 au moment de la cr\u00e9ation des liens.<\/p>\n\n\n\n<p>Toutefois, il ne saurait \u00eatre exig\u00e9 de nous que nous contr\u00f4lions en permanence le contenu des sites li\u00e9s en l&rsquo;absence d&rsquo;indices concrets d&rsquo;une infraction. Si nous prenons connaissance d&rsquo;infractions, nous supprimerons imm\u00e9diatement ces liens.<\/p>\n\n\n\n<h3 class=\"wp-block-heading\" style=\"font-size:clamp(16.293px, 1.018rem + ((1vw - 3.2px) * 0.777), 25px);\">Droit d&rsquo;auteur<\/h3>\n\n\n\n<p>Les contenus et \u0153uvres cr\u00e9\u00e9s par les exploitants de ce site sont soumis au droit d&rsquo;auteur allemand. La reproduction, le traitement, la diffusion et toute forme d&rsquo;exploitation en dehors des limites du droit d&rsquo;auteur requi\u00e8rent l&rsquo;accord \u00e9crit de l&rsquo;auteur ou du cr\u00e9ateur concern\u00e9. Les t\u00e9l\u00e9chargements et les copies de ce site ne sont autoris\u00e9s que pour un usage priv\u00e9 et non commercial.<\/p>\n\n\n\n<p>Dans la mesure o\u00f9 les contenus de ce site n&rsquo;ont pas \u00e9t\u00e9 cr\u00e9\u00e9s par l&rsquo;exploitant, il est veill\u00e9 au respect des droits d&rsquo;auteur de tiers. En particulier, les contenus de tiers sont signal\u00e9s comme tels. N\u00e9anmoins, si vous venez \u00e0 constater une violation de droits d&rsquo;auteur, nous vous prions de bien vouloir nous en informer. Si nous prenons connaissance d&rsquo;infractions, nous supprimerons imm\u00e9diatement ces contenus.<br><br><\/p>\n","protected":false},"excerpt":{"rendered":"Mentions l\u00e9gales Informations vis\u00e9es \u00e0 l&rsquo;article 5 de la loi DDG&nbsp; hajoona GmbHHeinrich-Fuchs-Stra\u00dfe 94-9669126 Heidelberg Registre du commerce : HRB 714573Tribunal d&rsquo;enregistrement : tribunal d&rsquo;instance de Mannheim Repr\u00e9sent\u00e9 par :Directrice g\u00e9n\u00e9rale : Daniela Lipgens Contact TeT\u00e9l\u00e9phone&nbsp;: +49&nbsp;(0) 6221 64702-77Fax: +49 (0) 6221 64702-89E-Mail:&nbsp;office@hajoona.com Num\u00e9ro de TVA Num\u00e9ro de TVA tel que pr\u00e9vu \u00e0 l&rsquo;article 27&#8230;","protected":false},"author":6,"featured_media":0,"parent":0,"menu_order":0,"comment_status":"closed","ping_status":"closed","template":"","meta":{"_acf_changed":false,"inline_featured_image":false,"footnotes":""},"class_list":["post-5562","page","type-page","status-publish","hentry"],"acf":[],"_links":{"self":[{"href":"https:\/\/hajoona.com\/fr\/wp-json\/wp\/v2\/pages\/5562","targetHints":{"allow":["GET"]}}],"collection":[{"href":"https:\/\/hajoona.com\/fr\/wp-json\/wp\/v2\/pages"}],"about":[{"href":"https:\/\/hajoona.com\/fr\/wp-json\/wp\/v2\/types\/page"}],"author":[{"embeddable":true,"href":"https:\/\/hajoona.com\/fr\/wp-json\/wp\/v2\/users\/6"}],"replies":[{"embeddable":true,"href":"https:\/\/hajoona.com\/fr\/wp-json\/wp\/v2\/comments?post=5562"}],"version-history":[{"count":3,"href":"https:\/\/hajoona.com\/fr\/wp-json\/wp\/v2\/pages\/5562\/revisions"}],"predecessor-version":[{"id":6531,"href":"https:\/\/hajoona.com\/fr\/wp-json\/wp\/v2\/pages\/5562\/revisions\/6531"}],"wp:attachment":[{"href":"https:\/\/hajoona.com\/fr\/wp-json\/wp\/v2\/media?parent=5562"}],"curies":[{"name":"wp","href":"https:\/\/api.w.org\/{rel}","templated":true}]}}