{"id":5553,"date":"2023-04-21T18:01:01","date_gmt":"2023-04-21T16:01:01","guid":{"rendered":"https:\/\/hajoona.com\/?page_id=5553"},"modified":"2025-06-26T15:43:50","modified_gmt":"2025-06-26T13:43:50","slug":"body-restart","status":"publish","type":"page","link":"https:\/\/hajoona.com\/fr\/body-restart\/","title":{"rendered":"Body Restart"},"content":{"rendered":"\r\n\r\n\r\n\r\n<div id=\"block-d9db05424fcf21a8a34542972128417069e14aaa2568a\" \r\n    class=\"wp-block-acf-hero-slider alignfull acf-block-component\"\r\n    style=\"margin-top:0;margin-bottom:0;\">\r\n\r\n<div class=\"hero-slider-block__media\">\r\n\r\n    <img decoding=\"async\" class=\"slide-1 active\"\r\n        src=\"https:\/\/hajoona.com\/wp-content\/uploads\/2024\/01\/AdobeStock_555338525.jpeg\" srcset=\"https:\/\/hajoona.com\/wp-content\/uploads\/2024\/01\/AdobeStock_555338525.jpeg 5792w, https:\/\/hajoona.com\/wp-content\/uploads\/2024\/01\/AdobeStock_555338525-512x768.jpeg 512w, https:\/\/hajoona.com\/wp-content\/uploads\/2024\/01\/AdobeStock_555338525-683x1024.jpeg 683w, https:\/\/hajoona.com\/wp-content\/uploads\/2024\/01\/AdobeStock_555338525-276x414.jpeg 276w, https:\/\/hajoona.com\/wp-content\/uploads\/2024\/01\/AdobeStock_555338525-768x1152.jpeg 768w\"\r\n        alt=\"Zwei Frauen in Sportkleidung lachen. Eine tr\u00e4gt ein cremefarbiges Sportset und h\u00e4lt einen Shaker mit gelbem Deckel. Die andere tr\u00e4gt ein wei\u00dfes Top mit lila Leggings und h\u00e4lt einen wei\u00dfen Shaker. Der Hintergrund ist eine beige Wand mit nat\u00fcrlicher Textur.\">\r\n<\/div>\r\n<div class=\"hero-slider-block__content has-product-mallow-background-color\">\r\n\r\n    <div class=\"hero-slider-block__bg\"><\/div>\r\n\r\n    <div\r\n        class=\"hero-slider-block__content-inner has-global-padding is-layout-constrained wp-block-group is-style-5-cols\">\r\n\r\n        <div class=\"content-inner__slide-container\">\r\n\r\n                        <span data-bg-color=\"product-mallow\"\r\n                class=\"content-inner__slide is-layout-constrained slide-1 active has-product-mallow-background-color  active\">\r\n\r\n                                <h2 class=\"slide__head\">En bonne sant\u00e9 ensemble<\/h2>\r\n                \r\n                                <h4 class=\"slide__subhead\">D\u00e9couvrez la communaut\u00e9 qui vous aidera \u00e0 atteindre vos objectifs.<\/h4>\r\n                \r\n                \r\n            <\/span>\r\n\r\n\r\n        <\/div>\r\n\r\n    <\/div>\r\n\r\n    <div class=\"hero-slider-block__index has-copy-s-font-size\">\r\n        <ul>\r\n            \r\n            <!-- <li><a><span class=\"index\">1<\/span><span class=\"line\"><\/span><\/a><\/li>\r\n            <li class=\"active\"><a><span class=\"index\">1<\/span><span class=\"line\"><\/span><\/a><\/li>\r\n            <li><a><span class=\"index\">1<\/span><span class=\"line\"><\/span><\/a><\/li> -->\r\n        <\/ul>\r\n    <\/div>\r\n\r\n<\/div>\r\n\r\n\r\n<span id=\"trigger-block-d9db05424fcf21a8a34542972128417069e14aaa2568a\"><\/span>\r\n<script>\r\nif (typeof initHeroSliderBlock !== 'undefined') {\r\n    initHeroSliderBlock(document.querySelector(`#trigger-block-d9db05424fcf21a8a34542972128417069e14aaa2568a`).parentNode);\r\n} else {\r\n    window.addEventListener('blockjs', () => {\r\n        initHeroSliderBlock(document.querySelector(`#trigger-block-d9db05424fcf21a8a34542972128417069e14aaa2568a`).parentNode);\r\n    });\r\n}\r\n<\/script>\r\n\r\n<\/div>\n\n\n<div class=\"wp-block-group alignfull has-prime-white-background-color has-background has-global-padding is-layout-constrained wp-block-group-is-layout-constrained\" style=\"margin-top:0;margin-bottom:0\">\n<div class=\"wp-block-columns alignwide align-items-baseline is-layout-flex wp-container-core-columns-is-layout-4f84eacc wp-block-columns-is-layout-flex\" style=\"margin-top:var(--wp--preset--spacing--5);margin-bottom:var(--wp--preset--spacing--5)\">\n<div class=\"wp-block-column is-layout-flow wp-block-column-is-layout-flow\">\n<h2 class=\"wp-block-heading is-style-5-cols\" style=\"font-size:clamp(27.42px, 1.714rem + ((1vw - 3.2px) * 1.748), 47px);\">Cure Body Restart :<br>Commencez \u00e0 resplendir d\u00e8s maintenant !<\/h2>\n\n\n\n<div class=\"wp-block-buttons is-layout-flex wp-block-buttons-is-layout-flex\">\n<div class=\"wp-block-button\"><a class=\"wp-block-button__link wp-element-button\" href=\"https:\/\/hajoona.com\/ft\/product\/complete\/\">Voir le produit hajoona Complete<\/a><\/div>\n<\/div>\n<\/div>\n\n\n\n<div class=\"wp-block-column is-style-4-cols-content is-layout-flow wp-block-column-is-layout-flow\">\n<p>Boostez les effets de nos produits avec le programme de sant\u00e9 holistique Body Restart et rejoignez une communaut\u00e9 unique en son genre.<\/p>\n\n\n\n<p>hajoona permet de mener une vie saine et \u00e9panouie, m\u00eame dans notre monde moderne si tr\u00e9pidant. Afin d&rsquo;exploiter pleinement le potentiel de nos produits, nous avons cr\u00e9\u00e9 un programme de sant\u00e9 \u00e0 la fois simple et efficace qui vous permettra de ressentir votre corps diff\u00e9remment en un temps record : <strong>Body Restart.<\/strong><\/p>\n<\/div>\n<\/div>\n<\/div>\n\n\n\r\n<style>\r\ndiv#block-999ac566aa3847724d61ef810c31d39d69e14aaa2b10a .slide {\r\n    width: 36rem !important;\r\n}\r\n\r\ndiv#block-999ac566aa3847724d61ef810c31d39d69e14aaa2b10a .slide__image-container {\r\n    aspect-ratio: 1\/1.25;\r\n    font-size: 8rem;\r\n}\r\n\r\ndiv#block-999ac566aa3847724d61ef810c31d39d69e14aaa2b10a .slide__image-container img {\r\n    object-fit: contain;\r\n    object-position: left bottom;\r\n}\r\n<\/style>\r\n\r\n\r\n\r\n<div id=\"block-999ac566aa3847724d61ef810c31d39d69e14aaa2b10a\" \r\n    class=\"wp-block-acf-carousel has-prime-black-color has-text-color acf-block-component\"\r\n    style=\"margin-bottom:var(--wp--preset--spacing--5);\">\r\n<div class=\"carousel-container has-global-padding is-layout-constrained\"\r\n    style=\"\">\r\n    <button class=\"carousel-control carousel-control--prev no-button-styling prev-cursor\"><\/button>\r\n    <button class=\"carousel-control carousel-control--next no-button-styling next-cursor\"><\/button>\r\n\r\n    <div class=\"carousel-pos  alignwide\">\r\n        <div class=\"carousel\" data-slick='{\"mobileFirst\":true,\"variableWidth\":false,\"infinite\":false,\"slidesToShow\":1,\"slidesToScroll\":1}'>\r\n\r\n            \r\n            <a class=\"slide\" href=\"javascript:window.openPopUp(5650);\" >\r\n            <div class=\"slide__image-container\">\r\n                <img decoding=\"async\" class=\"slide-1 active\"\r\n                    src=\"https:\/\/hajoona.com\/wp-content\/uploads\/2023\/04\/20230404_hajoona-05-1-Reset-min-scaled.jpg\" srcset=\"https:\/\/hajoona.com\/wp-content\/uploads\/2023\/04\/20230404_hajoona-05-1-Reset-min-414x414.jpg 414w, https:\/\/hajoona.com\/wp-content\/uploads\/2023\/04\/20230404_hajoona-05-1-Reset-min-768x768.jpg 768w, https:\/\/hajoona.com\/wp-content\/uploads\/2023\/04\/20230404_hajoona-05-1-Reset-min-1024x1024.jpg 1024w, https:\/\/hajoona.com\/wp-content\/uploads\/2023\/04\/20230404_hajoona-05-1-Reset-min-1536x1536.jpg 1536w, https:\/\/hajoona.com\/wp-content\/uploads\/2023\/04\/20230404_hajoona-05-1-Reset-min-2048x2048.jpg 2048w\"\r\n                    alt=\"Zwei braune Flaschen mit gelbem Etikett und gelbem Deckel stehen vor einem Hintergrund aus gestapelten grauen Kartons mit gelber Schrift \u201eReset 1+2\u201c. Das Design wirkt modern und hochwertig.\">\r\n\r\n                                <h2 class=\"slide__index\"\r\n                    >\r\n                    1<\/h2>\r\n                \r\n                                <div\r\n                    class=\"slide__button slide__button-- is-layout-flex wp-block-buttons is-content-justification-center\">\r\n                    <div class=\"wp-block-button\">\r\n                        <span class=\"wp-block-button__link wp-element-button\">Commen\u00e7ons<\/span>\r\n                    <\/div>\r\n                <\/div>\r\n                \r\n            <\/div>\r\n\r\n                        <h3 class=\"slide__head\">Assainissement intestinal <\/h3>\r\n            \r\n                        <h4 class=\"slide__subhead\">\u00c9tape 1<br \/>\r\nTon premier pas vers plus de bien-\u00eatre !<\/h4>\r\n            \r\n            <\/a>\r\n            <a class=\"slide\" href=\"javascript:window.openPopUp(5647);\" >\r\n            <div class=\"slide__image-container\">\r\n                <img decoding=\"async\" class=\"slide-2\"\r\n                    src=\"https:\/\/hajoona.com\/wp-content\/uploads\/2023\/04\/Basisische_Ernaehrung.jpg\" srcset=\"https:\/\/hajoona.com\/wp-content\/uploads\/2023\/04\/Basisische_Ernaehrung-414x288.jpg 414w, https:\/\/hajoona.com\/wp-content\/uploads\/2023\/04\/Basisische_Ernaehrung-768x533.jpg 768w, https:\/\/hajoona.com\/wp-content\/uploads\/2023\/04\/Basisische_Ernaehrung-1024x711.jpg 1024w, https:\/\/hajoona.com\/wp-content\/uploads\/2023\/04\/Basisische_Ernaehrung.jpg 1080w\"\r\n                    alt=\"Basisische_Ern\u00e4hrung hajoona\">\r\n\r\n                                <h2 class=\"slide__index\"\r\n                    >\r\n                    2<\/h2>\r\n                \r\n                                <div\r\n                    class=\"slide__button slide__button-- is-layout-flex wp-block-buttons is-content-justification-center\">\r\n                    <div class=\"wp-block-button\">\r\n                        <span class=\"wp-block-button__link wp-element-button\">Alimentation saine<\/span>\r\n                    <\/div>\r\n                <\/div>\r\n                \r\n            <\/div>\r\n\r\n                        <h3 class=\"slide__head\">Alimentation de base<\/h3>\r\n            \r\n                        <h4 class=\"slide__subhead\">\u00c9tape 2<br \/>\r\nTa cl\u00e9 pour plus de bien-\u00eatre !<\/h4>\r\n            \r\n            <\/a>\r\n            <a class=\"slide\" href=\"javascript:window.openPopUp(5644);\" >\r\n            <div class=\"slide__image-container\">\r\n                <img decoding=\"async\" class=\"slide-3\"\r\n                    src=\"https:\/\/hajoona.com\/wp-content\/uploads\/2023\/04\/20220405_hajoona-08-1-Ueberflug-heiko-test.jpg\" srcset=\"https:\/\/hajoona.com\/wp-content\/uploads\/2023\/04\/20220405_hajoona-08-1-Ueberflug-heiko-test-414x414.jpg 414w, https:\/\/hajoona.com\/wp-content\/uploads\/2023\/04\/20220405_hajoona-08-1-Ueberflug-heiko-test-768x768.jpg 768w, https:\/\/hajoona.com\/wp-content\/uploads\/2023\/04\/20220405_hajoona-08-1-Ueberflug-heiko-test-1024x1024.jpg 1024w, https:\/\/hajoona.com\/wp-content\/uploads\/2023\/04\/20220405_hajoona-08-1-Ueberflug-heiko-test-1536x1536.jpg 1536w, https:\/\/hajoona.com\/wp-content\/uploads\/2023\/04\/20220405_hajoona-08-1-Ueberflug-heiko-test-2048x2048.jpg 2048w\"\r\n                    alt=\"Alternativtext (barrierefrei &#038; bildbeschreibend)\nMehrere farbige Produktboxen der Marke hajoona liegen nebeneinander. Die Verpackungen in Gr\u00fcn, Lila, Wei\u00df, Grau und Blau tragen die Aufschriften \u201eBalance\u201c, \u201eVitality\u201c, \u201eGlow\u201c, \u201eReset\u201c und \u201ePerformance\u201c. Die Boxen sind modern gestaltet, mit klarer Typografie und Farbcodierung.\n\">\r\n\r\n                                <h2 class=\"slide__index\"\r\n                    >\r\n                    3<\/h2>\r\n                \r\n                                <div\r\n                    class=\"slide__button slide__button-- is-layout-flex wp-block-buttons is-content-justification-center\">\r\n                    <div class=\"wp-block-button\">\r\n                        <span class=\"wp-block-button__link wp-element-button\">Acc\u00e9der au produit<\/span>\r\n                    <\/div>\r\n                <\/div>\r\n                \r\n            <\/div>\r\n\r\n                        <h3 class=\"slide__head\">Gamme de produits<\/h3>\r\n            \r\n                        <h4 class=\"slide__subhead\">\u00c9tape 3<br \/>\r\nTon compagnon id\u00e9al : le kit de d\u00e9marrage hajoona Body Restart !<\/h4>\r\n            \r\n            <\/a>\r\n            <a class=\"slide\" href=\"javascript:window.openPopUp(5640);\" >\r\n            <div class=\"slide__image-container\">\r\n                <img decoding=\"async\" class=\"slide-4\"\r\n                    src=\"https:\/\/hajoona.com\/wp-content\/uploads\/2023\/03\/Perfect-large-size-e1680011211986.jpg\" srcset=\"https:\/\/hajoona.com\/wp-content\/uploads\/2023\/03\/Perfect-large-size-414x259.jpg 414w, https:\/\/hajoona.com\/wp-content\/uploads\/2023\/03\/Perfect-large-size-768x481.jpg 768w, https:\/\/hajoona.com\/wp-content\/uploads\/2023\/03\/Perfect-large-size-1024x641.jpg 1024w, https:\/\/hajoona.com\/wp-content\/uploads\/2023\/03\/Perfect-large-size-1536x961.jpg 1536w, https:\/\/hajoona.com\/wp-content\/uploads\/2023\/03\/Perfect-large-size.jpg 1964w\"\r\n                    alt=\"Fitness und Bewegung hajoona\">\r\n\r\n                                <h2 class=\"slide__index\"\r\n                    >\r\n                    4<\/h2>\r\n                \r\n                                <div\r\n                    class=\"slide__button slide__button-- is-layout-flex wp-block-buttons is-content-justification-center\">\r\n                    <div class=\"wp-block-button\">\r\n                        <span class=\"wp-block-button__link wp-element-button\">Bougeons<\/span>\r\n                    <\/div>\r\n                <\/div>\r\n                \r\n            <\/div>\r\n\r\n                        <h3 class=\"slide__head\">Exercice physique<\/h3>\r\n            \r\n                        <h4 class=\"slide__subhead\">\u00c9tape 4<br \/>\r\nPour plus d&rsquo;\u00e9nergie &#038; de bien-\u00eatre !<\/h4>\r\n            \r\n            <\/a>\r\n            <a class=\"slide\" href=\"javascript:window.openPopUp(5601);\" >\r\n            <div class=\"slide__image-container\">\r\n                <img decoding=\"async\" class=\"slide-5\"\r\n                    src=\"https:\/\/hajoona.com\/wp-content\/uploads\/2025\/03\/AdobeStock_457504109-scaled.jpeg\" srcset=\"https:\/\/hajoona.com\/wp-content\/uploads\/2025\/03\/AdobeStock_457504109-414x276.jpeg 414w, https:\/\/hajoona.com\/wp-content\/uploads\/2025\/03\/AdobeStock_457504109-768x512.jpeg 768w, https:\/\/hajoona.com\/wp-content\/uploads\/2025\/03\/AdobeStock_457504109-1024x683.jpeg 1024w, https:\/\/hajoona.com\/wp-content\/uploads\/2025\/03\/AdobeStock_457504109-1536x1024.jpeg 1536w, https:\/\/hajoona.com\/wp-content\/uploads\/2025\/03\/AdobeStock_457504109-2048x1365.jpeg 2048w\"\r\n                    alt=\"Eine Frau mit lockigem braunem Haar und Brille sitzt entspannt in einem gem\u00fctlichen Sessel. Sie tr\u00e4gt einen warmen, braunen Pullover und h\u00e4lt eine cremefarbene Tasse mit einem beigefarbenen Boden in den H\u00e4nden. Sie l\u00e4chelt zufrieden, w\u00e4hrend sie ihre Augen schlie\u00dft und den Moment genie\u00dft. Im Hintergrund befindet sich eine stilvolle Wohnzimmer-Einrichtung mit warmen Holzt\u00f6nen.\">\r\n\r\n                                <h2 class=\"slide__index\"\r\n                    >\r\n                    5<\/h2>\r\n                \r\n                                <div\r\n                    class=\"slide__button slide__button-- is-layout-flex wp-block-buttons is-content-justification-center\">\r\n                    <div class=\"wp-block-button\">\r\n                        <span class=\"wp-block-button__link wp-element-button\">Allons-y<\/span>\r\n                    <\/div>\r\n                <\/div>\r\n                \r\n            <\/div>\r\n\r\n                        <h3 class=\"slide__head\">Mindset &#038; Motivation<\/h3>\r\n            \r\n                        <h4 class=\"slide__subhead\">\u00c9tape 5<br \/>\r\nTa cl\u00e9 du succ\u00e8s!<\/h4>\r\n            \r\n            <\/a>\r\n        <\/div>\r\n    <\/div>\r\n<\/div>\r\n\r\n<span id=\"trigger-block-999ac566aa3847724d61ef810c31d39d69e14aaa2b10a\"><\/span>\r\n<script>\r\nif (typeof initCarouselBlock !== 'undefined') {\r\n    initCarouselBlock(document.querySelector(`#trigger-block-999ac566aa3847724d61ef810c31d39d69e14aaa2b10a`).parentNode);\r\n} else {\r\n    window.addEventListener('blockjs', () => {\r\n        initCarouselBlock(document.querySelector(`#trigger-block-999ac566aa3847724d61ef810c31d39d69e14aaa2b10a`).parentNode);\r\n    });\r\n}\r\n<\/script>\r\n\r\n<\/div>\n\n\n<figure class=\"wp-block-video alignfull\"><video height=\"480\" style=\"aspect-ratio: 854 \/ 480;\" width=\"854\" autoplay loop muted src=\"https:\/\/hajoona.com\/wp-content\/uploads\/2025\/03\/0306.mp4\" playsinline><\/video><\/figure>\n\n\n\r\n\r\n\r\n<div id=\"block-773aa5444553825f5eebb8d849e5383369e14aaa3078b\" \r\n    class=\"wp-block-acf-responsive-image alignfull acf-block-component\"\r\n    style=\"margin-top:0;margin-bottom:0;\">\r\n<picture>\r\n\r\n    \r\n\r\n    \r\n    <!-- todo: crossbrowser check svg behaviour and refractor code -->\r\n\r\n    <source media=\"(min-width:800px)\"\r\n        type=\"image\/svg+xml\" width=\"100%\" srcset=\"https:\/\/hajoona.com\/wp-content\/uploads\/2023\/04\/1000x400_EN_Body-Restart.svg\"        alt=\" Our Body Restart programm can help you achieve your goals and connet you with minded people.\">\r\n\r\n\r\n\r\n    \r\n\r\n    \r\n\r\n    <img decoding=\"async\" src=\"https:\/\/hajoona.com\/wp-content\/uploads\/2023\/04\/600x200_EN_Body-Restart.svg\"\r\n        width=\"100%\"        alt=\"Our Body Restart programm can help you achieve your goals and connet you with minded people.\">\r\n<\/picture>\r\n\r\n<\/div>\n\n\n<div class=\"wp-block-media-text alignfull has-media-on-the-right is-stacked-on-mobile is-image-fill-element is-style-square has-prime-white-background-color has-background\" style=\"margin-top:0;margin-bottom:0\"><div class=\"wp-block-media-text__content\">\r\n\r\n\r\n<div id=\"block-9d08ec23d30856c3750fc85790ac69a869e14aaa328e7\" \r\n    class=\"wp-block-acf-offset-text alignfull align acf-block-component\"\r\n    style=\"margin-top:var(--wp--preset--spacing--3);margin-bottom:var(--wp--preset--spacing--2);\">\r\n<span class=\"text\"\r\n    style=\"transform:translateX(+0.5em)\">Body<\/span>\r\n\r\n<\/div>\n\n\n<div class=\"wp-block-group is-style-5-cols has-global-padding is-layout-constrained wp-block-group-is-layout-constrained\">\n<p>L&rsquo;id\u00e9e \u00e0 la base de Body Restart consiste \u00e0 utiliser et compl\u00e9ter les diff\u00e9rents composants de la hajoona <strong>Complete Box<\/strong> sur une p\u00e9riode de quatre semaines afin qu&rsquo;ils puissent d\u00e9ployer tous leurs effets. Pour cela, nous mettons \u00e0 votre disposition des conseils concrets sur l&rsquo;utilisation des produits mais aussi des recettes adapt\u00e9es, des vid\u00e9os de fitness et des explications compl\u00e9mentaires qui vous guideront et vous aideront \u00e0 am\u00e9liorer la sant\u00e9 de votre corps et de votre esprit.<br><br>Pour vous accompagner, nos experts ainsi que plus de 2000 membres de notre communaut\u00e9 Body Restart participant au programme avec vous ou qui l&rsquo;ayant d\u00e9j\u00e0 suivi \u2013 plusieurs fois pour certains. Ensemble, vous pouvez vous motiver, \u00e9changer des conseils et des exp\u00e9riences et c\u00e9l\u00e9brer vos succ\u00e8s.<\/p>\n\n\n\n<p>Envie d&rsquo;en savoir plus ? Alors contactez votre interlocuteur hajoona ou contactez-nous.<br><\/p>\n\n\n\n<div class=\"wp-block-buttons is-layout-flex wp-block-buttons-is-layout-flex\">\n<div class=\"wp-block-button\"><a class=\"wp-block-button__link wp-element-button\" href=\"https:\/\/hajoona.com\/fr\/contakt\/\">Prenez contact !<\/a><\/div>\n<\/div>\n\n\n\n<div style=\"height:50px\" aria-hidden=\"true\" class=\"wp-block-spacer\"><\/div>\n<\/div>\n\n\n\r\n\r\n\r\n<div id=\"block-0cda5626039bd1c4d429a8f6f767098669e14aaa33209\" \r\n    class=\"wp-block-acf-offset-text alignfull alignright acf-block-component\"\r\n    style=\"margin-bottom:var(--wp--preset--spacing--3);\">\r\n<span class=\"text\"\r\n    style=\"transform:translateX(-0.25em)\">Restart<\/span>\r\n\r\n<\/div><\/div><figure class=\"wp-block-media-text__media\"><img loading=\"lazy\" decoding=\"async\" width=\"7952\" height=\"5304\" src=\"https:\/\/hajoona.com\/wp-content\/uploads\/2025\/03\/AdobeStock_465567057.jpeg\" alt=\"Eine Frau und ein Mann stehen lachend nebeneinander an einer Betonwand. Beide tragen Sportkleidung. Die Frau hat eine schwarze Leggings und ein Sporttop an und h\u00e4lt eine Kork-Yogamatte sowie eine pinke Trinkflasche. Der Mann tr\u00e4gt eine schwarze Sporthose und ein schwarzes Shirt mit grauen \u00c4rmeln, h\u00e4lt eine schwarze Yogamatte und eine silberne Trinkflasche. Sonnenlicht wirft weiche Schatten auf die Wand.\" class=\"wp-image-5418 size-full\" style=\"object-position:69% 50%\" srcset=\"https:\/\/hajoona.com\/wp-content\/uploads\/2025\/03\/AdobeStock_465567057.jpeg 7952w, https:\/\/hajoona.com\/wp-content\/uploads\/2025\/03\/AdobeStock_465567057-768x512.jpeg 768w, https:\/\/hajoona.com\/wp-content\/uploads\/2025\/03\/AdobeStock_465567057-1024x683.jpeg 1024w, https:\/\/hajoona.com\/wp-content\/uploads\/2025\/03\/AdobeStock_465567057-414x276.jpeg 414w, https:\/\/hajoona.com\/wp-content\/uploads\/2025\/03\/AdobeStock_465567057-1536x1025.jpeg 1536w\" sizes=\"auto, (max-width: 7952px) 100vw, 7952px\" \/><\/figure><\/div>\n\n\n\n<div class=\"wp-block-media-text alignfull is-stacked-on-mobile is-image-fill-element is-style-square has-product-lavender-background-color has-background\" style=\"margin-top:0;margin-bottom:0\"><figure class=\"wp-block-media-text__media\"><img loading=\"lazy\" decoding=\"async\" width=\"2560\" height=\"1707\" src=\"https:\/\/hajoona.com\/wp-content\/uploads\/2025\/03\/AdobeStock_327383043-scaled.jpeg\" alt=\"Eine Gruppe von sechs Personen steht in einem hellen Raum mit gro\u00dfen Fenstern. Sie tragen sportliche Kleidung in Grau, Schwarz und Wei\u00df. Alle strecken ihre H\u00e4nde in die Mitte und ber\u00fchren sich gegenseitig, w\u00e4hrend sie lachen. Das Bild zeigt Freude, Teamgeist und Motivation.\" class=\"wp-image-5422 size-full\" style=\"object-position:50% 50%\" srcset=\"https:\/\/hajoona.com\/wp-content\/uploads\/2025\/03\/AdobeStock_327383043-scaled.jpeg 2560w, https:\/\/hajoona.com\/wp-content\/uploads\/2025\/03\/AdobeStock_327383043-768x512.jpeg 768w, https:\/\/hajoona.com\/wp-content\/uploads\/2025\/03\/AdobeStock_327383043-1024x683.jpeg 1024w, https:\/\/hajoona.com\/wp-content\/uploads\/2025\/03\/AdobeStock_327383043-414x276.jpeg 414w, https:\/\/hajoona.com\/wp-content\/uploads\/2025\/03\/AdobeStock_327383043-1536x1024.jpeg 1536w\" sizes=\"auto, (max-width: 2560px) 100vw, 2560px\" \/><\/figure><div class=\"wp-block-media-text__content\">\n<div class=\"wp-block-group is-style-5-cols has-global-padding is-layout-constrained wp-block-group-is-layout-constrained\" style=\"margin-top:var(--wp--preset--spacing--4);margin-bottom:var(--wp--preset--spacing--4)\">\n<h2 class=\"wp-block-heading has-prime-black-color has-text-color\" style=\"font-size:clamp(27.42px, 1.714rem + ((1vw - 3.2px) * 1.748), 47px);\">Faire mieux ensemble !<\/h2>\n\n\n\n<p>Donnez rendez-vous \u00e0 vos amis, voisins et connaissances pour une f\u00eate hajoona Body Restart afin de commencer ensemble un programme de perte de poids efficace et durable. Bien s\u00fbr, chacun y poursuivra ses objectifs individuels, mais un \u00e9change d&rsquo;exp\u00e9riences avec des conseils, des recettes et des exercices Body Restart est amusant et encourage \u00e0 pers\u00e9v\u00e9rer. Un(e) mentor(e) hajoona Body Restart te soutiendra. Il suffit de remplir le formulaire de contact et c&rsquo;est parti !<\/p>\n\n\n\n<div class=\"wp-block-buttons is-layout-flex wp-block-buttons-is-layout-flex\" style=\"margin-top:var(--wp--preset--spacing--3);margin-bottom:var(--wp--preset--spacing--3)\">\n<div class=\"wp-block-button\"><a class=\"wp-block-button__link wp-element-button\" href=\"https:\/\/hajoona.com\/fr\/contakt\/\">Prenez contact !<\/a><\/div>\n<\/div>\n<\/div>\n<\/div><\/div>\n\n\n\n<div class=\"wp-block-group alignfull has-product-apricot-background-color has-background has-global-padding is-layout-constrained wp-block-group-is-layout-constrained\" style=\"margin-top:0;margin-bottom:0\">\n<div style=\"height:50px\" aria-hidden=\"true\" class=\"wp-block-spacer\"><\/div>\n\n\n\n<h2 class=\"wp-block-heading\">Restez au courant.<\/h2>\n\n\n\n<p>Abonnez-vous \u00e0 notre newsletter pour recevoir toutes les informations sur les produits et les promotions.<\/p>\n\n\n\n<div class=\"wp-block-buttons is-layout-flex wp-block-buttons-is-layout-flex\">\n<div class=\"wp-block-button\"><a class=\"wp-block-button__link wp-element-button\" href=\"https:\/\/hajoona.com\/fr\/newsletter\/\">Inscrivez-moi&nbsp;!<\/a><\/div>\n<\/div>\n\n\n\n<div style=\"height:50px\" aria-hidden=\"true\" class=\"wp-block-spacer\"><\/div>\n<\/div>\n\n\n\n<p><\/p>\n","protected":false},"excerpt":{"rendered":"Cure Body Restart :Commencez \u00e0 resplendir d\u00e8s maintenant ! Boostez les effets de nos produits avec le programme de sant\u00e9 holistique Body Restart et rejoignez une communaut\u00e9 unique en son genre. hajoona permet de mener une vie saine et \u00e9panouie, m\u00eame dans notre monde moderne si tr\u00e9pidant. Afin d&rsquo;exploiter pleinement le potentiel de nos produits,&#8230;","protected":false},"author":6,"featured_media":5559,"parent":0,"menu_order":0,"comment_status":"closed","ping_status":"closed","template":"","meta":{"_acf_changed":false,"inline_featured_image":false,"footnotes":""},"class_list":["post-5553","page","type-page","status-publish","has-post-thumbnail","hentry"],"acf":[],"_links":{"self":[{"href":"https:\/\/hajoona.com\/fr\/wp-json\/wp\/v2\/pages\/5553","targetHints":{"allow":["GET"]}}],"collection":[{"href":"https:\/\/hajoona.com\/fr\/wp-json\/wp\/v2\/pages"}],"about":[{"href":"https:\/\/hajoona.com\/fr\/wp-json\/wp\/v2\/types\/page"}],"author":[{"embeddable":true,"href":"https:\/\/hajoona.com\/fr\/wp-json\/wp\/v2\/users\/6"}],"replies":[{"embeddable":true,"href":"https:\/\/hajoona.com\/fr\/wp-json\/wp\/v2\/comments?post=5553"}],"version-history":[{"count":5,"href":"https:\/\/hajoona.com\/fr\/wp-json\/wp\/v2\/pages\/5553\/revisions"}],"predecessor-version":[{"id":6487,"href":"https:\/\/hajoona.com\/fr\/wp-json\/wp\/v2\/pages\/5553\/revisions\/6487"}],"wp:featuredmedia":[{"embeddable":true,"href":"https:\/\/hajoona.com\/fr\/wp-json\/wp\/v2\/media\/5559"}],"wp:attachment":[{"href":"https:\/\/hajoona.com\/fr\/wp-json\/wp\/v2\/media?parent=5553"}],"curies":[{"name":"wp","href":"https:\/\/api.w.org\/{rel}","templated":true}]}}