{"id":6624,"date":"2025-08-06T11:13:02","date_gmt":"2025-08-06T09:13:02","guid":{"rendered":"https:\/\/hajoona.com\/?page_id=6624"},"modified":"2025-09-15T10:00:14","modified_gmt":"2025-09-15T08:00:14","slug":"nextgen-longevity-summit","status":"publish","type":"page","link":"https:\/\/hajoona.com\/en\/nextgen-longevity-summit\/","title":{"rendered":"NextGen Longevity Summit"},"content":{"rendered":"\r\n\r\n\r\n\r\n<div id=\"block-65175a841eb32f34cdd52a1fc502420169d297b7e6812\" \r\n    class=\"wp-block-acf-hero-slider alignfull acf-block-component\"\r\n    style=\"margin-top:0;margin-bottom:0;\">\r\n\r\n<div class=\"hero-slider-block__media\">\r\n\r\n    <img decoding=\"async\" class=\"slide-1 active\"\r\n        src=\"https:\/\/hajoona.com\/wp-content\/uploads\/2025\/08\/NextGen-Longevity-Summit.jpg\" srcset=\"https:\/\/hajoona.com\/wp-content\/uploads\/2025\/08\/NextGen-Longevity-Summit-414x414.jpg 414w, https:\/\/hajoona.com\/wp-content\/uploads\/2025\/08\/NextGen-Longevity-Summit-768x768.jpg 768w, https:\/\/hajoona.com\/wp-content\/uploads\/2025\/08\/NextGen-Longevity-Summit-1024x1024.jpg 1024w, https:\/\/hajoona.com\/wp-content\/uploads\/2025\/08\/NextGen-Longevity-Summit-1536x1536.jpg 1536w, https:\/\/hajoona.com\/wp-content\/uploads\/2025\/08\/NextGen-Longevity-Summit-2048x2048.jpg 2048w\"\r\n        alt=\"Zwei junge Menschen stehen l\u00e4chelnd R\u00fccken an R\u00fccken vor pinkem Hintergrund. Daneben steht in wei\u00dfer und blauer Schrift: \u201eNextGen Longevity Summit\u201c\">\r\n<\/div>\r\n<div class=\"hero-slider-block__content has-prime-off-white-background-color\">\r\n\r\n    <div class=\"hero-slider-block__bg\"><\/div>\r\n\r\n    <div\r\n        class=\"hero-slider-block__content-inner has-global-padding is-layout-constrained wp-block-group is-style-5-cols\">\r\n\r\n        <div class=\"content-inner__slide-container\">\r\n\r\n                        <span data-bg-color=\"prime-off-white\"\r\n                class=\"content-inner__slide is-layout-constrained slide-1 active has-prime-off-white-background-color  active\">\r\n\r\n                                <h2 class=\"slide__head\">Convention 2025<\/h2>\r\n                \r\n                                <h4 class=\"slide__subhead\">You want more out of life? More quality of life and better health?<br \/>\r\nMore lifestyle and more energy? More money and more freedom?<br \/>\r\n<br \/>\r\nThen don\u2019t miss the very first NextGen Longevity Summit!<\/h4>\r\n                \r\n                                <div class=\"slide__button is-layout-flex wp-block-buttons\">\r\n                    <div class=\"wp-block-button\">\r\n                        <a class=\"wp-block-button__link wp-element-button\" href=\"https:\/\/hajoona.com\/en\/nextgen-longevity-summit\/#convention\"\r\n                            target=\"\">\r\n                            Get the facts                        <\/a>\r\n                    <\/div>\r\n                <\/div>\r\n                \r\n            <\/span>\r\n\r\n\r\n        <\/div>\r\n\r\n    <\/div>\r\n\r\n    <div class=\"hero-slider-block__index has-copy-s-font-size\">\r\n        <ul>\r\n            \r\n            <!-- <li><a><span class=\"index\">1<\/span><span class=\"line\"><\/span><\/a><\/li>\r\n            <li class=\"active\"><a><span class=\"index\">1<\/span><span class=\"line\"><\/span><\/a><\/li>\r\n            <li><a><span class=\"index\">1<\/span><span class=\"line\"><\/span><\/a><\/li> -->\r\n        <\/ul>\r\n    <\/div>\r\n\r\n<\/div>\r\n\r\n\r\n<span id=\"trigger-block-65175a841eb32f34cdd52a1fc502420169d297b7e6812\"><\/span>\r\n<script>\r\nif (typeof initHeroSliderBlock !== 'undefined') {\r\n    initHeroSliderBlock(document.querySelector(`#trigger-block-65175a841eb32f34cdd52a1fc502420169d297b7e6812`).parentNode);\r\n} else {\r\n    window.addEventListener('blockjs', () => {\r\n        initHeroSliderBlock(document.querySelector(`#trigger-block-65175a841eb32f34cdd52a1fc502420169d297b7e6812`).parentNode);\r\n    });\r\n}\r\n<\/script>\r\n\r\n<\/div>\n\n\n<div class=\"wp-block-columns alignwide align-items-baseline is-layout-flex wp-container-core-columns-is-layout-4f84eacc wp-block-columns-is-layout-flex\" style=\"margin-top:var(--wp--preset--spacing--5);margin-bottom:var(--wp--preset--spacing--5)\">\n<div class=\"wp-block-column is-layout-flow wp-block-column-is-layout-flow\">\n<h1 class=\"wp-block-heading is-style-5-cols has-text-color has-link-color wp-elements-04fa625d14f767de944728ff0f4331fb\" id=\"convention\" style=\"color:#045ff8;font-size:clamp(37.821px, 2.364rem + ((1vw - 3.2px) * 2.873), 70px);\">Convention 2025<\/h1>\n\n\n\n<h2 class=\"wp-block-heading is-style-5-cols\" id=\"\/Markus\" style=\"font-size:clamp(18.959px, 1.185rem + ((1vw - 3.2px) * 0.986), 30px);\">Saturday, September 20, 2025<\/h2>\n\n\n\n<p>Imagine gaining the knowledge, tools, and network to take your health and your business to the next level \u2013 all in just one day.<br>The <strong>NextGen Longevity Summit<\/strong> is your launchpad into a life filled with more energy, balance, and freedom.<\/p>\n\n\n\n<h2 class=\"wp-block-heading has-text-color has-link-color wp-elements-c958a033a8851745c6c925b11d2bf89e\" style=\"color:#045ff8;font-size:clamp(18.959px, 1.185rem + ((1vw - 3.2px) * 0.986), 30px);\"><strong>What\u2019s it all about?<\/strong><\/h2>\n\n\n\n<p><strong>Longevity<\/strong> \u2013 but not in the traditional sense of simply \u201cgrowing old.\u201d<br>It\u2019s about living better. Staying healthy longer. Thinking clearer. Feeling freer in your everyday life.<br>And most importantly: achieving financial independence.<\/p>\n<\/div>\n\n\n\n<div class=\"wp-block-column is-style-4-cols-content is-layout-flow wp-block-column-is-layout-flow\">\n<h2 class=\"wp-block-heading has-text-color has-link-color wp-elements-459fd3026952e1ba3227d96114d6b85d\" style=\"color:#045ff8;font-size:clamp(28.836px, 1.802rem + ((1vw - 3.2px) * 1.89), 50px);\">HIGHLIGHTS<\/h2>\n\n\n\n<ul class=\"wp-block-list\">\n<li><strong>Top insights from the latest research<\/strong><\/li>\n\n\n\n<li><strong>Smart products that redefine health<\/strong><\/li>\n\n\n\n<li><strong>A community that supports you<\/strong><\/li>\n\n\n\n<li><strong>A wealth of business tools<\/strong><\/li>\n\n\n\n<li>Live on stage: the <strong>hajoona Management Board<\/strong> &amp; <strong>sports and nutrition scientist Thomas Klaholz<\/strong><\/li>\n\n\n\n<li>And as a special highlight: <strong>Guest speaker Marcus Lauk<\/strong>, one of the most renowned longevity experts in the DACH region.<\/li>\n\n\n\n<li>In his inspiring keynote, he\u2019ll reveal the secrets of the <em>Blue Zones<\/em> \u2013 the regions of the world where people live the longest and healthiest lives.<\/li>\n<\/ul>\n<\/div>\n<\/div>\n\n\n\r\n\r\n\r\n\r\n<div id=\"block-ff1a2cd153d41cced0f7f0d33188a90369d297b7eb759\" \r\n    class=\"wp-block-acf-teaser wp-elements-1a0b091db7a563daaeef7441e596998b alignfull has-background has-prime-black-color has-text-color has-link-color acf-block-component\"\r\n    style=\"margin-top:0;margin-bottom:0;padding-top:0;padding-bottom:0;background-color:#de8bf0;\">\r\n\r\n\r\n<div class=\"highlight__offset-text highlight__offset-text--top alignright\"><span\r\n        class=\"text\">Special<\/div>\r\n\r\n<div class=\"highlight__inner-block\">\r\n\r\n    <div class=\"highlight__copy\"><span><p style=\"font-size: 50px; font-weight: bold;\">Marcus Lauk<\/p> <p><em>\u201cLongevity \u2013 The Secrets of the Blue Zones and What We Can Learn from Them for a Long Life.\u201d<\/em><\/p><p>Marcus Lauk is one of the most renowned longevity and Blue Zones experts in the German-speaking world \u2013 a multi-award-winning professional, TOP 100 success coach, speaker at the Greator Festival, and author of \u201cLiving a Fulfilling Life for 100 Years.\u201d  He combines in-depth health research with global travels to meet the world\u2019s oldest people. In his keynote, you\u2019ll discover what truly defines longevity.<\/p><\/span>\r\n\r\n        \r\n    <\/div>\r\n        <div class=\"highlight__image\">\r\n        <img decoding=\"async\" src=\"https:\/\/hajoona.com\/wp-content\/uploads\/2025\/08\/ML-9335_hochkant-2-scaled.jpg\" srcset=\"https:\/\/hajoona.com\/wp-content\/uploads\/2025\/08\/ML-9335_hochkant-2-scaled.jpg 1606w, https:\/\/hajoona.com\/wp-content\/uploads\/2025\/08\/ML-9335_hochkant-2-482x768.jpg 482w, https:\/\/hajoona.com\/wp-content\/uploads\/2025\/08\/ML-9335_hochkant-2-642x1024.jpg 642w, https:\/\/hajoona.com\/wp-content\/uploads\/2025\/08\/ML-9335_hochkant-2-260x414.jpg 260w, https:\/\/hajoona.com\/wp-content\/uploads\/2025\/08\/ML-9335_hochkant-2-768x1224.jpg 768w, https:\/\/hajoona.com\/wp-content\/uploads\/2025\/08\/ML-9335_hochkant-2-964x1536.jpg 964w, https:\/\/hajoona.com\/wp-content\/uploads\/2025\/08\/ML-9335_hochkant-2-1285x2048.jpg 1285w\"\r\n            alt=\"Markus Lauk, Longevity-Experte, sitzt l\u00e4chelnd mit Kaffeetasse an einem Tisch und tr\u00e4gt Sakko und Schieberm\u00fctze.\">\r\n    <\/div>\r\n\r\n<\/div>\r\n\r\n<div class=\"highlight__offset-text highlight__offset-text--bottom alignleft\"><span\r\n        class=\"text\">Guest<\/div>\r\n\r\n\r\n\r\n<span id=\"trigger-block-ff1a2cd153d41cced0f7f0d33188a90369d297b7eb759\"><\/span>\r\n<script>\r\nif (typeof initTileMenuBlock !== 'undefined') {\r\n    initTileMenuBlock(document.querySelector(`#trigger-block-ff1a2cd153d41cced0f7f0d33188a90369d297b7eb759`).parentNode);\r\n} else {\r\n    window.addEventListener('blockjs', () => {\r\n        initTileMenuBlock(document.querySelector(`#trigger-block-ff1a2cd153d41cced0f7f0d33188a90369d297b7eb759`).parentNode);\r\n    });\r\n}\r\n<\/script>\r\n\r\n<\/div>\n\n\n<h2 class=\"wp-block-heading alignwide\" id=\"hajoona-news\" style=\"margin-top:var(--wp--preset--spacing--4);margin-bottom:0;font-size:clamp(28.836px, 1.802rem + ((1vw - 3.2px) * 1.89), 50px);\">Our Speakers:<\/h2>\n\n\n\r\n<style>\r\ndiv#block-1d77bd1fa1a6119a204ef6d1b5ea0f5269d297b7ecb11 .slide {\r\n    width: 36rem !important;\r\n}\r\n\r\ndiv#block-1d77bd1fa1a6119a204ef6d1b5ea0f5269d297b7ecb11 .slide__image-container {\r\n    aspect-ratio: 1\/1.25;\r\n    font-size: 6rem;\r\n}\r\n\r\ndiv#block-1d77bd1fa1a6119a204ef6d1b5ea0f5269d297b7ecb11 .slide__image-container img {\r\n    object-fit: contain;\r\n    object-position: left bottom;\r\n}\r\n<\/style>\r\n\r\n\r\n\r\n<div id=\"block-1d77bd1fa1a6119a204ef6d1b5ea0f5269d297b7ecb11\" \r\n    class=\"wp-block-acf-carousel has-prime-black-color has-text-color acf-block-component\"\r\n    style=\"margin-bottom:var(--wp--preset--spacing--5);\">\r\n<div class=\"carousel-container has-global-padding is-layout-constrained\"\r\n    style=\"\">\r\n    <button class=\"carousel-control carousel-control--prev no-button-styling prev-cursor\"><\/button>\r\n    <button class=\"carousel-control carousel-control--next no-button-styling next-cursor\"><\/button>\r\n\r\n    <div class=\"carousel-pos  alignwide\">\r\n        <div class=\"carousel\" data-slick='{\"mobileFirst\":true,\"variableWidth\":false,\"infinite\":false,\"slidesToShow\":1,\"slidesToScroll\":1}'>\r\n\r\n            \r\n            <a class=\"slide\" href=\"javascript:void(0);\">\r\n            <div class=\"slide__image-container\">\r\n                <img decoding=\"async\" class=\"slide-1 active\"\r\n                    src=\"https:\/\/hajoona.com\/wp-content\/uploads\/2025\/08\/DL.jpg\" srcset=\"https:\/\/hajoona.com\/wp-content\/uploads\/2025\/08\/DL-414x414.jpg 414w, https:\/\/hajoona.com\/wp-content\/uploads\/2025\/08\/DL-768x768.jpg 768w, https:\/\/hajoona.com\/wp-content\/uploads\/2025\/08\/DL-1024x1024.jpg 1024w, https:\/\/hajoona.com\/wp-content\/uploads\/2025\/08\/DL-1536x1536.jpg 1536w, https:\/\/hajoona.com\/wp-content\/uploads\/2025\/08\/DL-2048x2048.jpg 2048w\"\r\n                    alt=\"Daniela Lipgens, Gesch\u00e4ftsf\u00fchrerin der hajoona GmbH, steht in einem modernen, lichtdurchfluteten Geb\u00e4ude und blickt l\u00e4chelnd in die Kamera.\">\r\n\r\n                \r\n                \r\n            <\/div>\r\n\r\n                        <h3 class=\"slide__head\">Daniela Lipgens<\/h3>\r\n            \r\n                        <h4 class=\"slide__subhead\">hajoona CEO<br \/>\r\nThe Longevity Market \u2013 The Trend of the Future<\/h4>\r\n            \r\n            <\/a>\r\n            <a class=\"slide\" href=\"javascript:void(0);\">\r\n            <div class=\"slide__image-container\">\r\n                <img decoding=\"async\" class=\"slide-2\"\r\n                    src=\"https:\/\/hajoona.com\/wp-content\/uploads\/2025\/08\/AU.jpg\" srcset=\"https:\/\/hajoona.com\/wp-content\/uploads\/2025\/08\/AU-414x414.jpg 414w, https:\/\/hajoona.com\/wp-content\/uploads\/2025\/08\/AU-768x768.jpg 768w, https:\/\/hajoona.com\/wp-content\/uploads\/2025\/08\/AU-1024x1024.jpg 1024w, https:\/\/hajoona.com\/wp-content\/uploads\/2025\/08\/AU-1536x1536.jpg 1536w, https:\/\/hajoona.com\/wp-content\/uploads\/2025\/08\/AU-2048x2048.jpg 2048w\"\r\n                    alt=\"Andrej Uschakow, Co-Founder und Chief Sales Officer der hajoona GmbH, steht in einem modernen B\u00fcrogeb\u00e4ude und blickt freundlich in die Kamera.\">\r\n\r\n                \r\n                \r\n            <\/div>\r\n\r\n                        <h3 class=\"slide__head\">Andrej Uschakow<\/h3>\r\n            \r\n                        <h4 class=\"slide__subhead\">hajoona Co-Founder &#038; Chief Sales<br \/>\r\nFresh Perspectives on Money Talk &#038; Wealth Management \u2013 Financial Health as a Key to True Longevity<\/h4>\r\n            \r\n            <\/a>\r\n            <a class=\"slide\" href=\"javascript:void(0);\">\r\n            <div class=\"slide__image-container\">\r\n                <img decoding=\"async\" class=\"slide-3\"\r\n                    src=\"https:\/\/hajoona.com\/wp-content\/uploads\/2025\/08\/EU.jpg\" srcset=\"https:\/\/hajoona.com\/wp-content\/uploads\/2025\/08\/EU-414x414.jpg 414w, https:\/\/hajoona.com\/wp-content\/uploads\/2025\/08\/EU-768x768.jpg 768w, https:\/\/hajoona.com\/wp-content\/uploads\/2025\/08\/EU-1024x1024.jpg 1024w, https:\/\/hajoona.com\/wp-content\/uploads\/2025\/08\/EU-1536x1536.jpg 1536w, https:\/\/hajoona.com\/wp-content\/uploads\/2025\/08\/EU-2048x2048.jpg 2048w\"\r\n                    alt=\"Estera Uschakow, Mitglied des Managementboards von hajoona, steht in einem modernen Geb\u00e4ude und l\u00e4chelt selbstbewusst in die Kamera.\">\r\n\r\n                \r\n                \r\n            <\/div>\r\n\r\n                        <h3 class=\"slide__head\">Estera Uschakow<\/h3>\r\n            \r\n                        <h4 class=\"slide__subhead\">Member of the hajoona Management Board<br \/>\r\n&#8220;Find Your Ikigai&#8221; \u2013 What Makes Life Worth Living<br \/>\r\nHow passion, vocation, mission, and profession come together to create a fulfilling life.<\/h4>\r\n            \r\n            <\/a>\r\n            <a class=\"slide\" href=\"javascript:void(0);\">\r\n            <div class=\"slide__image-container\">\r\n                <img decoding=\"async\" class=\"slide-4\"\r\n                    src=\"https:\/\/hajoona.com\/wp-content\/uploads\/2025\/08\/Thomas-Klaholz.png\" srcset=\"https:\/\/hajoona.com\/wp-content\/uploads\/2025\/08\/Thomas-Klaholz-414x414.png 414w, https:\/\/hajoona.com\/wp-content\/uploads\/2025\/08\/Thomas-Klaholz-768x768.png 768w, https:\/\/hajoona.com\/wp-content\/uploads\/2025\/08\/Thomas-Klaholz-1024x1024.png 1024w, https:\/\/hajoona.com\/wp-content\/uploads\/2025\/08\/Thomas-Klaholz.png 1080w\"\r\n                    alt=\"Thomas Klaholz, Produktexperte bei hajoona, steht mit verschr\u00e4nkten Armen in einem modernen Geb\u00e4ude und l\u00e4chelt freundlich in die Kamera.\">\r\n\r\n                \r\n                \r\n            <\/div>\r\n\r\n                        <h3 class=\"slide__head\">Thomas Klaholz<\/h3>\r\n            \r\n                        <h4 class=\"slide__subhead\">hajoona Product Expert<br \/>\r\nThe hajoona concept. A powerful contribution to your longevity.<\/h4>\r\n            \r\n            <\/a>\r\n        <\/div>\r\n    <\/div>\r\n<\/div>\r\n\r\n<span id=\"trigger-block-1d77bd1fa1a6119a204ef6d1b5ea0f5269d297b7ecb11\"><\/span>\r\n<script>\r\nif (typeof initCarouselBlock !== 'undefined') {\r\n    initCarouselBlock(document.querySelector(`#trigger-block-1d77bd1fa1a6119a204ef6d1b5ea0f5269d297b7ecb11`).parentNode);\r\n} else {\r\n    window.addEventListener('blockjs', () => {\r\n        initCarouselBlock(document.querySelector(`#trigger-block-1d77bd1fa1a6119a204ef6d1b5ea0f5269d297b7ecb11`).parentNode);\r\n    });\r\n}\r\n<\/script>\r\n\r\n<\/div>\n\n\n<div class=\"wp-block-columns alignwide align-items-baseline is-layout-flex wp-container-core-columns-is-layout-4f84eacc wp-block-columns-is-layout-flex\" style=\"margin-top:var(--wp--preset--spacing--5);margin-bottom:var(--wp--preset--spacing--5)\">\n<div class=\"wp-block-column is-layout-flow wp-block-column-is-layout-flow\">\n<h2 class=\"wp-block-heading is-style-5-cols has-text-color has-link-color wp-elements-03fb28e34fe2fdeb208ad241e79558c0\" id=\"\/Markus\" style=\"color:#045ff8;font-size:clamp(28.836px, 1.802rem + ((1vw - 3.2px) * 1.89), 50px);\">When? Where? How?<\/h2>\n\n\n\n<h3 class=\"wp-block-heading is-style-5-cols\" id=\"\/Markus\" style=\"font-size:clamp(18.959px, 1.185rem + ((1vw - 3.2px) * 0.986), 30px);\">Saturday, September 20, 2025<\/h3>\n<\/div>\n\n\n\n<div class=\"wp-block-column is-style-4-cols-content is-layout-flow wp-block-column-is-layout-flow\">\n<p>10:00 AM \u2013 5:30 PM (Doors open at 8:30 AM)<br>Right after: <br>Get-Together Party<\/p>\n\n\n\n<p>darmstadtium Congress Center<br>Schlossgraben 1<br>64283 Darmstadt, Germany<\/p>\n\n\n\n<p>Ticket<strong>:<\/strong> \u20ac149<br>Open seating<br>Food and beverages not included<\/p>\n<\/div>\n<\/div>\n\n\n\n<div class=\"wp-block-columns alignwide align-items-baseline has-background is-layout-flex wp-container-core-columns-is-layout-4f84eacc wp-block-columns-is-layout-flex\" style=\"background-color:#de8bf0;margin-top:var(--wp--preset--spacing--5);margin-bottom:var(--wp--preset--spacing--5)\">\n<div class=\"wp-block-column is-layout-flow wp-block-column-is-layout-flow\">\n<h3 class=\"wp-block-heading is-style-5-cols has-text-color has-link-color wp-elements-0ef7340587f7d642ddb62368ab8b05cf\" id=\"\/Markus\" style=\"color:#045ff8;font-size:clamp(18.959px, 1.185rem + ((1vw - 3.2px) * 0.986), 30px);\">Want to be part of it? Then get in touch with us!<\/h3>\n<\/div>\n\n\n\n<div class=\"wp-block-column is-style-4-cols-content is-layout-flow wp-block-column-is-layout-flow\">\n<div class=\"wp-block-buttons is-layout-flex wp-block-buttons-is-layout-flex\">\n<div class=\"wp-block-button\"><a class=\"wp-block-button__link wp-element-button\" href=\"https:\/\/hajoona.com\/en\/contakt\/\">Get in touch!<\/a><\/div>\n<\/div>\n<\/div>\n<\/div>\n","protected":false},"excerpt":{"rendered":"Convention 2025 Saturday, September 20, 2025 Imagine gaining the knowledge, tools, and network to take your health and your business to the next level \u2013 all in just one day.The NextGen Longevity Summit is your launchpad into a life filled with more energy, balance, and freedom. What\u2019s it all about? Longevity \u2013 but not in&#8230;","protected":false},"author":6,"featured_media":6573,"parent":0,"menu_order":0,"comment_status":"closed","ping_status":"closed","template":"","meta":{"_acf_changed":false,"inline_featured_image":false,"footnotes":""},"class_list":["post-6624","page","type-page","status-publish","has-post-thumbnail","hentry"],"acf":[],"_links":{"self":[{"href":"https:\/\/hajoona.com\/en\/wp-json\/wp\/v2\/pages\/6624","targetHints":{"allow":["GET"]}}],"collection":[{"href":"https:\/\/hajoona.com\/en\/wp-json\/wp\/v2\/pages"}],"about":[{"href":"https:\/\/hajoona.com\/en\/wp-json\/wp\/v2\/types\/page"}],"author":[{"embeddable":true,"href":"https:\/\/hajoona.com\/en\/wp-json\/wp\/v2\/users\/6"}],"replies":[{"embeddable":true,"href":"https:\/\/hajoona.com\/en\/wp-json\/wp\/v2\/comments?post=6624"}],"version-history":[{"count":6,"href":"https:\/\/hajoona.com\/en\/wp-json\/wp\/v2\/pages\/6624\/revisions"}],"predecessor-version":[{"id":6933,"href":"https:\/\/hajoona.com\/en\/wp-json\/wp\/v2\/pages\/6624\/revisions\/6933"}],"wp:featuredmedia":[{"embeddable":true,"href":"https:\/\/hajoona.com\/en\/wp-json\/wp\/v2\/media\/6573"}],"wp:attachment":[{"href":"https:\/\/hajoona.com\/en\/wp-json\/wp\/v2\/media?parent=6624"}],"curies":[{"name":"wp","href":"https:\/\/api.w.org\/{rel}","templated":true}]}}