{"id":3308,"date":"2023-04-21T18:01:01","date_gmt":"2023-04-21T16:01:01","guid":{"rendered":"http:\/\/live.hajoona.in\/?page_id=3308"},"modified":"2025-06-26T15:41:42","modified_gmt":"2025-06-26T13:41:42","slug":"body-restart","status":"publish","type":"page","link":"https:\/\/hajoona.com\/en\/body-restart\/","title":{"rendered":"Body Restart"},"content":{"rendered":"\r\n\r\n\r\n\r\n<div id=\"block-8dac89152db1d5b648b9d14efc780aca69e148419a059\" \r\n    class=\"wp-block-acf-hero-slider alignfull acf-block-component\"\r\n    style=\"margin-top:0;margin-bottom:0;\">\r\n\r\n<div class=\"hero-slider-block__media\">\r\n\r\n    <img decoding=\"async\" class=\"slide-1 active\"\r\n        src=\"https:\/\/hajoona.com\/wp-content\/uploads\/2024\/01\/AdobeStock_555338525.jpeg\" srcset=\"https:\/\/hajoona.com\/wp-content\/uploads\/2024\/01\/AdobeStock_555338525.jpeg 5792w, https:\/\/hajoona.com\/wp-content\/uploads\/2024\/01\/AdobeStock_555338525-512x768.jpeg 512w, https:\/\/hajoona.com\/wp-content\/uploads\/2024\/01\/AdobeStock_555338525-683x1024.jpeg 683w, https:\/\/hajoona.com\/wp-content\/uploads\/2024\/01\/AdobeStock_555338525-276x414.jpeg 276w, https:\/\/hajoona.com\/wp-content\/uploads\/2024\/01\/AdobeStock_555338525-768x1152.jpeg 768w\"\r\n        alt=\"hajoona Body Restart\">\r\n<\/div>\r\n<div class=\"hero-slider-block__content has-product-mallow-background-color\">\r\n\r\n    <div class=\"hero-slider-block__bg\"><\/div>\r\n\r\n    <div\r\n        class=\"hero-slider-block__content-inner has-global-padding is-layout-constrained wp-block-group is-style-5-cols\">\r\n\r\n        <div class=\"content-inner__slide-container\">\r\n\r\n                        <span data-bg-color=\"product-mallow\"\r\n                class=\"content-inner__slide is-layout-constrained slide-1 active has-product-mallow-background-color  active\">\r\n\r\n                                <h2 class=\"slide__head\">Healthy together<\/h2>\r\n                \r\n                                <h4 class=\"slide__subhead\"> Discover a community that will help you achieve your goals.<br \/>\r\n<\/h4>\r\n                \r\n                \r\n            <\/span>\r\n\r\n\r\n        <\/div>\r\n\r\n    <\/div>\r\n\r\n    <div class=\"hero-slider-block__index has-copy-s-font-size\">\r\n        <ul>\r\n            \r\n            <!-- <li><a><span class=\"index\">1<\/span><span class=\"line\"><\/span><\/a><\/li>\r\n            <li class=\"active\"><a><span class=\"index\">1<\/span><span class=\"line\"><\/span><\/a><\/li>\r\n            <li><a><span class=\"index\">1<\/span><span class=\"line\"><\/span><\/a><\/li> -->\r\n        <\/ul>\r\n    <\/div>\r\n\r\n<\/div>\r\n\r\n\r\n<span id=\"trigger-block-8dac89152db1d5b648b9d14efc780aca69e148419a059\"><\/span>\r\n<script>\r\nif (typeof initHeroSliderBlock !== 'undefined') {\r\n    initHeroSliderBlock(document.querySelector(`#trigger-block-8dac89152db1d5b648b9d14efc780aca69e148419a059`).parentNode);\r\n} else {\r\n    window.addEventListener('blockjs', () => {\r\n        initHeroSliderBlock(document.querySelector(`#trigger-block-8dac89152db1d5b648b9d14efc780aca69e148419a059`).parentNode);\r\n    });\r\n}\r\n<\/script>\r\n\r\n<\/div>\n\n\n<div class=\"wp-block-group alignfull has-prime-white-background-color has-background has-global-padding is-layout-constrained wp-block-group-is-layout-constrained\" style=\"margin-top:0;margin-bottom:0\">\n<div class=\"wp-block-columns alignwide align-items-baseline is-layout-flex wp-container-core-columns-is-layout-4f84eacc wp-block-columns-is-layout-flex\" style=\"margin-top:var(--wp--preset--spacing--5);margin-bottom:var(--wp--preset--spacing--5)\">\n<div class=\"wp-block-column is-layout-flow wp-block-column-is-layout-flow\">\n<h2 class=\"wp-block-heading is-style-5-cols\" style=\"font-size:clamp(27.42px, 1.714rem + ((1vw - 3.2px) * 1.748), 47px);\">Body Restart cure:<br>Start to shine now!<\/h2>\n\n\n\n<div class=\"wp-block-buttons is-layout-flex wp-block-buttons-is-layout-flex\">\n<div class=\"wp-block-button\"><a class=\"wp-block-button__link wp-element-button\" href=\"https:\/\/hajoona.com\/en\/product\/complete\/\">View product hajoona Complete<\/a><\/div>\n<\/div>\n<\/div>\n\n\n\n<div class=\"wp-block-column is-style-4-cols-content is-layout-flow wp-block-column-is-layout-flow\">\n<p>Boost the effect of our products with the comprehensive Body Restart health program and become a member of our unique community. <\/p>\n\n\n\n<p>hajoona makes it possible for you to lead a healthy and ful\ufb01lling life even in our hectic, modern world. We\u2019ve developed an especially simple and yet highly effective health program that will allow you to take full advantage of the potential of our products and experience a whole new physical awareness in record time. <strong>Body Restart.<\/strong><\/p>\n<\/div>\n<\/div>\n<\/div>\n\n\n\r\n<style>\r\ndiv#block-122d4e2c6efd2cb187fffb19f67475d069e148419facc .slide {\r\n    width: 36rem !important;\r\n}\r\n\r\ndiv#block-122d4e2c6efd2cb187fffb19f67475d069e148419facc .slide__image-container {\r\n    aspect-ratio: 1\/1.25;\r\n    font-size: 8rem;\r\n}\r\n\r\ndiv#block-122d4e2c6efd2cb187fffb19f67475d069e148419facc .slide__image-container img {\r\n    object-fit: contain;\r\n    object-position: left bottom;\r\n}\r\n<\/style>\r\n\r\n\r\n\r\n<div id=\"block-122d4e2c6efd2cb187fffb19f67475d069e148419facc\" \r\n    class=\"wp-block-acf-carousel has-prime-black-color has-text-color acf-block-component\"\r\n    style=\"margin-bottom:var(--wp--preset--spacing--5);\">\r\n<div class=\"carousel-container has-global-padding is-layout-constrained\"\r\n    style=\"\">\r\n    <button class=\"carousel-control carousel-control--prev no-button-styling prev-cursor\"><\/button>\r\n    <button class=\"carousel-control carousel-control--next no-button-styling next-cursor\"><\/button>\r\n\r\n    <div class=\"carousel-pos  alignwide\">\r\n        <div class=\"carousel\" data-slick='{\"mobileFirst\":true,\"variableWidth\":false,\"infinite\":false,\"slidesToShow\":1,\"slidesToScroll\":1}'>\r\n\r\n            \r\n            <a class=\"slide\" href=\"javascript:window.openPopUp(3299);\" >\r\n            <div class=\"slide__image-container\">\r\n                <img decoding=\"async\" class=\"slide-1 active\"\r\n                    src=\"https:\/\/hajoona.com\/wp-content\/uploads\/2023\/04\/20230404_hajoona-05-1-Reset-min-scaled.jpg\" srcset=\"https:\/\/hajoona.com\/wp-content\/uploads\/2023\/04\/20230404_hajoona-05-1-Reset-min-414x414.jpg 414w, https:\/\/hajoona.com\/wp-content\/uploads\/2023\/04\/20230404_hajoona-05-1-Reset-min-768x768.jpg 768w, https:\/\/hajoona.com\/wp-content\/uploads\/2023\/04\/20230404_hajoona-05-1-Reset-min-1024x1024.jpg 1024w, https:\/\/hajoona.com\/wp-content\/uploads\/2023\/04\/20230404_hajoona-05-1-Reset-min-1536x1536.jpg 1536w, https:\/\/hajoona.com\/wp-content\/uploads\/2023\/04\/20230404_hajoona-05-1-Reset-min-2048x2048.jpg 2048w\"\r\n                    alt=\"The quickest way to reset your body!\">\r\n\r\n                                <h2 class=\"slide__index\"\r\n                    >\r\n                    1<\/h2>\r\n                \r\n                                <div\r\n                    class=\"slide__button slide__button-- is-layout-flex wp-block-buttons is-content-justification-center\">\r\n                    <div class=\"wp-block-button\">\r\n                        <span class=\"wp-block-button__link wp-element-button\">Let&#8217;s start<\/span>\r\n                    <\/div>\r\n                <\/div>\r\n                \r\n            <\/div>\r\n\r\n                        <h3 class=\"slide__head\">Intestinal cleansing<\/h3>\r\n            \r\n                        <h4 class=\"slide__subhead\">Step 1<\/h4>\r\n            \r\n            <\/a>\r\n            <a class=\"slide\" href=\"javascript:window.openPopUp(3300);\" >\r\n            <div class=\"slide__image-container\">\r\n                <img decoding=\"async\" class=\"slide-2\"\r\n                    src=\"https:\/\/hajoona.com\/wp-content\/uploads\/2023\/04\/Basisische_Ernaehrung.jpg\" srcset=\"https:\/\/hajoona.com\/wp-content\/uploads\/2023\/04\/Basisische_Ernaehrung-414x288.jpg 414w, https:\/\/hajoona.com\/wp-content\/uploads\/2023\/04\/Basisische_Ernaehrung-768x533.jpg 768w, https:\/\/hajoona.com\/wp-content\/uploads\/2023\/04\/Basisische_Ernaehrung-1024x711.jpg 1024w, https:\/\/hajoona.com\/wp-content\/uploads\/2023\/04\/Basisische_Ernaehrung.jpg 1080w\"\r\n                    alt=\"Basisische_Ern\u00e4hrung hajoona\">\r\n\r\n                                <h2 class=\"slide__index\"\r\n                    >\r\n                    2<\/h2>\r\n                \r\n                                <div\r\n                    class=\"slide__button slide__button-- is-layout-flex wp-block-buttons is-content-justification-center\">\r\n                    <div class=\"wp-block-button\">\r\n                        <span class=\"wp-block-button__link wp-element-button\">Healthy eating<\/span>\r\n                    <\/div>\r\n                <\/div>\r\n                \r\n            <\/div>\r\n\r\n                        <h3 class=\"slide__head\">Alkaline diet<\/h3>\r\n            \r\n                        <h4 class=\"slide__subhead\">Step 2<\/h4>\r\n            \r\n            <\/a>\r\n            <a class=\"slide\" href=\"javascript:window.openPopUp(3301);\" >\r\n            <div class=\"slide__image-container\">\r\n                <img decoding=\"async\" class=\"slide-3\"\r\n                    src=\"https:\/\/hajoona.com\/wp-content\/uploads\/2023\/04\/20220405_hajoona-08-1-Ueberflug-heiko-test.jpg\" srcset=\"https:\/\/hajoona.com\/wp-content\/uploads\/2023\/04\/20220405_hajoona-08-1-Ueberflug-heiko-test-414x414.jpg 414w, https:\/\/hajoona.com\/wp-content\/uploads\/2023\/04\/20220405_hajoona-08-1-Ueberflug-heiko-test-768x768.jpg 768w, https:\/\/hajoona.com\/wp-content\/uploads\/2023\/04\/20220405_hajoona-08-1-Ueberflug-heiko-test-1024x1024.jpg 1024w, https:\/\/hajoona.com\/wp-content\/uploads\/2023\/04\/20220405_hajoona-08-1-Ueberflug-heiko-test-1536x1536.jpg 1536w, https:\/\/hajoona.com\/wp-content\/uploads\/2023\/04\/20220405_hajoona-08-1-Ueberflug-heiko-test-2048x2048.jpg 2048w\"\r\n                    alt=\"Erlebe pure Energie f\u00fcr ein besseres und sch\u00f6neres Leben\">\r\n\r\n                                <h2 class=\"slide__index\"\r\n                    >\r\n                    3<\/h2>\r\n                \r\n                                <div\r\n                    class=\"slide__button slide__button-- is-layout-flex wp-block-buttons is-content-justification-center\">\r\n                    <div class=\"wp-block-button\">\r\n                        <span class=\"wp-block-button__link wp-element-button\">Perfect together<\/span>\r\n                    <\/div>\r\n                <\/div>\r\n                \r\n            <\/div>\r\n\r\n                        <h3 class=\"slide__head\">Product range<\/h3>\r\n            \r\n                        <h4 class=\"slide__subhead\">Step 3<\/h4>\r\n            \r\n            <\/a>\r\n            <a class=\"slide\" href=\"javascript:window.openPopUp(3302);\" >\r\n            <div class=\"slide__image-container\">\r\n                <img decoding=\"async\" class=\"slide-4\"\r\n                    src=\"https:\/\/hajoona.com\/wp-content\/uploads\/2023\/03\/Perfect-large-size-e1680011211986.jpg\" srcset=\"https:\/\/hajoona.com\/wp-content\/uploads\/2023\/03\/Perfect-large-size-414x259.jpg 414w, https:\/\/hajoona.com\/wp-content\/uploads\/2023\/03\/Perfect-large-size-768x481.jpg 768w, https:\/\/hajoona.com\/wp-content\/uploads\/2023\/03\/Perfect-large-size-1024x641.jpg 1024w, https:\/\/hajoona.com\/wp-content\/uploads\/2023\/03\/Perfect-large-size-1536x961.jpg 1536w, https:\/\/hajoona.com\/wp-content\/uploads\/2023\/03\/Perfect-large-size.jpg 1964w\"\r\n                    alt=\"Fitness und Bewegung hajoona\">\r\n\r\n                                <h2 class=\"slide__index\"\r\n                    >\r\n                    4<\/h2>\r\n                \r\n                                <div\r\n                    class=\"slide__button slide__button-- is-layout-flex wp-block-buttons is-content-justification-center\">\r\n                    <div class=\"wp-block-button\">\r\n                        <span class=\"wp-block-button__link wp-element-button\">Let&#8217;s move<\/span>\r\n                    <\/div>\r\n                <\/div>\r\n                \r\n            <\/div>\r\n\r\n                        <h3 class=\"slide__head\">Sports<\/h3>\r\n            \r\n                        <h4 class=\"slide__subhead\">Step 4<\/h4>\r\n            \r\n            <\/a>\r\n        <\/div>\r\n    <\/div>\r\n<\/div>\r\n\r\n<span id=\"trigger-block-122d4e2c6efd2cb187fffb19f67475d069e148419facc\"><\/span>\r\n<script>\r\nif (typeof initCarouselBlock !== 'undefined') {\r\n    initCarouselBlock(document.querySelector(`#trigger-block-122d4e2c6efd2cb187fffb19f67475d069e148419facc`).parentNode);\r\n} else {\r\n    window.addEventListener('blockjs', () => {\r\n        initCarouselBlock(document.querySelector(`#trigger-block-122d4e2c6efd2cb187fffb19f67475d069e148419facc`).parentNode);\r\n    });\r\n}\r\n<\/script>\r\n\r\n<\/div>\n\n\n<figure class=\"wp-block-video alignfull\"><video height=\"480\" style=\"aspect-ratio: 854 \/ 480;\" width=\"854\" autoplay loop muted src=\"https:\/\/hajoona.com\/wp-content\/uploads\/2025\/03\/0306.mp4\" playsinline><\/video><\/figure>\n\n\n\r\n\r\n\r\n<div id=\"block-36083fbe1ec8d4904e34fa4a19aa5cbe69e14841a458c\" \r\n    class=\"wp-block-acf-responsive-image alignfull acf-block-component\"\r\n    style=\"margin-top:0;margin-bottom:0;\">\r\n<picture>\r\n\r\n    \r\n\r\n    \r\n    <!-- todo: crossbrowser check svg behaviour and refractor code -->\r\n\r\n    <source media=\"(min-width:800px)\"\r\n        type=\"image\/svg+xml\" width=\"100%\" srcset=\"https:\/\/hajoona.com\/wp-content\/uploads\/2023\/04\/1000x400_EN_Body-Restart.svg\"        alt=\" Our Body Restart programm can help you achieve your goals and connet you with minded people.\">\r\n\r\n\r\n\r\n    \r\n\r\n    \r\n\r\n    <img decoding=\"async\" src=\"https:\/\/hajoona.com\/wp-content\/uploads\/2023\/04\/600x200_EN_Body-Restart.svg\"\r\n        width=\"100%\"        alt=\"Our Body Restart programm can help you achieve your goals and connet you with minded people.\">\r\n<\/picture>\r\n\r\n<\/div>\n\n\n<div class=\"wp-block-media-text alignfull has-media-on-the-right is-stacked-on-mobile is-image-fill-element is-style-square has-prime-white-background-color has-background\" style=\"margin-top:0;margin-bottom:0\"><div class=\"wp-block-media-text__content\">\r\n\r\n\r\n<div id=\"block-a17ebaf4af79a437494d33378990f17569e14841a65b1\" \r\n    class=\"wp-block-acf-offset-text alignfull align acf-block-component\"\r\n    style=\"margin-top:var(--wp--preset--spacing--3);margin-bottom:var(--wp--preset--spacing--2);\">\r\n<span class=\"text\"\r\n    style=\"transform:translateX(+0.5em)\">Body<\/span>\r\n\r\n<\/div>\n\n\n<div class=\"wp-block-group is-style-5-cols has-global-padding is-layout-constrained wp-block-group-is-layout-constrained\">\n<p>The basic idea behind Body Restart is to use and combine the different components of the <strong>hajoona Complete box<\/strong> over a period of four weeks, allowing them the time necessary to unleash their maximum effects. In addition to concrete instructions on how to use the products, we also provide you with suitable recipes, \ufb01tness videos, and complementary explanations that will guide you and support you on your path to a healthier body and mind.<\/p>\n\n\n\n<p><br>You will be accompanied not only by our experts, but also by the 2,000+ members of our Body Restart community, who are either participating in the program with you or have already completed it \u2013 some of them more than once. Together you can encourage each other, share tips and experiences, and celebrate successes.<\/p>\n\n\n\n<p>Interested? Then get in touch with your hajoona partner or with us.<br><\/p>\n\n\n\n<div class=\"wp-block-buttons is-layout-flex wp-block-buttons-is-layout-flex\">\n<div class=\"wp-block-button\"><a class=\"wp-block-button__link wp-element-button\" href=\"https:\/\/hajoona.com\/en\/contakt\/\">Get in touch!<\/a><\/div>\n<\/div>\n\n\n\n<div style=\"height:50px\" aria-hidden=\"true\" class=\"wp-block-spacer\"><\/div>\n<\/div>\n\n\n\r\n\r\n\r\n<div id=\"block-2c1cb214afd9d679699d13d902e2d6b269e14841a6e9a\" \r\n    class=\"wp-block-acf-offset-text alignfull alignright acf-block-component\"\r\n    style=\"margin-bottom:var(--wp--preset--spacing--3);\">\r\n<span class=\"text\"\r\n    style=\"transform:translateX(-0.25em)\">Restart<\/span>\r\n\r\n<\/div><\/div><figure class=\"wp-block-media-text__media\"><img loading=\"lazy\" decoding=\"async\" width=\"7952\" height=\"5304\" src=\"https:\/\/hajoona.com\/wp-content\/uploads\/2025\/03\/AdobeStock_465567057.jpeg\" alt=\"Eine Frau und ein Mann stehen lachend nebeneinander an einer Betonwand. Beide tragen Sportkleidung. Die Frau hat eine schwarze Leggings und ein Sporttop an und h\u00e4lt eine Kork-Yogamatte sowie eine pinke Trinkflasche. Der Mann tr\u00e4gt eine schwarze Sporthose und ein schwarzes Shirt mit grauen \u00c4rmeln, h\u00e4lt eine schwarze Yogamatte und eine silberne Trinkflasche. Sonnenlicht wirft weiche Schatten auf die Wand.\" class=\"wp-image-5418 size-full\" style=\"object-position:69% 50%\" srcset=\"https:\/\/hajoona.com\/wp-content\/uploads\/2025\/03\/AdobeStock_465567057.jpeg 7952w, https:\/\/hajoona.com\/wp-content\/uploads\/2025\/03\/AdobeStock_465567057-768x512.jpeg 768w, https:\/\/hajoona.com\/wp-content\/uploads\/2025\/03\/AdobeStock_465567057-1024x683.jpeg 1024w, https:\/\/hajoona.com\/wp-content\/uploads\/2025\/03\/AdobeStock_465567057-414x276.jpeg 414w, https:\/\/hajoona.com\/wp-content\/uploads\/2025\/03\/AdobeStock_465567057-1536x1025.jpeg 1536w\" sizes=\"auto, (max-width: 7952px) 100vw, 7952px\" \/><\/figure><\/div>\n\n\n\n<div class=\"wp-block-media-text alignfull is-stacked-on-mobile is-image-fill-element is-style-square has-product-lavender-background-color has-background\" style=\"margin-top:0;margin-bottom:0\"><figure class=\"wp-block-media-text__media\"><img loading=\"lazy\" decoding=\"async\" width=\"2560\" height=\"1707\" src=\"https:\/\/hajoona.com\/wp-content\/uploads\/2025\/03\/AdobeStock_327383043-scaled.jpeg\" alt=\"Eine Gruppe von sechs Personen steht in einem hellen Raum mit gro\u00dfen Fenstern. Sie tragen sportliche Kleidung in Grau, Schwarz und Wei\u00df. Alle strecken ihre H\u00e4nde in die Mitte und ber\u00fchren sich gegenseitig, w\u00e4hrend sie lachen. Das Bild zeigt Freude, Teamgeist und Motivation.\" class=\"wp-image-5422 size-full\" style=\"object-position:50% 50%\" srcset=\"https:\/\/hajoona.com\/wp-content\/uploads\/2025\/03\/AdobeStock_327383043-scaled.jpeg 2560w, https:\/\/hajoona.com\/wp-content\/uploads\/2025\/03\/AdobeStock_327383043-768x512.jpeg 768w, https:\/\/hajoona.com\/wp-content\/uploads\/2025\/03\/AdobeStock_327383043-1024x683.jpeg 1024w, https:\/\/hajoona.com\/wp-content\/uploads\/2025\/03\/AdobeStock_327383043-414x276.jpeg 414w, https:\/\/hajoona.com\/wp-content\/uploads\/2025\/03\/AdobeStock_327383043-1536x1024.jpeg 1536w\" sizes=\"auto, (max-width: 2560px) 100vw, 2560px\" \/><\/figure><div class=\"wp-block-media-text__content\">\n<div class=\"wp-block-group is-style-5-cols has-global-padding is-layout-constrained wp-block-group-is-layout-constrained\" style=\"margin-top:var(--wp--preset--spacing--4);margin-bottom:var(--wp--preset--spacing--4)\">\n<h2 class=\"wp-block-heading has-prime-black-color has-text-color\" style=\"font-size:clamp(27.42px, 1.714rem + ((1vw - 3.2px) * 1.748), 47px);\">Better together!<\/h2>\n\n\n\n<p>Make an appointment with friends, neighbors and colleagues for a hajoona Body Restart party to start an effective and sustainable weight loss program together. Of course, everyone pursues individual goals, but exchanging experiences with Body Restart tips, recipes, and exercises is fun and motivates you to stay the course. A hajoona Body Restart mentor supports you. Just fill out the contact form and off you go!<\/p>\n\n\n\n<div class=\"wp-block-buttons is-layout-flex wp-block-buttons-is-layout-flex\" style=\"margin-top:var(--wp--preset--spacing--3);margin-bottom:var(--wp--preset--spacing--3)\">\n<div class=\"wp-block-button\"><a class=\"wp-block-button__link wp-element-button\" href=\"https:\/\/hajoona.com\/en\/contakt\/\">Get in touch!<\/a><\/div>\n<\/div>\n<\/div>\n<\/div><\/div>\n\n\n\n<div class=\"wp-block-group alignfull has-product-apricot-background-color has-background has-global-padding is-layout-constrained wp-block-group-is-layout-constrained\" style=\"margin-top:0;margin-bottom:0\">\n<div style=\"height:50px\" aria-hidden=\"true\" class=\"wp-block-spacer\"><\/div>\n\n\n\n<h2 class=\"wp-block-heading\" style=\"font-size:clamp(34.313px, 2.145rem + ((1vw - 3.2px) * 2.472), 62px);\">Stay in the know.<\/h2>\n\n\n\n<p>Subscribe to our newsletter to get all the information about products and promotions at first hand.<\/p>\n\n\n\n<div class=\"wp-block-buttons is-layout-flex wp-block-buttons-is-layout-flex\">\n<div class=\"wp-block-button\"><a class=\"wp-block-button__link wp-element-button\" href=\"https:\/\/hajoona.com\/en\/newsletter\/\">Sign me up!<\/a><\/div>\n<\/div>\n\n\n\n<div style=\"height:50px\" aria-hidden=\"true\" class=\"wp-block-spacer\"><\/div>\n<\/div>\n","protected":false},"excerpt":{"rendered":"Body Restart cure:Start to shine now! Boost the effect of our products with the comprehensive Body Restart health program and become a member of our unique community. hajoona makes it possible for you to lead a healthy and ful\ufb01lling life even in our hectic, modern world. We\u2019ve developed an especially simple and yet highly effective&#8230;","protected":false},"author":8,"featured_media":4164,"parent":0,"menu_order":0,"comment_status":"closed","ping_status":"closed","template":"","meta":{"_acf_changed":false,"inline_featured_image":false,"footnotes":""},"class_list":["post-3308","page","type-page","status-publish","has-post-thumbnail","hentry"],"acf":[],"_links":{"self":[{"href":"https:\/\/hajoona.com\/en\/wp-json\/wp\/v2\/pages\/3308","targetHints":{"allow":["GET"]}}],"collection":[{"href":"https:\/\/hajoona.com\/en\/wp-json\/wp\/v2\/pages"}],"about":[{"href":"https:\/\/hajoona.com\/en\/wp-json\/wp\/v2\/types\/page"}],"author":[{"embeddable":true,"href":"https:\/\/hajoona.com\/en\/wp-json\/wp\/v2\/users\/8"}],"replies":[{"embeddable":true,"href":"https:\/\/hajoona.com\/en\/wp-json\/wp\/v2\/comments?post=3308"}],"version-history":[{"count":29,"href":"https:\/\/hajoona.com\/en\/wp-json\/wp\/v2\/pages\/3308\/revisions"}],"predecessor-version":[{"id":6485,"href":"https:\/\/hajoona.com\/en\/wp-json\/wp\/v2\/pages\/3308\/revisions\/6485"}],"wp:featuredmedia":[{"embeddable":true,"href":"https:\/\/hajoona.com\/en\/wp-json\/wp\/v2\/media\/4164"}],"wp:attachment":[{"href":"https:\/\/hajoona.com\/en\/wp-json\/wp\/v2\/media?parent=3308"}],"curies":[{"name":"wp","href":"https:\/\/api.w.org\/{rel}","templated":true}]}}