{"id":7362,"date":"2023-03-22T20:17:39","date_gmt":"2023-03-22T19:17:39","guid":{"rendered":"https:\/\/hajoona.com\/?page_id=7362"},"modified":"2026-02-02T11:21:13","modified_gmt":"2026-02-02T10:21:13","slug":"agbs-cz","status":"publish","type":"page","link":"https:\/\/hajoona.com\/cs\/agbs-cz\/","title":{"rendered":"AGBs CZ"},"content":{"rendered":"\n<h2 class=\"wp-block-heading\">Obchodn\u00ed podm\u00ednky<\/h2>\n\n\n\n<div style=\"height:32px\" aria-hidden=\"true\" class=\"wp-block-spacer\"><\/div>\n\n\n\n<h4 class=\"wp-block-heading\">Obchodn\u00ed podm\u00ednky hajoona GmbH &#8211; CZ<\/h4>\n\n\n\n<div class=\"wp-block-buttons is-layout-flex wp-block-buttons-is-layout-flex\">\n<div class=\"wp-block-button\"><a class=\"wp-block-button__link wp-element-button\" href=\"https:\/\/drive.google.com\/file\/d\/1KefWfw9iPQeNhAbaRYOLnilUVQq6QKnx\/view?usp=drive_link\">OP &#8211; CZ<\/a><\/div>\n<\/div>\n\n\n\n<div style=\"height:32px\" aria-hidden=\"true\" class=\"wp-block-spacer\"><\/div>\n\n\n\n<h4 class=\"wp-block-heading\">Obchodn\u00ed podm\u00ednky hajoona GmbH &#8211; DE<\/h4>\n\n\n\n<div class=\"wp-block-buttons is-layout-flex wp-block-buttons-is-layout-flex\">\n<div class=\"wp-block-button\"><a class=\"wp-block-button__link wp-element-button\" href=\"https:\/\/drive.google.com\/file\/d\/1MQevEQG3zrC9W2Y2Qg_ECrIudR0FWhEM\/view?usp=drive_link\">OP &#8211; DE<\/a><\/div>\n<\/div>\n\n\n\n<div style=\"height:32px\" aria-hidden=\"true\" class=\"wp-block-spacer\"><\/div>\n\n\n\n<h4 class=\"wp-block-heading\">Obchodn\u00ed podm\u00ednky hajoona GmbH &#8211; AUT<\/h4>\n\n\n\n<div class=\"wp-block-buttons is-layout-flex wp-block-buttons-is-layout-flex\">\n<div class=\"wp-block-button\"><a class=\"wp-block-button__link wp-element-button\" href=\"https:\/\/drive.google.com\/file\/d\/1MQevEQG3zrC9W2Y2Qg_ECrIudR0FWhEM\/view?usp=drive_link\">OP &#8211; AUT<\/a><\/div>\n<\/div>\n\n\n\n<div style=\"height:32px\" aria-hidden=\"true\" class=\"wp-block-spacer\"><\/div>\n\n\n\n<h4 class=\"wp-block-heading\">Obchodn\u00ed podm\u00ednky hajoona GmbH &#8211; CH<\/h4>\n\n\n\n<div class=\"wp-block-buttons is-layout-flex wp-block-buttons-is-layout-flex\">\n<div class=\"wp-block-button\"><a class=\"wp-block-button__link wp-element-button\" href=\"https:\/\/drive.google.com\/file\/d\/1994_Pqdx9PihPTsFYAuHJvHErEsixhS_\/view?usp=drive_link\">OP &#8211; CH<\/a><\/div>\n<\/div>\n\n\n\n<div style=\"height:32px\" aria-hidden=\"true\" class=\"wp-block-spacer\"><\/div>\n\n\n\n<h4 class=\"wp-block-heading\">Obchodn\u00ed podm\u00ednky hajoona GmbH &#8211; ENG<\/h4>\n\n\n\n<div class=\"wp-block-buttons is-layout-flex wp-block-buttons-is-layout-flex\">\n<div class=\"wp-block-button\"><a class=\"wp-block-button__link wp-element-button\" href=\"https:\/\/drive.google.com\/file\/d\/1DV56UvlZvA6JRBeHpiESsTfcR7DovWds\/view?usp=drive_link\">OP &#8211; ENG<\/a><\/div>\n<\/div>\n\n\n\n<div style=\"height:32px\" aria-hidden=\"true\" class=\"wp-block-spacer\"><\/div>\n\n\n\n<h4 class=\"wp-block-heading\">Obchodn\u00ed podm\u00ednky hajoona GmbH &#8211; FR<\/h4>\n\n\n\n<div class=\"wp-block-buttons is-layout-flex wp-block-buttons-is-layout-flex\">\n<div class=\"wp-block-button\"><a class=\"wp-block-button__link wp-element-button\" href=\"https:\/\/drive.google.com\/file\/d\/1BA6B7odgujIy6BK7GTOEX1ocIRC1cTKl\/view?usp=drive_link\">OP &#8211; FR<\/a><\/div>\n<\/div>\n\n\n\n<div style=\"height:32px\" aria-hidden=\"true\" class=\"wp-block-spacer\"><\/div>\n\n\n\n<h4 class=\"wp-block-heading\">Obchodn\u00ed podm\u00ednky hajoona GmbH &#8211; PL<\/h4>\n\n\n\n<div class=\"wp-block-buttons is-layout-flex wp-block-buttons-is-layout-flex\">\n<div class=\"wp-block-button\"><a class=\"wp-block-button__link wp-element-button\" href=\"https:\/\/drive.google.com\/file\/d\/195nA6DlFzbD8RX5cXozVml8k_sx_KOqi\/view?usp=drive_link\">AGB<\/a><\/div>\n<\/div>\n\n\n\n<div style=\"height:32px\" aria-hidden=\"true\" class=\"wp-block-spacer\"><\/div>\n\n\n\n<h4 class=\"wp-block-heading\">Obchodn\u00ed podm\u00ednky hajoona GmbH &#8211; ES<\/h4>\n\n\n\n<div class=\"wp-block-buttons is-layout-flex wp-block-buttons-is-layout-flex\">\n<div class=\"wp-block-button\"><a class=\"wp-block-button__link wp-element-button\" href=\"https:\/\/drive.google.com\/file\/d\/1MO8p_UTxqumLlQI2ni9IuBzy4KExAVL6\/view?usp=drive_link\">AGB<\/a><\/div>\n<\/div>\n\n\n\n<p><br><\/p>\n\n\n\n<p><\/p>\n","protected":false},"excerpt":{"rendered":"Obchodn\u00ed podm\u00ednky Obchodn\u00ed podm\u00ednky hajoona GmbH &#8211; CZ Obchodn\u00ed podm\u00ednky hajoona GmbH &#8211; DE Obchodn\u00ed podm\u00ednky hajoona GmbH &#8211; AUT Obchodn\u00ed podm\u00ednky hajoona GmbH &#8211; CH Obchodn\u00ed podm\u00ednky hajoona GmbH &#8211; ENG Obchodn\u00ed podm\u00ednky hajoona GmbH &#8211; FR Obchodn\u00ed podm\u00ednky hajoona GmbH &#8211; PL Obchodn\u00ed podm\u00ednky hajoona GmbH &#8211; ES","protected":false},"author":6,"featured_media":0,"parent":0,"menu_order":0,"comment_status":"closed","ping_status":"closed","template":"","meta":{"_acf_changed":false,"inline_featured_image":false,"footnotes":""},"class_list":["post-7362","page","type-page","status-publish","hentry"],"acf":[],"_links":{"self":[{"href":"https:\/\/hajoona.com\/cs\/wp-json\/wp\/v2\/pages\/7362","targetHints":{"allow":["GET"]}}],"collection":[{"href":"https:\/\/hajoona.com\/cs\/wp-json\/wp\/v2\/pages"}],"about":[{"href":"https:\/\/hajoona.com\/cs\/wp-json\/wp\/v2\/types\/page"}],"author":[{"embeddable":true,"href":"https:\/\/hajoona.com\/cs\/wp-json\/wp\/v2\/users\/6"}],"replies":[{"embeddable":true,"href":"https:\/\/hajoona.com\/cs\/wp-json\/wp\/v2\/comments?post=7362"}],"version-history":[{"count":1,"href":"https:\/\/hajoona.com\/cs\/wp-json\/wp\/v2\/pages\/7362\/revisions"}],"predecessor-version":[{"id":7363,"href":"https:\/\/hajoona.com\/cs\/wp-json\/wp\/v2\/pages\/7362\/revisions\/7363"}],"wp:attachment":[{"href":"https:\/\/hajoona.com\/cs\/wp-json\/wp\/v2\/media?parent=7362"}],"curies":[{"name":"wp","href":"https:\/\/api.w.org\/{rel}","templated":true}]}}