{"id":7202,"date":"2025-12-04T16:06:58","date_gmt":"2025-12-04T15:06:58","guid":{"rendered":"https:\/\/hajoona.com\/?page_id=7202"},"modified":"2025-12-05T13:52:07","modified_gmt":"2025-12-05T12:52:07","slug":"charity","status":"publish","type":"page","link":"https:\/\/hajoona.com\/cs\/charity\/","title":{"rendered":"Charity"},"content":{"rendered":"\r\n\r\n\r\n\r\n<div id=\"block-22d506d7c9dd665d540fe405e452b21569d7b199c7e48\" \r\n    class=\"wp-block-acf-hero-slider alignfull acf-block-component\"\r\n    style=\"margin-top:0;margin-bottom:0;\">\r\n\r\n<div class=\"hero-slider-block__media\">\r\n\r\n    <img decoding=\"async\" class=\"slide-1 active\"\r\n        src=\"https:\/\/hajoona.com\/wp-content\/uploads\/2025\/12\/\u00a9steps-for-children-scaled.jpg\" srcset=\"https:\/\/hajoona.com\/wp-content\/uploads\/2025\/12\/\u00a9steps-for-children-414x276.jpg 414w, https:\/\/hajoona.com\/wp-content\/uploads\/2025\/12\/\u00a9steps-for-children-768x512.jpg 768w, https:\/\/hajoona.com\/wp-content\/uploads\/2025\/12\/\u00a9steps-for-children-1024x683.jpg 1024w, https:\/\/hajoona.com\/wp-content\/uploads\/2025\/12\/\u00a9steps-for-children-1536x1024.jpg 1536w, https:\/\/hajoona.com\/wp-content\/uploads\/2025\/12\/\u00a9steps-for-children-2048x1365.jpg 2048w\"\r\n        alt=\"Gruppe lachender Kinder spielt vor einem orangefarbenen Container mit der Aufschrift \u201esteps for children\u201c \u2013 Symbol f\u00fcr Bildung, Gemeinschaft und Hoffnung.\">\r\n<\/div>\r\n<div class=\"hero-slider-block__content has-prime-off-white-background-color\">\r\n\r\n    <div class=\"hero-slider-block__bg\"><\/div>\r\n\r\n    <div\r\n        class=\"hero-slider-block__content-inner has-global-padding is-layout-constrained wp-block-group is-style-5-cols\">\r\n\r\n        <div class=\"content-inner__slide-container\">\r\n\r\n                        <span data-bg-color=\"prime-off-white\"\r\n                class=\"content-inner__slide is-layout-constrained slide-1 active has-prime-off-white-background-color  active\">\r\n\r\n                                <h2 class=\"slide__head\">P\u0159iv\u00edtejte z\u00edt\u0159ek<\/h2>\r\n                \r\n                                <h4 class=\"slide__subhead\">hajoona &#038; steps for children<br>D\u00edky na\u0161emu charitativn\u00edmu konceptu p\u0159isp\u00edv\u00e1me k vytv\u00e1\u0159en\u00ed budoucnosti, ve kter\u00e9 m\u016f\u017ee ka\u017ed\u00e9 d\u00edt\u011b n\u00e1sledovat sv\u00e9 sny. Pro lep\u0161\u00ed z\u00edt\u0159ky.<\/h4>\r\n                \r\n                \r\n            <\/span>\r\n\r\n\r\n        <\/div>\r\n\r\n    <\/div>\r\n\r\n    <div class=\"hero-slider-block__index has-copy-s-font-size\">\r\n        <ul>\r\n            \r\n            <!-- <li><a><span class=\"index\">1<\/span><span class=\"line\"><\/span><\/a><\/li>\r\n            <li class=\"active\"><a><span class=\"index\">1<\/span><span class=\"line\"><\/span><\/a><\/li>\r\n            <li><a><span class=\"index\">1<\/span><span class=\"line\"><\/span><\/a><\/li> -->\r\n        <\/ul>\r\n    <\/div>\r\n\r\n<\/div>\r\n\r\n\r\n<span id=\"trigger-block-22d506d7c9dd665d540fe405e452b21569d7b199c7e48\"><\/span>\r\n<script>\r\nif (typeof initHeroSliderBlock !== 'undefined') {\r\n    initHeroSliderBlock(document.querySelector(`#trigger-block-22d506d7c9dd665d540fe405e452b21569d7b199c7e48`).parentNode);\r\n} else {\r\n    window.addEventListener('blockjs', () => {\r\n        initHeroSliderBlock(document.querySelector(`#trigger-block-22d506d7c9dd665d540fe405e452b21569d7b199c7e48`).parentNode);\r\n    });\r\n}\r\n<\/script>\r\n\r\n<\/div>\n\n\n<div class=\"wp-block-group alignfull has-prime-white-background-color has-background has-global-padding is-layout-constrained wp-block-group-is-layout-constrained\" style=\"margin-top:0;margin-bottom:0\">\n<div class=\"wp-block-columns alignwide align-items-baseline is-layout-flex wp-container-core-columns-is-layout-0a5968a2 wp-block-columns-is-layout-flex\" style=\"margin-top:var(--wp--preset--spacing--5);margin-bottom:var(--wp--preset--spacing--5)\">\n<div class=\"wp-block-column is-layout-flow wp-block-column-is-layout-flow\" style=\"flex-basis:40%\">\n<h2 class=\"wp-block-heading\" style=\"font-size:clamp(27.42px, 1.714rem + ((1vw - 3.2px) * 1.748), 47px);\">V\u00edce obj\u00edm\u00e1n\u00ed.<\/h2>\n\n\n\n<p style=\"padding-top:0;padding-right:0%;padding-bottom:0;padding-left:0%\"><strong>Spole\u010dn\u011b n\u00e9st odpov\u011bdnost. Posilovat budoucnost.<\/strong><br>Jako spole\u010dnost p\u0159eb\u00edr\u00e1me odpov\u011bdnost \u2013 a v\u011bdom\u011b posilujeme ty, kte\u0159\u00ed pot\u0159ebuj\u00ed podporu, aby mohli v\u00e9st dobr\u00fd a samostatn\u00fd \u017eivot. D\u00edky na\u0161emu soci\u00e1ln\u00edmu anga\u017em\u00e1 a s\u00edle komunity hajoona vytv\u00e1\u0159\u00edme z\u00e1klady pro lep\u0161\u00ed budoucnost d\u011bt\u00ed, kter\u00e9 jsou z\u00e1visl\u00e9 na pomoci. <strong>V\u011b\u0159\u00edme, \u017ee ka\u017ed\u00e9 d\u00edt\u011b m\u00e1 pr\u00e1vo na l\u00e1sku, p\u00e9\u010di a p\u0159\u00edle\u017eitosti.<\/strong><\/p>\n\n\n\n<p>Na\u0161e vize: komunita, kter\u00e1 \u2013 spole\u010dn\u011b s na\u0161\u00edm partnerem<strong> steps for children \u2013 umo\u017e\u0148uje nad\u011bji, povzbuzen\u00ed a skute\u010dn\u00e9 p\u0159\u00edle\u017eitosti k rozvoji.<\/strong><\/p>\n<\/div>\n\n\n\n<div class=\"wp-block-column is-vertically-aligned-center is-style-4-cols-content is-layout-flow wp-block-column-is-layout-flow\">\n<p class=\"has-copy-l-font-size\"><strong><strong>Pro budoucnost plnou p\u0159\u00edle\u017eitost\u00ed<\/strong><\/strong><\/p>\n\n\n\n<p><strong>O organizaci steps for children:<\/strong><br>Nadace p\u016fsob\u00ed v<strong> Namibii a Zimbabwe<\/strong> a <strong>dlouhodob\u011b <\/strong>se zasazuje o lep\u0161\u00ed perspektivy pro d\u011bti, ml\u00e1de\u017e a rodiny posti\u017een\u00e9 chudobou a vylou\u010den\u00edm. Programy jsou zalo\u017eeny na <strong>komplexn\u00edch vzd\u011bl\u00e1vac\u00edch nab\u00eddk\u00e1ch<\/strong> \u2013 od ran\u00e9 podpory a\u017e po dokon\u010den\u00ed \u0161koln\u00ed doch\u00e1zky. Zvl\u00e1\u0161tn\u00edm prvkem je program <strong>\u201eOchrann\u00fd and\u011bl\u201c<\/strong>, kter\u00fd doprov\u00e1z\u00ed d\u011bti a\u017e do <strong>12. t\u0159\u00eddy<\/strong> a otev\u00edr\u00e1 jim tak dve\u0159e k vzd\u011bl\u00e1n\u00ed a povol\u00e1n\u00ed.<\/p>\n<\/div>\n<\/div>\n<\/div>\n\n\n\n<div class=\"wp-block-media-text alignfull has-media-on-the-right is-stacked-on-mobile is-image-fill-element is-style-square has-product-white-background-color has-background\" style=\"margin-top:0;margin-bottom:0\"><div class=\"wp-block-media-text__content\">\r\n\r\n\r\n<div id=\"block-351775fbc9f373cc0bc11e5e205a74d569d7b199cd1a3\" \r\n    class=\"wp-block-acf-offset-text alignfull align acf-block-component\"\r\n    style=\"margin-top:var(--wp--preset--spacing--3);margin-bottom:var(--wp--preset--spacing--1);\">\r\n<span class=\"text\"\r\n    style=\"transform:translateX(-0.2em)\">Why we<\/span>\r\n\r\n<\/div>\n\n\n<div class=\"wp-block-group is-style-5-cols has-global-padding is-layout-constrained wp-block-group-is-layout-constrained\">\n<p><strong>Zdrav\u00ed. Svoboda. R\u016fst. Spole\u010dn\u011b tvo\u0159\u00edme budoucnost.<\/strong><br>V Namibii znamen\u00e1 vzd\u011bl\u00e1n\u00ed perspektivu. Proto investujeme do v\u010dasn\u00e9 podpory, chr\u00e1n\u011bn\u00e9ho vzd\u011bl\u00e1vac\u00edho prost\u0159ed\u00ed a pr\u016fb\u011b\u017en\u00e9ho doprov\u00e1zen\u00ed a\u017e do 12. t\u0159\u00eddy \u2013 pro stabiln\u00ed rozvoj a skute\u010dn\u00e9 p\u0159\u00edle\u017eitosti.<\/p>\n\n\n\n<p><strong>V\u010dasn\u00fd start, skute\u010dn\u00fd pokrok: <\/strong>od mate\u0159sk\u00e9 \u0161koly a\u017e po 12. t\u0159\u00eddu (Program Ochrann\u00fd and\u011bl)<br><strong>Bezpe\u010dn\u00e9 prostory, siln\u00e1 podpora: <\/strong>l\u00e1skypln\u00e1 p\u00e9\u010de, zdrav\u00e9 j\u00eddlo, siln\u00e1 komunita<br><strong>Trval\u00fd dopad: <\/strong>trval\u00e1 a kvalitn\u00ed podpora nam\u00edsto jednor\u00e1zov\u00fdch dar\u016f<\/p>\n<\/div>\n\n\n\r\n\r\n\r\n<div id=\"block-9345464691d2f4a0e5fa784b9c15ba3f69d7b199cd950\" \r\n    class=\"wp-block-acf-offset-text alignfull alignright acf-block-component\"\r\n    style=\"margin-bottom:var(--wp--preset--spacing--3);\">\r\n<span class=\"text\"\r\n    style=\"transform:translateX(-0.2em)\">care<\/span>\r\n\r\n<\/div><\/div><figure class=\"wp-block-media-text__media\"><img loading=\"lazy\" decoding=\"async\" width=\"1080\" height=\"1080\" src=\"https:\/\/staging.hajoona.in\/wp-content\/uploads\/2023\/09\/steps-for-children-charity.jpg\" alt=\"Zwei Kinder mit dunkler Hautfarbe l\u00e4cheln fr\u00f6hlich in die Kamera. Das M\u00e4dchen im Vordergrund tr\u00e4gt eine hellblaue Jacke und hat geflochtene Haare. Der Junge hinter ihr, und lehnt sich leicht zu ihr hin. Beide l\u00e4cheln.\" class=\"wp-image-4007 size-full\" style=\"object-position:52% 50%\" srcset=\"https:\/\/hajoona.com\/wp-content\/uploads\/2023\/09\/steps-for-children-charity.jpg 1080w, https:\/\/hajoona.com\/wp-content\/uploads\/2023\/09\/steps-for-children-charity-768x768.jpg 768w, https:\/\/hajoona.com\/wp-content\/uploads\/2023\/09\/steps-for-children-charity-1024x1024.jpg 1024w, https:\/\/hajoona.com\/wp-content\/uploads\/2023\/09\/steps-for-children-charity-414x414.jpg 414w\" sizes=\"auto, (max-width: 1080px) 100vw, 1080px\" \/><\/figure><\/div>\n\n\n\n<div class=\"wp-block-group alignfull has-prime-white-background-color has-background has-global-padding is-layout-constrained wp-block-group-is-layout-constrained\" style=\"margin-top:0;margin-bottom:0\">\n<div class=\"wp-block-columns alignwide align-items-baseline is-layout-flex wp-container-core-columns-is-layout-0a5968a2 wp-block-columns-is-layout-flex\" style=\"margin-top:var(--wp--preset--spacing--5);margin-bottom:var(--wp--preset--spacing--5)\">\n<div class=\"wp-block-column is-layout-flow wp-block-column-is-layout-flow\" style=\"flex-basis:40%\">\n<figure class=\"wp-block-embed alignwide is-type-video is-provider-youtube wp-block-embed-youtube wp-embed-aspect-16-9 wp-has-aspect-ratio\"><div class=\"wp-block-embed__wrapper\">\n <div class=\"brlbs-cmpnt-container brlbs-cmpnt-content-blocker brlbs-cmpnt-with-individual-styles\" data-borlabs-cookie-content-blocker-id=\"youtube-content-blocker\" data-borlabs-cookie-content=\"PGlmcmFtZSB0aXRsZT0ic3RlcHMgZm9yIGNoaWxkcmVuIFRlYW1wYXJ0bmVyIiB3aWR0aD0iNTAwIiBoZWlnaHQ9IjI4MSIgc3JjPSJodHRwczovL3d3dy55b3V0dWJlLW5vY29va2llLmNvbS9lbWJlZC84TU5YVzhZLURFUT9mZWF0dXJlPW9lbWJlZCIgZnJhbWVib3JkZXI9IjAiIGFsbG93PSJhY2NlbGVyb21ldGVyOyBhdXRvcGxheTsgY2xpcGJvYXJkLXdyaXRlOyBlbmNyeXB0ZWQtbWVkaWE7IGd5cm9zY29wZTsgcGljdHVyZS1pbi1waWN0dXJlOyB3ZWItc2hhcmUiIHJlZmVycmVycG9saWN5PSJzdHJpY3Qtb3JpZ2luLXdoZW4tY3Jvc3Mtb3JpZ2luIiBhbGxvd2Z1bGxzY3JlZW4+PC9pZnJhbWU+\"><div class=\"brlbs-cmpnt-cb-preset-c brlbs-cmpnt-cb-youtube\"> <div class=\"brlbs-cmpnt-cb-thumbnail\" style=\"background-image: url('https:\/\/hajoona.com\/wp-content\/uploads\/borlabs-cookie\/1\/yt_8MNXW8Y-DEQ_hqdefault.jpg')\"><\/div> <div class=\"brlbs-cmpnt-cb-main\"> <div class=\"brlbs-cmpnt-cb-play-button\"><\/div> <div class=\"brlbs-cmpnt-cb-content\"> <p class=\"brlbs-cmpnt-cb-description\">You are currently viewing a placeholder content from <strong>YouTube<\/strong>. To access the actual content, click the button below. Please note that doing so will share data with third-party providers.<\/p> <a class=\"brlbs-cmpnt-cb-provider-toggle\" href=\"#\" data-borlabs-cookie-show-provider-information role=\"button\">More Information<\/a> <\/div> <div class=\"brlbs-cmpnt-cb-buttons\"> <a class=\"brlbs-cmpnt-cb-btn\" href=\"#\" data-borlabs-cookie-unblock role=\"button\">Unblock content<\/a> <a class=\"brlbs-cmpnt-cb-btn\" href=\"#\" data-borlabs-cookie-accept-service role=\"button\" style=\"display: none\">Accept required service and unblock content<\/a> <\/div> <\/div> <\/div><\/div>\n<\/div><\/figure>\n<\/div>\n\n\n\n<div class=\"wp-block-column is-vertically-aligned-center is-style-4-cols-content is-layout-flow wp-block-column-is-layout-flow\">\n<h2 class=\"wp-block-heading\" style=\"font-size:clamp(27.42px, 1.714rem + ((1vw - 3.2px) * 1.748), 47px);\"><strong>Na m\u00edst\u011b. \u00dapln\u011b nabl\u00edzku.<\/strong><\/h2>\n\n\n\n<p style=\"padding-top:0;padding-right:0%;padding-bottom:0;padding-left:0%\">Tato cesta n\u00e1m uk\u00e1zala, jak\u00e1 bude budoucnost. Spole\u010dn\u011b s na\u0161imi partnery z t\u00fdmu jsme za\u017eili \u00fa\u017easn\u00e9 m\u00edsto pro d\u011bti: bezpe\u010dn\u00e9, pln\u00e9 \u00facty a mo\u017enost\u00ed. Sm\u00e1li jsme se, u\u010dili se, dr\u017eeli se za ruce, odpov\u00eddali na ot\u00e1zky. U\u010ditel\u00e9 a vychovatel\u00e9, kte\u0159\u00ed jsou tu s l\u00e1skou a trp\u011blivost\u00ed. D\u011bti, kter\u00e9 hrd\u011b \u010dtou sv\u00e9 prvn\u00ed slovo, ut\u00edraj\u00ed tabuli, pom\u00e1haj\u00ed si navz\u00e1jem. Setk\u00e1n\u00ed, kter\u00e1 spojuj\u00ed a d\u00e1vaj\u00ed poc\u00edtit: <strong>Vzd\u011bl\u00e1n\u00ed vytv\u00e1\u0159\u00ed svobodu.<\/strong><\/p>\n<\/div>\n<\/div>\n<\/div>\n\n\n\n<div style=\"height:20px\" aria-hidden=\"true\" class=\"wp-block-spacer\"><\/div>\n\n\n\n<h2 class=\"wp-block-heading alignwide\"><strong>Takto p\u016fsob\u00ed tv\u016fj p\u0159\u00edsp\u011bvek<\/strong><\/h2>\n\n\n\n<h3 class=\"wp-block-heading alignwide\" style=\"font-size:clamp(22.041px, 1.378rem + ((1vw - 3.2px) * 1.246), 36px);\"><strong>Jednoduch\u00e9. Efektivn\u00ed. Transparentn\u00ed.<\/strong><\/h3>\n\n\n\n<h4 class=\"wp-block-heading alignwide\" style=\"font-size:clamp(14.082px, 0.88rem + ((1vw - 3.2px) * 0.618), 21px);\"><strong>Mal\u00e9 kroky. Velk\u00e1 zm\u011bna.<\/strong><\/h4>\n\n\n\r\n<style>\r\ndiv#block-aefa01531573daacd1fea83ea829ec9c69d7b199ce478 .slide {\r\n    width: 36rem !important;\r\n}\r\n\r\ndiv#block-aefa01531573daacd1fea83ea829ec9c69d7b199ce478 .slide__image-container {\r\n    aspect-ratio: 1\/1.25;\r\n    font-size: 8rem;\r\n}\r\n\r\ndiv#block-aefa01531573daacd1fea83ea829ec9c69d7b199ce478 .slide__image-container img {\r\n    object-fit: contain;\r\n    object-position: left bottom;\r\n}\r\n<\/style>\r\n\r\n\r\n\r\n<div id=\"block-aefa01531573daacd1fea83ea829ec9c69d7b199ce478\" \r\n    class=\"wp-block-acf-carousel has-prime-black-color has-text-color acf-block-component\"\r\n    style=\"margin-bottom:var(--wp--preset--spacing--5);\">\r\n<div class=\"carousel-container has-global-padding is-layout-constrained\"\r\n    style=\"\">\r\n    <button class=\"carousel-control carousel-control--prev no-button-styling prev-cursor\"><\/button>\r\n    <button class=\"carousel-control carousel-control--next no-button-styling next-cursor\"><\/button>\r\n\r\n    <div class=\"carousel-pos  alignwide\">\r\n        <div class=\"carousel\" data-slick='{\"mobileFirst\":true,\"variableWidth\":false,\"infinite\":false,\"slidesToShow\":1,\"slidesToScroll\":1}'>\r\n\r\n            \r\n            <a class=\"slide\" href=\"javascript:void(0);\">\r\n            <div class=\"slide__image-container\">\r\n                <img decoding=\"async\" class=\"slide-1 active\"\r\n                    src=\"https:\/\/hajoona.com\/wp-content\/uploads\/2025\/12\/\u00a9steps-for-children-e1764939042323.png\" srcset=\"https:\/\/hajoona.com\/wp-content\/uploads\/2025\/12\/\u00a9steps-for-children-e1764939042323.png 817w, https:\/\/hajoona.com\/wp-content\/uploads\/2025\/12\/\u00a9steps-for-children-e1764939042323-682x768.png 682w, https:\/\/hajoona.com\/wp-content\/uploads\/2025\/12\/\u00a9steps-for-children-e1764939042323-368x414.png 368w, https:\/\/hajoona.com\/wp-content\/uploads\/2025\/12\/\u00a9steps-for-children-e1764939042323-768x865.png 768w\"\r\n                    alt=\"Kinder sitzen gemeinsam an einem Tisch, malen und basteln, w\u00e4hrend eine Betreuerin sie begleitet \u2013 Symbol f\u00fcr Bildung, Kreativit\u00e4t und F\u00f6rderung im steps-for-children-Projekt.\">\r\n\r\n                \r\n                \r\n            <\/div>\r\n\r\n                        <h3 class=\"slide__head\">P\u0159ihl\u00e1sit se \u2192 Podpora<\/h3>\r\n            \r\n                        <h4 class=\"slide__subhead\">S ka\u017ed\u00fdm nov\u011b uzav\u0159en\u00fdm p\u0159edplatn\u00fdm putuje 1 \u20ac do fondu podpory.<br \/>\r\nStru\u010dn\u011b \u0159e\u010deno: nov\u00e9 p\u0159edplatn\u00e9 (12 m\u011bs\u00edc\u016f, 2 produkty) ve va\u0161\u00ed downline = 1 \u20ac pro program Schutzengel (And\u011bl str\u00e1\u017en\u00fd) organizace steps for children. Spole\u010dn\u011b tak umo\u017e\u0148ujeme \u00fasp\u011b\u0161n\u00e9 \u0161koln\u00ed vzd\u011bl\u00e1n\u00ed a\u017e do 12. t\u0159\u00eddy.<\/h4>\r\n            \r\n            <\/a>\r\n            <a class=\"slide\" href=\"javascript:void(0);\">\r\n            <div class=\"slide__image-container\">\r\n                <img decoding=\"async\" class=\"slide-2\"\r\n                    src=\"https:\/\/hajoona.com\/wp-content\/uploads\/2025\/12\/\u00a9steps-for-children4-e1764939064133.png\" srcset=\"https:\/\/hajoona.com\/wp-content\/uploads\/2025\/12\/\u00a9steps-for-children4-e1764939064133-414x355.png 414w, https:\/\/hajoona.com\/wp-content\/uploads\/2025\/12\/\u00a9steps-for-children4-e1764939064133-768x658.png 768w, https:\/\/hajoona.com\/wp-content\/uploads\/2025\/12\/\u00a9steps-for-children4-e1764939064133-1024x877.png 1024w, https:\/\/hajoona.com\/wp-content\/uploads\/2025\/12\/\u00a9steps-for-children4-e1764939064133.png 1074w\"\r\n                    alt=\"Gruppe lachender Kinder spielt vor einem orangefarbenen Container mit der Aufschrift \u201esteps for children\u201c \u2013 Symbol f\u00fcr Bildung, Gemeinschaft und Hoffnung.\">\r\n\r\n                \r\n                \r\n            <\/div>\r\n\r\n                        <h3 class=\"slide__head\">Ty + komunita \u2192 Momentum<\/h3>\r\n            \r\n                        <h4 class=\"slide__subhead\">T\u00fdmov\u00e9 akce a ud\u00e1losti zesiluj\u00ed \u00fa\u010dinek.<br \/>\r\nN\u00e1pady: Body Restart Runs, v\u00fdzvy v po\u010dtu krok\u016f, benefi\u010dn\u00ed kucha\u0159sk\u00e9 ve\u010dery, p\u0159\u00edsp\u011bvky s p\u0159\u00edb\u011bhy \u2013 sd\u00edlejte sv\u00e9 nad\u0161en\u00ed. Ka\u017ed\u00fd p\u0159\u00edsp\u011bvek se po\u010d\u00edt\u00e1.<\/h4>\r\n            \r\n            <\/a>\r\n            <a class=\"slide\" href=\"https:\/\/www.stepsforchildren.de\/spenden\/jetzt-spenden\/?fb_item_id_fix=60938\" target=\"_blank\">\r\n            <div class=\"slide__image-container\">\r\n                <img decoding=\"async\" class=\"slide-3\"\r\n                    src=\"https:\/\/hajoona.com\/wp-content\/uploads\/2025\/12\/Education-Hub-Windhoek_steps-for-children-e1764939090899.jpeg\" srcset=\"https:\/\/hajoona.com\/wp-content\/uploads\/2025\/12\/Education-Hub-Windhoek_steps-for-children-e1764939090899-414x353.jpeg 414w, https:\/\/hajoona.com\/wp-content\/uploads\/2025\/12\/Education-Hub-Windhoek_steps-for-children-e1764939090899-768x656.jpeg 768w, https:\/\/hajoona.com\/wp-content\/uploads\/2025\/12\/Education-Hub-Windhoek_steps-for-children-e1764939090899.jpeg 896w\"\r\n                    alt=\"Vier Kinder sitzen an einem Tisch und halten selbst gebastelte Schutzengel-Figuren hoch. Sie l\u00e4cheln und wirken fr\u00f6hlich \u2013 Symbol f\u00fcr Kreativit\u00e4t, Hoffnung und F\u00f6rderung im steps-for-children-Projekt.\">\r\n\r\n                \r\n                \r\n            <\/div>\r\n\r\n                        <h3 class=\"slide__head\">Individual Action \u2192 Direct Support<\/h3>\r\n            \r\n                        <h4 class=\"slide__subhead\">P\u0159\u00edm\u00e9 dary organizaci steps for children \u2013 s pozn\u00e1mkou \u201e#hajoona + &#8222;Program ochrann\u00fdch and\u011bl\u016f&#8220; v \u00fa\u010delu platby (mo\u017enost vystaven\u00ed potvrzen\u00ed o daru).<\/h4>\r\n            \r\n            <\/a>\r\n            <a class=\"slide\" href=\"javascript:void(0);\">\r\n            <div class=\"slide__image-container\">\r\n                <img decoding=\"async\" class=\"slide-4\"\r\n                    src=\"https:\/\/hajoona.com\/wp-content\/uploads\/2025\/12\/\u00a9steps-for-children-students-e1764939110676.png\" srcset=\"https:\/\/hajoona.com\/wp-content\/uploads\/2025\/12\/\u00a9steps-for-children-students-e1764939110676-414x389.png 414w, https:\/\/hajoona.com\/wp-content\/uploads\/2025\/12\/\u00a9steps-for-children-students-e1764939110676-768x721.png 768w, https:\/\/hajoona.com\/wp-content\/uploads\/2025\/12\/\u00a9steps-for-children-students-e1764939110676.png 980w\"\r\n                    alt=\"Drei junge Frauen sitzen nebeneinander und l\u00e4cheln in die Kamera. Sie tragen gelbe Pullover und wirken fr\u00f6hlich und zuversichtlich \u2013 ein Moment, der Gemeinschaft, Bildung und Zukunftschancen symbolisiert.\">\r\n\r\n                \r\n                \r\n            <\/div>\r\n\r\n                        <h3 class=\"slide__head\">Transparentnost \u2192 D\u016fv\u011bra<\/h3>\r\n            \r\n                        <h4 class=\"slide__subhead\">Pravideln\u011b sd\u00edl\u00edme aktualizace, p\u0159\u00edb\u011bhy a v\u00fdsledky \u2013 jasn\u011b a srozumiteln\u011b.<br \/>\r\nMal\u00e9 kroky. Velk\u00e1 zm\u011bna.<\/h4>\r\n            \r\n            <\/a>\r\n        <\/div>\r\n    <\/div>\r\n<\/div>\r\n\r\n<span id=\"trigger-block-aefa01531573daacd1fea83ea829ec9c69d7b199ce478\"><\/span>\r\n<script>\r\nif (typeof initCarouselBlock !== 'undefined') {\r\n    initCarouselBlock(document.querySelector(`#trigger-block-aefa01531573daacd1fea83ea829ec9c69d7b199ce478`).parentNode);\r\n} else {\r\n    window.addEventListener('blockjs', () => {\r\n        initCarouselBlock(document.querySelector(`#trigger-block-aefa01531573daacd1fea83ea829ec9c69d7b199ce478`).parentNode);\r\n    });\r\n}\r\n<\/script>\r\n\r\n<\/div>\n\n\r\n\r\n\r\n\r\n<div id=\"charity\" \r\n    class=\"wp-block-acf-teaser wp-elements-36f84a572189c2213e14cad3c6846e24 alignfull has-product-mallow-background-color has-background has-prime-white-color has-text-color has-link-color acf-block-component\"\r\n    style=\"margin-top:0;margin-bottom:0;padding-top:0;padding-bottom:0;\">\r\n\r\n\r\n<div class=\"highlight__offset-text highlight__offset-text--top alignright\"><span\r\n        class=\"text\">Vytvo\u0159te<\/div>\r\n\r\n<div class=\"highlight__inner-block\">\r\n\r\n    <div class=\"highlight__copy\"><span>Spole\u010dn\u011b d\u00e1v\u00e1me d\u011btem \u0161anci na budoucnost, kterou si samy ur\u010d\u00ed. Sv\u00fdm darem jim poskytuje\u0161 ochranu, j\u00eddlo a l\u00e1sku, kter\u00e9 pot\u0159ebuj\u00ed pro nov\u00fd za\u010d\u00e1tek.<\/span>\r\n\r\n                <div class=\"is-layout-flex wp-block-buttons highlight__button-desktop\">\r\n            <div class=\"wp-block-button\"><a href=\"https:\/\/www.stepsforchildren.de\/spenden\/jetzt-spenden\/?fb_item_id_fix=60938\" target=\"_blank\"\r\n                    class=\"wp-block-button__link wp-element-button has-prime-white-background-color has-background\">Darovat nyn\u00ed<\/a><\/div>\r\n        <\/div>\r\n        \r\n    <\/div>\r\n        <div class=\"highlight__image\">\r\n        <img decoding=\"async\" src=\"https:\/\/hajoona.com\/wp-content\/uploads\/2023\/09\/steps-for-children-charity.jpg\" srcset=\"https:\/\/hajoona.com\/wp-content\/uploads\/2023\/09\/steps-for-children-charity-414x414.jpg 414w, https:\/\/hajoona.com\/wp-content\/uploads\/2023\/09\/steps-for-children-charity-768x768.jpg 768w, https:\/\/hajoona.com\/wp-content\/uploads\/2023\/09\/steps-for-children-charity-1024x1024.jpg 1024w, https:\/\/hajoona.com\/wp-content\/uploads\/2023\/09\/steps-for-children-charity.jpg 1080w\"\r\n            alt=\"Zwei Kinder mit dunkler Hautfarbe l\u00e4cheln fr\u00f6hlich in die Kamera. Das M\u00e4dchen im Vordergrund tr\u00e4gt eine hellblaue Jacke und hat geflochtene Haare. Der Junge hinter ihr, und lehnt sich leicht zu ihr hin. Beide l\u00e4cheln.\">\r\n    <\/div>\r\n\r\n<\/div>\r\n\r\n<div class=\"highlight__offset-text highlight__offset-text--bottom alignleft\"><span\r\n        class=\"text\">rozd\u00edl<\/div>\r\n\r\n<div class=\"is-layout-flex wp-block-buttons is-content-justification-center highlight__button-mobile\">\r\n    <div class=\"wp-block-button\">\r\n        <a href=\"https:\/\/www.stepsforchildren.de\/spenden\/jetzt-spenden\/?fb_item_id_fix=60938\" class=\"wp-block-button__link wp-element-button\"\r\n            target=\"_blank\">Darovat nyn\u00ed        <\/a>\r\n    <\/div>\r\n<\/div>\r\n\r\n\r\n<span id=\"trigger-charity\"><\/span>\r\n<script>\r\nif (typeof initTileMenuBlock !== 'undefined') {\r\n    initTileMenuBlock(document.querySelector(`#trigger-charity`).parentNode);\r\n} else {\r\n    window.addEventListener('blockjs', () => {\r\n        initTileMenuBlock(document.querySelector(`#trigger-charity`).parentNode);\r\n    });\r\n}\r\n<\/script>\r\n\r\n<\/div>\n\n\n<div class=\"wp-block-group alignfull has-product-apricot-background-color has-background has-global-padding is-layout-constrained wp-block-group-is-layout-constrained\" style=\"margin-top:0\">\n<div style=\"height:50px\" aria-hidden=\"true\" class=\"wp-block-spacer\"><\/div>\n\n\n\n<h2 class=\"wp-block-heading\">Z\u016fsta\u0148te v obraze.<\/h2>\n\n\n\n<p>P\u0159ihlas se k odb\u011bru na\u0161eho newsletteru a z\u00edskej v\u0161echny informace o produktech a akc\u00edch z prvn\u00ed ruky.<\/p>\n\n\n\n<div class=\"wp-block-buttons is-layout-flex wp-block-buttons-is-layout-flex\">\n<div class=\"wp-block-button\"><a class=\"wp-block-button__link wp-element-button\" href=\"https:\/\/staging.hajoona.in\/newsletter\/\">P\u0159ihlaste m\u011b!<\/a><\/div>\n<\/div>\n\n\n\n<div style=\"height:50px\" aria-hidden=\"true\" class=\"wp-block-spacer\"><\/div>\n<\/div>\n","protected":false},"excerpt":{"rendered":"V\u00edce obj\u00edm\u00e1n\u00ed. Spole\u010dn\u011b n\u00e9st odpov\u011bdnost. Posilovat budoucnost.Jako spole\u010dnost p\u0159eb\u00edr\u00e1me odpov\u011bdnost \u2013 a v\u011bdom\u011b posilujeme ty, kte\u0159\u00ed pot\u0159ebuj\u00ed podporu, aby mohli v\u00e9st dobr\u00fd a samostatn\u00fd \u017eivot. D\u00edky na\u0161emu soci\u00e1ln\u00edmu anga\u017em\u00e1 a s\u00edle komunity hajoona vytv\u00e1\u0159\u00edme z\u00e1klady pro lep\u0161\u00ed budoucnost d\u011bt\u00ed, kter\u00e9 jsou z\u00e1visl\u00e9 na pomoci. V\u011b\u0159\u00edme, \u017ee ka\u017ed\u00e9 d\u00edt\u011b m\u00e1 pr\u00e1vo na l\u00e1sku, p\u00e9\u010di a p\u0159\u00edle\u017eitosti&#8230;.","protected":false},"author":6,"featured_media":0,"parent":0,"menu_order":0,"comment_status":"closed","ping_status":"closed","template":"","meta":{"_acf_changed":false,"inline_featured_image":false,"footnotes":""},"class_list":["post-7202","page","type-page","status-publish","hentry"],"acf":[],"_links":{"self":[{"href":"https:\/\/hajoona.com\/cs\/wp-json\/wp\/v2\/pages\/7202","targetHints":{"allow":["GET"]}}],"collection":[{"href":"https:\/\/hajoona.com\/cs\/wp-json\/wp\/v2\/pages"}],"about":[{"href":"https:\/\/hajoona.com\/cs\/wp-json\/wp\/v2\/types\/page"}],"author":[{"embeddable":true,"href":"https:\/\/hajoona.com\/cs\/wp-json\/wp\/v2\/users\/6"}],"replies":[{"embeddable":true,"href":"https:\/\/hajoona.com\/cs\/wp-json\/wp\/v2\/comments?post=7202"}],"version-history":[{"count":1,"href":"https:\/\/hajoona.com\/cs\/wp-json\/wp\/v2\/pages\/7202\/revisions"}],"predecessor-version":[{"id":7203,"href":"https:\/\/hajoona.com\/cs\/wp-json\/wp\/v2\/pages\/7202\/revisions\/7203"}],"wp:attachment":[{"href":"https:\/\/hajoona.com\/cs\/wp-json\/wp\/v2\/media?parent=7202"}],"curies":[{"name":"wp","href":"https:\/\/api.w.org\/{rel}","templated":true}]}}