{"id":6894,"date":"2025-08-06T11:13:02","date_gmt":"2025-08-06T09:13:02","guid":{"rendered":"https:\/\/hajoona.com\/?page_id=6894"},"modified":"2025-09-15T10:00:58","modified_gmt":"2025-09-15T08:00:58","slug":"nextgen-longevity-summit","status":"publish","type":"page","link":"https:\/\/hajoona.com\/cs\/nextgen-longevity-summit\/","title":{"rendered":"NextGen Longevity Summit"},"content":{"rendered":"\r\n\r\n\r\n\r\n<div id=\"block-6c1d85d04fcbe15d2aa954c950d81a5d69d294b14b084\" \r\n    class=\"wp-block-acf-hero-slider alignfull acf-block-component\"\r\n    style=\"margin-top:0;margin-bottom:0;\">\r\n\r\n<div class=\"hero-slider-block__media\">\r\n\r\n    <img decoding=\"async\" class=\"slide-1 active\"\r\n        src=\"https:\/\/hajoona.com\/wp-content\/uploads\/2025\/08\/NextGen-Longevity-Summit.jpg\" srcset=\"https:\/\/hajoona.com\/wp-content\/uploads\/2025\/08\/NextGen-Longevity-Summit-414x414.jpg 414w, https:\/\/hajoona.com\/wp-content\/uploads\/2025\/08\/NextGen-Longevity-Summit-768x768.jpg 768w, https:\/\/hajoona.com\/wp-content\/uploads\/2025\/08\/NextGen-Longevity-Summit-1024x1024.jpg 1024w, https:\/\/hajoona.com\/wp-content\/uploads\/2025\/08\/NextGen-Longevity-Summit-1536x1536.jpg 1536w, https:\/\/hajoona.com\/wp-content\/uploads\/2025\/08\/NextGen-Longevity-Summit-2048x2048.jpg 2048w\"\r\n        alt=\"Zwei junge Menschen stehen l\u00e4chelnd R\u00fccken an R\u00fccken vor pinkem Hintergrund. Daneben steht in wei\u00dfer und blauer Schrift: \u201eNextGen Longevity Summit\u201c\">\r\n<\/div>\r\n<div class=\"hero-slider-block__content has-prime-off-white-background-color\">\r\n\r\n    <div class=\"hero-slider-block__bg\"><\/div>\r\n\r\n    <div\r\n        class=\"hero-slider-block__content-inner has-global-padding is-layout-constrained wp-block-group is-style-5-cols\">\r\n\r\n        <div class=\"content-inner__slide-container\">\r\n\r\n                        <span data-bg-color=\"prime-off-white\"\r\n                class=\"content-inner__slide is-layout-constrained slide-1 active has-prime-off-white-background-color  active\">\r\n\r\n                                <h2 class=\"slide__head\">Convention 2025<\/h2>\r\n                \r\n                                <h4 class=\"slide__subhead\">Chce\u0161 od \u017eivota v\u00edc? V\u00edc kvality \u017eivota a v\u00edc zdrav\u00ed?<br \/>\r\nV\u00edc \u017eivotn\u00edho stylu a v\u00edc energie? V\u00edc pen\u011bz a v\u00edc svobody?<br \/>\r\n<br \/>\r\nPak p\u0159ij\u010f na prvn\u00ed NextGen Longevity Summit!<br \/>\r\n<\/h4>\r\n                \r\n                                <div class=\"slide__button is-layout-flex wp-block-buttons\">\r\n                    <div class=\"wp-block-button\">\r\n                        <a class=\"wp-block-button__link wp-element-button\" href=\"https:\/\/hajoona.com\/cs\/nextgen-longevity-summit\/#convention\"\r\n                            target=\"\">\r\n                            Z\u00edskej informace!                        <\/a>\r\n                    <\/div>\r\n                <\/div>\r\n                \r\n            <\/span>\r\n\r\n\r\n        <\/div>\r\n\r\n    <\/div>\r\n\r\n    <div class=\"hero-slider-block__index has-copy-s-font-size\">\r\n        <ul>\r\n            \r\n            <!-- <li><a><span class=\"index\">1<\/span><span class=\"line\"><\/span><\/a><\/li>\r\n            <li class=\"active\"><a><span class=\"index\">1<\/span><span class=\"line\"><\/span><\/a><\/li>\r\n            <li><a><span class=\"index\">1<\/span><span class=\"line\"><\/span><\/a><\/li> -->\r\n        <\/ul>\r\n    <\/div>\r\n\r\n<\/div>\r\n\r\n\r\n<span id=\"trigger-block-6c1d85d04fcbe15d2aa954c950d81a5d69d294b14b084\"><\/span>\r\n<script>\r\nif (typeof initHeroSliderBlock !== 'undefined') {\r\n    initHeroSliderBlock(document.querySelector(`#trigger-block-6c1d85d04fcbe15d2aa954c950d81a5d69d294b14b084`).parentNode);\r\n} else {\r\n    window.addEventListener('blockjs', () => {\r\n        initHeroSliderBlock(document.querySelector(`#trigger-block-6c1d85d04fcbe15d2aa954c950d81a5d69d294b14b084`).parentNode);\r\n    });\r\n}\r\n<\/script>\r\n\r\n<\/div>\n\n\n<div class=\"wp-block-columns alignwide align-items-baseline is-layout-flex wp-container-core-columns-is-layout-4f84eacc wp-block-columns-is-layout-flex\" style=\"margin-top:var(--wp--preset--spacing--5);margin-bottom:var(--wp--preset--spacing--5)\">\n<div class=\"wp-block-column is-layout-flow wp-block-column-is-layout-flow\">\n<h1 class=\"wp-block-heading is-style-5-cols has-text-color has-link-color wp-elements-04fa625d14f767de944728ff0f4331fb\" id=\"convention\" style=\"color:#045ff8;font-size:clamp(37.821px, 2.364rem + ((1vw - 3.2px) * 2.873), 70px);\">Convention 2025<\/h1>\n\n\n\n<h2 class=\"wp-block-heading is-style-5-cols\" id=\"\/Markus\" style=\"font-size:clamp(18.959px, 1.185rem + ((1vw - 3.2px) * 0.986), 30px);\">Sobota, 20. z\u00e1\u0159\u00ed 2025<\/h2>\n\n\n\n<p>P\u0159edstav si, \u017ee z\u00edsk\u00e1\u0161 znalosti, n\u00e1stroje a kontakty, kter\u00e9 ti pomohou posunout tv\u00e9 zdrav\u00ed a tv\u00e9 podnik\u00e1n\u00ed na novou \u00farove\u0148 \u2013 a to v\u0161echno b\u011bhem jedin\u00e9ho dne. <strong>NextGen Longevity Summit<\/strong> je tv\u00fdm startem do \u017eivota s v\u00edce energi\u00ed, rovnov\u00e1hou a svobodou.<\/p>\n\n\n\n<h2 class=\"wp-block-heading has-text-color has-link-color wp-elements-d62f8f677d6f0950e4b3f06283b8ee53\" style=\"color:#045ff8;font-size:clamp(18.959px, 1.185rem + ((1vw - 3.2px) * 0.986), 30px);\">O co jde?<\/h2>\n\n\n\n<p>Longevity \u2013 ale ne v klasick\u00e9m smyslu \u201est\u00e1rnout\u201c. Jde o to <strong>\u017e\u00edt l\u00e9pe<\/strong>. B\u00fdt d\u00e9le zdrav\u00fd. M\u00edt jasn\u011bj\u0161\u00ed mysl. B\u00fdt svobodn\u011bj\u0161\u00ed v ka\u017edodenn\u00edm \u017eivot\u011b. A: finan\u010dn\u011b nez\u00e1visl\u00fd.<\/p>\n<\/div>\n\n\n\n<div class=\"wp-block-column is-style-4-cols-content is-layout-flow wp-block-column-is-layout-flow\">\n<h2 class=\"wp-block-heading has-text-color has-link-color wp-elements-459fd3026952e1ba3227d96114d6b85d\" style=\"color:#045ff8;font-size:clamp(28.836px, 1.802rem + ((1vw - 3.2px) * 1.89), 50px);\">HIGHLIGHTS<\/h2>\n\n\n\n<ul class=\"wp-block-list\">\n<li>Top poznatky z nejnov\u011bj\u0161\u00edch v\u00fdzkum\u016f<\/li>\n\n\n\n<li>Chytr\u00e9 produkty, kter\u00e9 p\u0159in\u00e1\u0161ej\u00ed nov\u00fd pohled na zdrav\u00ed<\/li>\n\n\n\n<li>Komunita, kter\u00e1 t\u011b podr\u017e\u00ed<\/li>\n\n\n\n<li>Spousta business n\u00e1stroj\u016f<\/li>\n\n\n\n<li>Management Board spole\u010dnosti hajoona &amp; odborn\u00edk na sport a v\u00fd\u017eivu Thomas Klaholz <strong>live on stage<\/strong><\/li>\n\n\n\n<li>A jako vrchol programu <strong>speci\u00e1ln\u00ed host Marcus Lauk<\/strong>, jeden z nejzn\u00e1m\u011bj\u0161\u00edch expert\u016f na longevity v DACH regionu. Ve sv\u00e9 inspirativn\u00ed keynote odhal\u00ed tajemstv\u00ed <strong>Blue Zones<\/strong> \u2013 oblast\u00ed s nejstar\u0161\u00edmi a nejzdrav\u011bj\u0161\u00edmi lidmi na sv\u011bt\u011b.<\/li>\n<\/ul>\n<\/div>\n<\/div>\n\n\n\r\n\r\n\r\n\r\n<div id=\"block-93030a1a3052adcbe3432399878f2c7569d294b151b02\" \r\n    class=\"wp-block-acf-teaser wp-elements-0a9e775657b748141cfe76ef80f1d237 alignfull has-background has-prime-black-color has-text-color has-link-color acf-block-component\"\r\n    style=\"margin-top:0;margin-bottom:0;padding-top:0;padding-bottom:0;background-color:#de8bf0;\">\r\n\r\n\r\n<div class=\"highlight__offset-text highlight__offset-text--top alignright\"><span\r\n        class=\"text\">Speci\u00e1l<\/div>\r\n\r\n<div class=\"highlight__inner-block\">\r\n\r\n    <div class=\"highlight__copy\"><span><p style=\"font-size: 50px; font-weight: bold;\">Marcus Lauk<\/p> <p><em>\u201cLongevity \u2013 Die Geheimnisse der Blue Zones und was wir f\u00fcr ein langes Leben davon lernen k\u00f6nnen.\u201d<\/em><\/p><p>Marcus Lauk ist einer der bekanntesten Longevity- und Blue-Zones-Experten im deutschsprachigen Raum \u2013 mehrfach ausgezeichnet,  TOP 100 Erfolgstrainer, Speaker beim Greator Festival &#038; Autor von \u201c100 Jahre erf\u00fcllt leben\u201d. Er verbindet fundierte Gesundheitsforschung und Weltreisen zu den \u00e4ltesten Menschen der Erde. Was Langlebigkeit wirklich ausmacht, erfahrt ihr in seiner Keynote.<\/p><\/span>\r\n\r\n        \r\n    <\/div>\r\n        <div class=\"highlight__image\">\r\n        <img decoding=\"async\" src=\"https:\/\/hajoona.com\/wp-content\/uploads\/2025\/08\/ML-9335_hochkant-2-scaled.jpg\" srcset=\"https:\/\/hajoona.com\/wp-content\/uploads\/2025\/08\/ML-9335_hochkant-2-scaled.jpg 1606w, https:\/\/hajoona.com\/wp-content\/uploads\/2025\/08\/ML-9335_hochkant-2-482x768.jpg 482w, https:\/\/hajoona.com\/wp-content\/uploads\/2025\/08\/ML-9335_hochkant-2-642x1024.jpg 642w, https:\/\/hajoona.com\/wp-content\/uploads\/2025\/08\/ML-9335_hochkant-2-260x414.jpg 260w, https:\/\/hajoona.com\/wp-content\/uploads\/2025\/08\/ML-9335_hochkant-2-768x1224.jpg 768w, https:\/\/hajoona.com\/wp-content\/uploads\/2025\/08\/ML-9335_hochkant-2-964x1536.jpg 964w, https:\/\/hajoona.com\/wp-content\/uploads\/2025\/08\/ML-9335_hochkant-2-1285x2048.jpg 1285w\"\r\n            alt=\"Markus Lauk, Longevity-Experte, sitzt l\u00e4chelnd mit Kaffeetasse an einem Tisch und tr\u00e4gt Sakko und Schieberm\u00fctze.\">\r\n    <\/div>\r\n\r\n<\/div>\r\n\r\n<div class=\"highlight__offset-text highlight__offset-text--bottom alignleft\"><span\r\n        class=\"text\">Speci\u00e1ln\u00ed host<\/div>\r\n\r\n\r\n\r\n<span id=\"trigger-block-93030a1a3052adcbe3432399878f2c7569d294b151b02\"><\/span>\r\n<script>\r\nif (typeof initTileMenuBlock !== 'undefined') {\r\n    initTileMenuBlock(document.querySelector(`#trigger-block-93030a1a3052adcbe3432399878f2c7569d294b151b02`).parentNode);\r\n} else {\r\n    window.addEventListener('blockjs', () => {\r\n        initTileMenuBlock(document.querySelector(`#trigger-block-93030a1a3052adcbe3432399878f2c7569d294b151b02`).parentNode);\r\n    });\r\n}\r\n<\/script>\r\n\r\n<\/div>\n\n\n<h2 class=\"wp-block-heading alignwide\" id=\"hajoona-news\" style=\"margin-top:var(--wp--preset--spacing--4);margin-bottom:0;font-size:clamp(28.836px, 1.802rem + ((1vw - 3.2px) * 1.89), 50px);\">Na\u0161i speak\u0159i:<\/h2>\n\n\n\r\n<style>\r\ndiv#block-ca641634fa6314c0bd57a5415207760769d294b1531fa .slide {\r\n    width: 36rem !important;\r\n}\r\n\r\ndiv#block-ca641634fa6314c0bd57a5415207760769d294b1531fa .slide__image-container {\r\n    aspect-ratio: 1\/1.25;\r\n    font-size: 6rem;\r\n}\r\n\r\ndiv#block-ca641634fa6314c0bd57a5415207760769d294b1531fa .slide__image-container img {\r\n    object-fit: contain;\r\n    object-position: left bottom;\r\n}\r\n<\/style>\r\n\r\n\r\n\r\n<div id=\"block-ca641634fa6314c0bd57a5415207760769d294b1531fa\" \r\n    class=\"wp-block-acf-carousel has-prime-black-color has-text-color acf-block-component\"\r\n    style=\"margin-bottom:var(--wp--preset--spacing--5);\">\r\n<div class=\"carousel-container has-global-padding is-layout-constrained\"\r\n    style=\"\">\r\n    <button class=\"carousel-control carousel-control--prev no-button-styling prev-cursor\"><\/button>\r\n    <button class=\"carousel-control carousel-control--next no-button-styling next-cursor\"><\/button>\r\n\r\n    <div class=\"carousel-pos  alignwide\">\r\n        <div class=\"carousel\" data-slick='{\"mobileFirst\":true,\"variableWidth\":false,\"infinite\":false,\"slidesToShow\":1,\"slidesToScroll\":1}'>\r\n\r\n            \r\n            <a class=\"slide\" href=\"javascript:void(0);\">\r\n            <div class=\"slide__image-container\">\r\n                <img decoding=\"async\" class=\"slide-1 active\"\r\n                    src=\"https:\/\/hajoona.com\/wp-content\/uploads\/2025\/08\/DL.jpg\" srcset=\"https:\/\/hajoona.com\/wp-content\/uploads\/2025\/08\/DL-414x414.jpg 414w, https:\/\/hajoona.com\/wp-content\/uploads\/2025\/08\/DL-768x768.jpg 768w, https:\/\/hajoona.com\/wp-content\/uploads\/2025\/08\/DL-1024x1024.jpg 1024w, https:\/\/hajoona.com\/wp-content\/uploads\/2025\/08\/DL-1536x1536.jpg 1536w, https:\/\/hajoona.com\/wp-content\/uploads\/2025\/08\/DL-2048x2048.jpg 2048w\"\r\n                    alt=\"Daniela Lipgens, Gesch\u00e4ftsf\u00fchrerin der hajoona GmbH, steht in einem modernen, lichtdurchfluteten Geb\u00e4ude und blickt l\u00e4chelnd in die Kamera.\">\r\n\r\n                \r\n                \r\n            <\/div>\r\n\r\n                        <h3 class=\"slide__head\">Daniela Lipgens<\/h3>\r\n            \r\n                        <h4 class=\"slide__subhead\">Jednatelka spole\u010dnosti hajoona<br \/>\r\nTrh longevity \u2013 trend budoucnosti.<\/h4>\r\n            \r\n            <\/a>\r\n            <a class=\"slide\" href=\"javascript:void(0);\">\r\n            <div class=\"slide__image-container\">\r\n                <img decoding=\"async\" class=\"slide-2\"\r\n                    src=\"https:\/\/hajoona.com\/wp-content\/uploads\/2025\/08\/AU.jpg\" srcset=\"https:\/\/hajoona.com\/wp-content\/uploads\/2025\/08\/AU-414x414.jpg 414w, https:\/\/hajoona.com\/wp-content\/uploads\/2025\/08\/AU-768x768.jpg 768w, https:\/\/hajoona.com\/wp-content\/uploads\/2025\/08\/AU-1024x1024.jpg 1024w, https:\/\/hajoona.com\/wp-content\/uploads\/2025\/08\/AU-1536x1536.jpg 1536w, https:\/\/hajoona.com\/wp-content\/uploads\/2025\/08\/AU-2048x2048.jpg 2048w\"\r\n                    alt=\"Andrej Uschakow, Co-Founder und Chief Sales Officer der hajoona GmbH, steht in einem modernen B\u00fcrogeb\u00e4ude und blickt freundlich in die Kamera.\">\r\n\r\n                \r\n                \r\n            <\/div>\r\n\r\n                        <h3 class=\"slide__head\">Andrej Uschakow<\/h3>\r\n            \r\n                        <h4 class=\"slide__subhead\">Spoluzakladatel &#038; Chief Sales hajoona<br \/>\r\nNov\u00e9 podn\u011bty v Moneytalk &#038; Wealth Management \u2013 finan\u010dn\u00ed zdrav\u00ed jako kl\u00ed\u010d k opravdov\u00e9 longevity.<\/h4>\r\n            \r\n            <\/a>\r\n            <a class=\"slide\" href=\"javascript:void(0);\">\r\n            <div class=\"slide__image-container\">\r\n                <img decoding=\"async\" class=\"slide-3\"\r\n                    src=\"https:\/\/hajoona.com\/wp-content\/uploads\/2025\/08\/EU.jpg\" srcset=\"https:\/\/hajoona.com\/wp-content\/uploads\/2025\/08\/EU-414x414.jpg 414w, https:\/\/hajoona.com\/wp-content\/uploads\/2025\/08\/EU-768x768.jpg 768w, https:\/\/hajoona.com\/wp-content\/uploads\/2025\/08\/EU-1024x1024.jpg 1024w, https:\/\/hajoona.com\/wp-content\/uploads\/2025\/08\/EU-1536x1536.jpg 1536w, https:\/\/hajoona.com\/wp-content\/uploads\/2025\/08\/EU-2048x2048.jpg 2048w\"\r\n                    alt=\"Estera Uschakow, Mitglied des Managementboards von hajoona, steht in einem modernen Geb\u00e4ude und l\u00e4chelt selbstbewusst in die Kamera.\">\r\n\r\n                \r\n                \r\n            <\/div>\r\n\r\n                        <h3 class=\"slide__head\">Estera Uschakow<\/h3>\r\n            \r\n                        <h4 class=\"slide__subhead\">\u010clen veden\u00ed spole\u010dnosti hajoona<br \/>\r\n\u201eNajdi sv\u00e9 ikigai\u201c \u2013 pro to stoj\u00ed za to \u017e\u00edt. Jak v\u00e1\u0161e\u0148, posl\u00e1n\u00ed, mise a povol\u00e1n\u00ed napln\u00ed tv\u016fj \u017eivot.<\/h4>\r\n            \r\n            <\/a>\r\n            <a class=\"slide\" href=\"javascript:void(0);\">\r\n            <div class=\"slide__image-container\">\r\n                <img decoding=\"async\" class=\"slide-4\"\r\n                    src=\"https:\/\/hajoona.com\/wp-content\/uploads\/2025\/08\/Thomas-Klaholz.png\" srcset=\"https:\/\/hajoona.com\/wp-content\/uploads\/2025\/08\/Thomas-Klaholz-414x414.png 414w, https:\/\/hajoona.com\/wp-content\/uploads\/2025\/08\/Thomas-Klaholz-768x768.png 768w, https:\/\/hajoona.com\/wp-content\/uploads\/2025\/08\/Thomas-Klaholz-1024x1024.png 1024w, https:\/\/hajoona.com\/wp-content\/uploads\/2025\/08\/Thomas-Klaholz.png 1080w\"\r\n                    alt=\"Thomas Klaholz, Produktexperte bei hajoona, steht mit verschr\u00e4nkten Armen in einem modernen Geb\u00e4ude und l\u00e4chelt freundlich in die Kamera.\">\r\n\r\n                \r\n                \r\n            <\/div>\r\n\r\n                        <h3 class=\"slide__head\">Thomas Klaholz<\/h3>\r\n            \r\n                        <h4 class=\"slide__subhead\">Produktov\u00fd expert hajoona<br \/>\r\nKoncept hajoona. Siln\u00fd p\u0159\u00edsp\u011bvek k tv\u00e9 dlouhov\u011bkosti.<\/h4>\r\n            \r\n            <\/a>\r\n        <\/div>\r\n    <\/div>\r\n<\/div>\r\n\r\n<span id=\"trigger-block-ca641634fa6314c0bd57a5415207760769d294b1531fa\"><\/span>\r\n<script>\r\nif (typeof initCarouselBlock !== 'undefined') {\r\n    initCarouselBlock(document.querySelector(`#trigger-block-ca641634fa6314c0bd57a5415207760769d294b1531fa`).parentNode);\r\n} else {\r\n    window.addEventListener('blockjs', () => {\r\n        initCarouselBlock(document.querySelector(`#trigger-block-ca641634fa6314c0bd57a5415207760769d294b1531fa`).parentNode);\r\n    });\r\n}\r\n<\/script>\r\n\r\n<\/div>\n\n\n<div class=\"wp-block-columns alignwide align-items-baseline is-layout-flex wp-container-core-columns-is-layout-4f84eacc wp-block-columns-is-layout-flex\" style=\"margin-top:var(--wp--preset--spacing--5);margin-bottom:var(--wp--preset--spacing--5)\">\n<div class=\"wp-block-column is-layout-flow wp-block-column-is-layout-flow\">\n<h2 class=\"wp-block-heading is-style-5-cols has-text-color has-link-color wp-elements-6c9d6ababf18bd4c00d811d56e07ef46\" id=\"\/Markus\" style=\"color:#045ff8;font-size:clamp(28.836px, 1.802rem + ((1vw - 3.2px) * 1.89), 50px);\">Kdy? Kde? Jak?<\/h2>\n\n\n\n<h3 class=\"wp-block-heading is-style-5-cols\" id=\"\/Markus\" style=\"font-size:clamp(18.959px, 1.185rem + ((1vw - 3.2px) * 0.986), 30px);\">Sobota, 20. z\u00e1\u0159\u00ed 2025<\/h3>\n<\/div>\n\n\n\n<div class=\"wp-block-column is-style-4-cols-content is-layout-flow wp-block-column-is-layout-flow\">\n<p>10:00-17:30 Uhr (vstup od 8:30)<br>Bezprost\u0159edn\u011b pot\u00e9:<br>Get together p\u00e1rty<\/p>\n\n\n\n<p>darmstadtium Kongresov\u00e9 centrum<br>Schlossgraben 1<br>64283 Darmstadt<\/p>\n\n\n\n<p>Jednotliv\u00e1 vstupenka: 149 \u20ac<br>voln\u00fd v\u00fdb\u011br m\u00edsta<br>bez denn\u00edho ob\u010derstven\u00ed<\/p>\n<\/div>\n<\/div>\n\n\n\n<div class=\"wp-block-columns alignwide align-items-baseline has-background is-layout-flex wp-container-core-columns-is-layout-4f84eacc wp-block-columns-is-layout-flex\" style=\"background-color:#de8bf0;margin-top:var(--wp--preset--spacing--5);margin-bottom:var(--wp--preset--spacing--5)\">\n<div class=\"wp-block-column is-layout-flow wp-block-column-is-layout-flow\">\n<h3 class=\"wp-block-heading is-style-5-cols has-text-color has-link-color wp-elements-d118b145bfc1e454558d300efbcc4275\" id=\"\/Markus\" style=\"color:#045ff8;font-size:clamp(18.959px, 1.185rem + ((1vw - 3.2px) * 0.986), 30px);\">Chce\u0161 b\u00fdt u toho? Tak se u n\u00e1s p\u0159ihlas!<\/h3>\n<\/div>\n\n\n\n<div class=\"wp-block-column is-style-4-cols-content is-layout-flow wp-block-column-is-layout-flow\">\n<div class=\"wp-block-buttons is-layout-flex wp-block-buttons-is-layout-flex\">\n<div class=\"wp-block-button\"><a class=\"wp-block-button__link wp-element-button\" href=\"https:\/\/hajoona.com\/cs\/kontakt\/\">Dej n\u00e1m v\u011bd\u011bt!<\/a><\/div>\n<\/div>\n<\/div>\n<\/div>\n","protected":false},"excerpt":{"rendered":"Convention 2025 Sobota, 20. z\u00e1\u0159\u00ed 2025 P\u0159edstav si, \u017ee z\u00edsk\u00e1\u0161 znalosti, n\u00e1stroje a kontakty, kter\u00e9 ti pomohou posunout tv\u00e9 zdrav\u00ed a tv\u00e9 podnik\u00e1n\u00ed na novou \u00farove\u0148 \u2013 a to v\u0161echno b\u011bhem jedin\u00e9ho dne. NextGen Longevity Summit je tv\u00fdm startem do \u017eivota s v\u00edce energi\u00ed, rovnov\u00e1hou a svobodou. O co jde? Longevity \u2013 ale ne v&#8230;","protected":false},"author":1,"featured_media":6896,"parent":0,"menu_order":0,"comment_status":"closed","ping_status":"closed","template":"","meta":{"_acf_changed":false,"inline_featured_image":false,"footnotes":""},"class_list":["post-6894","page","type-page","status-publish","has-post-thumbnail","hentry"],"acf":[],"_links":{"self":[{"href":"https:\/\/hajoona.com\/cs\/wp-json\/wp\/v2\/pages\/6894","targetHints":{"allow":["GET"]}}],"collection":[{"href":"https:\/\/hajoona.com\/cs\/wp-json\/wp\/v2\/pages"}],"about":[{"href":"https:\/\/hajoona.com\/cs\/wp-json\/wp\/v2\/types\/page"}],"author":[{"embeddable":true,"href":"https:\/\/hajoona.com\/cs\/wp-json\/wp\/v2\/users\/1"}],"replies":[{"embeddable":true,"href":"https:\/\/hajoona.com\/cs\/wp-json\/wp\/v2\/comments?post=6894"}],"version-history":[{"count":7,"href":"https:\/\/hajoona.com\/cs\/wp-json\/wp\/v2\/pages\/6894\/revisions"}],"predecessor-version":[{"id":6934,"href":"https:\/\/hajoona.com\/cs\/wp-json\/wp\/v2\/pages\/6894\/revisions\/6934"}],"wp:featuredmedia":[{"embeddable":true,"href":"https:\/\/hajoona.com\/cs\/wp-json\/wp\/v2\/media\/6896"}],"wp:attachment":[{"href":"https:\/\/hajoona.com\/cs\/wp-json\/wp\/v2\/media?parent=6894"}],"curies":[{"name":"wp","href":"https:\/\/api.w.org\/{rel}","templated":true}]}}