{"id":6803,"date":"2024-09-27T08:25:52","date_gmt":"2024-09-27T06:25:52","guid":{"rendered":"https:\/\/hajoona.com\/?page_id=6803"},"modified":"2025-09-01T12:44:56","modified_gmt":"2025-09-01T10:44:56","slug":"kundigen","status":"publish","type":"page","link":"https:\/\/hajoona.com\/cs\/kundigen\/","title":{"rendered":"K\u00fcndigen"},"content":{"rendered":"\n<h1 class=\"wp-block-heading\" style=\"margin-top:var(--wp--preset--spacing--5);margin-bottom:var(--wp--preset--spacing--3);font-size:clamp(34.313px, 2.145rem + ((1vw - 3.2px) * 2.472), 62px);\"><strong>Potvrzovac\u00ed str\u00e1nka pro tv\u00e9 zru\u0161en\u00ed<\/strong><\/h1>\n\n\n\n<p>Zde m\u016f\u017ee\u0161 jako soukrom\u00fd z\u00e1kazn\u00edk (spot\u0159ebitel) zru\u0161it sv\u00e9 p\u0159edplatn\u00e9 produkt\u016f u spole\u010dnosti hajoona.<\/p>\n\n\n\n<div class=\"wpcf7 no-js\" id=\"wpcf7-f5060-o1\" lang=\"de-DE\" dir=\"ltr\" data-wpcf7-id=\"5060\">\n<div class=\"screen-reader-response\"><p role=\"status\" aria-live=\"polite\" aria-atomic=\"true\"><\/p> <ul><\/ul><\/div>\n<form action=\"\/cs\/wp-json\/wp\/v2\/pages\/6803#wpcf7-f5060-o1\" method=\"post\" class=\"wpcf7-form init\" aria-label=\"Kontaktformular\" novalidate=\"novalidate\" data-status=\"init\">\n<fieldset class=\"hidden-fields-container\"><input type=\"hidden\" name=\"_wpcf7\" value=\"5060\" \/><input type=\"hidden\" name=\"_wpcf7_version\" value=\"6.1.5\" \/><input type=\"hidden\" name=\"_wpcf7_locale\" value=\"de_DE\" \/><input type=\"hidden\" name=\"_wpcf7_unit_tag\" value=\"wpcf7-f5060-o1\" \/><input type=\"hidden\" name=\"_wpcf7_container_post\" value=\"0\" \/><input type=\"hidden\" name=\"_wpcf7_posted_data_hash\" value=\"\" \/>\n<\/fieldset>\n<div class=\"is-layout-constrained\">\n\t<div>\n\t\t<p><span class=\"wpcf7-form-control-wrap\" data-name=\"salutation\"><select class=\"wpcf7-form-control wpcf7-select\" aria-invalid=\"false\" name=\"salutation\"><option value=\"Herr\">Herr<\/option><option value=\"Frau\">Frau<\/option><\/select><\/span>\n\t\t<\/p>\n\t<\/div>\n\t<div class=\"is-layout-flex wp-block-columns\">\n\t\t<div class=\"is-layout-flow wp-block-column\">\n\t\t\t<p><span class=\"wpcf7-form-control-wrap\" data-name=\"first-name\"><input size=\"40\" maxlength=\"400\" class=\"wpcf7-form-control wpcf7-text wpcf7-validates-as-required\" autocomplete=\"firstname\" aria-required=\"true\" aria-invalid=\"false\" placeholder=\"Vorname\" value=\"\" type=\"text\" name=\"first-name\" \/><\/span>\n\t\t\t<\/p>\n\t\t<\/div>\n\t\t<div class=\"is-layout-flow wp-block-column\">\n\t\t\t<p><span class=\"wpcf7-form-control-wrap\" data-name=\"last-name\"><input size=\"40\" maxlength=\"400\" class=\"wpcf7-form-control wpcf7-text wpcf7-validates-as-required\" autocomplete=\"lastname\" aria-required=\"true\" aria-invalid=\"false\" placeholder=\"Nachname\" value=\"\" type=\"text\" name=\"last-name\" \/><\/span>\n\t\t\t<\/p>\n\t\t<\/div>\n\t<\/div>\n\t<div>\n\t\t<p><span class=\"wpcf7-form-control-wrap\" data-name=\"street-name\"><input size=\"40\" maxlength=\"400\" class=\"wpcf7-form-control wpcf7-text wpcf7-validates-as-required\" autocomplete=\"street\" aria-required=\"true\" aria-invalid=\"false\" placeholder=\"Stra\u00dfe und Hausnummer\" value=\"\" type=\"text\" name=\"street-name\" \/><\/span>\n\t\t<\/p>\n\t<\/div>\n\t<div class=\"is-layout-flex wp-block-columns\">\n\t\t<div class=\"is-layout-flow wp-block-column\">\n\t\t\t<p><span class=\"wpcf7-form-control-wrap\" data-name=\"zip-code\"><input size=\"40\" maxlength=\"400\" class=\"wpcf7-form-control wpcf7-text wpcf7-validates-as-required\" autocomplete=\"zip\" aria-required=\"true\" aria-invalid=\"false\" placeholder=\"PLZ\" value=\"\" type=\"text\" name=\"zip-code\" \/><\/span>\n\t\t\t<\/p>\n\t\t<\/div>\n\t\t<div class=\"is-layout-flow wp-block-column\">\n\t\t\t<p><span class=\"wpcf7-form-control-wrap\" data-name=\"city\"><input size=\"40\" maxlength=\"400\" class=\"wpcf7-form-control wpcf7-text wpcf7-validates-as-required\" autocomplete=\"city\" aria-required=\"true\" aria-invalid=\"false\" placeholder=\"Ort\" value=\"\" type=\"text\" name=\"city\" \/><\/span>\n\t\t\t<\/p>\n\t\t<\/div>\n\t<\/div>\n\t<div>\n\t\t<p><span class=\"wpcf7-form-control-wrap\" data-name=\"country\"><input size=\"40\" maxlength=\"400\" class=\"wpcf7-form-control wpcf7-text wpcf7-validates-as-required\" autocomplete=\"lastname\" aria-required=\"true\" aria-invalid=\"false\" placeholder=\"Land\" value=\"\" type=\"text\" name=\"country\" \/><\/span>\n\t\t<\/p>\n\t<\/div>\n\t<div>\n\t\t<p><span class=\"wpcf7-form-control-wrap\" data-name=\"email\"><input size=\"40\" maxlength=\"400\" class=\"wpcf7-form-control wpcf7-email wpcf7-validates-as-required wpcf7-text wpcf7-validates-as-email\" autocomplete=\"email\" aria-required=\"true\" aria-invalid=\"false\" placeholder=\"E-Mail Adresse\" value=\"\" type=\"email\" name=\"email\" \/><\/span>\n\t\t<\/p>\n\t<\/div>\n\t<div>\n\t\t<p><span class=\"wpcf7-form-control-wrap\" data-name=\"client-number\"><input size=\"40\" maxlength=\"400\" class=\"wpcf7-form-control wpcf7-text wpcf7-validates-as-required\" aria-required=\"true\" aria-invalid=\"false\" placeholder=\"Kundennummer\" value=\"\" type=\"text\" name=\"client-number\" \/><\/span>\n\t\t<\/p>\n\t\t<p class=\"form-note\">Deine Kundennummer besteht aus 6 Ziffern.\n\t\t<\/p>\n\t<\/div>\n\t<div>\n\t\t<p><span class=\"wpcf7-form-control-wrap\" data-name=\"tel\"><input size=\"40\" maxlength=\"400\" class=\"wpcf7-form-control wpcf7-tel wpcf7-text wpcf7-validates-as-tel\" aria-invalid=\"false\" placeholder=\"Telefonnummer\" value=\"\" type=\"tel\" name=\"tel\" \/><\/span>\n\t\t<\/p>\n\t<\/div>\n\t<div>\n\t\t<p><label for=\"type-of-termination\">Art der K\u00fcndigung:<\/label><br \/>\n<span class=\"wpcf7-form-control-wrap\" data-name=\"type-of-termination\"><span class=\"wpcf7-form-control wpcf7-radio\" id=\"type-of-termination\"><span class=\"wpcf7-list-item first\"><label><input type=\"radio\" name=\"type-of-termination\" value=\"Au\u00dferordentlich\" \/><span class=\"wpcf7-list-item-label\">Au\u00dferordentlich<\/span><\/label><\/span><span class=\"wpcf7-list-item last\"><label><input type=\"radio\" name=\"type-of-termination\" value=\"Fristgerecht zum n\u00e4chstm\u00f6glichen Zeitpunkt\" checked=\"checked\" \/><span class=\"wpcf7-list-item-label\">Fristgerecht zum n\u00e4chstm\u00f6glichen Zeitpunkt<\/span><\/label><\/span><\/span><\/span>\n\t\t<\/p>\n\t<\/div>\n\t<div>\n\t\t<p><label for=\"reason-for-termination\">Au\u00dferordentlich: K\u00fcndigungsgrund<\/label><br \/>\n<span class=\"wpcf7-form-control-wrap\" data-name=\"reason-for-termination\"><textarea cols=\"40\" rows=\"10\" maxlength=\"2000\" class=\"wpcf7-form-control wpcf7-textarea\" id=\"reason-for-termination\" aria-invalid=\"false\" name=\"reason-for-termination\"><\/textarea><\/span>\n\t\t<\/p>\n\t<\/div>\n\t<div>\n\t\t<p><label for=\"type-of-subscription\">Was m\u00f6chtest du k\u00fcndigen:<\/label><br \/>\n<span class=\"wpcf7-form-control-wrap\" data-name=\"type-of-subscription\"><span class=\"wpcf7-form-control wpcf7-radio\" id=\"idhier\"><span class=\"wpcf7-list-item first\"><label><input type=\"radio\" name=\"type-of-subscription\" value=\"Nur ein bestimmtes Abo\" checked=\"checked\" \/><span class=\"wpcf7-list-item-label\">Nur ein bestimmtes Abo<\/span><\/label><\/span><span class=\"wpcf7-list-item last\"><label><input type=\"radio\" name=\"type-of-subscription\" value=\"Alle meine Abos\" \/><span class=\"wpcf7-list-item-label\">Alle meine Abos<\/span><\/label><\/span><\/span><\/span>\n\t\t<\/p>\n\t<\/div>\n\t<div>\n\t\t<p><label for=\"subscrition-to-terminate\">n\u00e4mlich:<\/label><br \/>\n<span class=\"wpcf7-form-control-wrap\" data-name=\"subscrition-to-terminate\"><textarea cols=\"40\" rows=\"10\" maxlength=\"2000\" class=\"wpcf7-form-control wpcf7-textarea\" id=\"subscrition-to-terminate\" aria-invalid=\"false\" name=\"subscrition-to-terminate\"><\/textarea><\/span>\n\t\t<\/p>\n\t\t<p class=\"form-note\">Wir k\u00f6nnen deine K\u00fcndigung schneller bearbeiten, wenn du uns deine Auftragsnummer (6 Ziffern) oder den Produktnamen nennst.\n\t\t<\/p>\n\t<\/div>\n\t<div>\n\t\t<p><span id=\"wpcf7-69e2353dcbf19-wrapper\" class=\"wpcf7-form-control-wrap honeypot-927-wrap\" style=\"display:none !important; visibility:hidden !important;\"><label for=\"wpcf7-69e2353dcbf19-field\" class=\"hp-message\">Bitte lasse dieses Feld leer.<\/label><input id=\"wpcf7-69e2353dcbf19-field\"  class=\"wpcf7-form-control wpcf7-text\" type=\"text\" name=\"honeypot-927\" value=\"\" size=\"40\" tabindex=\"-1\" autocomplete=\"new-password\" \/><\/span>\n\t\t<\/p>\n\t<\/div>\n\t<div>\n\t<div class=\"wpcf7-response-output\" aria-hidden=\"true\"><\/div>\n\t\t<p><input class=\"wpcf7-form-control wpcf7-submit has-spinner wp-element-button\" type=\"submit\" value=\"Jetzt k\u00fcndigen\" \/>\n\t\t<\/p>\n\t<\/div>\n<\/div>\n<\/form>\n<\/div>\n\n","protected":false},"excerpt":{"rendered":"Potvrzovac\u00ed str\u00e1nka pro tv\u00e9 zru\u0161en\u00ed Zde m\u016f\u017ee\u0161 jako soukrom\u00fd z\u00e1kazn\u00edk (spot\u0159ebitel) zru\u0161it sv\u00e9 p\u0159edplatn\u00e9 produkt\u016f u spole\u010dnosti hajoona.","protected":false},"author":6,"featured_media":0,"parent":0,"menu_order":0,"comment_status":"closed","ping_status":"closed","template":"","meta":{"_acf_changed":false,"inline_featured_image":false,"footnotes":""},"class_list":["post-6803","page","type-page","status-publish","hentry"],"acf":[],"_links":{"self":[{"href":"https:\/\/hajoona.com\/cs\/wp-json\/wp\/v2\/pages\/6803","targetHints":{"allow":["GET"]}}],"collection":[{"href":"https:\/\/hajoona.com\/cs\/wp-json\/wp\/v2\/pages"}],"about":[{"href":"https:\/\/hajoona.com\/cs\/wp-json\/wp\/v2\/types\/page"}],"author":[{"embeddable":true,"href":"https:\/\/hajoona.com\/cs\/wp-json\/wp\/v2\/users\/6"}],"replies":[{"embeddable":true,"href":"https:\/\/hajoona.com\/cs\/wp-json\/wp\/v2\/comments?post=6803"}],"version-history":[{"count":1,"href":"https:\/\/hajoona.com\/cs\/wp-json\/wp\/v2\/pages\/6803\/revisions"}],"predecessor-version":[{"id":6804,"href":"https:\/\/hajoona.com\/cs\/wp-json\/wp\/v2\/pages\/6803\/revisions\/6804"}],"wp:attachment":[{"href":"https:\/\/hajoona.com\/cs\/wp-json\/wp\/v2\/media?parent=6803"}],"curies":[{"name":"wp","href":"https:\/\/api.w.org\/{rel}","templated":true}]}}