{"id":6801,"date":"2024-08-21T13:35:53","date_gmt":"2024-08-21T11:35:53","guid":{"rendered":"https:\/\/hajoona.com\/?page_id=6801"},"modified":"2025-09-17T10:17:04","modified_gmt":"2025-09-17T08:17:04","slug":"widerruf","status":"publish","type":"page","link":"https:\/\/hajoona.com\/cs\/widerruf\/","title":{"rendered":"Widerruf"},"content":{"rendered":"\n<div style=\"height:10px\" aria-hidden=\"true\" class=\"wp-block-spacer\"><\/div>\n\n\n\n<h1 class=\"wp-block-heading\" style=\"font-size:clamp(27.42px, 1.714rem + ((1vw - 3.2px) * 1.748), 47px);\"><strong>Pr\u00e1vo spot\u0159ebitel\u016f na odstoupen\u00ed od smlouvy<\/strong><\/h1>\n\n\n\n<div style=\"height:10px\" aria-hidden=\"true\" class=\"wp-block-spacer\"><\/div>\n\n\n\n<h2 class=\"wp-block-heading\" style=\"font-size:clamp(20px, 1.25rem + ((1vw - 3.2px) * 1.071), 32px);\"><strong>Pr\u00e1vo na odstoupen\u00ed od smlouvy<\/strong><\/h2>\n\n\n\n<p>M\u00e1te pr\u00e1vo odstoupit od t\u00e9to smlouvy do \u010dtrn\u00e1cti dn\u016f bez ud\u00e1n\u00ed d\u016fvodu.<\/p>\n\n\n\n<p>Lh\u016fta pro odstoupen\u00ed od smlouvy je \u010dtrn\u00e1ct dn\u00ed ode dne, kdy jste vy nebo v\u00e1mi ur\u010den\u00e1 t\u0159et\u00ed osoba, kter\u00e1 nen\u00ed dopravcem, p\u0159evzali zbo\u017e\u00ed. V p\u0159\u00edpad\u011b smlouvy na n\u011bkolik kus\u016f zbo\u017e\u00ed, kter\u00e9 jste si objednali v r\u00e1mci jedn\u00e9 objedn\u00e1vky a kter\u00e9 jsou dod\u00e1v\u00e1ny samostatn\u011b, za\u010d\u00edn\u00e1 lh\u016fta pro odstoupen\u00ed od smlouvy b\u011b\u017eet dnem, kdy jste vy nebo v\u00e1mi ur\u010den\u00e1 t\u0159et\u00ed osoba, kter\u00e1 nen\u00ed dopravcem, p\u0159evzali posledn\u00ed kus zbo\u017e\u00ed. V p\u0159\u00edpad\u011b smlouvy o pravideln\u00e9m dod\u00e1v\u00e1n\u00ed zbo\u017e\u00ed v ur\u010dit\u00e9m \u010dasov\u00e9m obdob\u00ed za\u010d\u00edn\u00e1 lh\u016fta pro odstoupen\u00ed od smlouvy b\u011b\u017eet dnem, kdy jste vy nebo v\u00e1mi ur\u010den\u00e1 t\u0159et\u00ed osoba, kter\u00e1 nen\u00ed dopravcem, p\u0159evzali prvn\u00ed zbo\u017e\u00ed.<\/p>\n\n\n\n<p>Chcete-li uplatnit pr\u00e1vo na odstoupen\u00ed od smlouvy, mus\u00edte n\u00e1s informovat (hajoona GmbH, Heinrich-Fuchs-Strasse 94-96, 69126 Heidelberg, fax: +49 6221 64702-89, e-mail: <a href=\"mailto:cc@hajoona.com\">cc@hajoona.com<\/a>) o sv\u00e9m rozhodnut\u00ed odstoupit od t\u00e9to smlouvy jednozna\u010dn\u00fdm prohl\u00e1\u0161en\u00edm (nap\u0159. dopisem zaslan\u00fdm po\u0161tou, faxem nebo e-mailem). M\u016f\u017eete pou\u017e\u00edt p\u0159ilo\u017een\u00fd vzorov\u00fd formul\u00e1\u0159, ale nen\u00ed to povinn\u00e9. <a href=\"https:\/\/drive.google.com\/file\/d\/18za6P9c264y3dtO0eNfyocaYpPYbcohL\/view?usp=sharing\" target=\"_blank\" rel=\"noreferrer noopener\">Formul\u00e1\u0159 najdete zde<\/a>: Pro dodr\u017een\u00ed lh\u016fty pro odstoupen\u00ed od smlouvy sta\u010d\u00ed, kdy\u017e ozn\u00e1men\u00ed o uplatn\u011bn\u00ed pr\u00e1va na odstoupen\u00ed od smlouvy ode\u0161lete p\u0159ed uplynut\u00edm lh\u016fty pro odstoupen\u00ed od smlouvy.<\/p>\n\n\n\n<p>D\u016fsledky odstoupen\u00ed od smlouvy<\/p>\n\n\n\n<p>Odstoup\u00edte-li od t\u00e9to smlouvy, vr\u00e1t\u00edme v\u00e1m v\u0161echny platby, kter\u00e9 jsme od v\u00e1s obdr\u017eeli, v\u010detn\u011b n\u00e1klad\u016f na doru\u010den\u00ed (s v\u00fdjimkou dodate\u010dn\u00fdch n\u00e1klad\u016f vypl\u00fdvaj\u00edc\u00edch z va\u0161\u00ed volby jin\u00e9ho typu doru\u010den\u00ed, ne\u017e je nejlevn\u011bj\u0161\u00ed typ standardn\u00edho doru\u010den\u00ed, kter\u00fd nab\u00edz\u00edme), a to bez zbyte\u010dn\u00e9ho odkladu a v ka\u017ed\u00e9m p\u0159\u00edpad\u011b nejpozd\u011bji do 14 dn\u016f ode dne, kdy jsme byli informov\u00e1ni o va\u0161em rozhodnut\u00ed odstoupit od t\u00e9to smlouvy. Pro tuto \u00fahradu pou\u017eijeme stejn\u00fd platebn\u00ed prost\u0159edek, kter\u00fd jste pou\u017eili pro p\u016fvodn\u00ed transakci, pokud se s v\u00e1mi v\u00fdslovn\u011b nedohodneme jinak. V \u017e\u00e1dn\u00e9m p\u0159\u00edpad\u011b v\u00e1m nebudou \u00fa\u010dtov\u00e1ny \u017e\u00e1dn\u00e9 poplatky za tuto \u00fahradu.<\/p>\n\n\n\n<p>M\u016f\u017eeme v\u00e1m odm\u00edtnout vr\u00e1tit pen\u00edze, dokud neobdr\u017e\u00edme zbo\u017e\u00ed zp\u011bt nebo dokud nep\u0159edlo\u017e\u00edte d\u016fkaz, \u017ee jste zbo\u017e\u00ed vr\u00e1tili, podle toho, co nastane d\u0159\u00edve.<\/p>\n\n\n\n<p>Zbo\u017e\u00ed n\u00e1m mus\u00edte vr\u00e1tit nebo p\u0159edat neprodlen\u011b, nejpozd\u011bji v\u0161ak do \u010dtrn\u00e1cti dn\u016f ode dne, kdy jste n\u00e1s informovali o odstoupen\u00ed od t\u00e9to smlouvy. Lh\u016fta je dodr\u017eena, pokud zbo\u017e\u00ed ode\u0161lete p\u0159ed uplynut\u00edm \u010dtrn\u00e1ctidenn\u00ed lh\u016fty.<\/p>\n\n\n\n<p>P\u0159\u00edm\u00e9 n\u00e1klady na vr\u00e1cen\u00ed zbo\u017e\u00ed nesete vy.<\/p>\n\n\n\n<p>Ztr\u00e1tu hodnoty zbo\u017e\u00ed mus\u00edte uhradit pouze v p\u0159\u00edpad\u011b, \u017ee ke ztr\u00e1t\u011b hodnoty do\u0161lo v d\u016fsledku manipulace se zbo\u017e\u00edm, kter\u00e1 nen\u00ed nezbytn\u00e1 pro kontrolu jeho stavu, vlastnost\u00ed a funk\u010dnosti.<\/p>\n\n\n\n<div style=\"height:50px\" aria-hidden=\"true\" class=\"wp-block-spacer\"><\/div>\n","protected":false},"excerpt":{"rendered":"Pr\u00e1vo spot\u0159ebitel\u016f na odstoupen\u00ed od smlouvy Pr\u00e1vo na odstoupen\u00ed od smlouvy M\u00e1te pr\u00e1vo odstoupit od t\u00e9to smlouvy do \u010dtrn\u00e1cti dn\u016f bez ud\u00e1n\u00ed d\u016fvodu. Lh\u016fta pro odstoupen\u00ed od smlouvy je \u010dtrn\u00e1ct dn\u00ed ode dne, kdy jste vy nebo v\u00e1mi ur\u010den\u00e1 t\u0159et\u00ed osoba, kter\u00e1 nen\u00ed dopravcem, p\u0159evzali zbo\u017e\u00ed. V p\u0159\u00edpad\u011b smlouvy na n\u011bkolik kus\u016f zbo\u017e\u00ed, kter\u00e9 jste&#8230;","protected":false},"author":6,"featured_media":0,"parent":0,"menu_order":0,"comment_status":"closed","ping_status":"closed","template":"","meta":{"_acf_changed":false,"inline_featured_image":false,"footnotes":""},"class_list":["post-6801","page","type-page","status-publish","hentry"],"acf":[],"_links":{"self":[{"href":"https:\/\/hajoona.com\/cs\/wp-json\/wp\/v2\/pages\/6801","targetHints":{"allow":["GET"]}}],"collection":[{"href":"https:\/\/hajoona.com\/cs\/wp-json\/wp\/v2\/pages"}],"about":[{"href":"https:\/\/hajoona.com\/cs\/wp-json\/wp\/v2\/types\/page"}],"author":[{"embeddable":true,"href":"https:\/\/hajoona.com\/cs\/wp-json\/wp\/v2\/users\/6"}],"replies":[{"embeddable":true,"href":"https:\/\/hajoona.com\/cs\/wp-json\/wp\/v2\/comments?post=6801"}],"version-history":[{"count":3,"href":"https:\/\/hajoona.com\/cs\/wp-json\/wp\/v2\/pages\/6801\/revisions"}],"predecessor-version":[{"id":6940,"href":"https:\/\/hajoona.com\/cs\/wp-json\/wp\/v2\/pages\/6801\/revisions\/6940"}],"wp:attachment":[{"href":"https:\/\/hajoona.com\/cs\/wp-json\/wp\/v2\/media?parent=6801"}],"curies":[{"name":"wp","href":"https:\/\/api.w.org\/{rel}","templated":true}]}}