{"id":6799,"date":"2025-06-17T13:26:42","date_gmt":"2025-06-17T11:26:42","guid":{"rendered":"https:\/\/hajoona.com\/?page_id=6799"},"modified":"2025-09-01T12:38:14","modified_gmt":"2025-09-01T10:38:14","slug":"barrierefreiheit","status":"publish","type":"page","link":"https:\/\/hajoona.com\/cs\/barrierefreiheit\/","title":{"rendered":"Barrierefreiheit"},"content":{"rendered":"\n<div style=\"height:10px\" aria-hidden=\"true\" class=\"wp-block-spacer\"><\/div>\n\n\n\n<h1 class=\"wp-block-heading\" style=\"font-size:clamp(27.42px, 1.714rem + ((1vw - 3.2px) * 1.748), 47px);\">P\u0159\u00edstupnost<\/h1>\n\n\n\n<h2 class=\"wp-block-heading\" style=\"font-size:clamp(20px, 1.25rem + ((1vw - 3.2px) * 1.071), 32px);\">Prohl\u00e1\u0161en\u00ed o p\u0159\u00edstupnosti<\/h2>\n\n\n\n<p><a href=\"Stav: 16.06.2025\">Stand: 16.06.2025<\/a><\/p>\n\n\n\n<p>Toto prohl\u00e1\u0161en\u00ed se vyd\u00e1v\u00e1 v souladu s \u00a7 4 odst. 3 BFSG-InfoV (Barrierefreiheits-Informationspflichtenverordnung) na z\u00e1klad\u011b BFSG (Barrierefreiheitsst\u00e4rkungsgesetz).<\/p>\n\n\n\n<p><strong><strong>Rozsah platnosti<\/strong><\/strong><\/p>\n\n\n\n<p>Toto prohl\u00e1\u0161en\u00ed o p\u0159\u00edstupnosti se vztahuje na webov\u00e9 str\u00e1nky:<br><a href=\"https:\/\/www.hajoona.com\">https:\/\/www.hajoona.com<\/a><\/p>\n\n\n\n<p><strong><strong>Obecn\u00fd popis slu\u017eby<\/strong><\/strong><\/p>\n\n\n\n<p>Webov\u00e9 str\u00e1nky spole\u010dnosti hajoona GmbH poskytuj\u00ed informace o na\u0161ich produktech pro zdrav\u00ed a pohodu, umo\u017e\u0148uj\u00ed digit\u00e1ln\u00ed kontakt, informuj\u00ed o akc\u00edch a nab\u00eddk\u00e1ch partner\u016f a nab\u00edzej\u00ed registrovan\u00fdm u\u017eivatel\u016fm p\u0159\u00edstup do chr\u00e1n\u011bn\u00e9 oblasti v\u010detn\u011b obchodu.<\/p>\n\n\n\n<p><strong><strong>Stav souladu s po\u017eadavky<\/strong><\/strong><\/p>\n\n\n\n<p>Tyto webov\u00e9 str\u00e1nky byly navr\u017eeny v souladu s po\u017eadavky normy EN 301 549 na z\u00e1klad\u011b \u00farovn\u011b shody AA podle WCAG 2.1 a v sou\u010dasn\u00e9 dob\u011b jsou z velk\u00e9 \u010d\u00e1sti p\u0159\u00edstupn\u00e9. Jednotliv\u00e9 obsahy jsou pr\u016fb\u011b\u017en\u011b optimalizov\u00e1ny.<\/p>\n\n\n\n<p><strong><strong>Zp\u011btn\u00e1 vazba a kontakt<\/strong><\/strong><\/p>\n\n\n\n<p>Zaznamenali jste n\u011bjak\u00e9 nedostatky v p\u0159\u00edstupnosti obsahu na\u0161ich webov\u00fdch str\u00e1nek? Nebo m\u00e1te dotazy ohledn\u011b implementace? Pak se t\u011b\u0161\u00edme na va\u0161i zp\u011btnou vazbu:<\/p>\n\n\n\n<p>hajoona GmbH<br>Heinrich-Fuchs-Stra\u00dfe 94\u201396<br>D-69126 Heidelberg<br>E-Mail: office@hajoona.com<br>Telefon: +49 6221 64702-10<\/p>\n\n\n\n<p><strong><strong>Podpora pro osoby se zdravotn\u00edm posti\u017een\u00edm<\/strong><\/strong><\/p>\n\n\n\n<p>Nab\u00edz\u00edme telefonn\u00ed linku pro osoby se zdravotn\u00edm posti\u017een\u00edm a u\u017eivatele asisten\u010dn\u00edch technologi\u00ed: Telefon: +49 6221 64702-10<\/p>\n\n\n\n<p><strong><strong>Postup vym\u00e1h\u00e1n\u00ed<\/strong><\/strong><\/p>\n\n\n\n<p>Pokud nebudete s odpov\u011bd\u00ed spokojeni, m\u016f\u017eete se obr\u00e1tit na p\u0159\u00edslu\u0161n\u00fd org\u00e1n pro vym\u00e1h\u00e1n\u00ed pr\u00e1va:<\/p>\n\n\n\n<p>Ministerium f\u00fcr Soziales, Gesundheit und Integration Baden-W\u00fcrttemberg<br>Durchsetzungsstelle Barrierefreie Informationstechnik<br>Else-Josenhans-Strasse 6, 70173 Stuttgart<br>E-mail: <a href=\"mailto:poststelle@bfbmb.bwl.de\" target=\"_blank\" rel=\"noreferrer noopener\">poststelle@bfbmb.bwl.de<\/a><br>Telefon: +49 (0)711 279-3360<\/p>\n\n\n\n<p><strong><strong>Org\u00e1n dozoru nad trhem podle BFSG<\/strong><\/strong><\/p>\n\n\n\n<p>Bundesnetzagentur f\u00fcr Elektrizit\u00e4t, Gas, Telekommunikation, Post und Eisenbahnen<br>Tulpenfeld 4, 53113 Bonn<br><a href=\"https:\/\/www.bundesnetzagentur.de\">www.bundesnetzagentur.de<\/a><\/p>\n\n\n\n<p><strong><strong>Vypracov\u00e1n\u00ed tohoto prohl\u00e1\u0161en\u00ed<\/strong><\/strong><\/p>\n\n\n\n<p>Toto prohl\u00e1\u0161en\u00ed bylo vypracov\u00e1no dne 16.06.2025 a naposledy zkontrolov\u00e1no t\u00e9ho\u017e dne.<a id=\"_msocom_1\"><\/a><\/p>\n\n\n\n<div style=\"height:10px\" aria-hidden=\"true\" class=\"wp-block-spacer\"><\/div>\n","protected":false},"excerpt":{"rendered":"P\u0159\u00edstupnost Prohl\u00e1\u0161en\u00ed o p\u0159\u00edstupnosti Stand: 16.06.2025 Toto prohl\u00e1\u0161en\u00ed se vyd\u00e1v\u00e1 v souladu s \u00a7 4 odst. 3 BFSG-InfoV (Barrierefreiheits-Informationspflichtenverordnung) na z\u00e1klad\u011b BFSG (Barrierefreiheitsst\u00e4rkungsgesetz). Rozsah platnosti Toto prohl\u00e1\u0161en\u00ed o p\u0159\u00edstupnosti se vztahuje na webov\u00e9 str\u00e1nky:https:\/\/www.hajoona.com Obecn\u00fd popis slu\u017eby Webov\u00e9 str\u00e1nky spole\u010dnosti hajoona GmbH poskytuj\u00ed informace o na\u0161ich produktech pro zdrav\u00ed a pohodu, umo\u017e\u0148uj\u00ed digit\u00e1ln\u00ed kontakt, informuj\u00ed&#8230;","protected":false},"author":6,"featured_media":0,"parent":0,"menu_order":0,"comment_status":"closed","ping_status":"closed","template":"","meta":{"_acf_changed":false,"inline_featured_image":false,"footnotes":""},"class_list":["post-6799","page","type-page","status-publish","hentry"],"acf":[],"_links":{"self":[{"href":"https:\/\/hajoona.com\/cs\/wp-json\/wp\/v2\/pages\/6799","targetHints":{"allow":["GET"]}}],"collection":[{"href":"https:\/\/hajoona.com\/cs\/wp-json\/wp\/v2\/pages"}],"about":[{"href":"https:\/\/hajoona.com\/cs\/wp-json\/wp\/v2\/types\/page"}],"author":[{"embeddable":true,"href":"https:\/\/hajoona.com\/cs\/wp-json\/wp\/v2\/users\/6"}],"replies":[{"embeddable":true,"href":"https:\/\/hajoona.com\/cs\/wp-json\/wp\/v2\/comments?post=6799"}],"version-history":[{"count":1,"href":"https:\/\/hajoona.com\/cs\/wp-json\/wp\/v2\/pages\/6799\/revisions"}],"predecessor-version":[{"id":6800,"href":"https:\/\/hajoona.com\/cs\/wp-json\/wp\/v2\/pages\/6799\/revisions\/6800"}],"wp:attachment":[{"href":"https:\/\/hajoona.com\/cs\/wp-json\/wp\/v2\/media?parent=6799"}],"curies":[{"name":"wp","href":"https:\/\/api.w.org\/{rel}","templated":true}]}}