{"id":6795,"date":"2023-03-22T20:02:51","date_gmt":"2023-03-22T19:02:51","guid":{"rendered":"https:\/\/hajoona.com\/?page_id=6795"},"modified":"2026-02-02T12:01:34","modified_gmt":"2026-02-02T11:01:34","slug":"datenschutz","status":"publish","type":"page","link":"https:\/\/hajoona.com\/cs\/datenschutz\/","title":{"rendered":"Datenschutz"},"content":{"rendered":"\n<h2 class=\"wp-block-heading\">Ochrana osobn\u00edch \u00fadaj\u016f<\/h2>\n\n\n\n<div style=\"height:32px\" aria-hidden=\"true\" class=\"wp-block-spacer\"><\/div>\n\n\n\n<h4 class=\"wp-block-heading\">Ochrana osobn\u00edch \u00fadaj\u016f hajoona GmbH &#8211; CZ<\/h4>\n\n\n\n<div class=\"wp-block-buttons is-layout-flex wp-block-buttons-is-layout-flex\">\n<div class=\"wp-block-button\"><a class=\"wp-block-button__link wp-element-button\" href=\"https:\/\/drive.google.com\/file\/d\/1JnpPiPGCIS5m_LX6LsIq7gNOPTY6C7mL\/view?usp=drive_link\">Ochrana osobn\u00edch \u00fadaj\u016f &#8211; CZ<\/a><\/div>\n<\/div>\n\n\n\n<div style=\"height:32px\" aria-hidden=\"true\" class=\"wp-block-spacer\"><\/div>\n\n\n\n<h4 class=\"wp-block-heading\">Ochrana osobn\u00edch \u00fadaj\u016f hajoona GmbH &#8211; DE<\/h4>\n\n\n\n<div class=\"wp-block-buttons is-layout-flex wp-block-buttons-is-layout-flex\">\n<div class=\"wp-block-button\"><a class=\"wp-block-button__link wp-element-button\" href=\"https:\/\/drive.google.com\/file\/d\/1_HQZwsiJ66Ewj2TgpMANmxCRp_OJdd68\/view?usp=drive_link\">Ochrana osobn\u00edch \u00fadaj\u016f &#8211; DE<\/a><\/div>\n<\/div>\n\n\n\n<div style=\"height:32px\" aria-hidden=\"true\" class=\"wp-block-spacer\"><\/div>\n\n\n\n<h4 class=\"wp-block-heading\">Ochrana osobn\u00edch \u00fadaj\u016f hajoona GmbH &#8211; AUT<\/h4>\n\n\n\n<div class=\"wp-block-buttons is-layout-flex wp-block-buttons-is-layout-flex\">\n<div class=\"wp-block-button\"><a class=\"wp-block-button__link wp-element-button\" href=\"https:\/\/drive.google.com\/file\/d\/1_HQZwsiJ66Ewj2TgpMANmxCRp_OJdd68\/view?usp=drive_link\">Ochrana osobn\u00edch \u00fadaj\u016f &#8211; AUT<\/a><\/div>\n<\/div>\n\n\n\n<div style=\"height:32px\" aria-hidden=\"true\" class=\"wp-block-spacer\"><\/div>\n\n\n\n<h4 class=\"wp-block-heading\">Ochrana osobn\u00edch \u00fadaj\u016f hajoona GmbH &#8211; CH<\/h4>\n\n\n\n<div class=\"wp-block-buttons is-layout-flex wp-block-buttons-is-layout-flex\">\n<div class=\"wp-block-button\"><a class=\"wp-block-button__link wp-element-button\" href=\"https:\/\/drive.google.com\/file\/d\/18DDdu7QfcKN_wSWKZX7slaZiJLm81a1y\/view?usp=drive_link\">Ochrana osobn\u00edch \u00fadaj\u016f &#8211; CH<\/a><\/div>\n<\/div>\n\n\n\n<div style=\"height:32px\" aria-hidden=\"true\" class=\"wp-block-spacer\"><\/div>\n\n\n\n<h4 class=\"wp-block-heading\">Ochrana osobn\u00edch \u00fadaj\u016f hajoona GmbH &#8211; ENG<\/h4>\n\n\n\n<div class=\"wp-block-buttons is-layout-flex wp-block-buttons-is-layout-flex\">\n<div class=\"wp-block-button\"><a class=\"wp-block-button__link wp-element-button\" href=\"https:\/\/drive.google.com\/file\/d\/1eGZ4D8Gwou5WsvR3lsUsmTUgOKlDl34S\/view?usp=drive_link\">Ochrana osobn\u00edch \u00fadaj\u016f &#8211; ENG<\/a><\/div>\n<\/div>\n\n\n\n<div style=\"height:32px\" aria-hidden=\"true\" class=\"wp-block-spacer\"><\/div>\n\n\n\n<h4 class=\"wp-block-heading\">Ochrana osobn\u00edch \u00fadaj\u016f hajoona GmbH &#8211; FR<\/h4>\n\n\n\n<div class=\"wp-block-buttons is-layout-flex wp-block-buttons-is-layout-flex\">\n<div class=\"wp-block-button\"><a class=\"wp-block-button__link wp-element-button\" href=\"https:\/\/drive.google.com\/file\/d\/1Wr9gI8KPDG_iChdy7P2b0vi8JQYf0R1a\/view?usp=drive_link\">Ochrana osobn\u00edch \u00fadaj\u016f &#8211; FR<\/a><\/div>\n<\/div>\n\n\n\n<div style=\"height:32px\" aria-hidden=\"true\" class=\"wp-block-spacer\"><\/div>\n\n\n\n<h4 class=\"wp-block-heading\">Ochrana osobn\u00edch \u00fadaj\u016f hajoona GmbH &#8211; PL<\/h4>\n\n\n\n<div class=\"wp-block-buttons is-layout-flex wp-block-buttons-is-layout-flex\">\n<div class=\"wp-block-button\"><a class=\"wp-block-button__link wp-element-button\" href=\"https:\/\/drive.google.com\/file\/d\/1h-Y99_zg94Ctb6Xn4UgGBtpb3X5vRWOt\/view?usp=drive_link\">Ochrana osobn\u00edch \u00fadaj\u016f &#8211; PL<\/a><\/div>\n<\/div>\n\n\n\n<div style=\"height:32px\" aria-hidden=\"true\" class=\"wp-block-spacer\"><\/div>\n\n\n\n<h4 class=\"wp-block-heading\">Ochrana osobn\u00edch \u00fadaj\u016f hajoona GmbH &#8211; ES<\/h4>\n\n\n\n<div class=\"wp-block-buttons is-layout-flex wp-block-buttons-is-layout-flex\">\n<div class=\"wp-block-button\"><a class=\"wp-block-button__link wp-element-button\" href=\"https:\/\/drive.google.com\/file\/d\/1SZmS44zD9q9gYY0ChQRWgQbTkLv-kysW\/view?usp=drive_link\">Ochrana osobn\u00edch \u00fadaj\u016f &#8211; ES<\/a><\/div>\n<\/div>\n","protected":false},"excerpt":{"rendered":"Ochrana osobn\u00edch \u00fadaj\u016f Ochrana osobn\u00edch \u00fadaj\u016f hajoona GmbH &#8211; CZ Ochrana osobn\u00edch \u00fadaj\u016f hajoona GmbH &#8211; DE Ochrana osobn\u00edch \u00fadaj\u016f hajoona GmbH &#8211; AUT Ochrana osobn\u00edch \u00fadaj\u016f hajoona GmbH &#8211; CH Ochrana osobn\u00edch \u00fadaj\u016f hajoona GmbH &#8211; ENG Ochrana osobn\u00edch \u00fadaj\u016f hajoona GmbH &#8211; FR Ochrana osobn\u00edch \u00fadaj\u016f hajoona GmbH &#8211; PL Ochrana osobn\u00edch \u00fadaj\u016f&#8230;","protected":false},"author":6,"featured_media":0,"parent":0,"menu_order":0,"comment_status":"closed","ping_status":"closed","template":"","meta":{"_acf_changed":false,"inline_featured_image":false,"footnotes":""},"class_list":["post-6795","page","type-page","status-publish","hentry"],"acf":[],"_links":{"self":[{"href":"https:\/\/hajoona.com\/cs\/wp-json\/wp\/v2\/pages\/6795","targetHints":{"allow":["GET"]}}],"collection":[{"href":"https:\/\/hajoona.com\/cs\/wp-json\/wp\/v2\/pages"}],"about":[{"href":"https:\/\/hajoona.com\/cs\/wp-json\/wp\/v2\/types\/page"}],"author":[{"embeddable":true,"href":"https:\/\/hajoona.com\/cs\/wp-json\/wp\/v2\/users\/6"}],"replies":[{"embeddable":true,"href":"https:\/\/hajoona.com\/cs\/wp-json\/wp\/v2\/comments?post=6795"}],"version-history":[{"count":3,"href":"https:\/\/hajoona.com\/cs\/wp-json\/wp\/v2\/pages\/6795\/revisions"}],"predecessor-version":[{"id":7380,"href":"https:\/\/hajoona.com\/cs\/wp-json\/wp\/v2\/pages\/6795\/revisions\/7380"}],"wp:attachment":[{"href":"https:\/\/hajoona.com\/cs\/wp-json\/wp\/v2\/media?parent=6795"}],"curies":[{"name":"wp","href":"https:\/\/api.w.org\/{rel}","templated":true}]}}