{"id":6793,"date":"2023-03-22T20:18:50","date_gmt":"2023-03-22T19:18:50","guid":{"rendered":"https:\/\/hajoona.com\/?page_id=6793"},"modified":"2025-09-01T11:58:23","modified_gmt":"2025-09-01T09:58:23","slug":"impressum","status":"publish","type":"page","link":"https:\/\/hajoona.com\/cs\/impressum\/","title":{"rendered":"Impressum"},"content":{"rendered":"\n<div style=\"height:10px\" aria-hidden=\"true\" class=\"wp-block-spacer\"><\/div>\n\n\n\n<h1 class=\"wp-block-heading\" style=\"font-size:clamp(34.313px, 2.145rem + ((1vw - 3.2px) * 2.472), 62px);\">Impresum<\/h1>\n\n\n\n<h2 class=\"wp-block-heading\" style=\"font-size:clamp(20px, 1.25rem + ((1vw - 3.2px) * 1.071), 32px);\">\u00dadaje podle \u00a7 5 TMG<\/h2>\n\n\n\n<p>hajoona GmbH<br>Heinrich-Fuchs-Stra\u00dfe 94-96<br>69126 Heidelberg<\/p>\n\n\n\n<p>Obchodn\u00ed rejst\u0159\u00edk: HRB 714573<br>Rejst\u0159\u00edkov\u00fd soud: Amtsgericht Mannheim<\/p>\n\n\n\n<p><strong>Z\u00e1stupce:<br><\/strong>Jednatel: Daniela Lipgens<\/p>\n\n\n\n<h3 class=\"wp-block-heading\" style=\"font-size:clamp(16.293px, 1.018rem + ((1vw - 3.2px) * 0.777), 25px);\">Kontakt<\/h3>\n\n\n\n<p>Telefon: +49&nbsp;(0) 6221 64702-77<br>Telefax: +49 (0) 6221 64702-89<br>E-Mail:&nbsp;<a href=\"mailto:office@hajoona.com\">office@hajoona.com<\/a><\/p>\n\n\n\n<h3 class=\"wp-block-heading\" style=\"font-size:clamp(16.293px, 1.018rem + ((1vw - 3.2px) * 0.777), 25px);\">Identifika\u010dn\u00ed \u010d\u00edslo pro da\u0148 z p\u0159idan\u00e9 hodnoty<\/h3>\n\n\n\n<p>Identifika\u010dn\u00ed \u010d\u00edslo pro da\u0148 z p\u0159idan\u00e9 hodnoty podle \u00a7 27 a z\u00e1kona o dani z p\u0159idan\u00e9 hodnoty:<br>DE 287898611<\/p>\n\n\n\n<p>Bankovn\u00ed spojen\u00ed<br>Commerzbank, DE54 6724 0039 0194 6920 00, BIC COBADEFFXXX<\/p>\n\n\n\n<h2 class=\"wp-block-heading\" style=\"font-size:clamp(20px, 1.25rem + ((1vw - 3.2px) * 1.071), 32px);\">Odpov\u011bdnost za obsah podle \u00a7 55 odst. 2 RStV<\/h2>\n\n\n\n<p>Daniela Lipgens<br>Heinrich-Fuchs-Stra\u00dfe 94-96<br>69126 Heidelberg<\/p>\n\n\n\n<h3 class=\"wp-block-heading\" style=\"font-size:clamp(16.293px, 1.018rem + ((1vw - 3.2px) * 0.777), 25px);\">\u0158e\u0161en\u00ed spor\u016f v EU<\/h3>\n\n\n\n<p>Evropsk\u00e1 komise poskytuje platformu pro \u0159e\u0161en\u00ed spor\u016f online (ODR): <a href=\"https:\/\/ec.europa.eu\/consumers\/odr.\">https:\/\/ec.europa.eu\/consumers\/odr<\/a>. <br>Na\u0161i e-mailovou adresu najdete ve v\u00fd\u0161e uveden\u00e9m impresu <\/p>\n\n\n\n<h3 class=\"wp-block-heading\" style=\"font-size:clamp(16.293px, 1.018rem + ((1vw - 3.2px) * 0.777), 25px);\">\u0158e\u0161en\u00ed spot\u0159ebitelsk\u00fdch spor\u016f\/univerz\u00e1ln\u00ed sm\u00edr\u010d\u00ed org\u00e1n<\/h3>\n\n\n\n<p>Nejsme p\u0159ipraveni ani povinni \u00fa\u010dastnit se \u0159\u00edzen\u00ed o urovn\u00e1n\u00ed sporu p\u0159ed org\u00e1nem pro sm\u00edrn\u00e9 \u0159e\u0161en\u00ed spot\u0159ebitelsk\u00fdch spor\u016f.<\/p>\n\n\n\n<h3 class=\"wp-block-heading\" style=\"font-size:clamp(16.293px, 1.018rem + ((1vw - 3.2px) * 0.777), 25px);\">Odpov\u011bdnost za obsah<\/h3>\n\n\n\n<p>Jako poskytovatel slu\u017eeb jsme podle \u00a7 7 odst. 1 TMG odpov\u011bdn\u00ed za vlastn\u00ed obsah t\u011bchto str\u00e1nek v souladu s obecn\u00fdmi z\u00e1kony. Podle \u00a7\u00a7 8 a\u017e 10 TMG v\u0161ak jako poskytovatel slu\u017eeb nejsme povinni sledovat p\u0159en\u00e1\u0161en\u00e9 nebo ulo\u017een\u00e9 informace t\u0159et\u00edch stran ani vy\u0161et\u0159ovat okolnosti, kter\u00e9 nazna\u010duj\u00ed protipr\u00e1vn\u00ed \u010dinnost.<\/p>\n\n\n\n<p>Povinnosti odstranit nebo zablokovat pou\u017e\u00edv\u00e1n\u00ed informac\u00ed v souladu s obecn\u00fdmi pr\u00e1vn\u00edmi p\u0159edpisy t\u00edm nejsou dot\u010deny. Odpov\u011bdnost v tomto ohledu je v\u0161ak mo\u017en\u00e1 a\u017e od okam\u017eiku, kdy se o konkr\u00e9tn\u00edm poru\u0161en\u00ed dozv\u00edme. Jakmile se o takov\u00e9m poru\u0161en\u00ed dozv\u00edme, okam\u017eit\u011b tento obsah odstran\u00edme.<\/p>\n\n\n\n<h3 class=\"wp-block-heading\" style=\"font-size:clamp(16.293px, 1.018rem + ((1vw - 3.2px) * 0.777), 25px);\">Odpov\u011bdnost za odkazy<\/h3>\n\n\n\n<p>Na\u0161e webov\u00e9 str\u00e1nky obsahuj\u00ed odkazy na extern\u00ed webov\u00e9 str\u00e1nky t\u0159et\u00edch stran, na jejich\u017e obsah nem\u00e1me \u017e\u00e1dn\u00fd vliv. Proto nem\u016f\u017eeme za tento obsah t\u0159et\u00edch stran p\u0159evz\u00edt \u017e\u00e1dnou odpov\u011bdnost. Za obsah str\u00e1nek, na kter\u00e9 odkazujeme, v\u017edy odpov\u00edd\u00e1 p\u0159\u00edslu\u0161n\u00fd poskytovatel nebo provozovatel str\u00e1nek. Odkazy byly v dob\u011b jejich vytvo\u0159en\u00ed zkontrolov\u00e1ny z hlediska mo\u017en\u00e9ho poru\u0161en\u00ed pr\u00e1vn\u00edch p\u0159edpis\u016f. V dob\u011b vytvo\u0159en\u00ed odkaz\u016f nebyl zji\u0161t\u011bn \u017e\u00e1dn\u00fd protipr\u00e1vn\u00ed obsah.<\/p>\n\n\n\n<p>Trval\u00e1 kontrola obsahu str\u00e1nek, na kter\u00e9 odkazujeme, v\u0161ak nen\u00ed bez konkr\u00e9tn\u00edch d\u016fkaz\u016f o protipr\u00e1vn\u00edm jedn\u00e1n\u00ed \u00fa\u010deln\u00e1. Pokud se dozv\u00edme o jak\u00e9mkoli poru\u0161en\u00ed pr\u00e1vn\u00edch p\u0159edpis\u016f, okam\u017eit\u011b takov\u00e9 odkazy odstran\u00edme.<\/p>\n\n\n\n<h3 class=\"wp-block-heading\" style=\"font-size:clamp(16.293px, 1.018rem + ((1vw - 3.2px) * 0.777), 25px);\">Autorsk\u00e1 pr\u00e1va<\/h3>\n\n\n\n<p>Obsah a d\u00edla vytvo\u0159en\u00e1 provozovateli t\u011bchto str\u00e1nek podl\u00e9haj\u00ed n\u011bmeck\u00e9mu autorsk\u00e9mu pr\u00e1vu. Reprodukce, \u00fapravy, \u0161\u00ed\u0159en\u00ed a jak\u00fdkoli zp\u016fsob vyu\u017eit\u00ed nad r\u00e1mec autorsk\u00e9ho z\u00e1kona vy\u017eaduje p\u00edsemn\u00fd souhlas p\u0159\u00edslu\u0161n\u00e9ho autora nebo tv\u016frce. Stahov\u00e1n\u00ed a kop\u00edrov\u00e1n\u00ed t\u011bchto str\u00e1nek je povoleno pouze pro soukrom\u00e9 nekomer\u010dn\u00ed \u00fa\u010dely. <\/p>\n\n\n\n<p>Pokud obsah t\u011bchto str\u00e1nek nebyl vytvo\u0159en provozovatelem, jsou respektov\u00e1na autorsk\u00e1 pr\u00e1va t\u0159et\u00edch stran. Zejm\u00e9na obsah t\u0159et\u00edch stran je takto ozna\u010den. Pokud se p\u0159esto dozv\u00edte o poru\u0161en\u00ed autorsk\u00fdch pr\u00e1v, informujte n\u00e1s o tom. Pokud se dozv\u00edme o jak\u00e9mkoli poru\u0161en\u00ed pr\u00e1vn\u00edch p\u0159edpis\u016f, okam\u017eit\u011b takov\u00fd obsah odstran\u00edme.<\/p>\n\n\n\n<p><br><br><br><\/p>\n","protected":false},"excerpt":{"rendered":"Impresum \u00dadaje podle \u00a7 5 TMG hajoona GmbHHeinrich-Fuchs-Stra\u00dfe 94-9669126 Heidelberg Obchodn\u00ed rejst\u0159\u00edk: HRB 714573Rejst\u0159\u00edkov\u00fd soud: Amtsgericht Mannheim Z\u00e1stupce:Jednatel: Daniela Lipgens Kontakt Telefon: +49&nbsp;(0) 6221 64702-77Telefax: +49 (0) 6221 64702-89E-Mail:&nbsp;office@hajoona.com Identifika\u010dn\u00ed \u010d\u00edslo pro da\u0148 z p\u0159idan\u00e9 hodnoty Identifika\u010dn\u00ed \u010d\u00edslo pro da\u0148 z p\u0159idan\u00e9 hodnoty podle \u00a7 27 a z\u00e1kona o dani z p\u0159idan\u00e9 hodnoty:DE 287898611 Bankovn\u00ed&#8230;","protected":false},"author":6,"featured_media":0,"parent":0,"menu_order":0,"comment_status":"closed","ping_status":"closed","template":"","meta":{"_acf_changed":false,"inline_featured_image":false,"footnotes":""},"class_list":["post-6793","page","type-page","status-publish","hentry"],"acf":[],"_links":{"self":[{"href":"https:\/\/hajoona.com\/cs\/wp-json\/wp\/v2\/pages\/6793","targetHints":{"allow":["GET"]}}],"collection":[{"href":"https:\/\/hajoona.com\/cs\/wp-json\/wp\/v2\/pages"}],"about":[{"href":"https:\/\/hajoona.com\/cs\/wp-json\/wp\/v2\/types\/page"}],"author":[{"embeddable":true,"href":"https:\/\/hajoona.com\/cs\/wp-json\/wp\/v2\/users\/6"}],"replies":[{"embeddable":true,"href":"https:\/\/hajoona.com\/cs\/wp-json\/wp\/v2\/comments?post=6793"}],"version-history":[{"count":1,"href":"https:\/\/hajoona.com\/cs\/wp-json\/wp\/v2\/pages\/6793\/revisions"}],"predecessor-version":[{"id":6794,"href":"https:\/\/hajoona.com\/cs\/wp-json\/wp\/v2\/pages\/6793\/revisions\/6794"}],"wp:attachment":[{"href":"https:\/\/hajoona.com\/cs\/wp-json\/wp\/v2\/media?parent=6793"}],"curies":[{"name":"wp","href":"https:\/\/api.w.org\/{rel}","templated":true}]}}